{"id":526216,"date":"2026-03-04T06:03:26","date_gmt":"2026-03-04T06:03:26","guid":{"rendered":""},"modified":"2026-03-04T06:00:23","modified_gmt":"2026-03-04T06:00:23","slug":"kress-eyepilot-rtk%e2%81%bf-1000-m%c2%b2-robotgrasklippare-kr251es","status":"publish","type":"product","link":"https:\/\/www.kress.com\/sv-se\/kress-eyepilot-rtk%e2%81%bf-1000-m%c2%b2-robotgrasklippare-kr251es\/","title":{"rendered":"Kress EyePilot\u00ae RTK\u207f 1000 m\u00b2 robotgr\u00e4sklippare"},"content":{"rendered":"<p>Kress EyePilot\u00ae RTK\u207f KR251ES levererar resultat bra nog f\u00f6r golfbanor. Klipparen anv\u00e4nder RTK\u207f satellitpositionering i kombination med en smart kamera f\u00f6r en stabil och exakt navigering i tr\u00e4dg\u00e5rdsmilj\u00f6er utan extra antenner. <\/p>\n<p>RTK\u207f-korrigering levereras tr\u00e5dl\u00f6st och f\u00f6rst\u00e4rks av en redundant positioneringsarkitektur, vilket g\u00f6r att klipparen beh\u00e5ller sin precision \u00e4ven n\u00e4r satellitsignalen \u00e4r p\u00e5verkad. Klippm\u00f6nster kan st\u00e4llas in f\u00f6r tydliga r\u00e4nder eller ett mer naturligt resultat.<\/p>\n<p>EyePilot \u00e4r tillf\u00f6rlitligt ansluten via Wi-Fi eller integrerad 4G. Utan l\u00f6pande kostnader och med 5 \u00e5rs kostnadsfri 4G-anslutning inkluderad \u00e4r systemet alltid uppkopplat, uppdaterat och sp\u00e5rbart.<\/p>\n","protected":false},"excerpt":{"rendered":"<p>Kress EyePilot\u00ae RTK\u207f KR251ES levererar resultat bra nog f\u00f6r golfbanor. Klipparen anv\u00e4nder RTK\u207f satellitpositionering i kombination med en smart kamera f\u00f6r en stabil och exakt navigering i tr\u00e4dg\u00e5rdsmilj\u00f6er utan extra antenner. RTK\u207f-korrigering levereras tr\u00e5dl\u00f6st och f\u00f6rst\u00e4rks av en redundant positioneringsarkitektur, vilket g\u00f6r att klipparen beh\u00e5ller sin precision \u00e4ven n\u00e4r satellitsignalen \u00e4r p\u00e5verkad. Klippm\u00f6nster kan st\u00e4llas [&hellip;]<\/p>\n","protected":false},"featured_media":522414,"template":"","meta":{"_acf_changed":false},"product_brand":[],"product_cat":[],"product_tag":[],"class_list":{"0":"post-526216","1":"product","2":"type-product","3":"status-publish","4":"has-post-thumbnail","7":"first","8":"instock","9":"shipping-taxable","10":"purchasable","11":"product-type-simple"},"acf":[],"yoast_head":"<!-- This site is optimized with the Yoast SEO Premium plugin v26.5 (Yoast SEO v27.0) - https:\/\/yoast.com\/product\/yoast-seo-premium-wordpress\/ -->\n<title>Kress EyePilot\u00ae RTK\u207f 1000 m\u00b2 robotgr\u00e4sklippare | Kress<\/title>\n<meta name=\"robots\" content=\"index, follow, max-snippet:-1, max-image-preview:large, max-video-preview:-1\" \/>\n<meta property=\"og:locale\" content=\"sv_SE\" \/>\n<meta property=\"og:type\" content=\"article\" \/>\n<meta property=\"og:title\" content=\"Kress EyePilot\u00ae RTK\u207f 1000 m\u00b2 robotgr\u00e4sklippare\" \/>\n<meta property=\"og:description\" content=\"Kress EyePilot\u00ae RTK\u207f KR251ES levererar resultat bra nog f\u00f6r golfbanor. Klipparen anv\u00e4nder RTK\u207f satellitpositionering i kombination med en smart kamera f\u00f6r en stabil och exakt navigering i tr\u00e4dg\u00e5rdsmilj\u00f6er utan extra antenner. RTK\u207f-korrigering levereras tr\u00e5dl\u00f6st och f\u00f6rst\u00e4rks av en redundant positioneringsarkitektur, vilket g\u00f6r att klipparen beh\u00e5ller sin precision \u00e4ven n\u00e4r satellitsignalen \u00e4r p\u00e5verkad. Klippm\u00f6nster kan st\u00e4llas [&hellip;]\" \/>\n<meta property=\"og:url\" content=\"https:\/\/www.kress.com\/en-gb\/?post_type=product&amp;p=526205\" \/>\n<meta property=\"og:site_name\" content=\"Kress\" \/>\n<meta property=\"og:image\" content=\"https:\/\/www.kress.com\/wp-content\/uploads\/onpage\/op_image_c9aea3792d2e1d3026928b3067036228e0ff07ad.1980x.webp\" \/>\n\t<meta property=\"og:image:width\" content=\"1980\" \/>\n\t<meta property=\"og:image:height\" content=\"1980\" \/>\n\t<meta property=\"og:image:type\" content=\"image\/webp\" \/>\n<meta name=\"twitter:card\" content=\"summary_large_image\" \/>\n<meta name=\"twitter:label1\" content=\"Ber\u00e4knad l\u00e4stid\" \/>\n\t<meta name=\"twitter:data1\" content=\"1 minut\" \/>\n<script type=\"application\/ld+json\" class=\"yoast-schema-graph\">{\"@context\":\"https:\/\/schema.org\",\"@graph\":[{\"@type\":\"WebPage\",\"@id\":\"https:\/\/www.kress.com\/en-gb\/?post_type=product&p=526205\",\"url\":\"https:\/\/www.kress.com\/en-gb\/?post_type=product&p=526205\",\"name\":\"Kress EyePilot\u00ae RTK\u207f 1000 m\u00b2 robotgr\u00e4sklippare | Kress\",\"isPartOf\":{\"@id\":\"https:\/\/www.kress.com\/de-de\/#website\"},\"primaryImageOfPage\":{\"@id\":\"https:\/\/www.kress.com\/en-gb\/?post_type=product&p=526205#primaryimage\"},\"image\":{\"@id\":\"https:\/\/www.kress.com\/en-gb\/?post_type=product&p=526205#primaryimage\"},\"thumbnailUrl\":\"https:\/\/www.kress.com\/wp-content\/uploads\/onpage\/op_image_c9aea3792d2e1d3026928b3067036228e0ff07ad.1980x.webp\",\"datePublished\":\"2026-03-04T06:03:26+00:00\",\"breadcrumb\":{\"@id\":\"https:\/\/www.kress.com\/en-gb\/?post_type=product&p=526205#breadcrumb\"},\"inLanguage\":\"sv-SE\",\"potentialAction\":[{\"@type\":\"ReadAction\",\"target\":[\"https:\/\/www.kress.com\/en-gb\/?post_type=product&p=526205\"]}]},{\"@type\":\"ImageObject\",\"inLanguage\":\"sv-SE\",\"@id\":\"https:\/\/www.kress.com\/en-gb\/?post_type=product&p=526205#primaryimage\",\"url\":\"https:\/\/www.kress.com\/wp-content\/uploads\/onpage\/op_image_c9aea3792d2e1d3026928b3067036228e0ff07ad.1980x.webp\",\"contentUrl\":\"https:\/\/www.kress.com\/wp-content\/uploads\/onpage\/op_image_c9aea3792d2e1d3026928b3067036228e0ff07ad.1980x.webp\",\"width\":1980,\"height\":1980},{\"@type\":\"BreadcrumbList\",\"@id\":\"https:\/\/www.kress.com\/en-gb\/?post_type=product&p=526205#breadcrumb\",\"itemListElement\":[{\"@type\":\"ListItem\",\"position\":1,\"name\":\"Home\",\"item\":\"https:\/\/www.kress.com\/sv-se\/\"},{\"@type\":\"ListItem\",\"position\":2,\"name\":\"Produits\",\"item\":\"https:\/\/www.kress.com\/fr-fr\/shop\/\"},{\"@type\":\"ListItem\",\"position\":3,\"name\":\"Kress EyePilot\u00ae RTK\u207f 1000 m\u00b2 robotgr\u00e4sklippare\"}]},{\"@type\":\"WebSite\",\"@id\":\"https:\/\/www.kress.com\/de-de\/#website\",\"url\":\"https:\/\/www.kress.com\/de-de\/\",\"name\":\"Kress\",\"description\":\"\",\"publisher\":{\"@id\":\"https:\/\/www.kress.com\/de-de\/#organization\"},\"potentialAction\":[{\"@type\":\"SearchAction\",\"target\":{\"@type\":\"EntryPoint\",\"urlTemplate\":\"https:\/\/www.kress.com\/de-de\/?s={search_term_string}\"},\"query-input\":{\"@type\":\"PropertyValueSpecification\",\"valueRequired\":true,\"valueName\":\"search_term_string\"}}],\"inLanguage\":\"sv-SE\"},{\"@type\":\"Organization\",\"@id\":\"https:\/\/www.kress.com\/de-de\/#organization\",\"name\":\"Kress\",\"url\":\"https:\/\/www.kress.com\/de-de\/\",\"logo\":{\"@type\":\"ImageObject\",\"inLanguage\":\"sv-SE\",\"@id\":\"https:\/\/www.kress.com\/de-de\/#\/schema\/logo\/image\/\",\"url\":\"https:\/\/www.kress.com\/wp-content\/uploads\/2024\/02\/logo.png\",\"contentUrl\":\"https:\/\/www.kress.com\/wp-content\/uploads\/2024\/02\/logo.png\",\"width\":696,\"height\":696,\"caption\":\"Kress\"},\"image\":{\"@id\":\"https:\/\/www.kress.com\/de-de\/#\/schema\/logo\/image\/\"}}]}<\/script>\n<!-- \/ Yoast SEO Premium plugin. -->","yoast_head_json":{"title":"Kress EyePilot\u00ae RTK\u207f 1000 m\u00b2 robotgr\u00e4sklippare | Kress","robots":{"index":"index","follow":"follow","max-snippet":"max-snippet:-1","max-image-preview":"max-image-preview:large","max-video-preview":"max-video-preview:-1"},"og_locale":"sv_SE","og_type":"article","og_title":"Kress EyePilot\u00ae RTK\u207f 1000 m\u00b2 robotgr\u00e4sklippare","og_description":"Kress EyePilot\u00ae RTK\u207f KR251ES levererar resultat bra nog f\u00f6r golfbanor. Klipparen anv\u00e4nder RTK\u207f satellitpositionering i kombination med en smart kamera f\u00f6r en stabil och exakt navigering i tr\u00e4dg\u00e5rdsmilj\u00f6er utan extra antenner. RTK\u207f-korrigering levereras tr\u00e5dl\u00f6st och f\u00f6rst\u00e4rks av en redundant positioneringsarkitektur, vilket g\u00f6r att klipparen beh\u00e5ller sin precision \u00e4ven n\u00e4r satellitsignalen \u00e4r p\u00e5verkad. Klippm\u00f6nster kan st\u00e4llas [&hellip;]","og_url":"https:\/\/www.kress.com\/en-gb\/?post_type=product&p=526205","og_site_name":"Kress","og_image":[{"width":1980,"height":1980,"url":"https:\/\/www.kress.com\/wp-content\/uploads\/onpage\/op_image_c9aea3792d2e1d3026928b3067036228e0ff07ad.1980x.webp","type":"image\/webp"}],"twitter_card":"summary_large_image","twitter_misc":{"Ber\u00e4knad l\u00e4stid":"1 minut"},"schema":{"@context":"https:\/\/schema.org","@graph":[{"@type":"WebPage","@id":"https:\/\/www.kress.com\/en-gb\/?post_type=product&p=526205","url":"https:\/\/www.kress.com\/en-gb\/?post_type=product&p=526205","name":"Kress EyePilot\u00ae RTK\u207f 1000 m\u00b2 robotgr\u00e4sklippare | Kress","isPartOf":{"@id":"https:\/\/www.kress.com\/de-de\/#website"},"primaryImageOfPage":{"@id":"https:\/\/www.kress.com\/en-gb\/?post_type=product&p=526205#primaryimage"},"image":{"@id":"https:\/\/www.kress.com\/en-gb\/?post_type=product&p=526205#primaryimage"},"thumbnailUrl":"https:\/\/www.kress.com\/wp-content\/uploads\/onpage\/op_image_c9aea3792d2e1d3026928b3067036228e0ff07ad.1980x.webp","datePublished":"2026-03-04T06:03:26+00:00","breadcrumb":{"@id":"https:\/\/www.kress.com\/en-gb\/?post_type=product&p=526205#breadcrumb"},"inLanguage":"sv-SE","potentialAction":[{"@type":"ReadAction","target":["https:\/\/www.kress.com\/en-gb\/?post_type=product&p=526205"]}]},{"@type":"ImageObject","inLanguage":"sv-SE","@id":"https:\/\/www.kress.com\/en-gb\/?post_type=product&p=526205#primaryimage","url":"https:\/\/www.kress.com\/wp-content\/uploads\/onpage\/op_image_c9aea3792d2e1d3026928b3067036228e0ff07ad.1980x.webp","contentUrl":"https:\/\/www.kress.com\/wp-content\/uploads\/onpage\/op_image_c9aea3792d2e1d3026928b3067036228e0ff07ad.1980x.webp","width":1980,"height":1980},{"@type":"BreadcrumbList","@id":"https:\/\/www.kress.com\/en-gb\/?post_type=product&p=526205#breadcrumb","itemListElement":[{"@type":"ListItem","position":1,"name":"Home","item":"https:\/\/www.kress.com\/sv-se\/"},{"@type":"ListItem","position":2,"name":"Produits","item":"https:\/\/www.kress.com\/fr-fr\/shop\/"},{"@type":"ListItem","position":3,"name":"Kress EyePilot\u00ae RTK\u207f 1000 m\u00b2 robotgr\u00e4sklippare"}]},{"@type":"WebSite","@id":"https:\/\/www.kress.com\/de-de\/#website","url":"https:\/\/www.kress.com\/de-de\/","name":"Kress","description":"","publisher":{"@id":"https:\/\/www.kress.com\/de-de\/#organization"},"potentialAction":[{"@type":"SearchAction","target":{"@type":"EntryPoint","urlTemplate":"https:\/\/www.kress.com\/de-de\/?s={search_term_string}"},"query-input":{"@type":"PropertyValueSpecification","valueRequired":true,"valueName":"search_term_string"}}],"inLanguage":"sv-SE"},{"@type":"Organization","@id":"https:\/\/www.kress.com\/de-de\/#organization","name":"Kress","url":"https:\/\/www.kress.com\/de-de\/","logo":{"@type":"ImageObject","inLanguage":"sv-SE","@id":"https:\/\/www.kress.com\/de-de\/#\/schema\/logo\/image\/","url":"https:\/\/www.kress.com\/wp-content\/uploads\/2024\/02\/logo.png","contentUrl":"https:\/\/www.kress.com\/wp-content\/uploads\/2024\/02\/logo.png","width":696,"height":696,"caption":"Kress"},"image":{"@id":"https:\/\/www.kress.com\/de-de\/#\/schema\/logo\/image\/"}}]}},"_links":{"self":[{"href":"https:\/\/www.kress.com\/sv-se\/wp-json\/wp\/v2\/product\/526216","targetHints":{"allow":["GET"]}}],"collection":[{"href":"https:\/\/www.kress.com\/sv-se\/wp-json\/wp\/v2\/product"}],"about":[{"href":"https:\/\/www.kress.com\/sv-se\/wp-json\/wp\/v2\/types\/product"}],"wp:featuredmedia":[{"embeddable":true,"href":"https:\/\/www.kress.com\/sv-se\/wp-json\/wp\/v2\/media\/522414"}],"wp:attachment":[{"href":"https:\/\/www.kress.com\/sv-se\/wp-json\/wp\/v2\/media?parent=526216"}],"wp:term":[{"taxonomy":"product_brand","embeddable":true,"href":"https:\/\/www.kress.com\/sv-se\/wp-json\/wp\/v2\/product_brand?post=526216"},{"taxonomy":"product_cat","embeddable":true,"href":"https:\/\/www.kress.com\/sv-se\/wp-json\/wp\/v2\/product_cat?post=526216"},{"taxonomy":"product_tag","embeddable":true,"href":"https:\/\/www.kress.com\/sv-se\/wp-json\/wp\/v2\/product_tag?post=526216"}],"curies":[{"name":"wp","href":"https:\/\/api.w.org\/{rel}","templated":true}]}}