{"id":491539,"date":"2026-01-05T10:03:43","date_gmt":"2026-01-05T10:03:43","guid":{"rendered":""},"modified":"2026-01-05T10:00:25","modified_gmt":"2026-01-05T10:00:25","slug":"kc501-9","status":"publish","type":"product","link":"https:\/\/www.kress.com\/sv-se\/kc501-9\/","title":{"rendered":"60 V ryggs\u00e4cksl\u00f6vbl\u00e5sare i kommersiell kvalitet"},"content":{"rendered":"<p>Kress KC501 ryggs\u00e4cksbl\u00e5sare \u00e4r utformad f\u00f6r gr\u00f6nytef\u00f6rvaltare som underh\u00e5ller kommersiella fastigheter och kommuner. Den levererar den h\u00f6gsta prestandan i Kress sortiment och kombinerar ett exceptionellt effekt\/vikt-f\u00f6rh\u00e5llande med komfort f\u00f6r operat\u00f6ren under hela arbetsdagen f\u00f6r kr\u00e4vande professionellt arbete. Med en bl\u00e5skraft p\u00e5 upp till 41 N, ett luftfl\u00f6de p\u00e5 1631 m\u00b3\/h och en lufthastighet p\u00e5 102,5 m\/s kan den m\u00e4ta sig med avancerade 80 cc bensindrivna bl\u00e5smaskiner \u2013 och rensar effektivt bort tjockt, v\u00e5tt skr\u00e4p p\u00e5 f\u00e4rre drag. Med en ljudniv\u00e5 p\u00e5 endast 62 dB uppfyller den reglerna f\u00f6r tysta zoner, vilket g\u00f6r den idealisk f\u00f6r urbana och ljudk\u00e4nsliga milj\u00f6er. Som en del av Kress Commercial CyberSystem levererar den j\u00e4mn prestanda med l\u00e4gre driftskostnader \u00e4n bensin- och andra batterisystem.<\/p>\n","protected":false},"excerpt":{"rendered":"<p>Kress KC501 ryggs\u00e4cksbl\u00e5sare \u00e4r utformad f\u00f6r gr\u00f6nytef\u00f6rvaltare som underh\u00e5ller kommersiella fastigheter och kommuner. Den levererar den h\u00f6gsta prestandan i Kress sortiment och kombinerar ett exceptionellt effekt\/vikt-f\u00f6rh\u00e5llande med komfort f\u00f6r operat\u00f6ren under hela arbetsdagen f\u00f6r kr\u00e4vande professionellt arbete. Med en bl\u00e5skraft p\u00e5 upp till 41 N, ett luftfl\u00f6de p\u00e5 1631 m\u00b3\/h och en lufthastighet p\u00e5 102,5 [&hellip;]<\/p>\n","protected":false},"featured_media":0,"template":"","meta":{"_acf_changed":false},"product_brand":[],"product_cat":[],"product_tag":[],"class_list":{"0":"post-491539","1":"product","2":"type-product","3":"status-publish","6":"first","7":"instock","8":"shipping-taxable","9":"purchasable","10":"product-type-simple"},"acf":[],"yoast_head":"<!-- This site is optimized with the Yoast SEO Premium plugin v26.5 (Yoast SEO v27.0) - https:\/\/yoast.com\/product\/yoast-seo-premium-wordpress\/ -->\n<title>60 V ryggs\u00e4cksl\u00f6vbl\u00e5sare i kommersiell kvalitet | Kress<\/title>\n<meta name=\"robots\" content=\"index, follow, max-snippet:-1, max-image-preview:large, max-video-preview:-1\" \/>\n<meta property=\"og:locale\" content=\"sv_SE\" \/>\n<meta property=\"og:type\" content=\"article\" \/>\n<meta property=\"og:title\" content=\"60 V ryggs\u00e4cksl\u00f6vbl\u00e5sare i kommersiell kvalitet\" \/>\n<meta property=\"og:description\" content=\"Kress KC501 ryggs\u00e4cksbl\u00e5sare \u00e4r utformad f\u00f6r gr\u00f6nytef\u00f6rvaltare som underh\u00e5ller kommersiella fastigheter och kommuner. Den levererar den h\u00f6gsta prestandan i Kress sortiment och kombinerar ett exceptionellt effekt\/vikt-f\u00f6rh\u00e5llande med komfort f\u00f6r operat\u00f6ren under hela arbetsdagen f\u00f6r kr\u00e4vande professionellt arbete. Med en bl\u00e5skraft p\u00e5 upp till 41 N, ett luftfl\u00f6de p\u00e5 1631 m\u00b3\/h och en lufthastighet p\u00e5 102,5 [&hellip;]\" \/>\n<meta property=\"og:url\" content=\"https:\/\/www.kress.com\/en-gb\/?post_type=product&amp;p=491528\" \/>\n<meta property=\"og:site_name\" content=\"Kress\" \/>\n<meta property=\"og:image\" content=\"https:\/\/www.kress.com\/wp-content\/uploads\/2024\/02\/logo_long.png\" \/>\n\t<meta property=\"og:image:width\" content=\"1200\" \/>\n\t<meta property=\"og:image:height\" content=\"675\" \/>\n\t<meta property=\"og:image:type\" content=\"image\/png\" \/>\n<meta name=\"twitter:card\" content=\"summary_large_image\" \/>\n<meta name=\"twitter:label1\" content=\"Ber\u00e4knad l\u00e4stid\" \/>\n\t<meta name=\"twitter:data1\" content=\"1 minut\" \/>\n<script type=\"application\/ld+json\" class=\"yoast-schema-graph\">{\"@context\":\"https:\/\/schema.org\",\"@graph\":[{\"@type\":\"WebPage\",\"@id\":\"https:\/\/www.kress.com\/en-gb\/?post_type=product&p=491528\",\"url\":\"https:\/\/www.kress.com\/en-gb\/?post_type=product&p=491528\",\"name\":\"60 V ryggs\u00e4cksl\u00f6vbl\u00e5sare i kommersiell kvalitet | Kress\",\"isPartOf\":{\"@id\":\"https:\/\/www.kress.com\/de-de\/#website\"},\"datePublished\":\"2026-01-05T10:03:43+00:00\",\"breadcrumb\":{\"@id\":\"https:\/\/www.kress.com\/en-gb\/?post_type=product&p=491528#breadcrumb\"},\"inLanguage\":\"sv-SE\",\"potentialAction\":[{\"@type\":\"ReadAction\",\"target\":[\"https:\/\/www.kress.com\/en-gb\/?post_type=product&p=491528\"]}]},{\"@type\":\"BreadcrumbList\",\"@id\":\"https:\/\/www.kress.com\/en-gb\/?post_type=product&p=491528#breadcrumb\",\"itemListElement\":[{\"@type\":\"ListItem\",\"position\":1,\"name\":\"Home\",\"item\":\"https:\/\/www.kress.com\/sv-se\/\"},{\"@type\":\"ListItem\",\"position\":2,\"name\":\"Produits\",\"item\":\"https:\/\/www.kress.com\/fr-fr\/shop\/\"},{\"@type\":\"ListItem\",\"position\":3,\"name\":\"KC501.9\"}]},{\"@type\":\"WebSite\",\"@id\":\"https:\/\/www.kress.com\/de-de\/#website\",\"url\":\"https:\/\/www.kress.com\/de-de\/\",\"name\":\"Kress\",\"description\":\"\",\"publisher\":{\"@id\":\"https:\/\/www.kress.com\/de-de\/#organization\"},\"potentialAction\":[{\"@type\":\"SearchAction\",\"target\":{\"@type\":\"EntryPoint\",\"urlTemplate\":\"https:\/\/www.kress.com\/de-de\/?s={search_term_string}\"},\"query-input\":{\"@type\":\"PropertyValueSpecification\",\"valueRequired\":true,\"valueName\":\"search_term_string\"}}],\"inLanguage\":\"sv-SE\"},{\"@type\":\"Organization\",\"@id\":\"https:\/\/www.kress.com\/de-de\/#organization\",\"name\":\"Kress\",\"url\":\"https:\/\/www.kress.com\/de-de\/\",\"logo\":{\"@type\":\"ImageObject\",\"inLanguage\":\"sv-SE\",\"@id\":\"https:\/\/www.kress.com\/de-de\/#\/schema\/logo\/image\/\",\"url\":\"https:\/\/www.kress.com\/wp-content\/uploads\/2024\/02\/logo.png\",\"contentUrl\":\"https:\/\/www.kress.com\/wp-content\/uploads\/2024\/02\/logo.png\",\"width\":696,\"height\":696,\"caption\":\"Kress\"},\"image\":{\"@id\":\"https:\/\/www.kress.com\/de-de\/#\/schema\/logo\/image\/\"}}]}<\/script>\n<!-- \/ Yoast SEO Premium plugin. -->","yoast_head_json":{"title":"60 V ryggs\u00e4cksl\u00f6vbl\u00e5sare i kommersiell kvalitet | Kress","robots":{"index":"index","follow":"follow","max-snippet":"max-snippet:-1","max-image-preview":"max-image-preview:large","max-video-preview":"max-video-preview:-1"},"og_locale":"sv_SE","og_type":"article","og_title":"60 V ryggs\u00e4cksl\u00f6vbl\u00e5sare i kommersiell kvalitet","og_description":"Kress KC501 ryggs\u00e4cksbl\u00e5sare \u00e4r utformad f\u00f6r gr\u00f6nytef\u00f6rvaltare som underh\u00e5ller kommersiella fastigheter och kommuner. Den levererar den h\u00f6gsta prestandan i Kress sortiment och kombinerar ett exceptionellt effekt\/vikt-f\u00f6rh\u00e5llande med komfort f\u00f6r operat\u00f6ren under hela arbetsdagen f\u00f6r kr\u00e4vande professionellt arbete. Med en bl\u00e5skraft p\u00e5 upp till 41 N, ett luftfl\u00f6de p\u00e5 1631 m\u00b3\/h och en lufthastighet p\u00e5 102,5 [&hellip;]","og_url":"https:\/\/www.kress.com\/en-gb\/?post_type=product&p=491528","og_site_name":"Kress","og_image":[{"width":1200,"height":675,"url":"https:\/\/www.kress.com\/wp-content\/uploads\/2024\/02\/logo_long.png","type":"image\/png"}],"twitter_card":"summary_large_image","twitter_misc":{"Ber\u00e4knad l\u00e4stid":"1 minut"},"schema":{"@context":"https:\/\/schema.org","@graph":[{"@type":"WebPage","@id":"https:\/\/www.kress.com\/en-gb\/?post_type=product&p=491528","url":"https:\/\/www.kress.com\/en-gb\/?post_type=product&p=491528","name":"60 V ryggs\u00e4cksl\u00f6vbl\u00e5sare i kommersiell kvalitet | Kress","isPartOf":{"@id":"https:\/\/www.kress.com\/de-de\/#website"},"datePublished":"2026-01-05T10:03:43+00:00","breadcrumb":{"@id":"https:\/\/www.kress.com\/en-gb\/?post_type=product&p=491528#breadcrumb"},"inLanguage":"sv-SE","potentialAction":[{"@type":"ReadAction","target":["https:\/\/www.kress.com\/en-gb\/?post_type=product&p=491528"]}]},{"@type":"BreadcrumbList","@id":"https:\/\/www.kress.com\/en-gb\/?post_type=product&p=491528#breadcrumb","itemListElement":[{"@type":"ListItem","position":1,"name":"Home","item":"https:\/\/www.kress.com\/sv-se\/"},{"@type":"ListItem","position":2,"name":"Produits","item":"https:\/\/www.kress.com\/fr-fr\/shop\/"},{"@type":"ListItem","position":3,"name":"KC501.9"}]},{"@type":"WebSite","@id":"https:\/\/www.kress.com\/de-de\/#website","url":"https:\/\/www.kress.com\/de-de\/","name":"Kress","description":"","publisher":{"@id":"https:\/\/www.kress.com\/de-de\/#organization"},"potentialAction":[{"@type":"SearchAction","target":{"@type":"EntryPoint","urlTemplate":"https:\/\/www.kress.com\/de-de\/?s={search_term_string}"},"query-input":{"@type":"PropertyValueSpecification","valueRequired":true,"valueName":"search_term_string"}}],"inLanguage":"sv-SE"},{"@type":"Organization","@id":"https:\/\/www.kress.com\/de-de\/#organization","name":"Kress","url":"https:\/\/www.kress.com\/de-de\/","logo":{"@type":"ImageObject","inLanguage":"sv-SE","@id":"https:\/\/www.kress.com\/de-de\/#\/schema\/logo\/image\/","url":"https:\/\/www.kress.com\/wp-content\/uploads\/2024\/02\/logo.png","contentUrl":"https:\/\/www.kress.com\/wp-content\/uploads\/2024\/02\/logo.png","width":696,"height":696,"caption":"Kress"},"image":{"@id":"https:\/\/www.kress.com\/de-de\/#\/schema\/logo\/image\/"}}]}},"_links":{"self":[{"href":"https:\/\/www.kress.com\/sv-se\/wp-json\/wp\/v2\/product\/491539","targetHints":{"allow":["GET"]}}],"collection":[{"href":"https:\/\/www.kress.com\/sv-se\/wp-json\/wp\/v2\/product"}],"about":[{"href":"https:\/\/www.kress.com\/sv-se\/wp-json\/wp\/v2\/types\/product"}],"wp:attachment":[{"href":"https:\/\/www.kress.com\/sv-se\/wp-json\/wp\/v2\/media?parent=491539"}],"wp:term":[{"taxonomy":"product_brand","embeddable":true,"href":"https:\/\/www.kress.com\/sv-se\/wp-json\/wp\/v2\/product_brand?post=491539"},{"taxonomy":"product_cat","embeddable":true,"href":"https:\/\/www.kress.com\/sv-se\/wp-json\/wp\/v2\/product_cat?post=491539"},{"taxonomy":"product_tag","embeddable":true,"href":"https:\/\/www.kress.com\/sv-se\/wp-json\/wp\/v2\/product_tag?post=491539"}],"curies":[{"name":"wp","href":"https:\/\/api.w.org\/{rel}","templated":true}]}}