{"id":491485,"date":"2026-01-05T10:03:41","date_gmt":"2026-01-05T10:03:41","guid":{"rendered":""},"modified":"2026-01-05T10:00:25","modified_gmt":"2026-01-05T10:00:25","slug":"kc180-9","status":"publish","type":"product","link":"https:\/\/www.kress.com\/sv-se\/kc180-9\/","title":{"rendered":"60 V r\u00f6js\u00e5g i kommersiell kvalitet"},"content":{"rendered":"<p>KC180 \u00e4r den kraftfullaste i Kress sortiment av r\u00f6js\u00e5gar, med en effekt p\u00e5 2,0 kW som kan j\u00e4mf\u00f6ras med en 50 cc bensinmotor. Den \u00e4r robust och m\u00e5ngsidig, vilket g\u00f6r den idealisk f\u00f6r tunga kommunala och professionella landskapsarbeten, som att r\u00f6ja tufft gr\u00e4s, flisa v\u00e4xtlighet och f\u00e4lla sm\u00e5 tr\u00e4d. En vibrationsfri design f\u00f6rb\u00e4ttrar komforten och stabiliteten vid l\u00e5ngvarig anv\u00e4ndning. Som en del av Kress Commercial CyberSystem levererar den h\u00f6g prestanda med f\u00f6rdelen av l\u00e4gre driftskostnader j\u00e4mf\u00f6rt med bensin- och andra batterisystem.<\/p>\n","protected":false},"excerpt":{"rendered":"<p>KC180 \u00e4r den kraftfullaste i Kress sortiment av r\u00f6js\u00e5gar, med en effekt p\u00e5 2,0 kW som kan j\u00e4mf\u00f6ras med en 50 cc bensinmotor. Den \u00e4r robust och m\u00e5ngsidig, vilket g\u00f6r den idealisk f\u00f6r tunga kommunala och professionella landskapsarbeten, som att r\u00f6ja tufft gr\u00e4s, flisa v\u00e4xtlighet och f\u00e4lla sm\u00e5 tr\u00e4d. En vibrationsfri design f\u00f6rb\u00e4ttrar komforten och [&hellip;]<\/p>\n","protected":false},"featured_media":0,"template":"","meta":{"_acf_changed":false},"product_brand":[],"product_cat":[],"product_tag":[],"class_list":{"0":"post-491485","1":"product","2":"type-product","3":"status-publish","6":"first","7":"instock","8":"shipping-taxable","9":"purchasable","10":"product-type-simple"},"acf":[],"yoast_head":"<!-- This site is optimized with the Yoast SEO Premium plugin v27.5 (Yoast SEO v27.5) - https:\/\/yoast.com\/product\/yoast-seo-premium-wordpress\/ -->\n<title>60 V r\u00f6js\u00e5g i kommersiell kvalitet | Kress<\/title>\n<meta name=\"robots\" content=\"index, follow, max-snippet:-1, max-image-preview:large, max-video-preview:-1\" \/>\n<meta property=\"og:locale\" content=\"sv_SE\" \/>\n<meta property=\"og:type\" content=\"article\" \/>\n<meta property=\"og:title\" content=\"60 V r\u00f6js\u00e5g i kommersiell kvalitet\" \/>\n<meta property=\"og:description\" content=\"KC180 \u00e4r den kraftfullaste i Kress sortiment av r\u00f6js\u00e5gar, med en effekt p\u00e5 2,0 kW som kan j\u00e4mf\u00f6ras med en 50 cc bensinmotor. Den \u00e4r robust och m\u00e5ngsidig, vilket g\u00f6r den idealisk f\u00f6r tunga kommunala och professionella landskapsarbeten, som att r\u00f6ja tufft gr\u00e4s, flisa v\u00e4xtlighet och f\u00e4lla sm\u00e5 tr\u00e4d. En vibrationsfri design f\u00f6rb\u00e4ttrar komforten och [&hellip;]\" \/>\n<meta property=\"og:url\" content=\"https:\/\/www.kress.com\/en-gb\/?post_type=product&amp;p=491474\" \/>\n<meta property=\"og:site_name\" content=\"Kress\" \/>\n<meta property=\"og:image\" content=\"https:\/\/www.kress.com\/wp-content\/uploads\/2024\/02\/logo_long.png\" \/>\n\t<meta property=\"og:image:width\" content=\"1200\" \/>\n\t<meta property=\"og:image:height\" content=\"675\" \/>\n\t<meta property=\"og:image:type\" content=\"image\/png\" \/>\n<meta name=\"twitter:card\" content=\"summary_large_image\" \/>\n<meta name=\"twitter:label1\" content=\"Ber\u00e4knad l\u00e4stid\" \/>\n\t<meta name=\"twitter:data1\" content=\"1 minut\" \/>\n<script type=\"application\/ld+json\" class=\"yoast-schema-graph\">{\"@context\":\"https:\\\/\\\/schema.org\",\"@graph\":[{\"@type\":\"WebPage\",\"@id\":\"https:\\\/\\\/www.kress.com\\\/en-gb\\\/?post_type=product&p=491474\",\"url\":\"https:\\\/\\\/www.kress.com\\\/en-gb\\\/?post_type=product&p=491474\",\"name\":\"60 V r\u00f6js\u00e5g i kommersiell kvalitet | Kress\",\"isPartOf\":{\"@id\":\"https:\\\/\\\/www.kress.com\\\/de-de\\\/#website\"},\"datePublished\":\"2026-01-05T10:03:41+00:00\",\"breadcrumb\":{\"@id\":\"https:\\\/\\\/www.kress.com\\\/en-gb\\\/?post_type=product&p=491474#breadcrumb\"},\"inLanguage\":\"sv-SE\",\"potentialAction\":[{\"@type\":\"ReadAction\",\"target\":[\"https:\\\/\\\/www.kress.com\\\/en-gb\\\/?post_type=product&p=491474\"]}]},{\"@type\":\"BreadcrumbList\",\"@id\":\"https:\\\/\\\/www.kress.com\\\/en-gb\\\/?post_type=product&p=491474#breadcrumb\",\"itemListElement\":[{\"@type\":\"ListItem\",\"position\":1,\"name\":\"Home\",\"item\":\"https:\\\/\\\/www.kress.com\\\/sv-se\\\/\"},{\"@type\":\"ListItem\",\"position\":2,\"name\":\"Produits\",\"item\":\"https:\\\/\\\/www.kress.com\\\/fr-fr\\\/shop\\\/\"},{\"@type\":\"ListItem\",\"position\":3,\"name\":\"60 V r\u00f6js\u00e5g i kommersiell kvalitet\"}]},{\"@type\":\"WebSite\",\"@id\":\"https:\\\/\\\/www.kress.com\\\/de-de\\\/#website\",\"url\":\"https:\\\/\\\/www.kress.com\\\/de-de\\\/\",\"name\":\"Kress\",\"description\":\"\",\"publisher\":{\"@id\":\"https:\\\/\\\/www.kress.com\\\/de-de\\\/#organization\"},\"potentialAction\":[{\"@type\":\"SearchAction\",\"target\":{\"@type\":\"EntryPoint\",\"urlTemplate\":\"https:\\\/\\\/www.kress.com\\\/de-de\\\/?s={search_term_string}\"},\"query-input\":{\"@type\":\"PropertyValueSpecification\",\"valueRequired\":true,\"valueName\":\"search_term_string\"}}],\"inLanguage\":\"sv-SE\"},{\"@type\":\"Organization\",\"@id\":\"https:\\\/\\\/www.kress.com\\\/de-de\\\/#organization\",\"name\":\"Kress\",\"url\":\"https:\\\/\\\/www.kress.com\\\/de-de\\\/\",\"logo\":{\"@type\":\"ImageObject\",\"inLanguage\":\"sv-SE\",\"@id\":\"https:\\\/\\\/www.kress.com\\\/de-de\\\/#\\\/schema\\\/logo\\\/image\\\/\",\"url\":\"https:\\\/\\\/www.kress.com\\\/wp-content\\\/uploads\\\/2024\\\/02\\\/logo.png\",\"contentUrl\":\"https:\\\/\\\/www.kress.com\\\/wp-content\\\/uploads\\\/2024\\\/02\\\/logo.png\",\"width\":696,\"height\":696,\"caption\":\"Kress\"},\"image\":{\"@id\":\"https:\\\/\\\/www.kress.com\\\/de-de\\\/#\\\/schema\\\/logo\\\/image\\\/\"}}]}<\/script>\n<!-- \/ Yoast SEO Premium plugin. -->","yoast_head_json":{"title":"60 V r\u00f6js\u00e5g i kommersiell kvalitet | Kress","robots":{"index":"index","follow":"follow","max-snippet":"max-snippet:-1","max-image-preview":"max-image-preview:large","max-video-preview":"max-video-preview:-1"},"og_locale":"sv_SE","og_type":"article","og_title":"60 V r\u00f6js\u00e5g i kommersiell kvalitet","og_description":"KC180 \u00e4r den kraftfullaste i Kress sortiment av r\u00f6js\u00e5gar, med en effekt p\u00e5 2,0 kW som kan j\u00e4mf\u00f6ras med en 50 cc bensinmotor. Den \u00e4r robust och m\u00e5ngsidig, vilket g\u00f6r den idealisk f\u00f6r tunga kommunala och professionella landskapsarbeten, som att r\u00f6ja tufft gr\u00e4s, flisa v\u00e4xtlighet och f\u00e4lla sm\u00e5 tr\u00e4d. En vibrationsfri design f\u00f6rb\u00e4ttrar komforten och [&hellip;]","og_url":"https:\/\/www.kress.com\/en-gb\/?post_type=product&p=491474","og_site_name":"Kress","og_image":[{"width":1200,"height":675,"url":"https:\/\/www.kress.com\/wp-content\/uploads\/2024\/02\/logo_long.png","type":"image\/png"}],"twitter_card":"summary_large_image","twitter_misc":{"Ber\u00e4knad l\u00e4stid":"1 minut"},"schema":{"@context":"https:\/\/schema.org","@graph":[{"@type":"WebPage","@id":"https:\/\/www.kress.com\/en-gb\/?post_type=product&p=491474","url":"https:\/\/www.kress.com\/en-gb\/?post_type=product&p=491474","name":"60 V r\u00f6js\u00e5g i kommersiell kvalitet | Kress","isPartOf":{"@id":"https:\/\/www.kress.com\/de-de\/#website"},"datePublished":"2026-01-05T10:03:41+00:00","breadcrumb":{"@id":"https:\/\/www.kress.com\/en-gb\/?post_type=product&p=491474#breadcrumb"},"inLanguage":"sv-SE","potentialAction":[{"@type":"ReadAction","target":["https:\/\/www.kress.com\/en-gb\/?post_type=product&p=491474"]}]},{"@type":"BreadcrumbList","@id":"https:\/\/www.kress.com\/en-gb\/?post_type=product&p=491474#breadcrumb","itemListElement":[{"@type":"ListItem","position":1,"name":"Home","item":"https:\/\/www.kress.com\/sv-se\/"},{"@type":"ListItem","position":2,"name":"Produits","item":"https:\/\/www.kress.com\/fr-fr\/shop\/"},{"@type":"ListItem","position":3,"name":"60 V r\u00f6js\u00e5g i kommersiell kvalitet"}]},{"@type":"WebSite","@id":"https:\/\/www.kress.com\/de-de\/#website","url":"https:\/\/www.kress.com\/de-de\/","name":"Kress","description":"","publisher":{"@id":"https:\/\/www.kress.com\/de-de\/#organization"},"potentialAction":[{"@type":"SearchAction","target":{"@type":"EntryPoint","urlTemplate":"https:\/\/www.kress.com\/de-de\/?s={search_term_string}"},"query-input":{"@type":"PropertyValueSpecification","valueRequired":true,"valueName":"search_term_string"}}],"inLanguage":"sv-SE"},{"@type":"Organization","@id":"https:\/\/www.kress.com\/de-de\/#organization","name":"Kress","url":"https:\/\/www.kress.com\/de-de\/","logo":{"@type":"ImageObject","inLanguage":"sv-SE","@id":"https:\/\/www.kress.com\/de-de\/#\/schema\/logo\/image\/","url":"https:\/\/www.kress.com\/wp-content\/uploads\/2024\/02\/logo.png","contentUrl":"https:\/\/www.kress.com\/wp-content\/uploads\/2024\/02\/logo.png","width":696,"height":696,"caption":"Kress"},"image":{"@id":"https:\/\/www.kress.com\/de-de\/#\/schema\/logo\/image\/"}}]}},"_links":{"self":[{"href":"https:\/\/www.kress.com\/sv-se\/wp-json\/wp\/v2\/product\/491485","targetHints":{"allow":["GET"]}}],"collection":[{"href":"https:\/\/www.kress.com\/sv-se\/wp-json\/wp\/v2\/product"}],"about":[{"href":"https:\/\/www.kress.com\/sv-se\/wp-json\/wp\/v2\/types\/product"}],"wp:attachment":[{"href":"https:\/\/www.kress.com\/sv-se\/wp-json\/wp\/v2\/media?parent=491485"}],"wp:term":[{"taxonomy":"product_brand","embeddable":true,"href":"https:\/\/www.kress.com\/sv-se\/wp-json\/wp\/v2\/product_brand?post=491485"},{"taxonomy":"product_cat","embeddable":true,"href":"https:\/\/www.kress.com\/sv-se\/wp-json\/wp\/v2\/product_cat?post=491485"},{"taxonomy":"product_tag","embeddable":true,"href":"https:\/\/www.kress.com\/sv-se\/wp-json\/wp\/v2\/product_tag?post=491485"}],"curies":[{"name":"wp","href":"https:\/\/api.w.org\/{rel}","templated":true}]}}