{"id":482018,"date":"2025-12-02T10:03:46","date_gmt":"2025-12-02T10:03:46","guid":{"rendered":""},"modified":"2025-12-02T10:00:28","modified_gmt":"2025-12-02T10:00:28","slug":"kr285e","status":"publish","type":"product","link":"https:\/\/www.kress.com\/sv-se\/kr285e\/","title":{"rendered":"Kress EyePilot\u00ae 4\u00d74 RTK\u207f 5000 m\u00b2 robotgr\u00e4sklippare"},"content":{"rendered":"<p>Utvecklad f\u00f6r kr\u00e4vande milj\u00f6er. Kress EyePilot\u00ae 4\u00d74 RTK\u207f KR285E kombinerar RTK\u207f-satellitpositionering med en smart kamera och \u00e4kta fyrhjulsdrift f\u00f6r exakt och stabil navigering i komplex terr\u00e4ng utan extra antenner.<\/p>\n<p>Ett fyrmotorigt drivsystem med momentkontroll i realtid bibeh\u00e5ller grepp och riktning i lutningar upp till 84% (\u224840\u00b0), medan oberoende axlar och ledad konstruktion h\u00e5ller alla fyra hjul i kontakt med marken och klippdisken rak p\u00e5 oj\u00e4mnt underlag.<\/p>\n<p>Framhjulsstyrning m\u00f6jligg\u00f6r sn\u00e4va sv\u00e4ngar utan att skada gr\u00e4set, och en markfrig\u00e5ngen upp till 6 cm ger s\u00e4ker passage \u00f6ver kanter.<\/p>\n<p>RTK\u207f-korrigering levereras tr\u00e5dl\u00f6st och st\u00f6ds av en redundant positioneringsarkitektur f\u00f6r tillf\u00f6rlitlig noggrannhet \u00e4ven vid f\u00f6rsvagad satellitsignal. Uppkoppling via Wi-Fi eller integrerad 4G s\u00e4krar kontinuerlig uppkoppling utan extra kostnader: SIM-kort och datatj\u00e4nster \u00e4r inkluderade fr\u00e5n start.<\/p>\n","protected":false},"excerpt":{"rendered":"<p>Utvecklad f\u00f6r kr\u00e4vande milj\u00f6er. Kress EyePilot\u00ae 4\u00d74 RTK\u207f KR285E kombinerar RTK\u207f-satellitpositionering med en smart kamera och \u00e4kta fyrhjulsdrift f\u00f6r exakt och stabil navigering i komplex terr\u00e4ng utan extra antenner. Ett fyrmotorigt drivsystem med momentkontroll i realtid bibeh\u00e5ller grepp och riktning i lutningar upp till 84% (\u224840\u00b0), medan oberoende axlar och ledad konstruktion h\u00e5ller alla fyra [&hellip;]<\/p>\n","protected":false},"featured_media":522570,"template":"","meta":{"_acf_changed":false},"product_brand":[],"product_cat":[],"product_tag":[],"class_list":{"0":"post-482018","1":"product","2":"type-product","3":"status-publish","4":"has-post-thumbnail","7":"first","8":"instock","9":"shipping-taxable","10":"purchasable","11":"product-type-simple"},"acf":[],"yoast_head":"<!-- This site is optimized with the Yoast SEO Premium plugin v26.5 (Yoast SEO v27.0) - https:\/\/yoast.com\/product\/yoast-seo-premium-wordpress\/ -->\n<title>Kress EyePilot\u00ae 4\u00d74 RTK\u207f 5000 m\u00b2 robotgr\u00e4sklippare | Kress<\/title>\n<meta name=\"robots\" content=\"index, follow, max-snippet:-1, max-image-preview:large, max-video-preview:-1\" \/>\n<meta property=\"og:locale\" content=\"sv_SE\" \/>\n<meta property=\"og:type\" content=\"article\" \/>\n<meta property=\"og:title\" content=\"Kress EyePilot\u00ae 4\u00d74 RTK\u207f 5000 m\u00b2 robotgr\u00e4sklippare\" \/>\n<meta property=\"og:description\" content=\"Utvecklad f\u00f6r kr\u00e4vande milj\u00f6er. Kress EyePilot\u00ae 4\u00d74 RTK\u207f KR285E kombinerar RTK\u207f-satellitpositionering med en smart kamera och \u00e4kta fyrhjulsdrift f\u00f6r exakt och stabil navigering i komplex terr\u00e4ng utan extra antenner. Ett fyrmotorigt drivsystem med momentkontroll i realtid bibeh\u00e5ller grepp och riktning i lutningar upp till 84% (\u224840\u00b0), medan oberoende axlar och ledad konstruktion h\u00e5ller alla fyra [&hellip;]\" \/>\n<meta property=\"og:url\" content=\"https:\/\/www.kress.com\/en-gb\/?post_type=product&amp;p=482007\" \/>\n<meta property=\"og:site_name\" content=\"Kress\" \/>\n<meta property=\"og:image\" content=\"https:\/\/www.kress.com\/wp-content\/uploads\/2024\/02\/logo_long.png\" \/>\n\t<meta property=\"og:image:width\" content=\"1200\" \/>\n\t<meta property=\"og:image:height\" content=\"675\" \/>\n\t<meta property=\"og:image:type\" content=\"image\/png\" \/>\n<meta name=\"twitter:card\" content=\"summary_large_image\" \/>\n<meta name=\"twitter:label1\" content=\"Ber\u00e4knad l\u00e4stid\" \/>\n\t<meta name=\"twitter:data1\" content=\"1 minut\" \/>\n<script type=\"application\/ld+json\" class=\"yoast-schema-graph\">{\"@context\":\"https:\/\/schema.org\",\"@graph\":[{\"@type\":\"WebPage\",\"@id\":\"https:\/\/www.kress.com\/en-gb\/?post_type=product&p=482007\",\"url\":\"https:\/\/www.kress.com\/en-gb\/?post_type=product&p=482007\",\"name\":\"Kress EyePilot\u00ae 4\u00d74 RTK\u207f 5000 m\u00b2 robotgr\u00e4sklippare | Kress\",\"isPartOf\":{\"@id\":\"https:\/\/www.kress.com\/de-de\/#website\"},\"primaryImageOfPage\":{\"@id\":\"https:\/\/www.kress.com\/en-gb\/?post_type=product&p=482007#primaryimage\"},\"image\":{\"@id\":\"https:\/\/www.kress.com\/en-gb\/?post_type=product&p=482007#primaryimage\"},\"thumbnailUrl\":\"https:\/\/www.kress.com\/wp-content\/uploads\/onpage\/op_image_8b395b2651412d1cfe66cc6d6ec6e537e3ec5938.1980x.webp\",\"datePublished\":\"2025-12-02T10:03:46+00:00\",\"breadcrumb\":{\"@id\":\"https:\/\/www.kress.com\/en-gb\/?post_type=product&p=482007#breadcrumb\"},\"inLanguage\":\"sv-SE\",\"potentialAction\":[{\"@type\":\"ReadAction\",\"target\":[\"https:\/\/www.kress.com\/en-gb\/?post_type=product&p=482007\"]}]},{\"@type\":\"ImageObject\",\"inLanguage\":\"sv-SE\",\"@id\":\"https:\/\/www.kress.com\/en-gb\/?post_type=product&p=482007#primaryimage\",\"url\":\"https:\/\/www.kress.com\/wp-content\/uploads\/onpage\/op_image_8b395b2651412d1cfe66cc6d6ec6e537e3ec5938.1980x.webp\",\"contentUrl\":\"https:\/\/www.kress.com\/wp-content\/uploads\/onpage\/op_image_8b395b2651412d1cfe66cc6d6ec6e537e3ec5938.1980x.webp\",\"width\":1980,\"height\":1980},{\"@type\":\"BreadcrumbList\",\"@id\":\"https:\/\/www.kress.com\/en-gb\/?post_type=product&p=482007#breadcrumb\",\"itemListElement\":[{\"@type\":\"ListItem\",\"position\":1,\"name\":\"Home\",\"item\":\"https:\/\/www.kress.com\/sv-se\/\"},{\"@type\":\"ListItem\",\"position\":2,\"name\":\"Produits\",\"item\":\"https:\/\/www.kress.com\/fr-fr\/shop\/\"},{\"@type\":\"ListItem\",\"position\":3,\"name\":\"KR285E\"}]},{\"@type\":\"WebSite\",\"@id\":\"https:\/\/www.kress.com\/de-de\/#website\",\"url\":\"https:\/\/www.kress.com\/de-de\/\",\"name\":\"Kress\",\"description\":\"\",\"publisher\":{\"@id\":\"https:\/\/www.kress.com\/de-de\/#organization\"},\"potentialAction\":[{\"@type\":\"SearchAction\",\"target\":{\"@type\":\"EntryPoint\",\"urlTemplate\":\"https:\/\/www.kress.com\/de-de\/?s={search_term_string}\"},\"query-input\":{\"@type\":\"PropertyValueSpecification\",\"valueRequired\":true,\"valueName\":\"search_term_string\"}}],\"inLanguage\":\"sv-SE\"},{\"@type\":\"Organization\",\"@id\":\"https:\/\/www.kress.com\/de-de\/#organization\",\"name\":\"Kress\",\"url\":\"https:\/\/www.kress.com\/de-de\/\",\"logo\":{\"@type\":\"ImageObject\",\"inLanguage\":\"sv-SE\",\"@id\":\"https:\/\/www.kress.com\/de-de\/#\/schema\/logo\/image\/\",\"url\":\"https:\/\/www.kress.com\/wp-content\/uploads\/2024\/02\/logo.png\",\"contentUrl\":\"https:\/\/www.kress.com\/wp-content\/uploads\/2024\/02\/logo.png\",\"width\":696,\"height\":696,\"caption\":\"Kress\"},\"image\":{\"@id\":\"https:\/\/www.kress.com\/de-de\/#\/schema\/logo\/image\/\"}}]}<\/script>\n<!-- \/ Yoast SEO Premium plugin. -->","yoast_head_json":{"title":"Kress EyePilot\u00ae 4\u00d74 RTK\u207f 5000 m\u00b2 robotgr\u00e4sklippare | Kress","robots":{"index":"index","follow":"follow","max-snippet":"max-snippet:-1","max-image-preview":"max-image-preview:large","max-video-preview":"max-video-preview:-1"},"og_locale":"sv_SE","og_type":"article","og_title":"Kress EyePilot\u00ae 4\u00d74 RTK\u207f 5000 m\u00b2 robotgr\u00e4sklippare","og_description":"Utvecklad f\u00f6r kr\u00e4vande milj\u00f6er. Kress EyePilot\u00ae 4\u00d74 RTK\u207f KR285E kombinerar RTK\u207f-satellitpositionering med en smart kamera och \u00e4kta fyrhjulsdrift f\u00f6r exakt och stabil navigering i komplex terr\u00e4ng utan extra antenner. Ett fyrmotorigt drivsystem med momentkontroll i realtid bibeh\u00e5ller grepp och riktning i lutningar upp till 84% (\u224840\u00b0), medan oberoende axlar och ledad konstruktion h\u00e5ller alla fyra [&hellip;]","og_url":"https:\/\/www.kress.com\/en-gb\/?post_type=product&p=482007","og_site_name":"Kress","og_image":[{"width":1200,"height":675,"url":"https:\/\/www.kress.com\/wp-content\/uploads\/2024\/02\/logo_long.png","type":"image\/png"}],"twitter_card":"summary_large_image","twitter_misc":{"Ber\u00e4knad l\u00e4stid":"1 minut"},"schema":{"@context":"https:\/\/schema.org","@graph":[{"@type":"WebPage","@id":"https:\/\/www.kress.com\/en-gb\/?post_type=product&p=482007","url":"https:\/\/www.kress.com\/en-gb\/?post_type=product&p=482007","name":"Kress EyePilot\u00ae 4\u00d74 RTK\u207f 5000 m\u00b2 robotgr\u00e4sklippare | Kress","isPartOf":{"@id":"https:\/\/www.kress.com\/de-de\/#website"},"primaryImageOfPage":{"@id":"https:\/\/www.kress.com\/en-gb\/?post_type=product&p=482007#primaryimage"},"image":{"@id":"https:\/\/www.kress.com\/en-gb\/?post_type=product&p=482007#primaryimage"},"thumbnailUrl":"https:\/\/www.kress.com\/wp-content\/uploads\/onpage\/op_image_8b395b2651412d1cfe66cc6d6ec6e537e3ec5938.1980x.webp","datePublished":"2025-12-02T10:03:46+00:00","breadcrumb":{"@id":"https:\/\/www.kress.com\/en-gb\/?post_type=product&p=482007#breadcrumb"},"inLanguage":"sv-SE","potentialAction":[{"@type":"ReadAction","target":["https:\/\/www.kress.com\/en-gb\/?post_type=product&p=482007"]}]},{"@type":"ImageObject","inLanguage":"sv-SE","@id":"https:\/\/www.kress.com\/en-gb\/?post_type=product&p=482007#primaryimage","url":"https:\/\/www.kress.com\/wp-content\/uploads\/onpage\/op_image_8b395b2651412d1cfe66cc6d6ec6e537e3ec5938.1980x.webp","contentUrl":"https:\/\/www.kress.com\/wp-content\/uploads\/onpage\/op_image_8b395b2651412d1cfe66cc6d6ec6e537e3ec5938.1980x.webp","width":1980,"height":1980},{"@type":"BreadcrumbList","@id":"https:\/\/www.kress.com\/en-gb\/?post_type=product&p=482007#breadcrumb","itemListElement":[{"@type":"ListItem","position":1,"name":"Home","item":"https:\/\/www.kress.com\/sv-se\/"},{"@type":"ListItem","position":2,"name":"Produits","item":"https:\/\/www.kress.com\/fr-fr\/shop\/"},{"@type":"ListItem","position":3,"name":"KR285E"}]},{"@type":"WebSite","@id":"https:\/\/www.kress.com\/de-de\/#website","url":"https:\/\/www.kress.com\/de-de\/","name":"Kress","description":"","publisher":{"@id":"https:\/\/www.kress.com\/de-de\/#organization"},"potentialAction":[{"@type":"SearchAction","target":{"@type":"EntryPoint","urlTemplate":"https:\/\/www.kress.com\/de-de\/?s={search_term_string}"},"query-input":{"@type":"PropertyValueSpecification","valueRequired":true,"valueName":"search_term_string"}}],"inLanguage":"sv-SE"},{"@type":"Organization","@id":"https:\/\/www.kress.com\/de-de\/#organization","name":"Kress","url":"https:\/\/www.kress.com\/de-de\/","logo":{"@type":"ImageObject","inLanguage":"sv-SE","@id":"https:\/\/www.kress.com\/de-de\/#\/schema\/logo\/image\/","url":"https:\/\/www.kress.com\/wp-content\/uploads\/2024\/02\/logo.png","contentUrl":"https:\/\/www.kress.com\/wp-content\/uploads\/2024\/02\/logo.png","width":696,"height":696,"caption":"Kress"},"image":{"@id":"https:\/\/www.kress.com\/de-de\/#\/schema\/logo\/image\/"}}]}},"_links":{"self":[{"href":"https:\/\/www.kress.com\/sv-se\/wp-json\/wp\/v2\/product\/482018","targetHints":{"allow":["GET"]}}],"collection":[{"href":"https:\/\/www.kress.com\/sv-se\/wp-json\/wp\/v2\/product"}],"about":[{"href":"https:\/\/www.kress.com\/sv-se\/wp-json\/wp\/v2\/types\/product"}],"wp:featuredmedia":[{"embeddable":true,"href":"https:\/\/www.kress.com\/sv-se\/wp-json\/wp\/v2\/media\/522570"}],"wp:attachment":[{"href":"https:\/\/www.kress.com\/sv-se\/wp-json\/wp\/v2\/media?parent=482018"}],"wp:term":[{"taxonomy":"product_brand","embeddable":true,"href":"https:\/\/www.kress.com\/sv-se\/wp-json\/wp\/v2\/product_brand?post=482018"},{"taxonomy":"product_cat","embeddable":true,"href":"https:\/\/www.kress.com\/sv-se\/wp-json\/wp\/v2\/product_cat?post=482018"},{"taxonomy":"product_tag","embeddable":true,"href":"https:\/\/www.kress.com\/sv-se\/wp-json\/wp\/v2\/product_tag?post=482018"}],"curies":[{"name":"wp","href":"https:\/\/api.w.org\/{rel}","templated":true}]}}