{"id":44678,"date":"2024-03-26T08:17:23","date_gmt":"2024-03-26T08:17:23","guid":{"rendered":""},"modified":"2025-10-17T10:00:22","modified_gmt":"2025-10-17T10:00:22","slug":"kress-commercial-powertrain-kraftnav-for-multiverktyg-kac104","status":"publish","type":"product","link":"https:\/\/www.kress.com\/sv-se\/kress-commercial-powertrain-kraftnav-for-multiverktyg-kac104\/","title":{"rendered":"Kress Commercial PowerTrain\u2122 kraftnav f\u00f6r multiverktyg"},"content":{"rendered":"<p>Med en effekt p\u00e5 1,3 kW ger Kress PowerTrain\u2122 kraftnav f\u00f6r multiverktyg den m\u00e5ngsidighet och styrka som kr\u00e4vs f\u00f6r att ta itu med ett brett spektrum av uppgifter med precision. Det \u00e4r s\u00f6ml\u00f6st utformat f\u00f6r att integreras med Kress-redskap och ger o\u00f6vertr\u00e4ffad prestanda f\u00f6r varje till\u00e4mpning.<\/p>\n","protected":false},"excerpt":{"rendered":"<p>Med en effekt p\u00e5 1,3 kW ger Kress PowerTrain\u2122 kraftnav f\u00f6r multiverktyg den m\u00e5ngsidighet och styrka som kr\u00e4vs f\u00f6r att ta itu med ett brett spektrum av uppgifter med precision. Det \u00e4r s\u00f6ml\u00f6st utformat f\u00f6r att integreras med Kress-redskap och ger o\u00f6vertr\u00e4ffad prestanda f\u00f6r varje till\u00e4mpning.<\/p>\n","protected":false},"featured_media":411448,"template":"","meta":{"_acf_changed":false},"product_brand":[],"product_cat":[],"product_tag":[],"class_list":{"0":"post-44678","1":"product","2":"type-product","3":"status-publish","4":"has-post-thumbnail","7":"first","8":"instock","9":"shipping-taxable","10":"purchasable","11":"product-type-simple"},"acf":[],"yoast_head":"<!-- This site is optimized with the Yoast SEO Premium plugin v26.5 (Yoast SEO v27.0) - https:\/\/yoast.com\/product\/yoast-seo-premium-wordpress\/ -->\n<title>Kress Commercial PowerTrain\u2122 kraftnav f\u00f6r multiverktyg | Kress<\/title>\n<meta name=\"robots\" content=\"index, follow, max-snippet:-1, max-image-preview:large, max-video-preview:-1\" \/>\n<meta property=\"og:locale\" content=\"sv_SE\" \/>\n<meta property=\"og:type\" content=\"article\" \/>\n<meta property=\"og:title\" content=\"Kress Commercial PowerTrain\u2122 kraftnav f\u00f6r multiverktyg\" \/>\n<meta property=\"og:description\" content=\"Med en effekt p\u00e5 1,3 kW ger Kress PowerTrain\u2122 kraftnav f\u00f6r multiverktyg den m\u00e5ngsidighet och styrka som kr\u00e4vs f\u00f6r att ta itu med ett brett spektrum av uppgifter med precision. Det \u00e4r s\u00f6ml\u00f6st utformat f\u00f6r att integreras med Kress-redskap och ger o\u00f6vertr\u00e4ffad prestanda f\u00f6r varje till\u00e4mpning.\" \/>\n<meta property=\"og:url\" content=\"https:\/\/www.kress.com\/sv-se\/kress-commercial-powertrain-kraftnav-for-multiverktyg-kac104\/\" \/>\n<meta property=\"og:site_name\" content=\"Kress\" \/>\n<meta property=\"article:modified_time\" content=\"2025-10-17T10:00:22+00:00\" \/>\n<meta property=\"og:image\" content=\"https:\/\/www.kress.com\/wp-content\/uploads\/onpage\/op_image_d76fa3d5e5261efba26de49e5ecff8d1799ca6fd.1980x.webp\" \/>\n\t<meta property=\"og:image:width\" content=\"1980\" \/>\n\t<meta property=\"og:image:height\" content=\"1980\" \/>\n\t<meta property=\"og:image:type\" content=\"image\/webp\" \/>\n<meta name=\"twitter:card\" content=\"summary_large_image\" \/>\n<script type=\"application\/ld+json\" class=\"yoast-schema-graph\">{\"@context\":\"https:\/\/schema.org\",\"@graph\":[{\"@type\":\"WebPage\",\"@id\":\"https:\/\/www.kress.com\/sv-se\/kress-commercial-powertrain-kraftnav-for-multiverktyg-kac104\/\",\"url\":\"https:\/\/www.kress.com\/sv-se\/kress-commercial-powertrain-kraftnav-for-multiverktyg-kac104\/\",\"name\":\"Kress Commercial PowerTrain\u2122 kraftnav f\u00f6r multiverktyg | Kress\",\"isPartOf\":{\"@id\":\"https:\/\/www.kress.com\/de-de\/#website\"},\"primaryImageOfPage\":{\"@id\":\"https:\/\/www.kress.com\/sv-se\/kress-commercial-powertrain-kraftnav-for-multiverktyg-kac104\/#primaryimage\"},\"image\":{\"@id\":\"https:\/\/www.kress.com\/sv-se\/kress-commercial-powertrain-kraftnav-for-multiverktyg-kac104\/#primaryimage\"},\"thumbnailUrl\":\"https:\/\/www.kress.com\/wp-content\/uploads\/onpage\/op_image_d76fa3d5e5261efba26de49e5ecff8d1799ca6fd.1980x.webp\",\"datePublished\":\"2024-03-26T08:17:23+00:00\",\"dateModified\":\"2025-10-17T10:00:22+00:00\",\"breadcrumb\":{\"@id\":\"https:\/\/www.kress.com\/sv-se\/kress-commercial-powertrain-kraftnav-for-multiverktyg-kac104\/#breadcrumb\"},\"inLanguage\":\"sv-SE\",\"potentialAction\":[{\"@type\":\"ReadAction\",\"target\":[\"https:\/\/www.kress.com\/sv-se\/kress-commercial-powertrain-kraftnav-for-multiverktyg-kac104\/\"]}]},{\"@type\":\"ImageObject\",\"inLanguage\":\"sv-SE\",\"@id\":\"https:\/\/www.kress.com\/sv-se\/kress-commercial-powertrain-kraftnav-for-multiverktyg-kac104\/#primaryimage\",\"url\":\"https:\/\/www.kress.com\/wp-content\/uploads\/onpage\/op_image_d76fa3d5e5261efba26de49e5ecff8d1799ca6fd.1980x.webp\",\"contentUrl\":\"https:\/\/www.kress.com\/wp-content\/uploads\/onpage\/op_image_d76fa3d5e5261efba26de49e5ecff8d1799ca6fd.1980x.webp\",\"width\":1980,\"height\":1980},{\"@type\":\"BreadcrumbList\",\"@id\":\"https:\/\/www.kress.com\/sv-se\/kress-commercial-powertrain-kraftnav-for-multiverktyg-kac104\/#breadcrumb\",\"itemListElement\":[{\"@type\":\"ListItem\",\"position\":1,\"name\":\"Home\",\"item\":\"https:\/\/www.kress.com\/sv-se\/\"},{\"@type\":\"ListItem\",\"position\":2,\"name\":\"Produits\",\"item\":\"https:\/\/www.kress.com\/fr-fr\/shop\/\"},{\"@type\":\"ListItem\",\"position\":3,\"name\":\"Kress Commercial PowerTrain\u2122 kraftnav f\u00f6r multiverktyg\"}]},{\"@type\":\"WebSite\",\"@id\":\"https:\/\/www.kress.com\/de-de\/#website\",\"url\":\"https:\/\/www.kress.com\/de-de\/\",\"name\":\"Kress\",\"description\":\"\",\"publisher\":{\"@id\":\"https:\/\/www.kress.com\/de-de\/#organization\"},\"potentialAction\":[{\"@type\":\"SearchAction\",\"target\":{\"@type\":\"EntryPoint\",\"urlTemplate\":\"https:\/\/www.kress.com\/de-de\/?s={search_term_string}\"},\"query-input\":{\"@type\":\"PropertyValueSpecification\",\"valueRequired\":true,\"valueName\":\"search_term_string\"}}],\"inLanguage\":\"sv-SE\"},{\"@type\":\"Organization\",\"@id\":\"https:\/\/www.kress.com\/de-de\/#organization\",\"name\":\"Kress\",\"url\":\"https:\/\/www.kress.com\/de-de\/\",\"logo\":{\"@type\":\"ImageObject\",\"inLanguage\":\"sv-SE\",\"@id\":\"https:\/\/www.kress.com\/de-de\/#\/schema\/logo\/image\/\",\"url\":\"https:\/\/www.kress.com\/wp-content\/uploads\/2024\/02\/logo.png\",\"contentUrl\":\"https:\/\/www.kress.com\/wp-content\/uploads\/2024\/02\/logo.png\",\"width\":696,\"height\":696,\"caption\":\"Kress\"},\"image\":{\"@id\":\"https:\/\/www.kress.com\/de-de\/#\/schema\/logo\/image\/\"}}]}<\/script>\n<!-- \/ Yoast SEO Premium plugin. -->","yoast_head_json":{"title":"Kress Commercial PowerTrain\u2122 kraftnav f\u00f6r multiverktyg | Kress","robots":{"index":"index","follow":"follow","max-snippet":"max-snippet:-1","max-image-preview":"max-image-preview:large","max-video-preview":"max-video-preview:-1"},"og_locale":"sv_SE","og_type":"article","og_title":"Kress Commercial PowerTrain\u2122 kraftnav f\u00f6r multiverktyg","og_description":"Med en effekt p\u00e5 1,3 kW ger Kress PowerTrain\u2122 kraftnav f\u00f6r multiverktyg den m\u00e5ngsidighet och styrka som kr\u00e4vs f\u00f6r att ta itu med ett brett spektrum av uppgifter med precision. Det \u00e4r s\u00f6ml\u00f6st utformat f\u00f6r att integreras med Kress-redskap och ger o\u00f6vertr\u00e4ffad prestanda f\u00f6r varje till\u00e4mpning.","og_url":"https:\/\/www.kress.com\/sv-se\/kress-commercial-powertrain-kraftnav-for-multiverktyg-kac104\/","og_site_name":"Kress","article_modified_time":"2025-10-17T10:00:22+00:00","og_image":[{"width":1980,"height":1980,"url":"https:\/\/www.kress.com\/wp-content\/uploads\/onpage\/op_image_d76fa3d5e5261efba26de49e5ecff8d1799ca6fd.1980x.webp","type":"image\/webp"}],"twitter_card":"summary_large_image","schema":{"@context":"https:\/\/schema.org","@graph":[{"@type":"WebPage","@id":"https:\/\/www.kress.com\/sv-se\/kress-commercial-powertrain-kraftnav-for-multiverktyg-kac104\/","url":"https:\/\/www.kress.com\/sv-se\/kress-commercial-powertrain-kraftnav-for-multiverktyg-kac104\/","name":"Kress Commercial PowerTrain\u2122 kraftnav f\u00f6r multiverktyg | Kress","isPartOf":{"@id":"https:\/\/www.kress.com\/de-de\/#website"},"primaryImageOfPage":{"@id":"https:\/\/www.kress.com\/sv-se\/kress-commercial-powertrain-kraftnav-for-multiverktyg-kac104\/#primaryimage"},"image":{"@id":"https:\/\/www.kress.com\/sv-se\/kress-commercial-powertrain-kraftnav-for-multiverktyg-kac104\/#primaryimage"},"thumbnailUrl":"https:\/\/www.kress.com\/wp-content\/uploads\/onpage\/op_image_d76fa3d5e5261efba26de49e5ecff8d1799ca6fd.1980x.webp","datePublished":"2024-03-26T08:17:23+00:00","dateModified":"2025-10-17T10:00:22+00:00","breadcrumb":{"@id":"https:\/\/www.kress.com\/sv-se\/kress-commercial-powertrain-kraftnav-for-multiverktyg-kac104\/#breadcrumb"},"inLanguage":"sv-SE","potentialAction":[{"@type":"ReadAction","target":["https:\/\/www.kress.com\/sv-se\/kress-commercial-powertrain-kraftnav-for-multiverktyg-kac104\/"]}]},{"@type":"ImageObject","inLanguage":"sv-SE","@id":"https:\/\/www.kress.com\/sv-se\/kress-commercial-powertrain-kraftnav-for-multiverktyg-kac104\/#primaryimage","url":"https:\/\/www.kress.com\/wp-content\/uploads\/onpage\/op_image_d76fa3d5e5261efba26de49e5ecff8d1799ca6fd.1980x.webp","contentUrl":"https:\/\/www.kress.com\/wp-content\/uploads\/onpage\/op_image_d76fa3d5e5261efba26de49e5ecff8d1799ca6fd.1980x.webp","width":1980,"height":1980},{"@type":"BreadcrumbList","@id":"https:\/\/www.kress.com\/sv-se\/kress-commercial-powertrain-kraftnav-for-multiverktyg-kac104\/#breadcrumb","itemListElement":[{"@type":"ListItem","position":1,"name":"Home","item":"https:\/\/www.kress.com\/sv-se\/"},{"@type":"ListItem","position":2,"name":"Produits","item":"https:\/\/www.kress.com\/fr-fr\/shop\/"},{"@type":"ListItem","position":3,"name":"Kress Commercial PowerTrain\u2122 kraftnav f\u00f6r multiverktyg"}]},{"@type":"WebSite","@id":"https:\/\/www.kress.com\/de-de\/#website","url":"https:\/\/www.kress.com\/de-de\/","name":"Kress","description":"","publisher":{"@id":"https:\/\/www.kress.com\/de-de\/#organization"},"potentialAction":[{"@type":"SearchAction","target":{"@type":"EntryPoint","urlTemplate":"https:\/\/www.kress.com\/de-de\/?s={search_term_string}"},"query-input":{"@type":"PropertyValueSpecification","valueRequired":true,"valueName":"search_term_string"}}],"inLanguage":"sv-SE"},{"@type":"Organization","@id":"https:\/\/www.kress.com\/de-de\/#organization","name":"Kress","url":"https:\/\/www.kress.com\/de-de\/","logo":{"@type":"ImageObject","inLanguage":"sv-SE","@id":"https:\/\/www.kress.com\/de-de\/#\/schema\/logo\/image\/","url":"https:\/\/www.kress.com\/wp-content\/uploads\/2024\/02\/logo.png","contentUrl":"https:\/\/www.kress.com\/wp-content\/uploads\/2024\/02\/logo.png","width":696,"height":696,"caption":"Kress"},"image":{"@id":"https:\/\/www.kress.com\/de-de\/#\/schema\/logo\/image\/"}}]}},"_links":{"self":[{"href":"https:\/\/www.kress.com\/sv-se\/wp-json\/wp\/v2\/product\/44678","targetHints":{"allow":["GET"]}}],"collection":[{"href":"https:\/\/www.kress.com\/sv-se\/wp-json\/wp\/v2\/product"}],"about":[{"href":"https:\/\/www.kress.com\/sv-se\/wp-json\/wp\/v2\/types\/product"}],"wp:featuredmedia":[{"embeddable":true,"href":"https:\/\/www.kress.com\/sv-se\/wp-json\/wp\/v2\/media\/411448"}],"wp:attachment":[{"href":"https:\/\/www.kress.com\/sv-se\/wp-json\/wp\/v2\/media?parent=44678"}],"wp:term":[{"taxonomy":"product_brand","embeddable":true,"href":"https:\/\/www.kress.com\/sv-se\/wp-json\/wp\/v2\/product_brand?post=44678"},{"taxonomy":"product_cat","embeddable":true,"href":"https:\/\/www.kress.com\/sv-se\/wp-json\/wp\/v2\/product_cat?post=44678"},{"taxonomy":"product_tag","embeddable":true,"href":"https:\/\/www.kress.com\/sv-se\/wp-json\/wp\/v2\/product_tag?post=44678"}],"curies":[{"name":"wp","href":"https:\/\/api.w.org\/{rel}","templated":true}]}}