{"id":42270,"date":"2024-03-26T08:17:12","date_gmt":"2024-03-26T08:17:12","guid":{"rendered":""},"modified":"2025-10-17T10:00:22","modified_gmt":"2025-10-17T10:00:22","slug":"60-v-snoslunga-kg470-9","status":"publish","type":"product","link":"https:\/\/www.kress.com\/sv-se\/60-v-snoslunga-kg470-9\/","title":{"rendered":"Professionell 60 V sn\u00f6slunga"},"content":{"rendered":"<p>Kress KG470 2-stegs sn\u00f6slunga \u00e4r byggd f\u00f6r h\u00f6g prestanda under tuffa vinterf\u00f6rh\u00e5llanden och klarar av att r\u00f6ja upp till 8 tum sn\u00f6 p\u00e5 en uppfart f\u00f6r 12 bilar p\u00e5 en enda laddning. Det sj\u00e4lvg\u00e5ende drivsystemet r\u00f6r sig smidigt fram\u00e5t och bak\u00e5t, drivet av dubbla borstl\u00f6sa motorer som hanterar b\u00e5de plogning och framdrivning med l\u00e4tthet. Anv\u00e4ndarv\u00e4nliga funktioner, som enhandsman\u00f6vrering via en intuitiv kontrollpanel och en 2-i-1-kontroll f\u00f6r utkastarr\u00f6ret, g\u00f6r att du kan rikta sn\u00f6n med precision och effektivitet.<\/p>\n","protected":false},"excerpt":{"rendered":"<p>Kress KG470 2-stegs sn\u00f6slunga \u00e4r byggd f\u00f6r h\u00f6g prestanda under tuffa vinterf\u00f6rh\u00e5llanden och klarar av att r\u00f6ja upp till 8 tum sn\u00f6 p\u00e5 en uppfart f\u00f6r 12 bilar p\u00e5 en enda laddning. Det sj\u00e4lvg\u00e5ende drivsystemet r\u00f6r sig smidigt fram\u00e5t och bak\u00e5t, drivet av dubbla borstl\u00f6sa motorer som hanterar b\u00e5de plogning och framdrivning med l\u00e4tthet. Anv\u00e4ndarv\u00e4nliga [&hellip;]<\/p>\n","protected":false},"featured_media":413896,"template":"","meta":{"_acf_changed":false},"product_brand":[],"product_cat":[],"product_tag":[],"class_list":{"0":"post-42270","1":"product","2":"type-product","3":"status-publish","4":"has-post-thumbnail","7":"first","8":"instock","9":"shipping-taxable","10":"purchasable","11":"product-type-simple"},"acf":[],"yoast_head":"<!-- This site is optimized with the Yoast SEO Premium plugin v26.5 (Yoast SEO v27.0) - https:\/\/yoast.com\/product\/yoast-seo-premium-wordpress\/ -->\n<title>Professionell 60 V sn\u00f6slunga | Kress<\/title>\n<meta name=\"robots\" content=\"index, follow, max-snippet:-1, max-image-preview:large, max-video-preview:-1\" \/>\n<meta property=\"og:locale\" content=\"sv_SE\" \/>\n<meta property=\"og:type\" content=\"article\" \/>\n<meta property=\"og:title\" content=\"Professionell 60 V sn\u00f6slunga\" \/>\n<meta property=\"og:description\" content=\"Kress KG470 2-stegs sn\u00f6slunga \u00e4r byggd f\u00f6r h\u00f6g prestanda under tuffa vinterf\u00f6rh\u00e5llanden och klarar av att r\u00f6ja upp till 8 tum sn\u00f6 p\u00e5 en uppfart f\u00f6r 12 bilar p\u00e5 en enda laddning. Det sj\u00e4lvg\u00e5ende drivsystemet r\u00f6r sig smidigt fram\u00e5t och bak\u00e5t, drivet av dubbla borstl\u00f6sa motorer som hanterar b\u00e5de plogning och framdrivning med l\u00e4tthet. Anv\u00e4ndarv\u00e4nliga [&hellip;]\" \/>\n<meta property=\"og:url\" content=\"https:\/\/www.kress.com\/sv-se\/60-v-snoslunga-kg470-9\/\" \/>\n<meta property=\"og:site_name\" content=\"Kress\" \/>\n<meta property=\"article:modified_time\" content=\"2025-10-17T10:00:22+00:00\" \/>\n<meta property=\"og:image\" content=\"https:\/\/www.kress.com\/wp-content\/uploads\/onpage\/op_image_e15b64602136e47de188e0157a51b2c3243c1e90.1980x.webp\" \/>\n\t<meta property=\"og:image:width\" content=\"1980\" \/>\n\t<meta property=\"og:image:height\" content=\"1980\" \/>\n\t<meta property=\"og:image:type\" content=\"image\/webp\" \/>\n<meta name=\"twitter:card\" content=\"summary_large_image\" \/>\n<script type=\"application\/ld+json\" class=\"yoast-schema-graph\">{\"@context\":\"https:\/\/schema.org\",\"@graph\":[{\"@type\":\"WebPage\",\"@id\":\"https:\/\/www.kress.com\/sv-se\/60-v-snoslunga-kg470-9\/\",\"url\":\"https:\/\/www.kress.com\/sv-se\/60-v-snoslunga-kg470-9\/\",\"name\":\"Professionell 60 V sn\u00f6slunga | Kress\",\"isPartOf\":{\"@id\":\"https:\/\/www.kress.com\/de-de\/#website\"},\"primaryImageOfPage\":{\"@id\":\"https:\/\/www.kress.com\/sv-se\/60-v-snoslunga-kg470-9\/#primaryimage\"},\"image\":{\"@id\":\"https:\/\/www.kress.com\/sv-se\/60-v-snoslunga-kg470-9\/#primaryimage\"},\"thumbnailUrl\":\"https:\/\/www.kress.com\/wp-content\/uploads\/onpage\/op_image_e15b64602136e47de188e0157a51b2c3243c1e90.1980x.webp\",\"datePublished\":\"2024-03-26T08:17:12+00:00\",\"dateModified\":\"2025-10-17T10:00:22+00:00\",\"breadcrumb\":{\"@id\":\"https:\/\/www.kress.com\/sv-se\/60-v-snoslunga-kg470-9\/#breadcrumb\"},\"inLanguage\":\"sv-SE\",\"potentialAction\":[{\"@type\":\"ReadAction\",\"target\":[\"https:\/\/www.kress.com\/sv-se\/60-v-snoslunga-kg470-9\/\"]}]},{\"@type\":\"ImageObject\",\"inLanguage\":\"sv-SE\",\"@id\":\"https:\/\/www.kress.com\/sv-se\/60-v-snoslunga-kg470-9\/#primaryimage\",\"url\":\"https:\/\/www.kress.com\/wp-content\/uploads\/onpage\/op_image_e15b64602136e47de188e0157a51b2c3243c1e90.1980x.webp\",\"contentUrl\":\"https:\/\/www.kress.com\/wp-content\/uploads\/onpage\/op_image_e15b64602136e47de188e0157a51b2c3243c1e90.1980x.webp\",\"width\":1980,\"height\":1980},{\"@type\":\"BreadcrumbList\",\"@id\":\"https:\/\/www.kress.com\/sv-se\/60-v-snoslunga-kg470-9\/#breadcrumb\",\"itemListElement\":[{\"@type\":\"ListItem\",\"position\":1,\"name\":\"Home\",\"item\":\"https:\/\/www.kress.com\/sv-se\/\"},{\"@type\":\"ListItem\",\"position\":2,\"name\":\"Produits\",\"item\":\"https:\/\/www.kress.com\/fr-fr\/shop\/\"},{\"@type\":\"ListItem\",\"position\":3,\"name\":\"60 V sn\u00f6slunga\"}]},{\"@type\":\"WebSite\",\"@id\":\"https:\/\/www.kress.com\/de-de\/#website\",\"url\":\"https:\/\/www.kress.com\/de-de\/\",\"name\":\"Kress\",\"description\":\"\",\"publisher\":{\"@id\":\"https:\/\/www.kress.com\/de-de\/#organization\"},\"potentialAction\":[{\"@type\":\"SearchAction\",\"target\":{\"@type\":\"EntryPoint\",\"urlTemplate\":\"https:\/\/www.kress.com\/de-de\/?s={search_term_string}\"},\"query-input\":{\"@type\":\"PropertyValueSpecification\",\"valueRequired\":true,\"valueName\":\"search_term_string\"}}],\"inLanguage\":\"sv-SE\"},{\"@type\":\"Organization\",\"@id\":\"https:\/\/www.kress.com\/de-de\/#organization\",\"name\":\"Kress\",\"url\":\"https:\/\/www.kress.com\/de-de\/\",\"logo\":{\"@type\":\"ImageObject\",\"inLanguage\":\"sv-SE\",\"@id\":\"https:\/\/www.kress.com\/de-de\/#\/schema\/logo\/image\/\",\"url\":\"https:\/\/www.kress.com\/wp-content\/uploads\/2024\/02\/logo.png\",\"contentUrl\":\"https:\/\/www.kress.com\/wp-content\/uploads\/2024\/02\/logo.png\",\"width\":696,\"height\":696,\"caption\":\"Kress\"},\"image\":{\"@id\":\"https:\/\/www.kress.com\/de-de\/#\/schema\/logo\/image\/\"}}]}<\/script>\n<!-- \/ Yoast SEO Premium plugin. -->","yoast_head_json":{"title":"Professionell 60 V sn\u00f6slunga | Kress","robots":{"index":"index","follow":"follow","max-snippet":"max-snippet:-1","max-image-preview":"max-image-preview:large","max-video-preview":"max-video-preview:-1"},"og_locale":"sv_SE","og_type":"article","og_title":"Professionell 60 V sn\u00f6slunga","og_description":"Kress KG470 2-stegs sn\u00f6slunga \u00e4r byggd f\u00f6r h\u00f6g prestanda under tuffa vinterf\u00f6rh\u00e5llanden och klarar av att r\u00f6ja upp till 8 tum sn\u00f6 p\u00e5 en uppfart f\u00f6r 12 bilar p\u00e5 en enda laddning. Det sj\u00e4lvg\u00e5ende drivsystemet r\u00f6r sig smidigt fram\u00e5t och bak\u00e5t, drivet av dubbla borstl\u00f6sa motorer som hanterar b\u00e5de plogning och framdrivning med l\u00e4tthet. Anv\u00e4ndarv\u00e4nliga [&hellip;]","og_url":"https:\/\/www.kress.com\/sv-se\/60-v-snoslunga-kg470-9\/","og_site_name":"Kress","article_modified_time":"2025-10-17T10:00:22+00:00","og_image":[{"width":1980,"height":1980,"url":"https:\/\/www.kress.com\/wp-content\/uploads\/onpage\/op_image_e15b64602136e47de188e0157a51b2c3243c1e90.1980x.webp","type":"image\/webp"}],"twitter_card":"summary_large_image","schema":{"@context":"https:\/\/schema.org","@graph":[{"@type":"WebPage","@id":"https:\/\/www.kress.com\/sv-se\/60-v-snoslunga-kg470-9\/","url":"https:\/\/www.kress.com\/sv-se\/60-v-snoslunga-kg470-9\/","name":"Professionell 60 V sn\u00f6slunga | Kress","isPartOf":{"@id":"https:\/\/www.kress.com\/de-de\/#website"},"primaryImageOfPage":{"@id":"https:\/\/www.kress.com\/sv-se\/60-v-snoslunga-kg470-9\/#primaryimage"},"image":{"@id":"https:\/\/www.kress.com\/sv-se\/60-v-snoslunga-kg470-9\/#primaryimage"},"thumbnailUrl":"https:\/\/www.kress.com\/wp-content\/uploads\/onpage\/op_image_e15b64602136e47de188e0157a51b2c3243c1e90.1980x.webp","datePublished":"2024-03-26T08:17:12+00:00","dateModified":"2025-10-17T10:00:22+00:00","breadcrumb":{"@id":"https:\/\/www.kress.com\/sv-se\/60-v-snoslunga-kg470-9\/#breadcrumb"},"inLanguage":"sv-SE","potentialAction":[{"@type":"ReadAction","target":["https:\/\/www.kress.com\/sv-se\/60-v-snoslunga-kg470-9\/"]}]},{"@type":"ImageObject","inLanguage":"sv-SE","@id":"https:\/\/www.kress.com\/sv-se\/60-v-snoslunga-kg470-9\/#primaryimage","url":"https:\/\/www.kress.com\/wp-content\/uploads\/onpage\/op_image_e15b64602136e47de188e0157a51b2c3243c1e90.1980x.webp","contentUrl":"https:\/\/www.kress.com\/wp-content\/uploads\/onpage\/op_image_e15b64602136e47de188e0157a51b2c3243c1e90.1980x.webp","width":1980,"height":1980},{"@type":"BreadcrumbList","@id":"https:\/\/www.kress.com\/sv-se\/60-v-snoslunga-kg470-9\/#breadcrumb","itemListElement":[{"@type":"ListItem","position":1,"name":"Home","item":"https:\/\/www.kress.com\/sv-se\/"},{"@type":"ListItem","position":2,"name":"Produits","item":"https:\/\/www.kress.com\/fr-fr\/shop\/"},{"@type":"ListItem","position":3,"name":"60 V sn\u00f6slunga"}]},{"@type":"WebSite","@id":"https:\/\/www.kress.com\/de-de\/#website","url":"https:\/\/www.kress.com\/de-de\/","name":"Kress","description":"","publisher":{"@id":"https:\/\/www.kress.com\/de-de\/#organization"},"potentialAction":[{"@type":"SearchAction","target":{"@type":"EntryPoint","urlTemplate":"https:\/\/www.kress.com\/de-de\/?s={search_term_string}"},"query-input":{"@type":"PropertyValueSpecification","valueRequired":true,"valueName":"search_term_string"}}],"inLanguage":"sv-SE"},{"@type":"Organization","@id":"https:\/\/www.kress.com\/de-de\/#organization","name":"Kress","url":"https:\/\/www.kress.com\/de-de\/","logo":{"@type":"ImageObject","inLanguage":"sv-SE","@id":"https:\/\/www.kress.com\/de-de\/#\/schema\/logo\/image\/","url":"https:\/\/www.kress.com\/wp-content\/uploads\/2024\/02\/logo.png","contentUrl":"https:\/\/www.kress.com\/wp-content\/uploads\/2024\/02\/logo.png","width":696,"height":696,"caption":"Kress"},"image":{"@id":"https:\/\/www.kress.com\/de-de\/#\/schema\/logo\/image\/"}}]}},"_links":{"self":[{"href":"https:\/\/www.kress.com\/sv-se\/wp-json\/wp\/v2\/product\/42270","targetHints":{"allow":["GET"]}}],"collection":[{"href":"https:\/\/www.kress.com\/sv-se\/wp-json\/wp\/v2\/product"}],"about":[{"href":"https:\/\/www.kress.com\/sv-se\/wp-json\/wp\/v2\/types\/product"}],"wp:featuredmedia":[{"embeddable":true,"href":"https:\/\/www.kress.com\/sv-se\/wp-json\/wp\/v2\/media\/413896"}],"wp:attachment":[{"href":"https:\/\/www.kress.com\/sv-se\/wp-json\/wp\/v2\/media?parent=42270"}],"wp:term":[{"taxonomy":"product_brand","embeddable":true,"href":"https:\/\/www.kress.com\/sv-se\/wp-json\/wp\/v2\/product_brand?post=42270"},{"taxonomy":"product_cat","embeddable":true,"href":"https:\/\/www.kress.com\/sv-se\/wp-json\/wp\/v2\/product_cat?post=42270"},{"taxonomy":"product_tag","embeddable":true,"href":"https:\/\/www.kress.com\/sv-se\/wp-json\/wp\/v2\/product_tag?post=42270"}],"curies":[{"name":"wp","href":"https:\/\/api.w.org\/{rel}","templated":true}]}}