{"id":415866,"date":"2025-04-10T04:30:27","date_gmt":"2025-04-10T02:30:27","guid":{"rendered":""},"modified":"2025-10-17T10:00:22","modified_gmt":"2025-10-17T10:00:22","slug":"kress-rtk%e2%81%bf-28-000-m%c2%b2-robotgrasklippare-med-oas-obstacle-avoidance-system-kr235e","status":"publish","type":"product","link":"https:\/\/www.kress.com\/sv-se\/kress-rtk%e2%81%bf-28-000-m%c2%b2-robotgrasklippare-med-oas-obstacle-avoidance-system-kr235e\/","title":{"rendered":"Kress RTK\u207f 28.000 m\u00b2 robotgr\u00e4sklippare med OAS (Obstacle Avoidance System)"},"content":{"rendered":"<p>F\u00f6rb\u00e4ttrad sk\u00e4rprestanda, driven av en h\u00f6geffektsmotor<\/p>\n<p>motor och med en glidande skiva, garanterar exceptionell<\/p>\n<p>effektivitet och precision vid trimning av l\u00e5gt och t\u00e4tt gr\u00e4s.<\/p>\n<p>Med en klipph\u00f6jd s\u00e5 l\u00e5g som 20 mm \u00e4r den s\u00e4rskilt<\/p>\n<p>speciellt utvecklad f\u00f6r fairways och ger konsekventa resultat av h\u00f6g<\/p>\n<p>resultat med \u00f6kad hastighet och optimerad prestanda.<\/p>\n","protected":false},"excerpt":{"rendered":"<p>F\u00f6rb\u00e4ttrad sk\u00e4rprestanda, driven av en h\u00f6geffektsmotor motor och med en glidande skiva, garanterar exceptionell effektivitet och precision vid trimning av l\u00e5gt och t\u00e4tt gr\u00e4s. Med en klipph\u00f6jd s\u00e5 l\u00e5g som 20 mm \u00e4r den s\u00e4rskilt speciellt utvecklad f\u00f6r fairways och ger konsekventa resultat av h\u00f6g resultat med \u00f6kad hastighet och optimerad prestanda.<\/p>\n","protected":false},"featured_media":0,"template":"","meta":{"_acf_changed":false},"product_brand":[],"product_cat":[],"product_tag":[],"class_list":{"0":"post-415866","1":"product","2":"type-product","3":"status-publish","6":"first","7":"instock","8":"shipping-taxable","9":"purchasable","10":"product-type-simple"},"acf":[],"yoast_head":"<!-- This site is optimized with the Yoast SEO Premium plugin v26.5 (Yoast SEO v27.0) - https:\/\/yoast.com\/product\/yoast-seo-premium-wordpress\/ -->\n<title>Kress RTK\u207f 28.000 m\u00b2 robotgr\u00e4sklippare med OAS (Obstacle Avoidance System) | Kress<\/title>\n<meta name=\"robots\" content=\"index, follow, max-snippet:-1, max-image-preview:large, max-video-preview:-1\" \/>\n<meta property=\"og:locale\" content=\"sv_SE\" \/>\n<meta property=\"og:type\" content=\"article\" \/>\n<meta property=\"og:title\" content=\"Kress RTK\u207f 28.000 m\u00b2 robotgr\u00e4sklippare med OAS (Obstacle Avoidance System)\" \/>\n<meta property=\"og:description\" content=\"F\u00f6rb\u00e4ttrad sk\u00e4rprestanda, driven av en h\u00f6geffektsmotor motor och med en glidande skiva, garanterar exceptionell effektivitet och precision vid trimning av l\u00e5gt och t\u00e4tt gr\u00e4s. Med en klipph\u00f6jd s\u00e5 l\u00e5g som 20 mm \u00e4r den s\u00e4rskilt speciellt utvecklad f\u00f6r fairways och ger konsekventa resultat av h\u00f6g resultat med \u00f6kad hastighet och optimerad prestanda.\" \/>\n<meta property=\"og:url\" content=\"https:\/\/www.kress.com\/sv-se\/kress-rtk\u207f-28-000-m\u00b2-robotgrasklippare-med-oas-obstacle-avoidance-system-kr235e\/\" \/>\n<meta property=\"og:site_name\" content=\"Kress\" \/>\n<meta property=\"article:modified_time\" content=\"2025-10-17T10:00:22+00:00\" \/>\n<meta property=\"og:image\" content=\"https:\/\/www.kress.com\/wp-content\/uploads\/2024\/02\/logo_long.png\" \/>\n\t<meta property=\"og:image:width\" content=\"1200\" \/>\n\t<meta property=\"og:image:height\" content=\"675\" \/>\n\t<meta property=\"og:image:type\" content=\"image\/png\" \/>\n<meta name=\"twitter:card\" content=\"summary_large_image\" \/>\n<script type=\"application\/ld+json\" class=\"yoast-schema-graph\">{\"@context\":\"https:\/\/schema.org\",\"@graph\":[{\"@type\":\"WebPage\",\"@id\":\"https:\/\/www.kress.com\/sv-se\/kress-rtk%e2%81%bf-28-000-m%c2%b2-robotgrasklippare-med-oas-obstacle-avoidance-system-kr235e\/\",\"url\":\"https:\/\/www.kress.com\/sv-se\/kress-rtk%e2%81%bf-28-000-m%c2%b2-robotgrasklippare-med-oas-obstacle-avoidance-system-kr235e\/\",\"name\":\"Kress RTK\u207f 28.000 m\u00b2 robotgr\u00e4sklippare med OAS (Obstacle Avoidance System) | Kress\",\"isPartOf\":{\"@id\":\"https:\/\/www.kress.com\/de-de\/#website\"},\"datePublished\":\"2025-04-10T02:30:27+00:00\",\"dateModified\":\"2025-10-17T10:00:22+00:00\",\"breadcrumb\":{\"@id\":\"https:\/\/www.kress.com\/sv-se\/kress-rtk%e2%81%bf-28-000-m%c2%b2-robotgrasklippare-med-oas-obstacle-avoidance-system-kr235e\/#breadcrumb\"},\"inLanguage\":\"sv-SE\",\"potentialAction\":[{\"@type\":\"ReadAction\",\"target\":[\"https:\/\/www.kress.com\/sv-se\/kress-rtk%e2%81%bf-28-000-m%c2%b2-robotgrasklippare-med-oas-obstacle-avoidance-system-kr235e\/\"]}]},{\"@type\":\"BreadcrumbList\",\"@id\":\"https:\/\/www.kress.com\/sv-se\/kress-rtk%e2%81%bf-28-000-m%c2%b2-robotgrasklippare-med-oas-obstacle-avoidance-system-kr235e\/#breadcrumb\",\"itemListElement\":[{\"@type\":\"ListItem\",\"position\":1,\"name\":\"Home\",\"item\":\"https:\/\/www.kress.com\/sv-se\/\"},{\"@type\":\"ListItem\",\"position\":2,\"name\":\"Produits\",\"item\":\"https:\/\/www.kress.com\/fr-fr\/shop\/\"},{\"@type\":\"ListItem\",\"position\":3,\"name\":\"Kress RTK\u207f 28.000 m\u00b2 robotgr\u00e4sklippare med OAS (Obstacle Avoidance System)\"}]},{\"@type\":\"WebSite\",\"@id\":\"https:\/\/www.kress.com\/de-de\/#website\",\"url\":\"https:\/\/www.kress.com\/de-de\/\",\"name\":\"Kress\",\"description\":\"\",\"publisher\":{\"@id\":\"https:\/\/www.kress.com\/de-de\/#organization\"},\"potentialAction\":[{\"@type\":\"SearchAction\",\"target\":{\"@type\":\"EntryPoint\",\"urlTemplate\":\"https:\/\/www.kress.com\/de-de\/?s={search_term_string}\"},\"query-input\":{\"@type\":\"PropertyValueSpecification\",\"valueRequired\":true,\"valueName\":\"search_term_string\"}}],\"inLanguage\":\"sv-SE\"},{\"@type\":\"Organization\",\"@id\":\"https:\/\/www.kress.com\/de-de\/#organization\",\"name\":\"Kress\",\"url\":\"https:\/\/www.kress.com\/de-de\/\",\"logo\":{\"@type\":\"ImageObject\",\"inLanguage\":\"sv-SE\",\"@id\":\"https:\/\/www.kress.com\/de-de\/#\/schema\/logo\/image\/\",\"url\":\"https:\/\/www.kress.com\/wp-content\/uploads\/2024\/02\/logo.png\",\"contentUrl\":\"https:\/\/www.kress.com\/wp-content\/uploads\/2024\/02\/logo.png\",\"width\":696,\"height\":696,\"caption\":\"Kress\"},\"image\":{\"@id\":\"https:\/\/www.kress.com\/de-de\/#\/schema\/logo\/image\/\"}}]}<\/script>\n<!-- \/ Yoast SEO Premium plugin. -->","yoast_head_json":{"title":"Kress RTK\u207f 28.000 m\u00b2 robotgr\u00e4sklippare med OAS (Obstacle Avoidance System) | Kress","robots":{"index":"index","follow":"follow","max-snippet":"max-snippet:-1","max-image-preview":"max-image-preview:large","max-video-preview":"max-video-preview:-1"},"og_locale":"sv_SE","og_type":"article","og_title":"Kress RTK\u207f 28.000 m\u00b2 robotgr\u00e4sklippare med OAS (Obstacle Avoidance System)","og_description":"F\u00f6rb\u00e4ttrad sk\u00e4rprestanda, driven av en h\u00f6geffektsmotor motor och med en glidande skiva, garanterar exceptionell effektivitet och precision vid trimning av l\u00e5gt och t\u00e4tt gr\u00e4s. Med en klipph\u00f6jd s\u00e5 l\u00e5g som 20 mm \u00e4r den s\u00e4rskilt speciellt utvecklad f\u00f6r fairways och ger konsekventa resultat av h\u00f6g resultat med \u00f6kad hastighet och optimerad prestanda.","og_url":"https:\/\/www.kress.com\/sv-se\/kress-rtk\u207f-28-000-m\u00b2-robotgrasklippare-med-oas-obstacle-avoidance-system-kr235e\/","og_site_name":"Kress","article_modified_time":"2025-10-17T10:00:22+00:00","og_image":[{"width":1200,"height":675,"url":"https:\/\/www.kress.com\/wp-content\/uploads\/2024\/02\/logo_long.png","type":"image\/png"}],"twitter_card":"summary_large_image","schema":{"@context":"https:\/\/schema.org","@graph":[{"@type":"WebPage","@id":"https:\/\/www.kress.com\/sv-se\/kress-rtk%e2%81%bf-28-000-m%c2%b2-robotgrasklippare-med-oas-obstacle-avoidance-system-kr235e\/","url":"https:\/\/www.kress.com\/sv-se\/kress-rtk%e2%81%bf-28-000-m%c2%b2-robotgrasklippare-med-oas-obstacle-avoidance-system-kr235e\/","name":"Kress RTK\u207f 28.000 m\u00b2 robotgr\u00e4sklippare med OAS (Obstacle Avoidance System) | Kress","isPartOf":{"@id":"https:\/\/www.kress.com\/de-de\/#website"},"datePublished":"2025-04-10T02:30:27+00:00","dateModified":"2025-10-17T10:00:22+00:00","breadcrumb":{"@id":"https:\/\/www.kress.com\/sv-se\/kress-rtk%e2%81%bf-28-000-m%c2%b2-robotgrasklippare-med-oas-obstacle-avoidance-system-kr235e\/#breadcrumb"},"inLanguage":"sv-SE","potentialAction":[{"@type":"ReadAction","target":["https:\/\/www.kress.com\/sv-se\/kress-rtk%e2%81%bf-28-000-m%c2%b2-robotgrasklippare-med-oas-obstacle-avoidance-system-kr235e\/"]}]},{"@type":"BreadcrumbList","@id":"https:\/\/www.kress.com\/sv-se\/kress-rtk%e2%81%bf-28-000-m%c2%b2-robotgrasklippare-med-oas-obstacle-avoidance-system-kr235e\/#breadcrumb","itemListElement":[{"@type":"ListItem","position":1,"name":"Home","item":"https:\/\/www.kress.com\/sv-se\/"},{"@type":"ListItem","position":2,"name":"Produits","item":"https:\/\/www.kress.com\/fr-fr\/shop\/"},{"@type":"ListItem","position":3,"name":"Kress RTK\u207f 28.000 m\u00b2 robotgr\u00e4sklippare med OAS (Obstacle Avoidance System)"}]},{"@type":"WebSite","@id":"https:\/\/www.kress.com\/de-de\/#website","url":"https:\/\/www.kress.com\/de-de\/","name":"Kress","description":"","publisher":{"@id":"https:\/\/www.kress.com\/de-de\/#organization"},"potentialAction":[{"@type":"SearchAction","target":{"@type":"EntryPoint","urlTemplate":"https:\/\/www.kress.com\/de-de\/?s={search_term_string}"},"query-input":{"@type":"PropertyValueSpecification","valueRequired":true,"valueName":"search_term_string"}}],"inLanguage":"sv-SE"},{"@type":"Organization","@id":"https:\/\/www.kress.com\/de-de\/#organization","name":"Kress","url":"https:\/\/www.kress.com\/de-de\/","logo":{"@type":"ImageObject","inLanguage":"sv-SE","@id":"https:\/\/www.kress.com\/de-de\/#\/schema\/logo\/image\/","url":"https:\/\/www.kress.com\/wp-content\/uploads\/2024\/02\/logo.png","contentUrl":"https:\/\/www.kress.com\/wp-content\/uploads\/2024\/02\/logo.png","width":696,"height":696,"caption":"Kress"},"image":{"@id":"https:\/\/www.kress.com\/de-de\/#\/schema\/logo\/image\/"}}]}},"_links":{"self":[{"href":"https:\/\/www.kress.com\/sv-se\/wp-json\/wp\/v2\/product\/415866","targetHints":{"allow":["GET"]}}],"collection":[{"href":"https:\/\/www.kress.com\/sv-se\/wp-json\/wp\/v2\/product"}],"about":[{"href":"https:\/\/www.kress.com\/sv-se\/wp-json\/wp\/v2\/types\/product"}],"wp:attachment":[{"href":"https:\/\/www.kress.com\/sv-se\/wp-json\/wp\/v2\/media?parent=415866"}],"wp:term":[{"taxonomy":"product_brand","embeddable":true,"href":"https:\/\/www.kress.com\/sv-se\/wp-json\/wp\/v2\/product_brand?post=415866"},{"taxonomy":"product_cat","embeddable":true,"href":"https:\/\/www.kress.com\/sv-se\/wp-json\/wp\/v2\/product_cat?post=415866"},{"taxonomy":"product_tag","embeddable":true,"href":"https:\/\/www.kress.com\/sv-se\/wp-json\/wp\/v2\/product_tag?post=415866"}],"curies":[{"name":"wp","href":"https:\/\/api.w.org\/{rel}","templated":true}]}}