{"id":38266,"date":"2024-03-26T08:16:54","date_gmt":"2024-03-26T08:16:54","guid":{"rendered":""},"modified":"2025-10-17T10:00:22","modified_gmt":"2025-10-17T10:00:22","slug":"20-v-beskarningssag-kg343e-9","status":"publish","type":"product","link":"https:\/\/www.kress.com\/sv-se\/20-v-beskarningssag-kg343e-9\/","title":{"rendered":"20 V besk\u00e4rningss\u00e5g"},"content":{"rendered":"<p>Kress 20 V-besk\u00e4rningss\u00e5g \u00e4r utformad f\u00f6r enkel kontroll i tr\u00e5nga utrymmen. Den ultrakompakta och l\u00e4tta konstruktionen g\u00f6r den idealisk f\u00f6r att trimma grenar, kvista eller forma din tr\u00e4dg\u00e5rd med precision. Det 12 cm l\u00e5nga sv\u00e4rdet ger rena och exakta snitt, medan den h\u00f6geffektiva motorn ger j\u00e4mn och p\u00e5litlig prestanda.<\/p>\n","protected":false},"excerpt":{"rendered":"<p>Kress 20 V-besk\u00e4rningss\u00e5g \u00e4r utformad f\u00f6r enkel kontroll i tr\u00e5nga utrymmen. Den ultrakompakta och l\u00e4tta konstruktionen g\u00f6r den idealisk f\u00f6r att trimma grenar, kvista eller forma din tr\u00e4dg\u00e5rd med precision. Det 12 cm l\u00e5nga sv\u00e4rdet ger rena och exakta snitt, medan den h\u00f6geffektiva motorn ger j\u00e4mn och p\u00e5litlig prestanda.<\/p>\n","protected":false},"featured_media":409432,"template":"","meta":{"_acf_changed":false},"product_brand":[],"product_cat":[],"product_tag":[],"class_list":{"0":"post-38266","1":"product","2":"type-product","3":"status-publish","4":"has-post-thumbnail","7":"first","8":"instock","9":"shipping-taxable","10":"purchasable","11":"product-type-simple"},"acf":[],"yoast_head":"<!-- This site is optimized with the Yoast SEO Premium plugin v26.5 (Yoast SEO v27.0) - https:\/\/yoast.com\/product\/yoast-seo-premium-wordpress\/ -->\n<title>20 V besk\u00e4rningss\u00e5g | Kress<\/title>\n<meta name=\"robots\" content=\"index, follow, max-snippet:-1, max-image-preview:large, max-video-preview:-1\" \/>\n<meta property=\"og:locale\" content=\"sv_SE\" \/>\n<meta property=\"og:type\" content=\"article\" \/>\n<meta property=\"og:title\" content=\"20 V besk\u00e4rningss\u00e5g\" \/>\n<meta property=\"og:description\" content=\"Kress 20 V-besk\u00e4rningss\u00e5g \u00e4r utformad f\u00f6r enkel kontroll i tr\u00e5nga utrymmen. Den ultrakompakta och l\u00e4tta konstruktionen g\u00f6r den idealisk f\u00f6r att trimma grenar, kvista eller forma din tr\u00e4dg\u00e5rd med precision. Det 12 cm l\u00e5nga sv\u00e4rdet ger rena och exakta snitt, medan den h\u00f6geffektiva motorn ger j\u00e4mn och p\u00e5litlig prestanda.\" \/>\n<meta property=\"og:url\" content=\"https:\/\/www.kress.com\/sv-se\/20-v-beskarningssag-kg343e-9\/\" \/>\n<meta property=\"og:site_name\" content=\"Kress\" \/>\n<meta property=\"article:modified_time\" content=\"2025-10-17T10:00:22+00:00\" \/>\n<meta property=\"og:image\" content=\"https:\/\/www.kress.com\/wp-content\/uploads\/onpage\/op_image_91e9da6afc13edc5cffaebd672d2e148cda0a06d.1980x.webp\" \/>\n\t<meta property=\"og:image:width\" content=\"1980\" \/>\n\t<meta property=\"og:image:height\" content=\"1980\" \/>\n\t<meta property=\"og:image:type\" content=\"image\/webp\" \/>\n<meta name=\"twitter:card\" content=\"summary_large_image\" \/>\n<script type=\"application\/ld+json\" class=\"yoast-schema-graph\">{\"@context\":\"https:\/\/schema.org\",\"@graph\":[{\"@type\":\"WebPage\",\"@id\":\"https:\/\/www.kress.com\/sv-se\/20-v-beskarningssag-kg343e-9\/\",\"url\":\"https:\/\/www.kress.com\/sv-se\/20-v-beskarningssag-kg343e-9\/\",\"name\":\"20 V besk\u00e4rningss\u00e5g | Kress\",\"isPartOf\":{\"@id\":\"https:\/\/www.kress.com\/de-de\/#website\"},\"primaryImageOfPage\":{\"@id\":\"https:\/\/www.kress.com\/sv-se\/20-v-beskarningssag-kg343e-9\/#primaryimage\"},\"image\":{\"@id\":\"https:\/\/www.kress.com\/sv-se\/20-v-beskarningssag-kg343e-9\/#primaryimage\"},\"thumbnailUrl\":\"https:\/\/www.kress.com\/wp-content\/uploads\/onpage\/op_image_91e9da6afc13edc5cffaebd672d2e148cda0a06d.1980x.webp\",\"datePublished\":\"2024-03-26T08:16:54+00:00\",\"dateModified\":\"2025-10-17T10:00:22+00:00\",\"breadcrumb\":{\"@id\":\"https:\/\/www.kress.com\/sv-se\/20-v-beskarningssag-kg343e-9\/#breadcrumb\"},\"inLanguage\":\"sv-SE\",\"potentialAction\":[{\"@type\":\"ReadAction\",\"target\":[\"https:\/\/www.kress.com\/sv-se\/20-v-beskarningssag-kg343e-9\/\"]}]},{\"@type\":\"ImageObject\",\"inLanguage\":\"sv-SE\",\"@id\":\"https:\/\/www.kress.com\/sv-se\/20-v-beskarningssag-kg343e-9\/#primaryimage\",\"url\":\"https:\/\/www.kress.com\/wp-content\/uploads\/onpage\/op_image_91e9da6afc13edc5cffaebd672d2e148cda0a06d.1980x.webp\",\"contentUrl\":\"https:\/\/www.kress.com\/wp-content\/uploads\/onpage\/op_image_91e9da6afc13edc5cffaebd672d2e148cda0a06d.1980x.webp\",\"width\":1980,\"height\":1980},{\"@type\":\"BreadcrumbList\",\"@id\":\"https:\/\/www.kress.com\/sv-se\/20-v-beskarningssag-kg343e-9\/#breadcrumb\",\"itemListElement\":[{\"@type\":\"ListItem\",\"position\":1,\"name\":\"Home\",\"item\":\"https:\/\/www.kress.com\/sv-se\/\"},{\"@type\":\"ListItem\",\"position\":2,\"name\":\"Produits\",\"item\":\"https:\/\/www.kress.com\/fr-fr\/shop\/\"},{\"@type\":\"ListItem\",\"position\":3,\"name\":\"20 V besk\u00e4rningss\u00e5g\"}]},{\"@type\":\"WebSite\",\"@id\":\"https:\/\/www.kress.com\/de-de\/#website\",\"url\":\"https:\/\/www.kress.com\/de-de\/\",\"name\":\"Kress\",\"description\":\"\",\"publisher\":{\"@id\":\"https:\/\/www.kress.com\/de-de\/#organization\"},\"potentialAction\":[{\"@type\":\"SearchAction\",\"target\":{\"@type\":\"EntryPoint\",\"urlTemplate\":\"https:\/\/www.kress.com\/de-de\/?s={search_term_string}\"},\"query-input\":{\"@type\":\"PropertyValueSpecification\",\"valueRequired\":true,\"valueName\":\"search_term_string\"}}],\"inLanguage\":\"sv-SE\"},{\"@type\":\"Organization\",\"@id\":\"https:\/\/www.kress.com\/de-de\/#organization\",\"name\":\"Kress\",\"url\":\"https:\/\/www.kress.com\/de-de\/\",\"logo\":{\"@type\":\"ImageObject\",\"inLanguage\":\"sv-SE\",\"@id\":\"https:\/\/www.kress.com\/de-de\/#\/schema\/logo\/image\/\",\"url\":\"https:\/\/www.kress.com\/wp-content\/uploads\/2024\/02\/logo.png\",\"contentUrl\":\"https:\/\/www.kress.com\/wp-content\/uploads\/2024\/02\/logo.png\",\"width\":696,\"height\":696,\"caption\":\"Kress\"},\"image\":{\"@id\":\"https:\/\/www.kress.com\/de-de\/#\/schema\/logo\/image\/\"}}]}<\/script>\n<!-- \/ Yoast SEO Premium plugin. -->","yoast_head_json":{"title":"20 V besk\u00e4rningss\u00e5g | Kress","robots":{"index":"index","follow":"follow","max-snippet":"max-snippet:-1","max-image-preview":"max-image-preview:large","max-video-preview":"max-video-preview:-1"},"og_locale":"sv_SE","og_type":"article","og_title":"20 V besk\u00e4rningss\u00e5g","og_description":"Kress 20 V-besk\u00e4rningss\u00e5g \u00e4r utformad f\u00f6r enkel kontroll i tr\u00e5nga utrymmen. Den ultrakompakta och l\u00e4tta konstruktionen g\u00f6r den idealisk f\u00f6r att trimma grenar, kvista eller forma din tr\u00e4dg\u00e5rd med precision. Det 12 cm l\u00e5nga sv\u00e4rdet ger rena och exakta snitt, medan den h\u00f6geffektiva motorn ger j\u00e4mn och p\u00e5litlig prestanda.","og_url":"https:\/\/www.kress.com\/sv-se\/20-v-beskarningssag-kg343e-9\/","og_site_name":"Kress","article_modified_time":"2025-10-17T10:00:22+00:00","og_image":[{"width":1980,"height":1980,"url":"https:\/\/www.kress.com\/wp-content\/uploads\/onpage\/op_image_91e9da6afc13edc5cffaebd672d2e148cda0a06d.1980x.webp","type":"image\/webp"}],"twitter_card":"summary_large_image","schema":{"@context":"https:\/\/schema.org","@graph":[{"@type":"WebPage","@id":"https:\/\/www.kress.com\/sv-se\/20-v-beskarningssag-kg343e-9\/","url":"https:\/\/www.kress.com\/sv-se\/20-v-beskarningssag-kg343e-9\/","name":"20 V besk\u00e4rningss\u00e5g | Kress","isPartOf":{"@id":"https:\/\/www.kress.com\/de-de\/#website"},"primaryImageOfPage":{"@id":"https:\/\/www.kress.com\/sv-se\/20-v-beskarningssag-kg343e-9\/#primaryimage"},"image":{"@id":"https:\/\/www.kress.com\/sv-se\/20-v-beskarningssag-kg343e-9\/#primaryimage"},"thumbnailUrl":"https:\/\/www.kress.com\/wp-content\/uploads\/onpage\/op_image_91e9da6afc13edc5cffaebd672d2e148cda0a06d.1980x.webp","datePublished":"2024-03-26T08:16:54+00:00","dateModified":"2025-10-17T10:00:22+00:00","breadcrumb":{"@id":"https:\/\/www.kress.com\/sv-se\/20-v-beskarningssag-kg343e-9\/#breadcrumb"},"inLanguage":"sv-SE","potentialAction":[{"@type":"ReadAction","target":["https:\/\/www.kress.com\/sv-se\/20-v-beskarningssag-kg343e-9\/"]}]},{"@type":"ImageObject","inLanguage":"sv-SE","@id":"https:\/\/www.kress.com\/sv-se\/20-v-beskarningssag-kg343e-9\/#primaryimage","url":"https:\/\/www.kress.com\/wp-content\/uploads\/onpage\/op_image_91e9da6afc13edc5cffaebd672d2e148cda0a06d.1980x.webp","contentUrl":"https:\/\/www.kress.com\/wp-content\/uploads\/onpage\/op_image_91e9da6afc13edc5cffaebd672d2e148cda0a06d.1980x.webp","width":1980,"height":1980},{"@type":"BreadcrumbList","@id":"https:\/\/www.kress.com\/sv-se\/20-v-beskarningssag-kg343e-9\/#breadcrumb","itemListElement":[{"@type":"ListItem","position":1,"name":"Home","item":"https:\/\/www.kress.com\/sv-se\/"},{"@type":"ListItem","position":2,"name":"Produits","item":"https:\/\/www.kress.com\/fr-fr\/shop\/"},{"@type":"ListItem","position":3,"name":"20 V besk\u00e4rningss\u00e5g"}]},{"@type":"WebSite","@id":"https:\/\/www.kress.com\/de-de\/#website","url":"https:\/\/www.kress.com\/de-de\/","name":"Kress","description":"","publisher":{"@id":"https:\/\/www.kress.com\/de-de\/#organization"},"potentialAction":[{"@type":"SearchAction","target":{"@type":"EntryPoint","urlTemplate":"https:\/\/www.kress.com\/de-de\/?s={search_term_string}"},"query-input":{"@type":"PropertyValueSpecification","valueRequired":true,"valueName":"search_term_string"}}],"inLanguage":"sv-SE"},{"@type":"Organization","@id":"https:\/\/www.kress.com\/de-de\/#organization","name":"Kress","url":"https:\/\/www.kress.com\/de-de\/","logo":{"@type":"ImageObject","inLanguage":"sv-SE","@id":"https:\/\/www.kress.com\/de-de\/#\/schema\/logo\/image\/","url":"https:\/\/www.kress.com\/wp-content\/uploads\/2024\/02\/logo.png","contentUrl":"https:\/\/www.kress.com\/wp-content\/uploads\/2024\/02\/logo.png","width":696,"height":696,"caption":"Kress"},"image":{"@id":"https:\/\/www.kress.com\/de-de\/#\/schema\/logo\/image\/"}}]}},"_links":{"self":[{"href":"https:\/\/www.kress.com\/sv-se\/wp-json\/wp\/v2\/product\/38266","targetHints":{"allow":["GET"]}}],"collection":[{"href":"https:\/\/www.kress.com\/sv-se\/wp-json\/wp\/v2\/product"}],"about":[{"href":"https:\/\/www.kress.com\/sv-se\/wp-json\/wp\/v2\/types\/product"}],"wp:featuredmedia":[{"embeddable":true,"href":"https:\/\/www.kress.com\/sv-se\/wp-json\/wp\/v2\/media\/409432"}],"wp:attachment":[{"href":"https:\/\/www.kress.com\/sv-se\/wp-json\/wp\/v2\/media?parent=38266"}],"wp:term":[{"taxonomy":"product_brand","embeddable":true,"href":"https:\/\/www.kress.com\/sv-se\/wp-json\/wp\/v2\/product_brand?post=38266"},{"taxonomy":"product_cat","embeddable":true,"href":"https:\/\/www.kress.com\/sv-se\/wp-json\/wp\/v2\/product_cat?post=38266"},{"taxonomy":"product_tag","embeddable":true,"href":"https:\/\/www.kress.com\/sv-se\/wp-json\/wp\/v2\/product_tag?post=38266"}],"curies":[{"name":"wp","href":"https:\/\/api.w.org\/{rel}","templated":true}]}}