{"id":38098,"date":"2024-03-26T08:16:52","date_gmt":"2024-03-26T08:16:52","guid":{"rendered":""},"modified":"2025-10-17T10:00:22","modified_gmt":"2025-10-17T10:00:22","slug":"60-v-grastrimmer-med-flera-redskap-kg163-9","status":"publish","type":"product","link":"https:\/\/www.kress.com\/sv-se\/60-v-grastrimmer-med-flera-redskap-kg163-9\/","title":{"rendered":"Professionell 60 V gr\u00e4strimmer med flera redskap"},"content":{"rendered":"<p>Kress 60 V h\u00f6gpresterande 41 cm tr\u00e5dtrimmer, byggd f\u00f6r frekvent tr\u00e4dg\u00e5rdssk\u00f6tsel av professionell kvalitet. Den h\u00e4r trimmern har en kraftfull borstl\u00f6s motor p\u00e5 1,2 kW som ger samma kraft som gasdrivna trimmers utan de utsl\u00e4pp och nackdelar som gasmotorer medf\u00f6r. Den 2,4 mm tjocka linan sk\u00e4r smidigt genom t\u00e4tt gr\u00e4s, medan trimmerhuvudet med snabbladdningssystem m\u00f6jligg\u00f6r enkel linupprullning p\u00e5 n\u00e5gra sekunder. Detta verktyg \u00e4r kompatibelt med flera olika tillbeh\u00f6r f\u00f6r olika anv\u00e4ndningsomr\u00e5den.<\/p>\n","protected":false},"excerpt":{"rendered":"<p>Kress 60 V h\u00f6gpresterande 41 cm tr\u00e5dtrimmer, byggd f\u00f6r frekvent tr\u00e4dg\u00e5rdssk\u00f6tsel av professionell kvalitet. Den h\u00e4r trimmern har en kraftfull borstl\u00f6s motor p\u00e5 1,2 kW som ger samma kraft som gasdrivna trimmers utan de utsl\u00e4pp och nackdelar som gasmotorer medf\u00f6r. Den 2,4 mm tjocka linan sk\u00e4r smidigt genom t\u00e4tt gr\u00e4s, medan trimmerhuvudet med snabbladdningssystem m\u00f6jligg\u00f6r [&hellip;]<\/p>\n","protected":false},"featured_media":0,"template":"","meta":{"_acf_changed":false},"product_brand":[],"product_cat":[],"product_tag":[],"class_list":{"0":"post-38098","1":"product","2":"type-product","3":"status-publish","6":"first","7":"instock","8":"shipping-taxable","9":"product-type-simple"},"acf":[],"yoast_head":"<!-- This site is optimized with the Yoast SEO Premium plugin v26.5 (Yoast SEO v27.0) - https:\/\/yoast.com\/product\/yoast-seo-premium-wordpress\/ -->\n<title>Professionell 60 V gr\u00e4strimmer med flera redskap | Kress<\/title>\n<meta name=\"robots\" content=\"index, follow, max-snippet:-1, max-image-preview:large, max-video-preview:-1\" \/>\n<meta property=\"og:locale\" content=\"sv_SE\" \/>\n<meta property=\"og:type\" content=\"article\" \/>\n<meta property=\"og:title\" content=\"Professionell 60 V gr\u00e4strimmer med flera redskap\" \/>\n<meta property=\"og:description\" content=\"Kress 60 V h\u00f6gpresterande 41 cm tr\u00e5dtrimmer, byggd f\u00f6r frekvent tr\u00e4dg\u00e5rdssk\u00f6tsel av professionell kvalitet. Den h\u00e4r trimmern har en kraftfull borstl\u00f6s motor p\u00e5 1,2 kW som ger samma kraft som gasdrivna trimmers utan de utsl\u00e4pp och nackdelar som gasmotorer medf\u00f6r. Den 2,4 mm tjocka linan sk\u00e4r smidigt genom t\u00e4tt gr\u00e4s, medan trimmerhuvudet med snabbladdningssystem m\u00f6jligg\u00f6r [&hellip;]\" \/>\n<meta property=\"og:url\" content=\"https:\/\/www.kress.com\/sv-se\/60-v-grastrimmer-med-flera-redskap-kg163-9\/\" \/>\n<meta property=\"og:site_name\" content=\"Kress\" \/>\n<meta property=\"article:modified_time\" content=\"2025-10-17T10:00:22+00:00\" \/>\n<meta property=\"og:image\" content=\"https:\/\/www.kress.com\/wp-content\/uploads\/onpage\/op_image_80e1a7a77363cfd9da8c553fe781fc5397479dd7.1980x.webp\" \/>\n\t<meta property=\"og:image:width\" content=\"1980\" \/>\n\t<meta property=\"og:image:height\" content=\"1980\" \/>\n\t<meta property=\"og:image:type\" content=\"image\/webp\" \/>\n<meta name=\"twitter:card\" content=\"summary_large_image\" \/>\n<script type=\"application\/ld+json\" class=\"yoast-schema-graph\">{\"@context\":\"https:\/\/schema.org\",\"@graph\":[{\"@type\":\"WebPage\",\"@id\":\"https:\/\/www.kress.com\/sv-se\/60-v-grastrimmer-med-flera-redskap-kg163-9\/\",\"url\":\"https:\/\/www.kress.com\/sv-se\/60-v-grastrimmer-med-flera-redskap-kg163-9\/\",\"name\":\"Professionell 60 V gr\u00e4strimmer med flera redskap | Kress\",\"isPartOf\":{\"@id\":\"https:\/\/www.kress.com\/de-de\/#website\"},\"datePublished\":\"2024-03-26T08:16:52+00:00\",\"dateModified\":\"2025-10-17T10:00:22+00:00\",\"breadcrumb\":{\"@id\":\"https:\/\/www.kress.com\/sv-se\/60-v-grastrimmer-med-flera-redskap-kg163-9\/#breadcrumb\"},\"inLanguage\":\"sv-SE\",\"potentialAction\":[{\"@type\":\"ReadAction\",\"target\":[\"https:\/\/www.kress.com\/sv-se\/60-v-grastrimmer-med-flera-redskap-kg163-9\/\"]}]},{\"@type\":\"BreadcrumbList\",\"@id\":\"https:\/\/www.kress.com\/sv-se\/60-v-grastrimmer-med-flera-redskap-kg163-9\/#breadcrumb\",\"itemListElement\":[{\"@type\":\"ListItem\",\"position\":1,\"name\":\"Home\",\"item\":\"https:\/\/www.kress.com\/sv-se\/\"},{\"@type\":\"ListItem\",\"position\":2,\"name\":\"Produits\",\"item\":\"https:\/\/www.kress.com\/fr-fr\/shop\/\"},{\"@type\":\"ListItem\",\"position\":3,\"name\":\"60 V gr\u00e4strimmer med flera redskap\"}]},{\"@type\":\"WebSite\",\"@id\":\"https:\/\/www.kress.com\/de-de\/#website\",\"url\":\"https:\/\/www.kress.com\/de-de\/\",\"name\":\"Kress\",\"description\":\"\",\"publisher\":{\"@id\":\"https:\/\/www.kress.com\/de-de\/#organization\"},\"potentialAction\":[{\"@type\":\"SearchAction\",\"target\":{\"@type\":\"EntryPoint\",\"urlTemplate\":\"https:\/\/www.kress.com\/de-de\/?s={search_term_string}\"},\"query-input\":{\"@type\":\"PropertyValueSpecification\",\"valueRequired\":true,\"valueName\":\"search_term_string\"}}],\"inLanguage\":\"sv-SE\"},{\"@type\":\"Organization\",\"@id\":\"https:\/\/www.kress.com\/de-de\/#organization\",\"name\":\"Kress\",\"url\":\"https:\/\/www.kress.com\/de-de\/\",\"logo\":{\"@type\":\"ImageObject\",\"inLanguage\":\"sv-SE\",\"@id\":\"https:\/\/www.kress.com\/de-de\/#\/schema\/logo\/image\/\",\"url\":\"https:\/\/www.kress.com\/wp-content\/uploads\/2024\/02\/logo.png\",\"contentUrl\":\"https:\/\/www.kress.com\/wp-content\/uploads\/2024\/02\/logo.png\",\"width\":696,\"height\":696,\"caption\":\"Kress\"},\"image\":{\"@id\":\"https:\/\/www.kress.com\/de-de\/#\/schema\/logo\/image\/\"}}]}<\/script>\n<!-- \/ Yoast SEO Premium plugin. -->","yoast_head_json":{"title":"Professionell 60 V gr\u00e4strimmer med flera redskap | Kress","robots":{"index":"index","follow":"follow","max-snippet":"max-snippet:-1","max-image-preview":"max-image-preview:large","max-video-preview":"max-video-preview:-1"},"og_locale":"sv_SE","og_type":"article","og_title":"Professionell 60 V gr\u00e4strimmer med flera redskap","og_description":"Kress 60 V h\u00f6gpresterande 41 cm tr\u00e5dtrimmer, byggd f\u00f6r frekvent tr\u00e4dg\u00e5rdssk\u00f6tsel av professionell kvalitet. Den h\u00e4r trimmern har en kraftfull borstl\u00f6s motor p\u00e5 1,2 kW som ger samma kraft som gasdrivna trimmers utan de utsl\u00e4pp och nackdelar som gasmotorer medf\u00f6r. Den 2,4 mm tjocka linan sk\u00e4r smidigt genom t\u00e4tt gr\u00e4s, medan trimmerhuvudet med snabbladdningssystem m\u00f6jligg\u00f6r [&hellip;]","og_url":"https:\/\/www.kress.com\/sv-se\/60-v-grastrimmer-med-flera-redskap-kg163-9\/","og_site_name":"Kress","article_modified_time":"2025-10-17T10:00:22+00:00","og_image":[{"width":1980,"height":1980,"url":"https:\/\/www.kress.com\/wp-content\/uploads\/onpage\/op_image_80e1a7a77363cfd9da8c553fe781fc5397479dd7.1980x.webp","type":"image\/webp"}],"twitter_card":"summary_large_image","schema":{"@context":"https:\/\/schema.org","@graph":[{"@type":"WebPage","@id":"https:\/\/www.kress.com\/sv-se\/60-v-grastrimmer-med-flera-redskap-kg163-9\/","url":"https:\/\/www.kress.com\/sv-se\/60-v-grastrimmer-med-flera-redskap-kg163-9\/","name":"Professionell 60 V gr\u00e4strimmer med flera redskap | Kress","isPartOf":{"@id":"https:\/\/www.kress.com\/de-de\/#website"},"datePublished":"2024-03-26T08:16:52+00:00","dateModified":"2025-10-17T10:00:22+00:00","breadcrumb":{"@id":"https:\/\/www.kress.com\/sv-se\/60-v-grastrimmer-med-flera-redskap-kg163-9\/#breadcrumb"},"inLanguage":"sv-SE","potentialAction":[{"@type":"ReadAction","target":["https:\/\/www.kress.com\/sv-se\/60-v-grastrimmer-med-flera-redskap-kg163-9\/"]}]},{"@type":"BreadcrumbList","@id":"https:\/\/www.kress.com\/sv-se\/60-v-grastrimmer-med-flera-redskap-kg163-9\/#breadcrumb","itemListElement":[{"@type":"ListItem","position":1,"name":"Home","item":"https:\/\/www.kress.com\/sv-se\/"},{"@type":"ListItem","position":2,"name":"Produits","item":"https:\/\/www.kress.com\/fr-fr\/shop\/"},{"@type":"ListItem","position":3,"name":"60 V gr\u00e4strimmer med flera redskap"}]},{"@type":"WebSite","@id":"https:\/\/www.kress.com\/de-de\/#website","url":"https:\/\/www.kress.com\/de-de\/","name":"Kress","description":"","publisher":{"@id":"https:\/\/www.kress.com\/de-de\/#organization"},"potentialAction":[{"@type":"SearchAction","target":{"@type":"EntryPoint","urlTemplate":"https:\/\/www.kress.com\/de-de\/?s={search_term_string}"},"query-input":{"@type":"PropertyValueSpecification","valueRequired":true,"valueName":"search_term_string"}}],"inLanguage":"sv-SE"},{"@type":"Organization","@id":"https:\/\/www.kress.com\/de-de\/#organization","name":"Kress","url":"https:\/\/www.kress.com\/de-de\/","logo":{"@type":"ImageObject","inLanguage":"sv-SE","@id":"https:\/\/www.kress.com\/de-de\/#\/schema\/logo\/image\/","url":"https:\/\/www.kress.com\/wp-content\/uploads\/2024\/02\/logo.png","contentUrl":"https:\/\/www.kress.com\/wp-content\/uploads\/2024\/02\/logo.png","width":696,"height":696,"caption":"Kress"},"image":{"@id":"https:\/\/www.kress.com\/de-de\/#\/schema\/logo\/image\/"}}]}},"_links":{"self":[{"href":"https:\/\/www.kress.com\/sv-se\/wp-json\/wp\/v2\/product\/38098","targetHints":{"allow":["GET"]}}],"collection":[{"href":"https:\/\/www.kress.com\/sv-se\/wp-json\/wp\/v2\/product"}],"about":[{"href":"https:\/\/www.kress.com\/sv-se\/wp-json\/wp\/v2\/types\/product"}],"wp:attachment":[{"href":"https:\/\/www.kress.com\/sv-se\/wp-json\/wp\/v2\/media?parent=38098"}],"wp:term":[{"taxonomy":"product_brand","embeddable":true,"href":"https:\/\/www.kress.com\/sv-se\/wp-json\/wp\/v2\/product_brand?post=38098"},{"taxonomy":"product_cat","embeddable":true,"href":"https:\/\/www.kress.com\/sv-se\/wp-json\/wp\/v2\/product_cat?post=38098"},{"taxonomy":"product_tag","embeddable":true,"href":"https:\/\/www.kress.com\/sv-se\/wp-json\/wp\/v2\/product_tag?post=38098"}],"curies":[{"name":"wp","href":"https:\/\/api.w.org\/{rel}","templated":true}]}}