{"id":34626,"date":"2024-03-26T08:16:35","date_gmt":"2024-03-26T07:16:35","guid":{"rendered":""},"modified":"2025-10-17T10:00:22","modified_gmt":"2025-10-17T10:00:22","slug":"60-v-commercial-grasklippare-51-cm-kc711-9","status":"publish","type":"product","link":"https:\/\/www.kress.com\/sv-se\/60-v-commercial-grasklippare-51-cm-kc711-9\/","title":{"rendered":"60 V gr\u00e4sklippare i kommersiell kvalitet"},"content":{"rendered":"<p>Kress Commercial 60 V 51 cm sj\u00e4lvg\u00e5ende gr\u00e4sklippare \u00e4r utformad f\u00f6r gr\u00f6nytef\u00f6rvaltare och kommuner som vill integrera h\u00e5llbara metoder i sin verksamhet och erbjuder \u00f6verl\u00e4gsen 3 kW effekt. Den borstl\u00f6sa motorn med h\u00f6gt vridmoment tar sig igenom t\u00e4tt gr\u00e4s utan anstr\u00e4ngning, medan klippaggregatet p\u00e5 51 cm maximerar effektiviteten p\u00e5 stora fastigheter. SmartCut\u2122-tekniken anpassar knivhastigheten f\u00f6r optimal effekt och drifttid, vilket ger rena och j\u00e4mna klippningar. Som en del av Kress Commercial CyberSystem levererar den avancerad prestanda med f\u00f6rdelen av l\u00e4gre driftskostnader j\u00e4mf\u00f6rt med gas och andra batterisystem.<\/p>\n","protected":false},"excerpt":{"rendered":"<p>Kress Commercial 60 V 51 cm sj\u00e4lvg\u00e5ende gr\u00e4sklippare \u00e4r utformad f\u00f6r gr\u00f6nytef\u00f6rvaltare och kommuner som vill integrera h\u00e5llbara metoder i sin verksamhet och erbjuder \u00f6verl\u00e4gsen 3 kW effekt. Den borstl\u00f6sa motorn med h\u00f6gt vridmoment tar sig igenom t\u00e4tt gr\u00e4s utan anstr\u00e4ngning, medan klippaggregatet p\u00e5 51 cm maximerar effektiviteten p\u00e5 stora fastigheter. SmartCut\u2122-tekniken anpassar knivhastigheten f\u00f6r [&hellip;]<\/p>\n","protected":false},"featured_media":408856,"template":"","meta":{"_acf_changed":false},"product_brand":[],"product_cat":[],"product_tag":[],"class_list":{"0":"post-34626","1":"product","2":"type-product","3":"status-publish","4":"has-post-thumbnail","7":"first","8":"instock","9":"shipping-taxable","10":"purchasable","11":"product-type-simple"},"acf":[],"yoast_head":"<!-- This site is optimized with the Yoast SEO Premium plugin v26.5 (Yoast SEO v27.0) - https:\/\/yoast.com\/product\/yoast-seo-premium-wordpress\/ -->\n<title>60 V gr\u00e4sklippare i kommersiell kvalitet | Kress<\/title>\n<meta name=\"robots\" content=\"index, follow, max-snippet:-1, max-image-preview:large, max-video-preview:-1\" \/>\n<meta property=\"og:locale\" content=\"sv_SE\" \/>\n<meta property=\"og:type\" content=\"article\" \/>\n<meta property=\"og:title\" content=\"60 V gr\u00e4sklippare i kommersiell kvalitet\" \/>\n<meta property=\"og:description\" content=\"Kress Commercial 60 V 51 cm sj\u00e4lvg\u00e5ende gr\u00e4sklippare \u00e4r utformad f\u00f6r gr\u00f6nytef\u00f6rvaltare och kommuner som vill integrera h\u00e5llbara metoder i sin verksamhet och erbjuder \u00f6verl\u00e4gsen 3 kW effekt. Den borstl\u00f6sa motorn med h\u00f6gt vridmoment tar sig igenom t\u00e4tt gr\u00e4s utan anstr\u00e4ngning, medan klippaggregatet p\u00e5 51 cm maximerar effektiviteten p\u00e5 stora fastigheter. SmartCut\u2122-tekniken anpassar knivhastigheten f\u00f6r [&hellip;]\" \/>\n<meta property=\"og:url\" content=\"https:\/\/www.kress.com\/sv-se\/60-v-commercial-grasklippare-51-cm-kc711-9\/\" \/>\n<meta property=\"og:site_name\" content=\"Kress\" \/>\n<meta property=\"article:modified_time\" content=\"2025-10-17T10:00:22+00:00\" \/>\n<meta property=\"og:image\" content=\"https:\/\/www.kress.com\/wp-content\/uploads\/onpage\/op_image_f4724f8eeddc961c6251c4f1c981796f9b644fd5.1980x.webp\" \/>\n\t<meta property=\"og:image:width\" content=\"1980\" \/>\n\t<meta property=\"og:image:height\" content=\"1980\" \/>\n\t<meta property=\"og:image:type\" content=\"image\/webp\" \/>\n<meta name=\"twitter:card\" content=\"summary_large_image\" \/>\n<meta name=\"twitter:label1\" content=\"Ber\u00e4knad l\u00e4stid\" \/>\n\t<meta name=\"twitter:data1\" content=\"1 minut\" \/>\n<script type=\"application\/ld+json\" class=\"yoast-schema-graph\">{\"@context\":\"https:\/\/schema.org\",\"@graph\":[{\"@type\":\"WebPage\",\"@id\":\"https:\/\/www.kress.com\/sv-se\/60-v-commercial-grasklippare-51-cm-kc711-9\/\",\"url\":\"https:\/\/www.kress.com\/sv-se\/60-v-commercial-grasklippare-51-cm-kc711-9\/\",\"name\":\"60 V gr\u00e4sklippare i kommersiell kvalitet | Kress\",\"isPartOf\":{\"@id\":\"https:\/\/www.kress.com\/de-de\/#website\"},\"primaryImageOfPage\":{\"@id\":\"https:\/\/www.kress.com\/sv-se\/60-v-commercial-grasklippare-51-cm-kc711-9\/#primaryimage\"},\"image\":{\"@id\":\"https:\/\/www.kress.com\/sv-se\/60-v-commercial-grasklippare-51-cm-kc711-9\/#primaryimage\"},\"thumbnailUrl\":\"https:\/\/www.kress.com\/wp-content\/uploads\/onpage\/op_image_f4724f8eeddc961c6251c4f1c981796f9b644fd5.1980x.webp\",\"datePublished\":\"2024-03-26T07:16:35+00:00\",\"dateModified\":\"2025-10-17T10:00:22+00:00\",\"breadcrumb\":{\"@id\":\"https:\/\/www.kress.com\/sv-se\/60-v-commercial-grasklippare-51-cm-kc711-9\/#breadcrumb\"},\"inLanguage\":\"sv-SE\",\"potentialAction\":[{\"@type\":\"ReadAction\",\"target\":[\"https:\/\/www.kress.com\/sv-se\/60-v-commercial-grasklippare-51-cm-kc711-9\/\"]}]},{\"@type\":\"ImageObject\",\"inLanguage\":\"sv-SE\",\"@id\":\"https:\/\/www.kress.com\/sv-se\/60-v-commercial-grasklippare-51-cm-kc711-9\/#primaryimage\",\"url\":\"https:\/\/www.kress.com\/wp-content\/uploads\/onpage\/op_image_f4724f8eeddc961c6251c4f1c981796f9b644fd5.1980x.webp\",\"contentUrl\":\"https:\/\/www.kress.com\/wp-content\/uploads\/onpage\/op_image_f4724f8eeddc961c6251c4f1c981796f9b644fd5.1980x.webp\",\"width\":1980,\"height\":1980},{\"@type\":\"BreadcrumbList\",\"@id\":\"https:\/\/www.kress.com\/sv-se\/60-v-commercial-grasklippare-51-cm-kc711-9\/#breadcrumb\",\"itemListElement\":[{\"@type\":\"ListItem\",\"position\":1,\"name\":\"Home\",\"item\":\"https:\/\/www.kress.com\/sv-se\/\"},{\"@type\":\"ListItem\",\"position\":2,\"name\":\"Produits\",\"item\":\"https:\/\/www.kress.com\/fr-fr\/shop\/\"},{\"@type\":\"ListItem\",\"position\":3,\"name\":\"60 V Commercial Gr\u00e4sklippare 51 cm\"}]},{\"@type\":\"WebSite\",\"@id\":\"https:\/\/www.kress.com\/de-de\/#website\",\"url\":\"https:\/\/www.kress.com\/de-de\/\",\"name\":\"Kress\",\"description\":\"\",\"publisher\":{\"@id\":\"https:\/\/www.kress.com\/de-de\/#organization\"},\"potentialAction\":[{\"@type\":\"SearchAction\",\"target\":{\"@type\":\"EntryPoint\",\"urlTemplate\":\"https:\/\/www.kress.com\/de-de\/?s={search_term_string}\"},\"query-input\":{\"@type\":\"PropertyValueSpecification\",\"valueRequired\":true,\"valueName\":\"search_term_string\"}}],\"inLanguage\":\"sv-SE\"},{\"@type\":\"Organization\",\"@id\":\"https:\/\/www.kress.com\/de-de\/#organization\",\"name\":\"Kress\",\"url\":\"https:\/\/www.kress.com\/de-de\/\",\"logo\":{\"@type\":\"ImageObject\",\"inLanguage\":\"sv-SE\",\"@id\":\"https:\/\/www.kress.com\/de-de\/#\/schema\/logo\/image\/\",\"url\":\"https:\/\/www.kress.com\/wp-content\/uploads\/2024\/02\/logo.png\",\"contentUrl\":\"https:\/\/www.kress.com\/wp-content\/uploads\/2024\/02\/logo.png\",\"width\":696,\"height\":696,\"caption\":\"Kress\"},\"image\":{\"@id\":\"https:\/\/www.kress.com\/de-de\/#\/schema\/logo\/image\/\"}}]}<\/script>\n<!-- \/ Yoast SEO Premium plugin. -->","yoast_head_json":{"title":"60 V gr\u00e4sklippare i kommersiell kvalitet | Kress","robots":{"index":"index","follow":"follow","max-snippet":"max-snippet:-1","max-image-preview":"max-image-preview:large","max-video-preview":"max-video-preview:-1"},"og_locale":"sv_SE","og_type":"article","og_title":"60 V gr\u00e4sklippare i kommersiell kvalitet","og_description":"Kress Commercial 60 V 51 cm sj\u00e4lvg\u00e5ende gr\u00e4sklippare \u00e4r utformad f\u00f6r gr\u00f6nytef\u00f6rvaltare och kommuner som vill integrera h\u00e5llbara metoder i sin verksamhet och erbjuder \u00f6verl\u00e4gsen 3 kW effekt. Den borstl\u00f6sa motorn med h\u00f6gt vridmoment tar sig igenom t\u00e4tt gr\u00e4s utan anstr\u00e4ngning, medan klippaggregatet p\u00e5 51 cm maximerar effektiviteten p\u00e5 stora fastigheter. SmartCut\u2122-tekniken anpassar knivhastigheten f\u00f6r [&hellip;]","og_url":"https:\/\/www.kress.com\/sv-se\/60-v-commercial-grasklippare-51-cm-kc711-9\/","og_site_name":"Kress","article_modified_time":"2025-10-17T10:00:22+00:00","og_image":[{"width":1980,"height":1980,"url":"https:\/\/www.kress.com\/wp-content\/uploads\/onpage\/op_image_f4724f8eeddc961c6251c4f1c981796f9b644fd5.1980x.webp","type":"image\/webp"}],"twitter_card":"summary_large_image","twitter_misc":{"Ber\u00e4knad l\u00e4stid":"1 minut"},"schema":{"@context":"https:\/\/schema.org","@graph":[{"@type":"WebPage","@id":"https:\/\/www.kress.com\/sv-se\/60-v-commercial-grasklippare-51-cm-kc711-9\/","url":"https:\/\/www.kress.com\/sv-se\/60-v-commercial-grasklippare-51-cm-kc711-9\/","name":"60 V gr\u00e4sklippare i kommersiell kvalitet | Kress","isPartOf":{"@id":"https:\/\/www.kress.com\/de-de\/#website"},"primaryImageOfPage":{"@id":"https:\/\/www.kress.com\/sv-se\/60-v-commercial-grasklippare-51-cm-kc711-9\/#primaryimage"},"image":{"@id":"https:\/\/www.kress.com\/sv-se\/60-v-commercial-grasklippare-51-cm-kc711-9\/#primaryimage"},"thumbnailUrl":"https:\/\/www.kress.com\/wp-content\/uploads\/onpage\/op_image_f4724f8eeddc961c6251c4f1c981796f9b644fd5.1980x.webp","datePublished":"2024-03-26T07:16:35+00:00","dateModified":"2025-10-17T10:00:22+00:00","breadcrumb":{"@id":"https:\/\/www.kress.com\/sv-se\/60-v-commercial-grasklippare-51-cm-kc711-9\/#breadcrumb"},"inLanguage":"sv-SE","potentialAction":[{"@type":"ReadAction","target":["https:\/\/www.kress.com\/sv-se\/60-v-commercial-grasklippare-51-cm-kc711-9\/"]}]},{"@type":"ImageObject","inLanguage":"sv-SE","@id":"https:\/\/www.kress.com\/sv-se\/60-v-commercial-grasklippare-51-cm-kc711-9\/#primaryimage","url":"https:\/\/www.kress.com\/wp-content\/uploads\/onpage\/op_image_f4724f8eeddc961c6251c4f1c981796f9b644fd5.1980x.webp","contentUrl":"https:\/\/www.kress.com\/wp-content\/uploads\/onpage\/op_image_f4724f8eeddc961c6251c4f1c981796f9b644fd5.1980x.webp","width":1980,"height":1980},{"@type":"BreadcrumbList","@id":"https:\/\/www.kress.com\/sv-se\/60-v-commercial-grasklippare-51-cm-kc711-9\/#breadcrumb","itemListElement":[{"@type":"ListItem","position":1,"name":"Home","item":"https:\/\/www.kress.com\/sv-se\/"},{"@type":"ListItem","position":2,"name":"Produits","item":"https:\/\/www.kress.com\/fr-fr\/shop\/"},{"@type":"ListItem","position":3,"name":"60 V Commercial Gr\u00e4sklippare 51 cm"}]},{"@type":"WebSite","@id":"https:\/\/www.kress.com\/de-de\/#website","url":"https:\/\/www.kress.com\/de-de\/","name":"Kress","description":"","publisher":{"@id":"https:\/\/www.kress.com\/de-de\/#organization"},"potentialAction":[{"@type":"SearchAction","target":{"@type":"EntryPoint","urlTemplate":"https:\/\/www.kress.com\/de-de\/?s={search_term_string}"},"query-input":{"@type":"PropertyValueSpecification","valueRequired":true,"valueName":"search_term_string"}}],"inLanguage":"sv-SE"},{"@type":"Organization","@id":"https:\/\/www.kress.com\/de-de\/#organization","name":"Kress","url":"https:\/\/www.kress.com\/de-de\/","logo":{"@type":"ImageObject","inLanguage":"sv-SE","@id":"https:\/\/www.kress.com\/de-de\/#\/schema\/logo\/image\/","url":"https:\/\/www.kress.com\/wp-content\/uploads\/2024\/02\/logo.png","contentUrl":"https:\/\/www.kress.com\/wp-content\/uploads\/2024\/02\/logo.png","width":696,"height":696,"caption":"Kress"},"image":{"@id":"https:\/\/www.kress.com\/de-de\/#\/schema\/logo\/image\/"}}]}},"_links":{"self":[{"href":"https:\/\/www.kress.com\/sv-se\/wp-json\/wp\/v2\/product\/34626","targetHints":{"allow":["GET"]}}],"collection":[{"href":"https:\/\/www.kress.com\/sv-se\/wp-json\/wp\/v2\/product"}],"about":[{"href":"https:\/\/www.kress.com\/sv-se\/wp-json\/wp\/v2\/types\/product"}],"wp:featuredmedia":[{"embeddable":true,"href":"https:\/\/www.kress.com\/sv-se\/wp-json\/wp\/v2\/media\/408856"}],"wp:attachment":[{"href":"https:\/\/www.kress.com\/sv-se\/wp-json\/wp\/v2\/media?parent=34626"}],"wp:term":[{"taxonomy":"product_brand","embeddable":true,"href":"https:\/\/www.kress.com\/sv-se\/wp-json\/wp\/v2\/product_brand?post=34626"},{"taxonomy":"product_cat","embeddable":true,"href":"https:\/\/www.kress.com\/sv-se\/wp-json\/wp\/v2\/product_cat?post=34626"},{"taxonomy":"product_tag","embeddable":true,"href":"https:\/\/www.kress.com\/sv-se\/wp-json\/wp\/v2\/product_tag?post=34626"}],"curies":[{"name":"wp","href":"https:\/\/api.w.org\/{rel}","templated":true}]}}