{"id":33646,"date":"2024-03-26T08:16:29","date_gmt":"2024-03-26T08:16:29","guid":{"rendered":""},"modified":"2025-10-17T10:00:22","modified_gmt":"2025-10-17T10:00:22","slug":"kress-20-v-batteri-kab04","status":"publish","type":"product","link":"https:\/\/www.kress.com\/sv-se\/kress-20-v-batteri-kab04\/","title":{"rendered":"Kress 20 V batteri"},"content":{"rendered":"<p>KAB04 \u00e4r byggd f\u00f6r hus\u00e4gare som tar sig an st\u00f6rre jobb med tillf\u00f6rsikt. Med 4,0 Ah p\u00e5litlig kraft ger den l\u00e5ng drifttid och en perfekt balans mellan prestanda och h\u00e5llbarhet. SmartLink \u00f6kar effektiviteten, Cell Guard skyddar varje cell fr\u00e5n slitage och HeatShield h\u00e5ller den sval under tryck. Para ihop den med alla Kress 20 V- och 40 V-verktyg f\u00f6r ostoppbar prestanda.<\/p>\n","protected":false},"excerpt":{"rendered":"<p>KAB04 \u00e4r byggd f\u00f6r hus\u00e4gare som tar sig an st\u00f6rre jobb med tillf\u00f6rsikt. Med 4,0 Ah p\u00e5litlig kraft ger den l\u00e5ng drifttid och en perfekt balans mellan prestanda och h\u00e5llbarhet. SmartLink \u00f6kar effektiviteten, Cell Guard skyddar varje cell fr\u00e5n slitage och HeatShield h\u00e5ller den sval under tryck. Para ihop den med alla Kress 20 V- [&hellip;]<\/p>\n","protected":false},"featured_media":408088,"template":"","meta":{"_acf_changed":false},"product_brand":[],"product_cat":[],"product_tag":[],"class_list":{"0":"post-33646","1":"product","2":"type-product","3":"status-publish","4":"has-post-thumbnail","7":"first","8":"instock","9":"shipping-taxable","10":"purchasable","11":"product-type-simple"},"acf":[],"yoast_head":"<!-- This site is optimized with the Yoast SEO Premium plugin v26.5 (Yoast SEO v27.0) - https:\/\/yoast.com\/product\/yoast-seo-premium-wordpress\/ -->\n<title>Kress 20 V batteri | Kress<\/title>\n<meta name=\"robots\" content=\"index, follow, max-snippet:-1, max-image-preview:large, max-video-preview:-1\" \/>\n<meta property=\"og:locale\" content=\"sv_SE\" \/>\n<meta property=\"og:type\" content=\"article\" \/>\n<meta property=\"og:title\" content=\"Kress 20 V batteri\" \/>\n<meta property=\"og:description\" content=\"KAB04 \u00e4r byggd f\u00f6r hus\u00e4gare som tar sig an st\u00f6rre jobb med tillf\u00f6rsikt. Med 4,0 Ah p\u00e5litlig kraft ger den l\u00e5ng drifttid och en perfekt balans mellan prestanda och h\u00e5llbarhet. SmartLink \u00f6kar effektiviteten, Cell Guard skyddar varje cell fr\u00e5n slitage och HeatShield h\u00e5ller den sval under tryck. Para ihop den med alla Kress 20 V- [&hellip;]\" \/>\n<meta property=\"og:url\" content=\"https:\/\/www.kress.com\/sv-se\/kress-20-v-batteri-kab04\/\" \/>\n<meta property=\"og:site_name\" content=\"Kress\" \/>\n<meta property=\"article:modified_time\" content=\"2025-10-17T10:00:22+00:00\" \/>\n<meta property=\"og:image\" content=\"https:\/\/www.kress.com\/wp-content\/uploads\/onpage\/op_image_0cb34e15f5cb7ccce26edd1c7cc91d2cfaac62c2.1980x.webp\" \/>\n\t<meta property=\"og:image:width\" content=\"1980\" \/>\n\t<meta property=\"og:image:height\" content=\"1980\" \/>\n\t<meta property=\"og:image:type\" content=\"image\/webp\" \/>\n<meta name=\"twitter:card\" content=\"summary_large_image\" \/>\n<script type=\"application\/ld+json\" class=\"yoast-schema-graph\">{\"@context\":\"https:\/\/schema.org\",\"@graph\":[{\"@type\":\"WebPage\",\"@id\":\"https:\/\/www.kress.com\/sv-se\/kress-20-v-batteri-kab04\/\",\"url\":\"https:\/\/www.kress.com\/sv-se\/kress-20-v-batteri-kab04\/\",\"name\":\"Kress 20 V batteri | Kress\",\"isPartOf\":{\"@id\":\"https:\/\/www.kress.com\/de-de\/#website\"},\"primaryImageOfPage\":{\"@id\":\"https:\/\/www.kress.com\/sv-se\/kress-20-v-batteri-kab04\/#primaryimage\"},\"image\":{\"@id\":\"https:\/\/www.kress.com\/sv-se\/kress-20-v-batteri-kab04\/#primaryimage\"},\"thumbnailUrl\":\"https:\/\/www.kress.com\/wp-content\/uploads\/onpage\/op_image_0cb34e15f5cb7ccce26edd1c7cc91d2cfaac62c2.1980x.webp\",\"datePublished\":\"2024-03-26T08:16:29+00:00\",\"dateModified\":\"2025-10-17T10:00:22+00:00\",\"breadcrumb\":{\"@id\":\"https:\/\/www.kress.com\/sv-se\/kress-20-v-batteri-kab04\/#breadcrumb\"},\"inLanguage\":\"sv-SE\",\"potentialAction\":[{\"@type\":\"ReadAction\",\"target\":[\"https:\/\/www.kress.com\/sv-se\/kress-20-v-batteri-kab04\/\"]}]},{\"@type\":\"ImageObject\",\"inLanguage\":\"sv-SE\",\"@id\":\"https:\/\/www.kress.com\/sv-se\/kress-20-v-batteri-kab04\/#primaryimage\",\"url\":\"https:\/\/www.kress.com\/wp-content\/uploads\/onpage\/op_image_0cb34e15f5cb7ccce26edd1c7cc91d2cfaac62c2.1980x.webp\",\"contentUrl\":\"https:\/\/www.kress.com\/wp-content\/uploads\/onpage\/op_image_0cb34e15f5cb7ccce26edd1c7cc91d2cfaac62c2.1980x.webp\",\"width\":1980,\"height\":1980},{\"@type\":\"BreadcrumbList\",\"@id\":\"https:\/\/www.kress.com\/sv-se\/kress-20-v-batteri-kab04\/#breadcrumb\",\"itemListElement\":[{\"@type\":\"ListItem\",\"position\":1,\"name\":\"Home\",\"item\":\"https:\/\/www.kress.com\/sv-se\/\"},{\"@type\":\"ListItem\",\"position\":2,\"name\":\"Produits\",\"item\":\"https:\/\/www.kress.com\/fr-fr\/shop\/\"},{\"@type\":\"ListItem\",\"position\":3,\"name\":\"Kress 20 V batteri\"}]},{\"@type\":\"WebSite\",\"@id\":\"https:\/\/www.kress.com\/de-de\/#website\",\"url\":\"https:\/\/www.kress.com\/de-de\/\",\"name\":\"Kress\",\"description\":\"\",\"publisher\":{\"@id\":\"https:\/\/www.kress.com\/de-de\/#organization\"},\"potentialAction\":[{\"@type\":\"SearchAction\",\"target\":{\"@type\":\"EntryPoint\",\"urlTemplate\":\"https:\/\/www.kress.com\/de-de\/?s={search_term_string}\"},\"query-input\":{\"@type\":\"PropertyValueSpecification\",\"valueRequired\":true,\"valueName\":\"search_term_string\"}}],\"inLanguage\":\"sv-SE\"},{\"@type\":\"Organization\",\"@id\":\"https:\/\/www.kress.com\/de-de\/#organization\",\"name\":\"Kress\",\"url\":\"https:\/\/www.kress.com\/de-de\/\",\"logo\":{\"@type\":\"ImageObject\",\"inLanguage\":\"sv-SE\",\"@id\":\"https:\/\/www.kress.com\/de-de\/#\/schema\/logo\/image\/\",\"url\":\"https:\/\/www.kress.com\/wp-content\/uploads\/2024\/02\/logo.png\",\"contentUrl\":\"https:\/\/www.kress.com\/wp-content\/uploads\/2024\/02\/logo.png\",\"width\":696,\"height\":696,\"caption\":\"Kress\"},\"image\":{\"@id\":\"https:\/\/www.kress.com\/de-de\/#\/schema\/logo\/image\/\"}}]}<\/script>\n<!-- \/ Yoast SEO Premium plugin. -->","yoast_head_json":{"title":"Kress 20 V batteri | Kress","robots":{"index":"index","follow":"follow","max-snippet":"max-snippet:-1","max-image-preview":"max-image-preview:large","max-video-preview":"max-video-preview:-1"},"og_locale":"sv_SE","og_type":"article","og_title":"Kress 20 V batteri","og_description":"KAB04 \u00e4r byggd f\u00f6r hus\u00e4gare som tar sig an st\u00f6rre jobb med tillf\u00f6rsikt. Med 4,0 Ah p\u00e5litlig kraft ger den l\u00e5ng drifttid och en perfekt balans mellan prestanda och h\u00e5llbarhet. SmartLink \u00f6kar effektiviteten, Cell Guard skyddar varje cell fr\u00e5n slitage och HeatShield h\u00e5ller den sval under tryck. Para ihop den med alla Kress 20 V- [&hellip;]","og_url":"https:\/\/www.kress.com\/sv-se\/kress-20-v-batteri-kab04\/","og_site_name":"Kress","article_modified_time":"2025-10-17T10:00:22+00:00","og_image":[{"width":1980,"height":1980,"url":"https:\/\/www.kress.com\/wp-content\/uploads\/onpage\/op_image_0cb34e15f5cb7ccce26edd1c7cc91d2cfaac62c2.1980x.webp","type":"image\/webp"}],"twitter_card":"summary_large_image","schema":{"@context":"https:\/\/schema.org","@graph":[{"@type":"WebPage","@id":"https:\/\/www.kress.com\/sv-se\/kress-20-v-batteri-kab04\/","url":"https:\/\/www.kress.com\/sv-se\/kress-20-v-batteri-kab04\/","name":"Kress 20 V batteri | Kress","isPartOf":{"@id":"https:\/\/www.kress.com\/de-de\/#website"},"primaryImageOfPage":{"@id":"https:\/\/www.kress.com\/sv-se\/kress-20-v-batteri-kab04\/#primaryimage"},"image":{"@id":"https:\/\/www.kress.com\/sv-se\/kress-20-v-batteri-kab04\/#primaryimage"},"thumbnailUrl":"https:\/\/www.kress.com\/wp-content\/uploads\/onpage\/op_image_0cb34e15f5cb7ccce26edd1c7cc91d2cfaac62c2.1980x.webp","datePublished":"2024-03-26T08:16:29+00:00","dateModified":"2025-10-17T10:00:22+00:00","breadcrumb":{"@id":"https:\/\/www.kress.com\/sv-se\/kress-20-v-batteri-kab04\/#breadcrumb"},"inLanguage":"sv-SE","potentialAction":[{"@type":"ReadAction","target":["https:\/\/www.kress.com\/sv-se\/kress-20-v-batteri-kab04\/"]}]},{"@type":"ImageObject","inLanguage":"sv-SE","@id":"https:\/\/www.kress.com\/sv-se\/kress-20-v-batteri-kab04\/#primaryimage","url":"https:\/\/www.kress.com\/wp-content\/uploads\/onpage\/op_image_0cb34e15f5cb7ccce26edd1c7cc91d2cfaac62c2.1980x.webp","contentUrl":"https:\/\/www.kress.com\/wp-content\/uploads\/onpage\/op_image_0cb34e15f5cb7ccce26edd1c7cc91d2cfaac62c2.1980x.webp","width":1980,"height":1980},{"@type":"BreadcrumbList","@id":"https:\/\/www.kress.com\/sv-se\/kress-20-v-batteri-kab04\/#breadcrumb","itemListElement":[{"@type":"ListItem","position":1,"name":"Home","item":"https:\/\/www.kress.com\/sv-se\/"},{"@type":"ListItem","position":2,"name":"Produits","item":"https:\/\/www.kress.com\/fr-fr\/shop\/"},{"@type":"ListItem","position":3,"name":"Kress 20 V batteri"}]},{"@type":"WebSite","@id":"https:\/\/www.kress.com\/de-de\/#website","url":"https:\/\/www.kress.com\/de-de\/","name":"Kress","description":"","publisher":{"@id":"https:\/\/www.kress.com\/de-de\/#organization"},"potentialAction":[{"@type":"SearchAction","target":{"@type":"EntryPoint","urlTemplate":"https:\/\/www.kress.com\/de-de\/?s={search_term_string}"},"query-input":{"@type":"PropertyValueSpecification","valueRequired":true,"valueName":"search_term_string"}}],"inLanguage":"sv-SE"},{"@type":"Organization","@id":"https:\/\/www.kress.com\/de-de\/#organization","name":"Kress","url":"https:\/\/www.kress.com\/de-de\/","logo":{"@type":"ImageObject","inLanguage":"sv-SE","@id":"https:\/\/www.kress.com\/de-de\/#\/schema\/logo\/image\/","url":"https:\/\/www.kress.com\/wp-content\/uploads\/2024\/02\/logo.png","contentUrl":"https:\/\/www.kress.com\/wp-content\/uploads\/2024\/02\/logo.png","width":696,"height":696,"caption":"Kress"},"image":{"@id":"https:\/\/www.kress.com\/de-de\/#\/schema\/logo\/image\/"}}]}},"_links":{"self":[{"href":"https:\/\/www.kress.com\/sv-se\/wp-json\/wp\/v2\/product\/33646","targetHints":{"allow":["GET"]}}],"collection":[{"href":"https:\/\/www.kress.com\/sv-se\/wp-json\/wp\/v2\/product"}],"about":[{"href":"https:\/\/www.kress.com\/sv-se\/wp-json\/wp\/v2\/types\/product"}],"wp:featuredmedia":[{"embeddable":true,"href":"https:\/\/www.kress.com\/sv-se\/wp-json\/wp\/v2\/media\/408088"}],"wp:attachment":[{"href":"https:\/\/www.kress.com\/sv-se\/wp-json\/wp\/v2\/media?parent=33646"}],"wp:term":[{"taxonomy":"product_brand","embeddable":true,"href":"https:\/\/www.kress.com\/sv-se\/wp-json\/wp\/v2\/product_brand?post=33646"},{"taxonomy":"product_cat","embeddable":true,"href":"https:\/\/www.kress.com\/sv-se\/wp-json\/wp\/v2\/product_cat?post=33646"},{"taxonomy":"product_tag","embeddable":true,"href":"https:\/\/www.kress.com\/sv-se\/wp-json\/wp\/v2\/product_tag?post=33646"}],"curies":[{"name":"wp","href":"https:\/\/api.w.org\/{rel}","templated":true}]}}