{"id":33366,"date":"2024-03-26T08:16:28","date_gmt":"2024-03-26T08:16:28","guid":{"rendered":""},"modified":"2025-10-17T10:00:22","modified_gmt":"2025-10-17T10:00:22","slug":"60-v-handhallen-lovblas-kg560e-9","status":"publish","type":"product","link":"https:\/\/www.kress.com\/sv-se\/60-v-handhallen-lovblas-kg560e-9\/","title":{"rendered":"60 V handh\u00e5llen l\u00f6vbl\u00e5sare i professionell kvalitet"},"content":{"rendered":"<p>60 V KG560E.9 l\u00f6vbl\u00e5s \u00e4r utformad f\u00f6r \u00f6verl\u00e4gsen prestanda och levererar 18 N tryckkraft f\u00f6r att enkelt rensa l\u00f6v och skr\u00e4p. Den \u00e4r byggd av h\u00f6gkvalitativa material och klarar de mest kr\u00e4vande milj\u00f6er. Perfekt f\u00f6r dig som s\u00f6ker en h\u00e5llbar och utsl\u00e4ppsfri l\u00f6sning f\u00f6r tr\u00e4dg\u00e5rdssk\u00f6tsel.<\/p>\n","protected":false},"excerpt":{"rendered":"<p>60 V KG560E.9 l\u00f6vbl\u00e5s \u00e4r utformad f\u00f6r \u00f6verl\u00e4gsen prestanda och levererar 18 N tryckkraft f\u00f6r att enkelt rensa l\u00f6v och skr\u00e4p. Den \u00e4r byggd av h\u00f6gkvalitativa material och klarar de mest kr\u00e4vande milj\u00f6er. Perfekt f\u00f6r dig som s\u00f6ker en h\u00e5llbar och utsl\u00e4ppsfri l\u00f6sning f\u00f6r tr\u00e4dg\u00e5rdssk\u00f6tsel.<\/p>\n","protected":false},"featured_media":407992,"template":"","meta":{"_acf_changed":false},"product_brand":[],"product_cat":[],"product_tag":[],"class_list":{"0":"post-33366","1":"product","2":"type-product","3":"status-publish","4":"has-post-thumbnail","7":"first","8":"instock","9":"shipping-taxable","10":"purchasable","11":"product-type-simple"},"acf":[],"yoast_head":"<!-- This site is optimized with the Yoast SEO Premium plugin v26.5 (Yoast SEO v27.0) - https:\/\/yoast.com\/product\/yoast-seo-premium-wordpress\/ -->\n<title>60 V handh\u00e5llen l\u00f6vbl\u00e5sare i professionell kvalitet | Kress<\/title>\n<meta name=\"robots\" content=\"index, follow, max-snippet:-1, max-image-preview:large, max-video-preview:-1\" \/>\n<meta property=\"og:locale\" content=\"sv_SE\" \/>\n<meta property=\"og:type\" content=\"article\" \/>\n<meta property=\"og:title\" content=\"60 V handh\u00e5llen l\u00f6vbl\u00e5sare i professionell kvalitet\" \/>\n<meta property=\"og:description\" content=\"60 V KG560E.9 l\u00f6vbl\u00e5s \u00e4r utformad f\u00f6r \u00f6verl\u00e4gsen prestanda och levererar 18 N tryckkraft f\u00f6r att enkelt rensa l\u00f6v och skr\u00e4p. Den \u00e4r byggd av h\u00f6gkvalitativa material och klarar de mest kr\u00e4vande milj\u00f6er. Perfekt f\u00f6r dig som s\u00f6ker en h\u00e5llbar och utsl\u00e4ppsfri l\u00f6sning f\u00f6r tr\u00e4dg\u00e5rdssk\u00f6tsel.\" \/>\n<meta property=\"og:url\" content=\"https:\/\/www.kress.com\/sv-se\/60-v-handhallen-lovblas-kg560e-9\/\" \/>\n<meta property=\"og:site_name\" content=\"Kress\" \/>\n<meta property=\"article:modified_time\" content=\"2025-10-17T10:00:22+00:00\" \/>\n<meta property=\"og:image\" content=\"https:\/\/www.kress.com\/wp-content\/uploads\/onpage\/op_image_48dab4e1cb1d907166f8f12870a55018a2fcd7be.1980x.webp\" \/>\n\t<meta property=\"og:image:width\" content=\"1980\" \/>\n\t<meta property=\"og:image:height\" content=\"1980\" \/>\n\t<meta property=\"og:image:type\" content=\"image\/webp\" \/>\n<meta name=\"twitter:card\" content=\"summary_large_image\" \/>\n<script type=\"application\/ld+json\" class=\"yoast-schema-graph\">{\"@context\":\"https:\/\/schema.org\",\"@graph\":[{\"@type\":\"WebPage\",\"@id\":\"https:\/\/www.kress.com\/sv-se\/60-v-handhallen-lovblas-kg560e-9\/\",\"url\":\"https:\/\/www.kress.com\/sv-se\/60-v-handhallen-lovblas-kg560e-9\/\",\"name\":\"60 V handh\u00e5llen l\u00f6vbl\u00e5sare i professionell kvalitet | Kress\",\"isPartOf\":{\"@id\":\"https:\/\/www.kress.com\/de-de\/#website\"},\"primaryImageOfPage\":{\"@id\":\"https:\/\/www.kress.com\/sv-se\/60-v-handhallen-lovblas-kg560e-9\/#primaryimage\"},\"image\":{\"@id\":\"https:\/\/www.kress.com\/sv-se\/60-v-handhallen-lovblas-kg560e-9\/#primaryimage\"},\"thumbnailUrl\":\"https:\/\/www.kress.com\/wp-content\/uploads\/onpage\/op_image_48dab4e1cb1d907166f8f12870a55018a2fcd7be.1980x.webp\",\"datePublished\":\"2024-03-26T08:16:28+00:00\",\"dateModified\":\"2025-10-17T10:00:22+00:00\",\"breadcrumb\":{\"@id\":\"https:\/\/www.kress.com\/sv-se\/60-v-handhallen-lovblas-kg560e-9\/#breadcrumb\"},\"inLanguage\":\"sv-SE\",\"potentialAction\":[{\"@type\":\"ReadAction\",\"target\":[\"https:\/\/www.kress.com\/sv-se\/60-v-handhallen-lovblas-kg560e-9\/\"]}]},{\"@type\":\"ImageObject\",\"inLanguage\":\"sv-SE\",\"@id\":\"https:\/\/www.kress.com\/sv-se\/60-v-handhallen-lovblas-kg560e-9\/#primaryimage\",\"url\":\"https:\/\/www.kress.com\/wp-content\/uploads\/onpage\/op_image_48dab4e1cb1d907166f8f12870a55018a2fcd7be.1980x.webp\",\"contentUrl\":\"https:\/\/www.kress.com\/wp-content\/uploads\/onpage\/op_image_48dab4e1cb1d907166f8f12870a55018a2fcd7be.1980x.webp\",\"width\":1980,\"height\":1980},{\"@type\":\"BreadcrumbList\",\"@id\":\"https:\/\/www.kress.com\/sv-se\/60-v-handhallen-lovblas-kg560e-9\/#breadcrumb\",\"itemListElement\":[{\"@type\":\"ListItem\",\"position\":1,\"name\":\"Home\",\"item\":\"https:\/\/www.kress.com\/sv-se\/\"},{\"@type\":\"ListItem\",\"position\":2,\"name\":\"Produits\",\"item\":\"https:\/\/www.kress.com\/fr-fr\/shop\/\"},{\"@type\":\"ListItem\",\"position\":3,\"name\":\"60 V handh\u00e5llen l\u00f6vbl\u00e5s\"}]},{\"@type\":\"WebSite\",\"@id\":\"https:\/\/www.kress.com\/de-de\/#website\",\"url\":\"https:\/\/www.kress.com\/de-de\/\",\"name\":\"Kress\",\"description\":\"\",\"publisher\":{\"@id\":\"https:\/\/www.kress.com\/de-de\/#organization\"},\"potentialAction\":[{\"@type\":\"SearchAction\",\"target\":{\"@type\":\"EntryPoint\",\"urlTemplate\":\"https:\/\/www.kress.com\/de-de\/?s={search_term_string}\"},\"query-input\":{\"@type\":\"PropertyValueSpecification\",\"valueRequired\":true,\"valueName\":\"search_term_string\"}}],\"inLanguage\":\"sv-SE\"},{\"@type\":\"Organization\",\"@id\":\"https:\/\/www.kress.com\/de-de\/#organization\",\"name\":\"Kress\",\"url\":\"https:\/\/www.kress.com\/de-de\/\",\"logo\":{\"@type\":\"ImageObject\",\"inLanguage\":\"sv-SE\",\"@id\":\"https:\/\/www.kress.com\/de-de\/#\/schema\/logo\/image\/\",\"url\":\"https:\/\/www.kress.com\/wp-content\/uploads\/2024\/02\/logo.png\",\"contentUrl\":\"https:\/\/www.kress.com\/wp-content\/uploads\/2024\/02\/logo.png\",\"width\":696,\"height\":696,\"caption\":\"Kress\"},\"image\":{\"@id\":\"https:\/\/www.kress.com\/de-de\/#\/schema\/logo\/image\/\"}}]}<\/script>\n<!-- \/ Yoast SEO Premium plugin. -->","yoast_head_json":{"title":"60 V handh\u00e5llen l\u00f6vbl\u00e5sare i professionell kvalitet | Kress","robots":{"index":"index","follow":"follow","max-snippet":"max-snippet:-1","max-image-preview":"max-image-preview:large","max-video-preview":"max-video-preview:-1"},"og_locale":"sv_SE","og_type":"article","og_title":"60 V handh\u00e5llen l\u00f6vbl\u00e5sare i professionell kvalitet","og_description":"60 V KG560E.9 l\u00f6vbl\u00e5s \u00e4r utformad f\u00f6r \u00f6verl\u00e4gsen prestanda och levererar 18 N tryckkraft f\u00f6r att enkelt rensa l\u00f6v och skr\u00e4p. Den \u00e4r byggd av h\u00f6gkvalitativa material och klarar de mest kr\u00e4vande milj\u00f6er. Perfekt f\u00f6r dig som s\u00f6ker en h\u00e5llbar och utsl\u00e4ppsfri l\u00f6sning f\u00f6r tr\u00e4dg\u00e5rdssk\u00f6tsel.","og_url":"https:\/\/www.kress.com\/sv-se\/60-v-handhallen-lovblas-kg560e-9\/","og_site_name":"Kress","article_modified_time":"2025-10-17T10:00:22+00:00","og_image":[{"width":1980,"height":1980,"url":"https:\/\/www.kress.com\/wp-content\/uploads\/onpage\/op_image_48dab4e1cb1d907166f8f12870a55018a2fcd7be.1980x.webp","type":"image\/webp"}],"twitter_card":"summary_large_image","schema":{"@context":"https:\/\/schema.org","@graph":[{"@type":"WebPage","@id":"https:\/\/www.kress.com\/sv-se\/60-v-handhallen-lovblas-kg560e-9\/","url":"https:\/\/www.kress.com\/sv-se\/60-v-handhallen-lovblas-kg560e-9\/","name":"60 V handh\u00e5llen l\u00f6vbl\u00e5sare i professionell kvalitet | Kress","isPartOf":{"@id":"https:\/\/www.kress.com\/de-de\/#website"},"primaryImageOfPage":{"@id":"https:\/\/www.kress.com\/sv-se\/60-v-handhallen-lovblas-kg560e-9\/#primaryimage"},"image":{"@id":"https:\/\/www.kress.com\/sv-se\/60-v-handhallen-lovblas-kg560e-9\/#primaryimage"},"thumbnailUrl":"https:\/\/www.kress.com\/wp-content\/uploads\/onpage\/op_image_48dab4e1cb1d907166f8f12870a55018a2fcd7be.1980x.webp","datePublished":"2024-03-26T08:16:28+00:00","dateModified":"2025-10-17T10:00:22+00:00","breadcrumb":{"@id":"https:\/\/www.kress.com\/sv-se\/60-v-handhallen-lovblas-kg560e-9\/#breadcrumb"},"inLanguage":"sv-SE","potentialAction":[{"@type":"ReadAction","target":["https:\/\/www.kress.com\/sv-se\/60-v-handhallen-lovblas-kg560e-9\/"]}]},{"@type":"ImageObject","inLanguage":"sv-SE","@id":"https:\/\/www.kress.com\/sv-se\/60-v-handhallen-lovblas-kg560e-9\/#primaryimage","url":"https:\/\/www.kress.com\/wp-content\/uploads\/onpage\/op_image_48dab4e1cb1d907166f8f12870a55018a2fcd7be.1980x.webp","contentUrl":"https:\/\/www.kress.com\/wp-content\/uploads\/onpage\/op_image_48dab4e1cb1d907166f8f12870a55018a2fcd7be.1980x.webp","width":1980,"height":1980},{"@type":"BreadcrumbList","@id":"https:\/\/www.kress.com\/sv-se\/60-v-handhallen-lovblas-kg560e-9\/#breadcrumb","itemListElement":[{"@type":"ListItem","position":1,"name":"Home","item":"https:\/\/www.kress.com\/sv-se\/"},{"@type":"ListItem","position":2,"name":"Produits","item":"https:\/\/www.kress.com\/fr-fr\/shop\/"},{"@type":"ListItem","position":3,"name":"60 V handh\u00e5llen l\u00f6vbl\u00e5s"}]},{"@type":"WebSite","@id":"https:\/\/www.kress.com\/de-de\/#website","url":"https:\/\/www.kress.com\/de-de\/","name":"Kress","description":"","publisher":{"@id":"https:\/\/www.kress.com\/de-de\/#organization"},"potentialAction":[{"@type":"SearchAction","target":{"@type":"EntryPoint","urlTemplate":"https:\/\/www.kress.com\/de-de\/?s={search_term_string}"},"query-input":{"@type":"PropertyValueSpecification","valueRequired":true,"valueName":"search_term_string"}}],"inLanguage":"sv-SE"},{"@type":"Organization","@id":"https:\/\/www.kress.com\/de-de\/#organization","name":"Kress","url":"https:\/\/www.kress.com\/de-de\/","logo":{"@type":"ImageObject","inLanguage":"sv-SE","@id":"https:\/\/www.kress.com\/de-de\/#\/schema\/logo\/image\/","url":"https:\/\/www.kress.com\/wp-content\/uploads\/2024\/02\/logo.png","contentUrl":"https:\/\/www.kress.com\/wp-content\/uploads\/2024\/02\/logo.png","width":696,"height":696,"caption":"Kress"},"image":{"@id":"https:\/\/www.kress.com\/de-de\/#\/schema\/logo\/image\/"}}]}},"_links":{"self":[{"href":"https:\/\/www.kress.com\/sv-se\/wp-json\/wp\/v2\/product\/33366","targetHints":{"allow":["GET"]}}],"collection":[{"href":"https:\/\/www.kress.com\/sv-se\/wp-json\/wp\/v2\/product"}],"about":[{"href":"https:\/\/www.kress.com\/sv-se\/wp-json\/wp\/v2\/types\/product"}],"wp:featuredmedia":[{"embeddable":true,"href":"https:\/\/www.kress.com\/sv-se\/wp-json\/wp\/v2\/media\/407992"}],"wp:attachment":[{"href":"https:\/\/www.kress.com\/sv-se\/wp-json\/wp\/v2\/media?parent=33366"}],"wp:term":[{"taxonomy":"product_brand","embeddable":true,"href":"https:\/\/www.kress.com\/sv-se\/wp-json\/wp\/v2\/product_brand?post=33366"},{"taxonomy":"product_cat","embeddable":true,"href":"https:\/\/www.kress.com\/sv-se\/wp-json\/wp\/v2\/product_cat?post=33366"},{"taxonomy":"product_tag","embeddable":true,"href":"https:\/\/www.kress.com\/sv-se\/wp-json\/wp\/v2\/product_tag?post=33366"}],"curies":[{"name":"wp","href":"https:\/\/api.w.org\/{rel}","templated":true}]}}