{"id":33226,"date":"2024-03-26T08:16:27","date_gmt":"2024-03-26T08:16:27","guid":{"rendered":""},"modified":"2025-10-17T10:00:22","modified_gmt":"2025-10-17T10:00:22","slug":"robotgrasklipparen-kress-mission-mega-klarar-grasmattor-pa-upp-till-4-400-m%c2%b2-kr133e","status":"publish","type":"product","link":"https:\/\/www.kress.com\/sv-se\/robotgrasklipparen-kress-mission-mega-klarar-grasmattor-pa-upp-till-4-400-m%c2%b2-kr133e\/","title":{"rendered":"Robotgr\u00e4sklipparen Kress Mission Mega sk\u00f6ter gr\u00e4smattor p\u00e5 upp till 4.400 m\u00b2 med OAS (Obstacle Avoidance System)"},"content":{"rendered":"<p>Kress Mission Mega \u00e4r utformad f\u00f6r stora gr\u00e4smattor och har en bredare dubbel tallrik och INTIVA ger en snabbare t\u00e4ckning av klippomr\u00e5det. Genom att kombinera effektivitet, intelligens och tillf\u00f6rlitlighet s\u00e4tter den en ny standard f\u00f6r gr\u00e4smattesk\u00f6tsel.<\/p>\n","protected":false},"excerpt":{"rendered":"<p>Kress Mission Mega \u00e4r utformad f\u00f6r stora gr\u00e4smattor och har en bredare dubbel tallrik och INTIVA ger en snabbare t\u00e4ckning av klippomr\u00e5det. Genom att kombinera effektivitet, intelligens och tillf\u00f6rlitlighet s\u00e4tter den en ny standard f\u00f6r gr\u00e4smattesk\u00f6tsel.<\/p>\n","protected":false},"featured_media":407896,"template":"","meta":{"_acf_changed":false},"product_brand":[],"product_cat":[],"product_tag":[],"class_list":{"0":"post-33226","1":"product","2":"type-product","3":"status-publish","4":"has-post-thumbnail","7":"first","8":"instock","9":"shipping-taxable","10":"purchasable","11":"product-type-simple"},"acf":[],"yoast_head":"<!-- This site is optimized with the Yoast SEO Premium plugin v26.5 (Yoast SEO v27.0) - https:\/\/yoast.com\/product\/yoast-seo-premium-wordpress\/ -->\n<title>Robotgr\u00e4sklipparen Kress Mission Mega sk\u00f6ter gr\u00e4smattor p\u00e5 upp till 4.400 m\u00b2 med OAS (Obstacle Avoidance System) | Kress<\/title>\n<meta name=\"robots\" content=\"index, follow, max-snippet:-1, max-image-preview:large, max-video-preview:-1\" \/>\n<meta property=\"og:locale\" content=\"sv_SE\" \/>\n<meta property=\"og:type\" content=\"article\" \/>\n<meta property=\"og:title\" content=\"Robotgr\u00e4sklipparen Kress Mission Mega sk\u00f6ter gr\u00e4smattor p\u00e5 upp till 4.400 m\u00b2 med OAS (Obstacle Avoidance System)\" \/>\n<meta property=\"og:description\" content=\"Kress Mission Mega \u00e4r utformad f\u00f6r stora gr\u00e4smattor och har en bredare dubbel tallrik och INTIVA ger en snabbare t\u00e4ckning av klippomr\u00e5det. Genom att kombinera effektivitet, intelligens och tillf\u00f6rlitlighet s\u00e4tter den en ny standard f\u00f6r gr\u00e4smattesk\u00f6tsel.\" \/>\n<meta property=\"og:url\" content=\"https:\/\/www.kress.com\/sv-se\/robotgrasklipparen-kress-mission-mega-klarar-grasmattor-pa-upp-till-4-400-m\u00b2-kr133e\/\" \/>\n<meta property=\"og:site_name\" content=\"Kress\" \/>\n<meta property=\"article:modified_time\" content=\"2025-10-17T10:00:22+00:00\" \/>\n<meta property=\"og:image\" content=\"https:\/\/www.kress.com\/wp-content\/uploads\/onpage\/op_image_c822a9e606c39b1104c54ef9118fd503c3bbe16a.1980x.webp\" \/>\n\t<meta property=\"og:image:width\" content=\"1980\" \/>\n\t<meta property=\"og:image:height\" content=\"1980\" \/>\n\t<meta property=\"og:image:type\" content=\"image\/webp\" \/>\n<meta name=\"twitter:card\" content=\"summary_large_image\" \/>\n<script type=\"application\/ld+json\" class=\"yoast-schema-graph\">{\"@context\":\"https:\/\/schema.org\",\"@graph\":[{\"@type\":\"WebPage\",\"@id\":\"https:\/\/www.kress.com\/sv-se\/robotgrasklipparen-kress-mission-mega-klarar-grasmattor-pa-upp-till-4-400-m%c2%b2-kr133e\/\",\"url\":\"https:\/\/www.kress.com\/sv-se\/robotgrasklipparen-kress-mission-mega-klarar-grasmattor-pa-upp-till-4-400-m%c2%b2-kr133e\/\",\"name\":\"Robotgr\u00e4sklipparen Kress Mission Mega sk\u00f6ter gr\u00e4smattor p\u00e5 upp till 4.400 m\u00b2 med OAS (Obstacle Avoidance System) | Kress\",\"isPartOf\":{\"@id\":\"https:\/\/www.kress.com\/de-de\/#website\"},\"primaryImageOfPage\":{\"@id\":\"https:\/\/www.kress.com\/sv-se\/robotgrasklipparen-kress-mission-mega-klarar-grasmattor-pa-upp-till-4-400-m%c2%b2-kr133e\/#primaryimage\"},\"image\":{\"@id\":\"https:\/\/www.kress.com\/sv-se\/robotgrasklipparen-kress-mission-mega-klarar-grasmattor-pa-upp-till-4-400-m%c2%b2-kr133e\/#primaryimage\"},\"thumbnailUrl\":\"https:\/\/www.kress.com\/wp-content\/uploads\/onpage\/op_image_c822a9e606c39b1104c54ef9118fd503c3bbe16a.1980x.webp\",\"datePublished\":\"2024-03-26T08:16:27+00:00\",\"dateModified\":\"2025-10-17T10:00:22+00:00\",\"breadcrumb\":{\"@id\":\"https:\/\/www.kress.com\/sv-se\/robotgrasklipparen-kress-mission-mega-klarar-grasmattor-pa-upp-till-4-400-m%c2%b2-kr133e\/#breadcrumb\"},\"inLanguage\":\"sv-SE\",\"potentialAction\":[{\"@type\":\"ReadAction\",\"target\":[\"https:\/\/www.kress.com\/sv-se\/robotgrasklipparen-kress-mission-mega-klarar-grasmattor-pa-upp-till-4-400-m%c2%b2-kr133e\/\"]}]},{\"@type\":\"ImageObject\",\"inLanguage\":\"sv-SE\",\"@id\":\"https:\/\/www.kress.com\/sv-se\/robotgrasklipparen-kress-mission-mega-klarar-grasmattor-pa-upp-till-4-400-m%c2%b2-kr133e\/#primaryimage\",\"url\":\"https:\/\/www.kress.com\/wp-content\/uploads\/onpage\/op_image_c822a9e606c39b1104c54ef9118fd503c3bbe16a.1980x.webp\",\"contentUrl\":\"https:\/\/www.kress.com\/wp-content\/uploads\/onpage\/op_image_c822a9e606c39b1104c54ef9118fd503c3bbe16a.1980x.webp\",\"width\":1980,\"height\":1980},{\"@type\":\"BreadcrumbList\",\"@id\":\"https:\/\/www.kress.com\/sv-se\/robotgrasklipparen-kress-mission-mega-klarar-grasmattor-pa-upp-till-4-400-m%c2%b2-kr133e\/#breadcrumb\",\"itemListElement\":[{\"@type\":\"ListItem\",\"position\":1,\"name\":\"Home\",\"item\":\"https:\/\/www.kress.com\/sv-se\/\"},{\"@type\":\"ListItem\",\"position\":2,\"name\":\"Produits\",\"item\":\"https:\/\/www.kress.com\/fr-fr\/shop\/\"},{\"@type\":\"ListItem\",\"position\":3,\"name\":\"Robotgr\u00e4sklipparen Kress Mission Mega klarar gr\u00e4smattor p\u00e5 upp till 4.400 m\u00b2\"}]},{\"@type\":\"WebSite\",\"@id\":\"https:\/\/www.kress.com\/de-de\/#website\",\"url\":\"https:\/\/www.kress.com\/de-de\/\",\"name\":\"Kress\",\"description\":\"\",\"publisher\":{\"@id\":\"https:\/\/www.kress.com\/de-de\/#organization\"},\"potentialAction\":[{\"@type\":\"SearchAction\",\"target\":{\"@type\":\"EntryPoint\",\"urlTemplate\":\"https:\/\/www.kress.com\/de-de\/?s={search_term_string}\"},\"query-input\":{\"@type\":\"PropertyValueSpecification\",\"valueRequired\":true,\"valueName\":\"search_term_string\"}}],\"inLanguage\":\"sv-SE\"},{\"@type\":\"Organization\",\"@id\":\"https:\/\/www.kress.com\/de-de\/#organization\",\"name\":\"Kress\",\"url\":\"https:\/\/www.kress.com\/de-de\/\",\"logo\":{\"@type\":\"ImageObject\",\"inLanguage\":\"sv-SE\",\"@id\":\"https:\/\/www.kress.com\/de-de\/#\/schema\/logo\/image\/\",\"url\":\"https:\/\/www.kress.com\/wp-content\/uploads\/2024\/02\/logo.png\",\"contentUrl\":\"https:\/\/www.kress.com\/wp-content\/uploads\/2024\/02\/logo.png\",\"width\":696,\"height\":696,\"caption\":\"Kress\"},\"image\":{\"@id\":\"https:\/\/www.kress.com\/de-de\/#\/schema\/logo\/image\/\"}}]}<\/script>\n<!-- \/ Yoast SEO Premium plugin. -->","yoast_head_json":{"title":"Robotgr\u00e4sklipparen Kress Mission Mega sk\u00f6ter gr\u00e4smattor p\u00e5 upp till 4.400 m\u00b2 med OAS (Obstacle Avoidance System) | Kress","robots":{"index":"index","follow":"follow","max-snippet":"max-snippet:-1","max-image-preview":"max-image-preview:large","max-video-preview":"max-video-preview:-1"},"og_locale":"sv_SE","og_type":"article","og_title":"Robotgr\u00e4sklipparen Kress Mission Mega sk\u00f6ter gr\u00e4smattor p\u00e5 upp till 4.400 m\u00b2 med OAS (Obstacle Avoidance System)","og_description":"Kress Mission Mega \u00e4r utformad f\u00f6r stora gr\u00e4smattor och har en bredare dubbel tallrik och INTIVA ger en snabbare t\u00e4ckning av klippomr\u00e5det. Genom att kombinera effektivitet, intelligens och tillf\u00f6rlitlighet s\u00e4tter den en ny standard f\u00f6r gr\u00e4smattesk\u00f6tsel.","og_url":"https:\/\/www.kress.com\/sv-se\/robotgrasklipparen-kress-mission-mega-klarar-grasmattor-pa-upp-till-4-400-m\u00b2-kr133e\/","og_site_name":"Kress","article_modified_time":"2025-10-17T10:00:22+00:00","og_image":[{"width":1980,"height":1980,"url":"https:\/\/www.kress.com\/wp-content\/uploads\/onpage\/op_image_c822a9e606c39b1104c54ef9118fd503c3bbe16a.1980x.webp","type":"image\/webp"}],"twitter_card":"summary_large_image","schema":{"@context":"https:\/\/schema.org","@graph":[{"@type":"WebPage","@id":"https:\/\/www.kress.com\/sv-se\/robotgrasklipparen-kress-mission-mega-klarar-grasmattor-pa-upp-till-4-400-m%c2%b2-kr133e\/","url":"https:\/\/www.kress.com\/sv-se\/robotgrasklipparen-kress-mission-mega-klarar-grasmattor-pa-upp-till-4-400-m%c2%b2-kr133e\/","name":"Robotgr\u00e4sklipparen Kress Mission Mega sk\u00f6ter gr\u00e4smattor p\u00e5 upp till 4.400 m\u00b2 med OAS (Obstacle Avoidance System) | Kress","isPartOf":{"@id":"https:\/\/www.kress.com\/de-de\/#website"},"primaryImageOfPage":{"@id":"https:\/\/www.kress.com\/sv-se\/robotgrasklipparen-kress-mission-mega-klarar-grasmattor-pa-upp-till-4-400-m%c2%b2-kr133e\/#primaryimage"},"image":{"@id":"https:\/\/www.kress.com\/sv-se\/robotgrasklipparen-kress-mission-mega-klarar-grasmattor-pa-upp-till-4-400-m%c2%b2-kr133e\/#primaryimage"},"thumbnailUrl":"https:\/\/www.kress.com\/wp-content\/uploads\/onpage\/op_image_c822a9e606c39b1104c54ef9118fd503c3bbe16a.1980x.webp","datePublished":"2024-03-26T08:16:27+00:00","dateModified":"2025-10-17T10:00:22+00:00","breadcrumb":{"@id":"https:\/\/www.kress.com\/sv-se\/robotgrasklipparen-kress-mission-mega-klarar-grasmattor-pa-upp-till-4-400-m%c2%b2-kr133e\/#breadcrumb"},"inLanguage":"sv-SE","potentialAction":[{"@type":"ReadAction","target":["https:\/\/www.kress.com\/sv-se\/robotgrasklipparen-kress-mission-mega-klarar-grasmattor-pa-upp-till-4-400-m%c2%b2-kr133e\/"]}]},{"@type":"ImageObject","inLanguage":"sv-SE","@id":"https:\/\/www.kress.com\/sv-se\/robotgrasklipparen-kress-mission-mega-klarar-grasmattor-pa-upp-till-4-400-m%c2%b2-kr133e\/#primaryimage","url":"https:\/\/www.kress.com\/wp-content\/uploads\/onpage\/op_image_c822a9e606c39b1104c54ef9118fd503c3bbe16a.1980x.webp","contentUrl":"https:\/\/www.kress.com\/wp-content\/uploads\/onpage\/op_image_c822a9e606c39b1104c54ef9118fd503c3bbe16a.1980x.webp","width":1980,"height":1980},{"@type":"BreadcrumbList","@id":"https:\/\/www.kress.com\/sv-se\/robotgrasklipparen-kress-mission-mega-klarar-grasmattor-pa-upp-till-4-400-m%c2%b2-kr133e\/#breadcrumb","itemListElement":[{"@type":"ListItem","position":1,"name":"Home","item":"https:\/\/www.kress.com\/sv-se\/"},{"@type":"ListItem","position":2,"name":"Produits","item":"https:\/\/www.kress.com\/fr-fr\/shop\/"},{"@type":"ListItem","position":3,"name":"Robotgr\u00e4sklipparen Kress Mission Mega klarar gr\u00e4smattor p\u00e5 upp till 4.400 m\u00b2"}]},{"@type":"WebSite","@id":"https:\/\/www.kress.com\/de-de\/#website","url":"https:\/\/www.kress.com\/de-de\/","name":"Kress","description":"","publisher":{"@id":"https:\/\/www.kress.com\/de-de\/#organization"},"potentialAction":[{"@type":"SearchAction","target":{"@type":"EntryPoint","urlTemplate":"https:\/\/www.kress.com\/de-de\/?s={search_term_string}"},"query-input":{"@type":"PropertyValueSpecification","valueRequired":true,"valueName":"search_term_string"}}],"inLanguage":"sv-SE"},{"@type":"Organization","@id":"https:\/\/www.kress.com\/de-de\/#organization","name":"Kress","url":"https:\/\/www.kress.com\/de-de\/","logo":{"@type":"ImageObject","inLanguage":"sv-SE","@id":"https:\/\/www.kress.com\/de-de\/#\/schema\/logo\/image\/","url":"https:\/\/www.kress.com\/wp-content\/uploads\/2024\/02\/logo.png","contentUrl":"https:\/\/www.kress.com\/wp-content\/uploads\/2024\/02\/logo.png","width":696,"height":696,"caption":"Kress"},"image":{"@id":"https:\/\/www.kress.com\/de-de\/#\/schema\/logo\/image\/"}}]}},"_links":{"self":[{"href":"https:\/\/www.kress.com\/sv-se\/wp-json\/wp\/v2\/product\/33226","targetHints":{"allow":["GET"]}}],"collection":[{"href":"https:\/\/www.kress.com\/sv-se\/wp-json\/wp\/v2\/product"}],"about":[{"href":"https:\/\/www.kress.com\/sv-se\/wp-json\/wp\/v2\/types\/product"}],"wp:featuredmedia":[{"embeddable":true,"href":"https:\/\/www.kress.com\/sv-se\/wp-json\/wp\/v2\/media\/407896"}],"wp:attachment":[{"href":"https:\/\/www.kress.com\/sv-se\/wp-json\/wp\/v2\/media?parent=33226"}],"wp:term":[{"taxonomy":"product_brand","embeddable":true,"href":"https:\/\/www.kress.com\/sv-se\/wp-json\/wp\/v2\/product_brand?post=33226"},{"taxonomy":"product_cat","embeddable":true,"href":"https:\/\/www.kress.com\/sv-se\/wp-json\/wp\/v2\/product_cat?post=33226"},{"taxonomy":"product_tag","embeddable":true,"href":"https:\/\/www.kress.com\/sv-se\/wp-json\/wp\/v2\/product_tag?post=33226"}],"curies":[{"name":"wp","href":"https:\/\/api.w.org\/{rel}","templated":true}]}}