{"id":1933,"date":"2022-06-01T11:10:55","date_gmt":"2022-06-01T09:10:55","guid":{"rendered":"https:\/\/www.kress.com\/warranty-statement\/"},"modified":"2022-08-31T15:24:26","modified_gmt":"2022-08-31T13:24:26","slug":"garantierklaration","status":"publish","type":"page","link":"https:\/\/www.kress.com\/sv-se\/garantierklaration\/","title":{"rendered":"GARANTIERKLARATION"},"content":{"rendered":"<div class=\"simple-page\">\r\n<p>Om din KRESS Mission<sup>TM<\/sup> blir defekt p\u00e5 grund av material- eller tillverkningsfel inom tre \u00e5r fr\u00e5n ink\u00f6psdatum, garanterar vi:<br \/>\u2022 Byt ut eller reparera alla defekta delar gratis, eller<br \/>\u2022 Gratis underh\u00e5ll av produkten, eller<br \/>\u2022 Gratis byte av ny eller renoverad utrustning.<\/p>\r\n\r\n\r\n\r\n<p>Denna garanti omfattas av f\u00f6ljande villkor:<br \/>\u2022 Registrering p\u00e5 internet www.kress.com inom 30 dagar fr\u00e5n k\u00f6pet. (utan registrering g\u00e4ller bara 24 m\u00e5naders garanti f\u00f6r kunder, dvs. fysiska personer som anv\u00e4nder produkten privat)<br \/>\u2022 F\u00f6r Mission<sup>TM<\/sup> MEGA RTKn -produkter erbjuder vi ut\u00f6ver ovann\u00e4mnda garanti f\u00f6r privat bruk \u00e4ven en 12-m\u00e5naders garanti f\u00f6r professionellt bruk oavsett onlineregistrering.<br \/>\u2022 Batteripaket har en garanti p\u00e5 endast 12 m\u00e5nader oavsett onlineregistrering och typ av kund.<br \/>\u2022 F\u00f6rutom auktoriserade servicecenter f\u00e5r ingen missbruka, missbruka, ignorera, \u00e4ndra, modifiera eller reparera verktyget.<br \/>\u2022 Endast original KRESS Mission<sup>TM<\/sup> tillbeh\u00f6r anv\u00e4nds p\u00e5 eller p\u00e5 produkten.<br \/>\u2022 Verktyget har utsatts f\u00f6r mycket slitage.<br \/>\u2022 Verktyget har inte anv\u00e4nts f\u00f6r leasing\u00e4ndam\u00e5l.<br \/>\u2022 Verktyget har inte skadats p\u00e5 grund av fr\u00e4mmande f\u00f6rem\u00e5l, \u00e4mnen eller olyckor.<br \/>\u2022 Batterier \/ produkter med en yttre temperatur som \u00e4r l\u00e4gre \u00e4n 0\u00b0C m\u00e5ste f\u00f6rvaras utan frost (inomhus).<\/p>\r\n\r\n\r\n\r\n<p>Denna garanti inkluderar inte:<br \/>\u2022 Enligt bruksanvisningen, komponenter som uts\u00e4tts f\u00f6r naturligt slitage p\u00e5 grund av anv\u00e4ndning.<br \/>\u2022 Obeh\u00f6rigt \/ felaktigt underh\u00e5ll \/ hantering eller \u00f6verbelastning samt gl\u00f6dlampor, knivar och borrkronor och andra tillbeh\u00f6r t\u00e4cks inte av denna garanti.<br \/>\u2022 Skador, funktionsfel eller funktionsfel orsakade av h\u00f6gtrycksreng\u00f6ringsmedel, \u00e5ng- eller rinnande reng\u00f6ringsprodukter.<\/p>\r\n<p>F\u00f6r garantianspr\u00e5k m\u00e5ste registreringsdokument och ink\u00f6psbevis skickas in i form av ett giltigt kvitto, som ska visa datum och plats f\u00f6r k\u00f6pet.<\/p>\r\n<p>Detta garantiuttalande ers\u00e4tter inte dina juridiska r\u00e4ttigheter utan \u00e4r ett komplement till dina juridiska r\u00e4ttigheter. Denna garanti g\u00e4ller inte tillbeh\u00f6r som medf\u00f6ljer verktyget.<br \/>Denna garanti g\u00e4ller endast den ursprungliga k\u00f6paren och kan inte \u00f6verl\u00e5tas.<br \/>Fr\u00e5n och med ink\u00f6psdatumet kommer alla reparationer och ers\u00e4ttningsverktyg att ha en begr\u00e4nsad garanti f\u00f6r all \u00e5terst\u00e5ende tid under garantiperioden.<\/p>\r\n<p><br \/><strong>F\u00f6r information om spr\u00e4ngvy och reservdelslista, bes\u00f6k: www.kress.com<\/strong><\/p>\r\n\r\n\r\n<\/div>","protected":false},"excerpt":{"rendered":"<p>Om din KRESS MissionTM blir defekt p\u00e5 grund av material- eller tillverkningsfel inom tre \u00e5r fr\u00e5n ink\u00f6psdatum, garanterar vi:\u2022 Byt ut eller reparera alla defekta delar gratis, eller\u2022 Gratis underh\u00e5ll av produkten, eller\u2022 Gratis byte av ny eller renoverad utrustning. Denna garanti omfattas av f\u00f6ljande villkor:\u2022 Registrering p\u00e5 internet www.kress.com inom 30 dagar fr\u00e5n k\u00f6pet. [&hellip;]<\/p>\n","protected":false},"author":18,"featured_media":0,"parent":0,"menu_order":0,"comment_status":"closed","ping_status":"closed","template":"template-warranty-statement.php","meta":{"_acf_changed":false,"footnotes":""},"class_list":["post-1933","page","type-page","status-publish","hentry"],"acf":[],"yoast_head":"<!-- This site is optimized with the Yoast SEO Premium plugin v26.5 (Yoast SEO v27.0) - https:\/\/yoast.com\/product\/yoast-seo-premium-wordpress\/ -->\n<title>GARANTIERKLARATION | Kress<\/title>\n<meta name=\"robots\" content=\"index, follow, max-snippet:-1, max-image-preview:large, max-video-preview:-1\" \/>\n<meta property=\"og:locale\" content=\"sv_SE\" \/>\n<meta property=\"og:type\" content=\"article\" \/>\n<meta property=\"og:title\" content=\"GARANTIERKLARATION\" \/>\n<meta property=\"og:description\" content=\"Om din KRESS MissionTM blir defekt p\u00e5 grund av material- eller tillverkningsfel inom tre \u00e5r fr\u00e5n ink\u00f6psdatum, garanterar vi:\u2022 Byt ut eller reparera alla defekta delar gratis, eller\u2022 Gratis underh\u00e5ll av produkten, eller\u2022 Gratis byte av ny eller renoverad utrustning. Denna garanti omfattas av f\u00f6ljande villkor:\u2022 Registrering p\u00e5 internet www.kress.com inom 30 dagar fr\u00e5n k\u00f6pet. [&hellip;]\" \/>\n<meta property=\"og:url\" content=\"https:\/\/www.kress.com\/sv-se\/garantierklaration\/\" \/>\n<meta property=\"og:site_name\" content=\"Kress\" \/>\n<meta property=\"article:modified_time\" content=\"2022-08-31T13:24:26+00:00\" \/>\n<meta property=\"og:image\" content=\"https:\/\/www.kress.com\/wp-content\/uploads\/2024\/02\/logo_long.png\" \/>\n\t<meta property=\"og:image:width\" content=\"1200\" \/>\n\t<meta property=\"og:image:height\" content=\"675\" \/>\n\t<meta property=\"og:image:type\" content=\"image\/png\" \/>\n<meta name=\"twitter:card\" content=\"summary_large_image\" \/>\n<meta name=\"twitter:label1\" content=\"Ber\u00e4knad l\u00e4stid\" \/>\n\t<meta name=\"twitter:data1\" content=\"2 minuter\" \/>\n<script type=\"application\/ld+json\" class=\"yoast-schema-graph\">{\"@context\":\"https:\/\/schema.org\",\"@graph\":[{\"@type\":\"WebPage\",\"@id\":\"https:\/\/www.kress.com\/sv-se\/garantierklaration\/\",\"url\":\"https:\/\/www.kress.com\/sv-se\/garantierklaration\/\",\"name\":\"GARANTIERKLARATION | Kress\",\"isPartOf\":{\"@id\":\"https:\/\/www.kress.com\/de-de\/#website\"},\"datePublished\":\"2022-06-01T09:10:55+00:00\",\"dateModified\":\"2022-08-31T13:24:26+00:00\",\"breadcrumb\":{\"@id\":\"https:\/\/www.kress.com\/sv-se\/garantierklaration\/#breadcrumb\"},\"inLanguage\":\"sv-SE\",\"potentialAction\":[{\"@type\":\"ReadAction\",\"target\":[\"https:\/\/www.kress.com\/sv-se\/garantierklaration\/\"]}]},{\"@type\":\"BreadcrumbList\",\"@id\":\"https:\/\/www.kress.com\/sv-se\/garantierklaration\/#breadcrumb\",\"itemListElement\":[{\"@type\":\"ListItem\",\"position\":1,\"name\":\"Home\",\"item\":\"https:\/\/www.kress.com\/sv-se\/\"},{\"@type\":\"ListItem\",\"position\":2,\"name\":\"GARANTIERKLARATION\"}]},{\"@type\":\"WebSite\",\"@id\":\"https:\/\/www.kress.com\/de-de\/#website\",\"url\":\"https:\/\/www.kress.com\/de-de\/\",\"name\":\"Kress\",\"description\":\"\",\"publisher\":{\"@id\":\"https:\/\/www.kress.com\/de-de\/#organization\"},\"potentialAction\":[{\"@type\":\"SearchAction\",\"target\":{\"@type\":\"EntryPoint\",\"urlTemplate\":\"https:\/\/www.kress.com\/de-de\/?s={search_term_string}\"},\"query-input\":{\"@type\":\"PropertyValueSpecification\",\"valueRequired\":true,\"valueName\":\"search_term_string\"}}],\"inLanguage\":\"sv-SE\"},{\"@type\":\"Organization\",\"@id\":\"https:\/\/www.kress.com\/de-de\/#organization\",\"name\":\"Kress\",\"url\":\"https:\/\/www.kress.com\/de-de\/\",\"logo\":{\"@type\":\"ImageObject\",\"inLanguage\":\"sv-SE\",\"@id\":\"https:\/\/www.kress.com\/de-de\/#\/schema\/logo\/image\/\",\"url\":\"https:\/\/www.kress.com\/wp-content\/uploads\/2024\/02\/logo.png\",\"contentUrl\":\"https:\/\/www.kress.com\/wp-content\/uploads\/2024\/02\/logo.png\",\"width\":696,\"height\":696,\"caption\":\"Kress\"},\"image\":{\"@id\":\"https:\/\/www.kress.com\/de-de\/#\/schema\/logo\/image\/\"}}]}<\/script>\n<!-- \/ Yoast SEO Premium plugin. -->","yoast_head_json":{"title":"GARANTIERKLARATION | Kress","robots":{"index":"index","follow":"follow","max-snippet":"max-snippet:-1","max-image-preview":"max-image-preview:large","max-video-preview":"max-video-preview:-1"},"og_locale":"sv_SE","og_type":"article","og_title":"GARANTIERKLARATION","og_description":"Om din KRESS MissionTM blir defekt p\u00e5 grund av material- eller tillverkningsfel inom tre \u00e5r fr\u00e5n ink\u00f6psdatum, garanterar vi:\u2022 Byt ut eller reparera alla defekta delar gratis, eller\u2022 Gratis underh\u00e5ll av produkten, eller\u2022 Gratis byte av ny eller renoverad utrustning. Denna garanti omfattas av f\u00f6ljande villkor:\u2022 Registrering p\u00e5 internet www.kress.com inom 30 dagar fr\u00e5n k\u00f6pet. [&hellip;]","og_url":"https:\/\/www.kress.com\/sv-se\/garantierklaration\/","og_site_name":"Kress","article_modified_time":"2022-08-31T13:24:26+00:00","og_image":[{"width":1200,"height":675,"url":"https:\/\/www.kress.com\/wp-content\/uploads\/2024\/02\/logo_long.png","type":"image\/png"}],"twitter_card":"summary_large_image","twitter_misc":{"Ber\u00e4knad l\u00e4stid":"2 minuter"},"schema":{"@context":"https:\/\/schema.org","@graph":[{"@type":"WebPage","@id":"https:\/\/www.kress.com\/sv-se\/garantierklaration\/","url":"https:\/\/www.kress.com\/sv-se\/garantierklaration\/","name":"GARANTIERKLARATION | Kress","isPartOf":{"@id":"https:\/\/www.kress.com\/de-de\/#website"},"datePublished":"2022-06-01T09:10:55+00:00","dateModified":"2022-08-31T13:24:26+00:00","breadcrumb":{"@id":"https:\/\/www.kress.com\/sv-se\/garantierklaration\/#breadcrumb"},"inLanguage":"sv-SE","potentialAction":[{"@type":"ReadAction","target":["https:\/\/www.kress.com\/sv-se\/garantierklaration\/"]}]},{"@type":"BreadcrumbList","@id":"https:\/\/www.kress.com\/sv-se\/garantierklaration\/#breadcrumb","itemListElement":[{"@type":"ListItem","position":1,"name":"Home","item":"https:\/\/www.kress.com\/sv-se\/"},{"@type":"ListItem","position":2,"name":"GARANTIERKLARATION"}]},{"@type":"WebSite","@id":"https:\/\/www.kress.com\/de-de\/#website","url":"https:\/\/www.kress.com\/de-de\/","name":"Kress","description":"","publisher":{"@id":"https:\/\/www.kress.com\/de-de\/#organization"},"potentialAction":[{"@type":"SearchAction","target":{"@type":"EntryPoint","urlTemplate":"https:\/\/www.kress.com\/de-de\/?s={search_term_string}"},"query-input":{"@type":"PropertyValueSpecification","valueRequired":true,"valueName":"search_term_string"}}],"inLanguage":"sv-SE"},{"@type":"Organization","@id":"https:\/\/www.kress.com\/de-de\/#organization","name":"Kress","url":"https:\/\/www.kress.com\/de-de\/","logo":{"@type":"ImageObject","inLanguage":"sv-SE","@id":"https:\/\/www.kress.com\/de-de\/#\/schema\/logo\/image\/","url":"https:\/\/www.kress.com\/wp-content\/uploads\/2024\/02\/logo.png","contentUrl":"https:\/\/www.kress.com\/wp-content\/uploads\/2024\/02\/logo.png","width":696,"height":696,"caption":"Kress"},"image":{"@id":"https:\/\/www.kress.com\/de-de\/#\/schema\/logo\/image\/"}}]}},"_links":{"self":[{"href":"https:\/\/www.kress.com\/sv-se\/wp-json\/wp\/v2\/pages\/1933","targetHints":{"allow":["GET"]}}],"collection":[{"href":"https:\/\/www.kress.com\/sv-se\/wp-json\/wp\/v2\/pages"}],"about":[{"href":"https:\/\/www.kress.com\/sv-se\/wp-json\/wp\/v2\/types\/page"}],"author":[{"embeddable":true,"href":"https:\/\/www.kress.com\/sv-se\/wp-json\/wp\/v2\/users\/18"}],"replies":[{"embeddable":true,"href":"https:\/\/www.kress.com\/sv-se\/wp-json\/wp\/v2\/comments?post=1933"}],"version-history":[{"count":5,"href":"https:\/\/www.kress.com\/sv-se\/wp-json\/wp\/v2\/pages\/1933\/revisions"}],"predecessor-version":[{"id":6217,"href":"https:\/\/www.kress.com\/sv-se\/wp-json\/wp\/v2\/pages\/1933\/revisions\/6217"}],"wp:attachment":[{"href":"https:\/\/www.kress.com\/sv-se\/wp-json\/wp\/v2\/media?parent=1933"}],"curies":[{"name":"wp","href":"https:\/\/api.w.org\/{rel}","templated":true}]}}