{"id":42283,"date":"2024-03-26T08:17:12","date_gmt":"2024-03-26T08:17:12","guid":{"rendered":""},"modified":"2025-10-17T10:00:22","modified_gmt":"2025-10-17T10:00:22","slug":"odsniezarka-60-v-kg470-9","status":"publish","type":"product","link":"https:\/\/www.kress.com\/pl-pl\/odsniezarka-60-v-kg470-9\/","title":{"rendered":"Od\u015bnie\u017carka 60 V"},"content":{"rendered":"<p>Dwustopniowa od\u015bnie\u017carka Kress KG470 zosta\u0142a skonstruowana z my\u015bl\u0105 o wysokiej wydajno\u015bci w trudnych warunkach zimowych i jest w stanie od\u015bnie\u017cy\u0107 do 8 cali podjazdu na 12 samochod\u00f3w na jednym \u0142adowaniu. Samobie\u017cny uk\u0142ad nap\u0119dowy porusza si\u0119 p\u0142ynnie do przodu i do ty\u0142u, zasilany przez podw\u00f3jne silniki bezszczotkowe, kt\u00f3re z \u0142atwo\u015bci\u0105 obs\u0142uguj\u0105 zar\u00f3wno ork\u0119, jak i nap\u0119d. Przyjazne dla u\u017cytkownika funkcje, takie jak obs\u0142uga jedn\u0105 r\u0119k\u0105 za pomoc\u0105 intuicyjnego panelu sterowania i sterowanie rynn\u0105 wyrzutow\u0105 2 w 1, pozwalaj\u0105 na precyzyjne i wydajne kierowanie \u015bniegiem.<\/p>\n","protected":false},"excerpt":{"rendered":"<p>Dwustopniowa od\u015bnie\u017carka Kress KG470 zosta\u0142a skonstruowana z my\u015bl\u0105 o wysokiej wydajno\u015bci w trudnych warunkach zimowych i jest w stanie od\u015bnie\u017cy\u0107 do 8 cali podjazdu na 12 samochod\u00f3w na jednym \u0142adowaniu. Samobie\u017cny uk\u0142ad nap\u0119dowy porusza si\u0119 p\u0142ynnie do przodu i do ty\u0142u, zasilany przez podw\u00f3jne silniki bezszczotkowe, kt\u00f3re z \u0142atwo\u015bci\u0105 obs\u0142uguj\u0105 zar\u00f3wno ork\u0119, jak i nap\u0119d. [&hellip;]<\/p>\n","protected":false},"featured_media":413896,"template":"","meta":{"_acf_changed":false},"product_brand":[],"product_cat":[],"product_tag":[],"class_list":{"0":"post-42283","1":"product","2":"type-product","3":"status-publish","4":"has-post-thumbnail","7":"first","8":"instock","9":"shipping-taxable","10":"purchasable","11":"product-type-simple"},"acf":[],"yoast_head":"<!-- This site is optimized with the Yoast SEO Premium plugin v26.5 (Yoast SEO v27.0) - https:\/\/yoast.com\/product\/yoast-seo-premium-wordpress\/ -->\n<title>Od\u015bnie\u017carka 60 V | Kress<\/title>\n<meta name=\"robots\" content=\"index, follow, max-snippet:-1, max-image-preview:large, max-video-preview:-1\" \/>\n<meta property=\"og:locale\" content=\"pl_PL\" \/>\n<meta property=\"og:type\" content=\"article\" \/>\n<meta property=\"og:title\" content=\"Od\u015bnie\u017carka 60 V\" \/>\n<meta property=\"og:description\" content=\"Dwustopniowa od\u015bnie\u017carka Kress KG470 zosta\u0142a skonstruowana z my\u015bl\u0105 o wysokiej wydajno\u015bci w trudnych warunkach zimowych i jest w stanie od\u015bnie\u017cy\u0107 do 8 cali podjazdu na 12 samochod\u00f3w na jednym \u0142adowaniu. Samobie\u017cny uk\u0142ad nap\u0119dowy porusza si\u0119 p\u0142ynnie do przodu i do ty\u0142u, zasilany przez podw\u00f3jne silniki bezszczotkowe, kt\u00f3re z \u0142atwo\u015bci\u0105 obs\u0142uguj\u0105 zar\u00f3wno ork\u0119, jak i nap\u0119d. [&hellip;]\" \/>\n<meta property=\"og:url\" content=\"https:\/\/www.kress.com\/pl-pl\/odsniezarka-60-v-kg470-9\/\" \/>\n<meta property=\"og:site_name\" content=\"Kress\" \/>\n<meta property=\"article:modified_time\" content=\"2025-10-17T10:00:22+00:00\" \/>\n<meta property=\"og:image\" content=\"https:\/\/www.kress.com\/wp-content\/uploads\/onpage\/op_image_e15b64602136e47de188e0157a51b2c3243c1e90.1980x.webp\" \/>\n\t<meta property=\"og:image:width\" content=\"1980\" \/>\n\t<meta property=\"og:image:height\" content=\"1980\" \/>\n\t<meta property=\"og:image:type\" content=\"image\/webp\" \/>\n<meta name=\"twitter:card\" content=\"summary_large_image\" \/>\n<meta name=\"twitter:label1\" content=\"Szacowany czas czytania\" \/>\n\t<meta name=\"twitter:data1\" content=\"1 minuta\" \/>\n<script type=\"application\/ld+json\" class=\"yoast-schema-graph\">{\"@context\":\"https:\/\/schema.org\",\"@graph\":[{\"@type\":\"WebPage\",\"@id\":\"https:\/\/www.kress.com\/pl-pl\/odsniezarka-60-v-kg470-9\/\",\"url\":\"https:\/\/www.kress.com\/pl-pl\/odsniezarka-60-v-kg470-9\/\",\"name\":\"Od\u015bnie\u017carka 60 V | Kress\",\"isPartOf\":{\"@id\":\"https:\/\/www.kress.com\/de-de\/#website\"},\"primaryImageOfPage\":{\"@id\":\"https:\/\/www.kress.com\/pl-pl\/odsniezarka-60-v-kg470-9\/#primaryimage\"},\"image\":{\"@id\":\"https:\/\/www.kress.com\/pl-pl\/odsniezarka-60-v-kg470-9\/#primaryimage\"},\"thumbnailUrl\":\"https:\/\/www.kress.com\/wp-content\/uploads\/onpage\/op_image_e15b64602136e47de188e0157a51b2c3243c1e90.1980x.webp\",\"datePublished\":\"2024-03-26T08:17:12+00:00\",\"dateModified\":\"2025-10-17T10:00:22+00:00\",\"breadcrumb\":{\"@id\":\"https:\/\/www.kress.com\/pl-pl\/odsniezarka-60-v-kg470-9\/#breadcrumb\"},\"inLanguage\":\"pl-PL\",\"potentialAction\":[{\"@type\":\"ReadAction\",\"target\":[\"https:\/\/www.kress.com\/pl-pl\/odsniezarka-60-v-kg470-9\/\"]}]},{\"@type\":\"ImageObject\",\"inLanguage\":\"pl-PL\",\"@id\":\"https:\/\/www.kress.com\/pl-pl\/odsniezarka-60-v-kg470-9\/#primaryimage\",\"url\":\"https:\/\/www.kress.com\/wp-content\/uploads\/onpage\/op_image_e15b64602136e47de188e0157a51b2c3243c1e90.1980x.webp\",\"contentUrl\":\"https:\/\/www.kress.com\/wp-content\/uploads\/onpage\/op_image_e15b64602136e47de188e0157a51b2c3243c1e90.1980x.webp\",\"width\":1980,\"height\":1980},{\"@type\":\"BreadcrumbList\",\"@id\":\"https:\/\/www.kress.com\/pl-pl\/odsniezarka-60-v-kg470-9\/#breadcrumb\",\"itemListElement\":[{\"@type\":\"ListItem\",\"position\":1,\"name\":\"Home\",\"item\":\"https:\/\/www.kress.com\/pl-pl\/\"},{\"@type\":\"ListItem\",\"position\":2,\"name\":\"Produits\",\"item\":\"https:\/\/www.kress.com\/fr-fr\/shop\/\"},{\"@type\":\"ListItem\",\"position\":3,\"name\":\"Od\u015bnie\u017carka 60 V\"}]},{\"@type\":\"WebSite\",\"@id\":\"https:\/\/www.kress.com\/de-de\/#website\",\"url\":\"https:\/\/www.kress.com\/de-de\/\",\"name\":\"Kress\",\"description\":\"\",\"publisher\":{\"@id\":\"https:\/\/www.kress.com\/de-de\/#organization\"},\"potentialAction\":[{\"@type\":\"SearchAction\",\"target\":{\"@type\":\"EntryPoint\",\"urlTemplate\":\"https:\/\/www.kress.com\/de-de\/?s={search_term_string}\"},\"query-input\":{\"@type\":\"PropertyValueSpecification\",\"valueRequired\":true,\"valueName\":\"search_term_string\"}}],\"inLanguage\":\"pl-PL\"},{\"@type\":\"Organization\",\"@id\":\"https:\/\/www.kress.com\/de-de\/#organization\",\"name\":\"Kress\",\"url\":\"https:\/\/www.kress.com\/de-de\/\",\"logo\":{\"@type\":\"ImageObject\",\"inLanguage\":\"pl-PL\",\"@id\":\"https:\/\/www.kress.com\/de-de\/#\/schema\/logo\/image\/\",\"url\":\"https:\/\/www.kress.com\/wp-content\/uploads\/2024\/02\/logo.png\",\"contentUrl\":\"https:\/\/www.kress.com\/wp-content\/uploads\/2024\/02\/logo.png\",\"width\":696,\"height\":696,\"caption\":\"Kress\"},\"image\":{\"@id\":\"https:\/\/www.kress.com\/de-de\/#\/schema\/logo\/image\/\"}}]}<\/script>\n<!-- \/ Yoast SEO Premium plugin. -->","yoast_head_json":{"title":"Od\u015bnie\u017carka 60 V | Kress","robots":{"index":"index","follow":"follow","max-snippet":"max-snippet:-1","max-image-preview":"max-image-preview:large","max-video-preview":"max-video-preview:-1"},"og_locale":"pl_PL","og_type":"article","og_title":"Od\u015bnie\u017carka 60 V","og_description":"Dwustopniowa od\u015bnie\u017carka Kress KG470 zosta\u0142a skonstruowana z my\u015bl\u0105 o wysokiej wydajno\u015bci w trudnych warunkach zimowych i jest w stanie od\u015bnie\u017cy\u0107 do 8 cali podjazdu na 12 samochod\u00f3w na jednym \u0142adowaniu. Samobie\u017cny uk\u0142ad nap\u0119dowy porusza si\u0119 p\u0142ynnie do przodu i do ty\u0142u, zasilany przez podw\u00f3jne silniki bezszczotkowe, kt\u00f3re z \u0142atwo\u015bci\u0105 obs\u0142uguj\u0105 zar\u00f3wno ork\u0119, jak i nap\u0119d. [&hellip;]","og_url":"https:\/\/www.kress.com\/pl-pl\/odsniezarka-60-v-kg470-9\/","og_site_name":"Kress","article_modified_time":"2025-10-17T10:00:22+00:00","og_image":[{"width":1980,"height":1980,"url":"https:\/\/www.kress.com\/wp-content\/uploads\/onpage\/op_image_e15b64602136e47de188e0157a51b2c3243c1e90.1980x.webp","type":"image\/webp"}],"twitter_card":"summary_large_image","twitter_misc":{"Szacowany czas czytania":"1 minuta"},"schema":{"@context":"https:\/\/schema.org","@graph":[{"@type":"WebPage","@id":"https:\/\/www.kress.com\/pl-pl\/odsniezarka-60-v-kg470-9\/","url":"https:\/\/www.kress.com\/pl-pl\/odsniezarka-60-v-kg470-9\/","name":"Od\u015bnie\u017carka 60 V | Kress","isPartOf":{"@id":"https:\/\/www.kress.com\/de-de\/#website"},"primaryImageOfPage":{"@id":"https:\/\/www.kress.com\/pl-pl\/odsniezarka-60-v-kg470-9\/#primaryimage"},"image":{"@id":"https:\/\/www.kress.com\/pl-pl\/odsniezarka-60-v-kg470-9\/#primaryimage"},"thumbnailUrl":"https:\/\/www.kress.com\/wp-content\/uploads\/onpage\/op_image_e15b64602136e47de188e0157a51b2c3243c1e90.1980x.webp","datePublished":"2024-03-26T08:17:12+00:00","dateModified":"2025-10-17T10:00:22+00:00","breadcrumb":{"@id":"https:\/\/www.kress.com\/pl-pl\/odsniezarka-60-v-kg470-9\/#breadcrumb"},"inLanguage":"pl-PL","potentialAction":[{"@type":"ReadAction","target":["https:\/\/www.kress.com\/pl-pl\/odsniezarka-60-v-kg470-9\/"]}]},{"@type":"ImageObject","inLanguage":"pl-PL","@id":"https:\/\/www.kress.com\/pl-pl\/odsniezarka-60-v-kg470-9\/#primaryimage","url":"https:\/\/www.kress.com\/wp-content\/uploads\/onpage\/op_image_e15b64602136e47de188e0157a51b2c3243c1e90.1980x.webp","contentUrl":"https:\/\/www.kress.com\/wp-content\/uploads\/onpage\/op_image_e15b64602136e47de188e0157a51b2c3243c1e90.1980x.webp","width":1980,"height":1980},{"@type":"BreadcrumbList","@id":"https:\/\/www.kress.com\/pl-pl\/odsniezarka-60-v-kg470-9\/#breadcrumb","itemListElement":[{"@type":"ListItem","position":1,"name":"Home","item":"https:\/\/www.kress.com\/pl-pl\/"},{"@type":"ListItem","position":2,"name":"Produits","item":"https:\/\/www.kress.com\/fr-fr\/shop\/"},{"@type":"ListItem","position":3,"name":"Od\u015bnie\u017carka 60 V"}]},{"@type":"WebSite","@id":"https:\/\/www.kress.com\/de-de\/#website","url":"https:\/\/www.kress.com\/de-de\/","name":"Kress","description":"","publisher":{"@id":"https:\/\/www.kress.com\/de-de\/#organization"},"potentialAction":[{"@type":"SearchAction","target":{"@type":"EntryPoint","urlTemplate":"https:\/\/www.kress.com\/de-de\/?s={search_term_string}"},"query-input":{"@type":"PropertyValueSpecification","valueRequired":true,"valueName":"search_term_string"}}],"inLanguage":"pl-PL"},{"@type":"Organization","@id":"https:\/\/www.kress.com\/de-de\/#organization","name":"Kress","url":"https:\/\/www.kress.com\/de-de\/","logo":{"@type":"ImageObject","inLanguage":"pl-PL","@id":"https:\/\/www.kress.com\/de-de\/#\/schema\/logo\/image\/","url":"https:\/\/www.kress.com\/wp-content\/uploads\/2024\/02\/logo.png","contentUrl":"https:\/\/www.kress.com\/wp-content\/uploads\/2024\/02\/logo.png","width":696,"height":696,"caption":"Kress"},"image":{"@id":"https:\/\/www.kress.com\/de-de\/#\/schema\/logo\/image\/"}}]}},"_links":{"self":[{"href":"https:\/\/www.kress.com\/pl-pl\/wp-json\/wp\/v2\/product\/42283","targetHints":{"allow":["GET"]}}],"collection":[{"href":"https:\/\/www.kress.com\/pl-pl\/wp-json\/wp\/v2\/product"}],"about":[{"href":"https:\/\/www.kress.com\/pl-pl\/wp-json\/wp\/v2\/types\/product"}],"wp:featuredmedia":[{"embeddable":true,"href":"https:\/\/www.kress.com\/pl-pl\/wp-json\/wp\/v2\/media\/413896"}],"wp:attachment":[{"href":"https:\/\/www.kress.com\/pl-pl\/wp-json\/wp\/v2\/media?parent=42283"}],"wp:term":[{"taxonomy":"product_brand","embeddable":true,"href":"https:\/\/www.kress.com\/pl-pl\/wp-json\/wp\/v2\/product_brand?post=42283"},{"taxonomy":"product_cat","embeddable":true,"href":"https:\/\/www.kress.com\/pl-pl\/wp-json\/wp\/v2\/product_cat?post=42283"},{"taxonomy":"product_tag","embeddable":true,"href":"https:\/\/www.kress.com\/pl-pl\/wp-json\/wp\/v2\/product_tag?post=42283"}],"curies":[{"name":"wp","href":"https:\/\/api.w.org\/{rel}","templated":true}]}}