{"id":526229,"date":"2026-03-04T06:03:27","date_gmt":"2026-03-04T06:03:27","guid":{"rendered":""},"modified":"2026-03-04T06:00:23","modified_gmt":"2026-03-04T06:00:23","slug":"kress-eyepilot-rtk%e2%81%bf-1000-m%c2%b2-robotgressklipper-kr251es","status":"publish","type":"product","link":"https:\/\/www.kress.com\/no-no\/kress-eyepilot-rtk%e2%81%bf-1000-m%c2%b2-robotgressklipper-kr251es\/","title":{"rendered":"Kress EyePilot\u00ae RTK\u207f 1000 m\u00b2 robotgressklipper"},"content":{"rendered":"<p>Kress EyePilot\u00ae RTK\u207f KR251ES leverer resultater som er gode nok for golfbaner. Klipperen bruker RTK\u207f satellittposisjonering i kombinasjon med et smart kamera for stabil og presis navigering i hageomgivelser uten ekstra antenner.<\/p>\n<p>RTK\u207f-korrigering leveres tr\u00e5dl\u00f8st og forsterkes av en redundant posisjoneringsarkitektur, noe som gj\u00f8r at klipperen beholder sin presisjon selv n\u00e5r satellittsignalet er p\u00e5virket. Klippem\u00f8nstre kan settes til definerte striper eller et mer naturlig resultat.<\/p>\n<p>EyePilot forblir p\u00e5litelig tilkoblet via Wi-Fi eller integrert 4G. Uten l\u00f8pende kostnader og med 5 \u00e5rs gratis 4G-tilkobling inkludert er systemet alltid tilkoblet, oppdatert og sporbar.<\/p>\n","protected":false},"excerpt":{"rendered":"<p>Kress EyePilot\u00ae RTK\u207f KR251ES leverer resultater som er gode nok for golfbaner. Klipperen bruker RTK\u207f satellittposisjonering i kombinasjon med et smart kamera for stabil og presis navigering i hageomgivelser uten ekstra antenner. RTK\u207f-korrigering leveres tr\u00e5dl\u00f8st og forsterkes av en redundant posisjoneringsarkitektur, noe som gj\u00f8r at klipperen beholder sin presisjon selv n\u00e5r satellittsignalet er p\u00e5virket. Klippem\u00f8nstre [&hellip;]<\/p>\n","protected":false},"featured_media":522414,"template":"","meta":{"_acf_changed":false},"product_brand":[],"product_cat":[],"product_tag":[],"class_list":{"0":"post-526229","1":"product","2":"type-product","3":"status-publish","4":"has-post-thumbnail","7":"first","8":"instock","9":"shipping-taxable","10":"product-type-simple"},"acf":[],"yoast_head":"<!-- This site is optimized with the Yoast SEO Premium plugin v26.5 (Yoast SEO v27.0) - https:\/\/yoast.com\/product\/yoast-seo-premium-wordpress\/ -->\n<title>Kress EyePilot\u00ae RTK\u207f 1000 m\u00b2 robotgressklipper | Kress<\/title>\n<meta name=\"robots\" content=\"index, follow, max-snippet:-1, max-image-preview:large, max-video-preview:-1\" \/>\n<meta property=\"og:locale\" content=\"en_US\" \/>\n<meta property=\"og:type\" content=\"article\" \/>\n<meta property=\"og:title\" content=\"Kress EyePilot\u00ae RTK\u207f 1000 m\u00b2 robotgressklipper\" \/>\n<meta property=\"og:description\" content=\"Kress EyePilot\u00ae RTK\u207f KR251ES leverer resultater som er gode nok for golfbaner. Klipperen bruker RTK\u207f satellittposisjonering i kombinasjon med et smart kamera for stabil og presis navigering i hageomgivelser uten ekstra antenner. RTK\u207f-korrigering leveres tr\u00e5dl\u00f8st og forsterkes av en redundant posisjoneringsarkitektur, noe som gj\u00f8r at klipperen beholder sin presisjon selv n\u00e5r satellittsignalet er p\u00e5virket. Klippem\u00f8nstre [&hellip;]\" \/>\n<meta property=\"og:url\" content=\"https:\/\/www.kress.com\/en-gb\/?post_type=product&amp;p=526205\" \/>\n<meta property=\"og:site_name\" content=\"Kress\" \/>\n<meta property=\"og:image\" content=\"https:\/\/www.kress.com\/wp-content\/uploads\/onpage\/op_image_c9aea3792d2e1d3026928b3067036228e0ff07ad.1980x.webp\" \/>\n\t<meta property=\"og:image:width\" content=\"1980\" \/>\n\t<meta property=\"og:image:height\" content=\"1980\" \/>\n\t<meta property=\"og:image:type\" content=\"image\/webp\" \/>\n<meta name=\"twitter:card\" content=\"summary_large_image\" \/>\n<meta name=\"twitter:label1\" content=\"Est. reading time\" \/>\n\t<meta name=\"twitter:data1\" content=\"1 minute\" \/>\n<script type=\"application\/ld+json\" class=\"yoast-schema-graph\">{\"@context\":\"https:\/\/schema.org\",\"@graph\":[{\"@type\":\"WebPage\",\"@id\":\"https:\/\/www.kress.com\/en-gb\/?post_type=product&p=526205\",\"url\":\"https:\/\/www.kress.com\/en-gb\/?post_type=product&p=526205\",\"name\":\"Kress EyePilot\u00ae RTK\u207f 1000 m\u00b2 robotgressklipper | Kress\",\"isPartOf\":{\"@id\":\"https:\/\/www.kress.com\/de-de\/#website\"},\"primaryImageOfPage\":{\"@id\":\"https:\/\/www.kress.com\/en-gb\/?post_type=product&p=526205#primaryimage\"},\"image\":{\"@id\":\"https:\/\/www.kress.com\/en-gb\/?post_type=product&p=526205#primaryimage\"},\"thumbnailUrl\":\"https:\/\/www.kress.com\/wp-content\/uploads\/onpage\/op_image_c9aea3792d2e1d3026928b3067036228e0ff07ad.1980x.webp\",\"datePublished\":\"2026-03-04T06:03:27+00:00\",\"breadcrumb\":{\"@id\":\"https:\/\/www.kress.com\/en-gb\/?post_type=product&p=526205#breadcrumb\"},\"inLanguage\":\"no-NO\",\"potentialAction\":[{\"@type\":\"ReadAction\",\"target\":[\"https:\/\/www.kress.com\/en-gb\/?post_type=product&p=526205\"]}]},{\"@type\":\"ImageObject\",\"inLanguage\":\"no-NO\",\"@id\":\"https:\/\/www.kress.com\/en-gb\/?post_type=product&p=526205#primaryimage\",\"url\":\"https:\/\/www.kress.com\/wp-content\/uploads\/onpage\/op_image_c9aea3792d2e1d3026928b3067036228e0ff07ad.1980x.webp\",\"contentUrl\":\"https:\/\/www.kress.com\/wp-content\/uploads\/onpage\/op_image_c9aea3792d2e1d3026928b3067036228e0ff07ad.1980x.webp\",\"width\":1980,\"height\":1980},{\"@type\":\"BreadcrumbList\",\"@id\":\"https:\/\/www.kress.com\/en-gb\/?post_type=product&p=526205#breadcrumb\",\"itemListElement\":[{\"@type\":\"ListItem\",\"position\":1,\"name\":\"Home\",\"item\":\"https:\/\/www.kress.com\/no-no\/\"},{\"@type\":\"ListItem\",\"position\":2,\"name\":\"Produits\",\"item\":\"https:\/\/www.kress.com\/fr-fr\/shop\/\"},{\"@type\":\"ListItem\",\"position\":3,\"name\":\"Kress EyePilot\u00ae RTK\u207f 1000 m\u00b2 robotgressklipper\"}]},{\"@type\":\"WebSite\",\"@id\":\"https:\/\/www.kress.com\/de-de\/#website\",\"url\":\"https:\/\/www.kress.com\/de-de\/\",\"name\":\"Kress\",\"description\":\"\",\"publisher\":{\"@id\":\"https:\/\/www.kress.com\/de-de\/#organization\"},\"potentialAction\":[{\"@type\":\"SearchAction\",\"target\":{\"@type\":\"EntryPoint\",\"urlTemplate\":\"https:\/\/www.kress.com\/de-de\/?s={search_term_string}\"},\"query-input\":{\"@type\":\"PropertyValueSpecification\",\"valueRequired\":true,\"valueName\":\"search_term_string\"}}],\"inLanguage\":\"no-NO\"},{\"@type\":\"Organization\",\"@id\":\"https:\/\/www.kress.com\/de-de\/#organization\",\"name\":\"Kress\",\"url\":\"https:\/\/www.kress.com\/de-de\/\",\"logo\":{\"@type\":\"ImageObject\",\"inLanguage\":\"no-NO\",\"@id\":\"https:\/\/www.kress.com\/de-de\/#\/schema\/logo\/image\/\",\"url\":\"https:\/\/www.kress.com\/wp-content\/uploads\/2024\/02\/logo.png\",\"contentUrl\":\"https:\/\/www.kress.com\/wp-content\/uploads\/2024\/02\/logo.png\",\"width\":696,\"height\":696,\"caption\":\"Kress\"},\"image\":{\"@id\":\"https:\/\/www.kress.com\/de-de\/#\/schema\/logo\/image\/\"}}]}<\/script>\n<!-- \/ Yoast SEO Premium plugin. -->","yoast_head_json":{"title":"Kress EyePilot\u00ae RTK\u207f 1000 m\u00b2 robotgressklipper | Kress","robots":{"index":"index","follow":"follow","max-snippet":"max-snippet:-1","max-image-preview":"max-image-preview:large","max-video-preview":"max-video-preview:-1"},"og_locale":"en_US","og_type":"article","og_title":"Kress EyePilot\u00ae RTK\u207f 1000 m\u00b2 robotgressklipper","og_description":"Kress EyePilot\u00ae RTK\u207f KR251ES leverer resultater som er gode nok for golfbaner. Klipperen bruker RTK\u207f satellittposisjonering i kombinasjon med et smart kamera for stabil og presis navigering i hageomgivelser uten ekstra antenner. RTK\u207f-korrigering leveres tr\u00e5dl\u00f8st og forsterkes av en redundant posisjoneringsarkitektur, noe som gj\u00f8r at klipperen beholder sin presisjon selv n\u00e5r satellittsignalet er p\u00e5virket. Klippem\u00f8nstre [&hellip;]","og_url":"https:\/\/www.kress.com\/en-gb\/?post_type=product&p=526205","og_site_name":"Kress","og_image":[{"width":1980,"height":1980,"url":"https:\/\/www.kress.com\/wp-content\/uploads\/onpage\/op_image_c9aea3792d2e1d3026928b3067036228e0ff07ad.1980x.webp","type":"image\/webp"}],"twitter_card":"summary_large_image","twitter_misc":{"Est. reading time":"1 minute"},"schema":{"@context":"https:\/\/schema.org","@graph":[{"@type":"WebPage","@id":"https:\/\/www.kress.com\/en-gb\/?post_type=product&p=526205","url":"https:\/\/www.kress.com\/en-gb\/?post_type=product&p=526205","name":"Kress EyePilot\u00ae RTK\u207f 1000 m\u00b2 robotgressklipper | Kress","isPartOf":{"@id":"https:\/\/www.kress.com\/de-de\/#website"},"primaryImageOfPage":{"@id":"https:\/\/www.kress.com\/en-gb\/?post_type=product&p=526205#primaryimage"},"image":{"@id":"https:\/\/www.kress.com\/en-gb\/?post_type=product&p=526205#primaryimage"},"thumbnailUrl":"https:\/\/www.kress.com\/wp-content\/uploads\/onpage\/op_image_c9aea3792d2e1d3026928b3067036228e0ff07ad.1980x.webp","datePublished":"2026-03-04T06:03:27+00:00","breadcrumb":{"@id":"https:\/\/www.kress.com\/en-gb\/?post_type=product&p=526205#breadcrumb"},"inLanguage":"no-NO","potentialAction":[{"@type":"ReadAction","target":["https:\/\/www.kress.com\/en-gb\/?post_type=product&p=526205"]}]},{"@type":"ImageObject","inLanguage":"no-NO","@id":"https:\/\/www.kress.com\/en-gb\/?post_type=product&p=526205#primaryimage","url":"https:\/\/www.kress.com\/wp-content\/uploads\/onpage\/op_image_c9aea3792d2e1d3026928b3067036228e0ff07ad.1980x.webp","contentUrl":"https:\/\/www.kress.com\/wp-content\/uploads\/onpage\/op_image_c9aea3792d2e1d3026928b3067036228e0ff07ad.1980x.webp","width":1980,"height":1980},{"@type":"BreadcrumbList","@id":"https:\/\/www.kress.com\/en-gb\/?post_type=product&p=526205#breadcrumb","itemListElement":[{"@type":"ListItem","position":1,"name":"Home","item":"https:\/\/www.kress.com\/no-no\/"},{"@type":"ListItem","position":2,"name":"Produits","item":"https:\/\/www.kress.com\/fr-fr\/shop\/"},{"@type":"ListItem","position":3,"name":"Kress EyePilot\u00ae RTK\u207f 1000 m\u00b2 robotgressklipper"}]},{"@type":"WebSite","@id":"https:\/\/www.kress.com\/de-de\/#website","url":"https:\/\/www.kress.com\/de-de\/","name":"Kress","description":"","publisher":{"@id":"https:\/\/www.kress.com\/de-de\/#organization"},"potentialAction":[{"@type":"SearchAction","target":{"@type":"EntryPoint","urlTemplate":"https:\/\/www.kress.com\/de-de\/?s={search_term_string}"},"query-input":{"@type":"PropertyValueSpecification","valueRequired":true,"valueName":"search_term_string"}}],"inLanguage":"no-NO"},{"@type":"Organization","@id":"https:\/\/www.kress.com\/de-de\/#organization","name":"Kress","url":"https:\/\/www.kress.com\/de-de\/","logo":{"@type":"ImageObject","inLanguage":"no-NO","@id":"https:\/\/www.kress.com\/de-de\/#\/schema\/logo\/image\/","url":"https:\/\/www.kress.com\/wp-content\/uploads\/2024\/02\/logo.png","contentUrl":"https:\/\/www.kress.com\/wp-content\/uploads\/2024\/02\/logo.png","width":696,"height":696,"caption":"Kress"},"image":{"@id":"https:\/\/www.kress.com\/de-de\/#\/schema\/logo\/image\/"}}]}},"_links":{"self":[{"href":"https:\/\/www.kress.com\/no-no\/wp-json\/wp\/v2\/product\/526229","targetHints":{"allow":["GET"]}}],"collection":[{"href":"https:\/\/www.kress.com\/no-no\/wp-json\/wp\/v2\/product"}],"about":[{"href":"https:\/\/www.kress.com\/no-no\/wp-json\/wp\/v2\/types\/product"}],"wp:featuredmedia":[{"embeddable":true,"href":"https:\/\/www.kress.com\/no-no\/wp-json\/wp\/v2\/media\/522414"}],"wp:attachment":[{"href":"https:\/\/www.kress.com\/no-no\/wp-json\/wp\/v2\/media?parent=526229"}],"wp:term":[{"taxonomy":"product_brand","embeddable":true,"href":"https:\/\/www.kress.com\/no-no\/wp-json\/wp\/v2\/product_brand?post=526229"},{"taxonomy":"product_cat","embeddable":true,"href":"https:\/\/www.kress.com\/no-no\/wp-json\/wp\/v2\/product_cat?post=526229"},{"taxonomy":"product_tag","embeddable":true,"href":"https:\/\/www.kress.com\/no-no\/wp-json\/wp\/v2\/product_tag?post=526229"}],"curies":[{"name":"wp","href":"https:\/\/api.w.org\/{rel}","templated":true}]}}