{"id":491552,"date":"2026-01-05T10:03:44","date_gmt":"2026-01-05T10:03:44","guid":{"rendered":""},"modified":"2026-01-05T10:00:25","modified_gmt":"2026-01-05T10:00:25","slug":"kc501-9","status":"publish","type":"product","link":"https:\/\/www.kress.com\/no-no\/kc501-9\/","title":{"rendered":"60 V ryggsekkbasert l\u00f8vbl\u00e5ser i kommersiell klasse"},"content":{"rendered":"<p>Kress KC501 ryggsekkbl\u00e5ser er designet for landskapsarkitekter som vedlikeholder kommersielle eiendommer og kommuner, og leverer den h\u00f8yeste ytelsen i Kress-serien, med en eksepsjonell kraft-til-vekt-forhold og komfort for brukeren hele dagen gjennom for krevende profesjonelt arbeid. Med en bl\u00e5sekraft p\u00e5 opptil 41 N, en luftstr\u00f8m p\u00e5 1631 m\u00b3\/t og en lufthastighet p\u00e5 102,5 m\/s, kan den m\u00e5le seg med avanserte 80 cc bensindrevne bl\u00e5ser \u2013 og rydder tykt, v\u00e5tt avfall effektivt med f\u00e6rre gjennomganger. Med en st\u00f8y p\u00e5 bare 62 dB oppfyller den stille sone-forskriftene, noe som gj\u00f8r den ideell for urbane og st\u00f8ysensitive milj\u00f8er. Som en del av Kress Commercial CyberSystem leverer den jevn ytelse med lavere driftskostnader enn bensin- og andre batterisystemer.<\/p>\n","protected":false},"excerpt":{"rendered":"<p>Kress KC501 ryggsekkbl\u00e5ser er designet for landskapsarkitekter som vedlikeholder kommersielle eiendommer og kommuner, og leverer den h\u00f8yeste ytelsen i Kress-serien, med en eksepsjonell kraft-til-vekt-forhold og komfort for brukeren hele dagen gjennom for krevende profesjonelt arbeid. Med en bl\u00e5sekraft p\u00e5 opptil 41 N, en luftstr\u00f8m p\u00e5 1631 m\u00b3\/t og en lufthastighet p\u00e5 102,5 m\/s, kan den [&hellip;]<\/p>\n","protected":false},"featured_media":0,"template":"","meta":{"_acf_changed":false},"product_brand":[],"product_cat":[],"product_tag":[],"class_list":{"0":"post-491552","1":"product","2":"type-product","3":"status-publish","6":"first","7":"instock","8":"shipping-taxable","9":"purchasable","10":"product-type-simple"},"acf":[],"yoast_head":"<!-- This site is optimized with the Yoast SEO Premium plugin v26.5 (Yoast SEO v27.0) - https:\/\/yoast.com\/product\/yoast-seo-premium-wordpress\/ -->\n<title>60 V ryggsekkbasert l\u00f8vbl\u00e5ser i kommersiell klasse | Kress<\/title>\n<meta name=\"robots\" content=\"index, follow, max-snippet:-1, max-image-preview:large, max-video-preview:-1\" \/>\n<meta property=\"og:locale\" content=\"en_US\" \/>\n<meta property=\"og:type\" content=\"article\" \/>\n<meta property=\"og:title\" content=\"60 V ryggsekkbasert l\u00f8vbl\u00e5ser i kommersiell klasse\" \/>\n<meta property=\"og:description\" content=\"Kress KC501 ryggsekkbl\u00e5ser er designet for landskapsarkitekter som vedlikeholder kommersielle eiendommer og kommuner, og leverer den h\u00f8yeste ytelsen i Kress-serien, med en eksepsjonell kraft-til-vekt-forhold og komfort for brukeren hele dagen gjennom for krevende profesjonelt arbeid. Med en bl\u00e5sekraft p\u00e5 opptil 41 N, en luftstr\u00f8m p\u00e5 1631 m\u00b3\/t og en lufthastighet p\u00e5 102,5 m\/s, kan den [&hellip;]\" \/>\n<meta property=\"og:url\" content=\"https:\/\/www.kress.com\/en-gb\/?post_type=product&amp;p=491528\" \/>\n<meta property=\"og:site_name\" content=\"Kress\" \/>\n<meta property=\"og:image\" content=\"https:\/\/www.kress.com\/wp-content\/uploads\/2024\/02\/logo_long.png\" \/>\n\t<meta property=\"og:image:width\" content=\"1200\" \/>\n\t<meta property=\"og:image:height\" content=\"675\" \/>\n\t<meta property=\"og:image:type\" content=\"image\/png\" \/>\n<meta name=\"twitter:card\" content=\"summary_large_image\" \/>\n<meta name=\"twitter:label1\" content=\"Est. reading time\" \/>\n\t<meta name=\"twitter:data1\" content=\"1 minute\" \/>\n<script type=\"application\/ld+json\" class=\"yoast-schema-graph\">{\"@context\":\"https:\/\/schema.org\",\"@graph\":[{\"@type\":\"WebPage\",\"@id\":\"https:\/\/www.kress.com\/en-gb\/?post_type=product&p=491528\",\"url\":\"https:\/\/www.kress.com\/en-gb\/?post_type=product&p=491528\",\"name\":\"60 V ryggsekkbasert l\u00f8vbl\u00e5ser i kommersiell klasse | Kress\",\"isPartOf\":{\"@id\":\"https:\/\/www.kress.com\/de-de\/#website\"},\"datePublished\":\"2026-01-05T10:03:44+00:00\",\"breadcrumb\":{\"@id\":\"https:\/\/www.kress.com\/en-gb\/?post_type=product&p=491528#breadcrumb\"},\"inLanguage\":\"no-NO\",\"potentialAction\":[{\"@type\":\"ReadAction\",\"target\":[\"https:\/\/www.kress.com\/en-gb\/?post_type=product&p=491528\"]}]},{\"@type\":\"BreadcrumbList\",\"@id\":\"https:\/\/www.kress.com\/en-gb\/?post_type=product&p=491528#breadcrumb\",\"itemListElement\":[{\"@type\":\"ListItem\",\"position\":1,\"name\":\"Home\",\"item\":\"https:\/\/www.kress.com\/no-no\/\"},{\"@type\":\"ListItem\",\"position\":2,\"name\":\"Produits\",\"item\":\"https:\/\/www.kress.com\/fr-fr\/shop\/\"},{\"@type\":\"ListItem\",\"position\":3,\"name\":\"KC501.9\"}]},{\"@type\":\"WebSite\",\"@id\":\"https:\/\/www.kress.com\/de-de\/#website\",\"url\":\"https:\/\/www.kress.com\/de-de\/\",\"name\":\"Kress\",\"description\":\"\",\"publisher\":{\"@id\":\"https:\/\/www.kress.com\/de-de\/#organization\"},\"potentialAction\":[{\"@type\":\"SearchAction\",\"target\":{\"@type\":\"EntryPoint\",\"urlTemplate\":\"https:\/\/www.kress.com\/de-de\/?s={search_term_string}\"},\"query-input\":{\"@type\":\"PropertyValueSpecification\",\"valueRequired\":true,\"valueName\":\"search_term_string\"}}],\"inLanguage\":\"no-NO\"},{\"@type\":\"Organization\",\"@id\":\"https:\/\/www.kress.com\/de-de\/#organization\",\"name\":\"Kress\",\"url\":\"https:\/\/www.kress.com\/de-de\/\",\"logo\":{\"@type\":\"ImageObject\",\"inLanguage\":\"no-NO\",\"@id\":\"https:\/\/www.kress.com\/de-de\/#\/schema\/logo\/image\/\",\"url\":\"https:\/\/www.kress.com\/wp-content\/uploads\/2024\/02\/logo.png\",\"contentUrl\":\"https:\/\/www.kress.com\/wp-content\/uploads\/2024\/02\/logo.png\",\"width\":696,\"height\":696,\"caption\":\"Kress\"},\"image\":{\"@id\":\"https:\/\/www.kress.com\/de-de\/#\/schema\/logo\/image\/\"}}]}<\/script>\n<!-- \/ Yoast SEO Premium plugin. -->","yoast_head_json":{"title":"60 V ryggsekkbasert l\u00f8vbl\u00e5ser i kommersiell klasse | Kress","robots":{"index":"index","follow":"follow","max-snippet":"max-snippet:-1","max-image-preview":"max-image-preview:large","max-video-preview":"max-video-preview:-1"},"og_locale":"en_US","og_type":"article","og_title":"60 V ryggsekkbasert l\u00f8vbl\u00e5ser i kommersiell klasse","og_description":"Kress KC501 ryggsekkbl\u00e5ser er designet for landskapsarkitekter som vedlikeholder kommersielle eiendommer og kommuner, og leverer den h\u00f8yeste ytelsen i Kress-serien, med en eksepsjonell kraft-til-vekt-forhold og komfort for brukeren hele dagen gjennom for krevende profesjonelt arbeid. Med en bl\u00e5sekraft p\u00e5 opptil 41 N, en luftstr\u00f8m p\u00e5 1631 m\u00b3\/t og en lufthastighet p\u00e5 102,5 m\/s, kan den [&hellip;]","og_url":"https:\/\/www.kress.com\/en-gb\/?post_type=product&p=491528","og_site_name":"Kress","og_image":[{"width":1200,"height":675,"url":"https:\/\/www.kress.com\/wp-content\/uploads\/2024\/02\/logo_long.png","type":"image\/png"}],"twitter_card":"summary_large_image","twitter_misc":{"Est. reading time":"1 minute"},"schema":{"@context":"https:\/\/schema.org","@graph":[{"@type":"WebPage","@id":"https:\/\/www.kress.com\/en-gb\/?post_type=product&p=491528","url":"https:\/\/www.kress.com\/en-gb\/?post_type=product&p=491528","name":"60 V ryggsekkbasert l\u00f8vbl\u00e5ser i kommersiell klasse | Kress","isPartOf":{"@id":"https:\/\/www.kress.com\/de-de\/#website"},"datePublished":"2026-01-05T10:03:44+00:00","breadcrumb":{"@id":"https:\/\/www.kress.com\/en-gb\/?post_type=product&p=491528#breadcrumb"},"inLanguage":"no-NO","potentialAction":[{"@type":"ReadAction","target":["https:\/\/www.kress.com\/en-gb\/?post_type=product&p=491528"]}]},{"@type":"BreadcrumbList","@id":"https:\/\/www.kress.com\/en-gb\/?post_type=product&p=491528#breadcrumb","itemListElement":[{"@type":"ListItem","position":1,"name":"Home","item":"https:\/\/www.kress.com\/no-no\/"},{"@type":"ListItem","position":2,"name":"Produits","item":"https:\/\/www.kress.com\/fr-fr\/shop\/"},{"@type":"ListItem","position":3,"name":"KC501.9"}]},{"@type":"WebSite","@id":"https:\/\/www.kress.com\/de-de\/#website","url":"https:\/\/www.kress.com\/de-de\/","name":"Kress","description":"","publisher":{"@id":"https:\/\/www.kress.com\/de-de\/#organization"},"potentialAction":[{"@type":"SearchAction","target":{"@type":"EntryPoint","urlTemplate":"https:\/\/www.kress.com\/de-de\/?s={search_term_string}"},"query-input":{"@type":"PropertyValueSpecification","valueRequired":true,"valueName":"search_term_string"}}],"inLanguage":"no-NO"},{"@type":"Organization","@id":"https:\/\/www.kress.com\/de-de\/#organization","name":"Kress","url":"https:\/\/www.kress.com\/de-de\/","logo":{"@type":"ImageObject","inLanguage":"no-NO","@id":"https:\/\/www.kress.com\/de-de\/#\/schema\/logo\/image\/","url":"https:\/\/www.kress.com\/wp-content\/uploads\/2024\/02\/logo.png","contentUrl":"https:\/\/www.kress.com\/wp-content\/uploads\/2024\/02\/logo.png","width":696,"height":696,"caption":"Kress"},"image":{"@id":"https:\/\/www.kress.com\/de-de\/#\/schema\/logo\/image\/"}}]}},"_links":{"self":[{"href":"https:\/\/www.kress.com\/no-no\/wp-json\/wp\/v2\/product\/491552","targetHints":{"allow":["GET"]}}],"collection":[{"href":"https:\/\/www.kress.com\/no-no\/wp-json\/wp\/v2\/product"}],"about":[{"href":"https:\/\/www.kress.com\/no-no\/wp-json\/wp\/v2\/types\/product"}],"wp:attachment":[{"href":"https:\/\/www.kress.com\/no-no\/wp-json\/wp\/v2\/media?parent=491552"}],"wp:term":[{"taxonomy":"product_brand","embeddable":true,"href":"https:\/\/www.kress.com\/no-no\/wp-json\/wp\/v2\/product_brand?post=491552"},{"taxonomy":"product_cat","embeddable":true,"href":"https:\/\/www.kress.com\/no-no\/wp-json\/wp\/v2\/product_cat?post=491552"},{"taxonomy":"product_tag","embeddable":true,"href":"https:\/\/www.kress.com\/no-no\/wp-json\/wp\/v2\/product_tag?post=491552"}],"curies":[{"name":"wp","href":"https:\/\/api.w.org\/{rel}","templated":true}]}}