{"id":491498,"date":"2026-01-05T10:03:42","date_gmt":"2026-01-05T10:03:42","guid":{"rendered":""},"modified":"2026-01-05T10:00:25","modified_gmt":"2026-01-05T10:00:25","slug":"kc180-9","status":"publish","type":"product","link":"https:\/\/www.kress.com\/no-no\/kc180-9\/","title":{"rendered":"60 V b\u00f8rsteklipper i kommersiell kvalitet"},"content":{"rendered":"<p>KC180 er den kraftigste i Kress&#8217; buskrydderserie, med en effekt p\u00e5 2,0 kW som kan sammenlignes med en 50 cc bensinmotor. Den er robust og allsidig, noe som gj\u00f8r den ideell for tunge kommunale og profesjonelle landskapsarbeidsoppgaver, som \u00e5 rydde t\u00f8ft gress, flise plantevekst og felle sm\u00e5 tr\u00e6r. Et design med lav vibrasjon forbedrer komforten og stabiliteten ved langvarig bruk. Som en del av Kress Commercial CyberSystem leverer den h\u00f8y ytelse med fordelen av lavere driftskostnader sammenlignet med bensin- og andre batterisystemer.<\/p>\n","protected":false},"excerpt":{"rendered":"<p>KC180 er den kraftigste i Kress&#8217; buskrydderserie, med en effekt p\u00e5 2,0 kW som kan sammenlignes med en 50 cc bensinmotor. Den er robust og allsidig, noe som gj\u00f8r den ideell for tunge kommunale og profesjonelle landskapsarbeidsoppgaver, som \u00e5 rydde t\u00f8ft gress, flise plantevekst og felle sm\u00e5 tr\u00e6r. Et design med lav vibrasjon forbedrer komforten [&hellip;]<\/p>\n","protected":false},"featured_media":0,"template":"","meta":{"_acf_changed":false},"product_brand":[],"product_cat":[],"product_tag":[],"class_list":{"0":"post-491498","1":"product","2":"type-product","3":"status-publish","6":"first","7":"instock","8":"shipping-taxable","9":"product-type-simple"},"acf":[],"yoast_head":"<!-- This site is optimized with the Yoast SEO Premium plugin v27.5 (Yoast SEO v27.5) - https:\/\/yoast.com\/product\/yoast-seo-premium-wordpress\/ -->\n<title>60 V b\u00f8rsteklipper i kommersiell kvalitet | Kress<\/title>\n<meta name=\"robots\" content=\"index, follow, max-snippet:-1, max-image-preview:large, max-video-preview:-1\" \/>\n<meta property=\"og:locale\" content=\"en_US\" \/>\n<meta property=\"og:type\" content=\"article\" \/>\n<meta property=\"og:title\" content=\"60 V b\u00f8rsteklipper i kommersiell kvalitet\" \/>\n<meta property=\"og:description\" content=\"KC180 er den kraftigste i Kress&#8217; buskrydderserie, med en effekt p\u00e5 2,0 kW som kan sammenlignes med en 50 cc bensinmotor. Den er robust og allsidig, noe som gj\u00f8r den ideell for tunge kommunale og profesjonelle landskapsarbeidsoppgaver, som \u00e5 rydde t\u00f8ft gress, flise plantevekst og felle sm\u00e5 tr\u00e6r. Et design med lav vibrasjon forbedrer komforten [&hellip;]\" \/>\n<meta property=\"og:url\" content=\"https:\/\/www.kress.com\/en-gb\/?post_type=product&amp;p=491474\" \/>\n<meta property=\"og:site_name\" content=\"Kress\" \/>\n<meta property=\"og:image\" content=\"https:\/\/www.kress.com\/wp-content\/uploads\/2024\/02\/logo_long.png\" \/>\n\t<meta property=\"og:image:width\" content=\"1200\" \/>\n\t<meta property=\"og:image:height\" content=\"675\" \/>\n\t<meta property=\"og:image:type\" content=\"image\/png\" \/>\n<meta name=\"twitter:card\" content=\"summary_large_image\" \/>\n<script type=\"application\/ld+json\" class=\"yoast-schema-graph\">{\"@context\":\"https:\\\/\\\/schema.org\",\"@graph\":[{\"@type\":\"WebPage\",\"@id\":\"https:\\\/\\\/www.kress.com\\\/en-gb\\\/?post_type=product&p=491474\",\"url\":\"https:\\\/\\\/www.kress.com\\\/en-gb\\\/?post_type=product&p=491474\",\"name\":\"60 V b\u00f8rsteklipper i kommersiell kvalitet | Kress\",\"isPartOf\":{\"@id\":\"https:\\\/\\\/www.kress.com\\\/de-de\\\/#website\"},\"datePublished\":\"2026-01-05T10:03:42+00:00\",\"breadcrumb\":{\"@id\":\"https:\\\/\\\/www.kress.com\\\/en-gb\\\/?post_type=product&p=491474#breadcrumb\"},\"inLanguage\":\"no-NO\",\"potentialAction\":[{\"@type\":\"ReadAction\",\"target\":[\"https:\\\/\\\/www.kress.com\\\/en-gb\\\/?post_type=product&p=491474\"]}]},{\"@type\":\"BreadcrumbList\",\"@id\":\"https:\\\/\\\/www.kress.com\\\/en-gb\\\/?post_type=product&p=491474#breadcrumb\",\"itemListElement\":[{\"@type\":\"ListItem\",\"position\":1,\"name\":\"Home\",\"item\":\"https:\\\/\\\/www.kress.com\\\/no-no\\\/\"},{\"@type\":\"ListItem\",\"position\":2,\"name\":\"Produits\",\"item\":\"https:\\\/\\\/www.kress.com\\\/fr-fr\\\/shop\\\/\"},{\"@type\":\"ListItem\",\"position\":3,\"name\":\"60 V b\u00f8rsteklipper i kommersiell kvalitet\"}]},{\"@type\":\"WebSite\",\"@id\":\"https:\\\/\\\/www.kress.com\\\/de-de\\\/#website\",\"url\":\"https:\\\/\\\/www.kress.com\\\/de-de\\\/\",\"name\":\"Kress\",\"description\":\"\",\"publisher\":{\"@id\":\"https:\\\/\\\/www.kress.com\\\/de-de\\\/#organization\"},\"potentialAction\":[{\"@type\":\"SearchAction\",\"target\":{\"@type\":\"EntryPoint\",\"urlTemplate\":\"https:\\\/\\\/www.kress.com\\\/de-de\\\/?s={search_term_string}\"},\"query-input\":{\"@type\":\"PropertyValueSpecification\",\"valueRequired\":true,\"valueName\":\"search_term_string\"}}],\"inLanguage\":\"no-NO\"},{\"@type\":\"Organization\",\"@id\":\"https:\\\/\\\/www.kress.com\\\/de-de\\\/#organization\",\"name\":\"Kress\",\"url\":\"https:\\\/\\\/www.kress.com\\\/de-de\\\/\",\"logo\":{\"@type\":\"ImageObject\",\"inLanguage\":\"no-NO\",\"@id\":\"https:\\\/\\\/www.kress.com\\\/de-de\\\/#\\\/schema\\\/logo\\\/image\\\/\",\"url\":\"https:\\\/\\\/www.kress.com\\\/wp-content\\\/uploads\\\/2024\\\/02\\\/logo.png\",\"contentUrl\":\"https:\\\/\\\/www.kress.com\\\/wp-content\\\/uploads\\\/2024\\\/02\\\/logo.png\",\"width\":696,\"height\":696,\"caption\":\"Kress\"},\"image\":{\"@id\":\"https:\\\/\\\/www.kress.com\\\/de-de\\\/#\\\/schema\\\/logo\\\/image\\\/\"}}]}<\/script>\n<!-- \/ Yoast SEO Premium plugin. -->","yoast_head_json":{"title":"60 V b\u00f8rsteklipper i kommersiell kvalitet | Kress","robots":{"index":"index","follow":"follow","max-snippet":"max-snippet:-1","max-image-preview":"max-image-preview:large","max-video-preview":"max-video-preview:-1"},"og_locale":"en_US","og_type":"article","og_title":"60 V b\u00f8rsteklipper i kommersiell kvalitet","og_description":"KC180 er den kraftigste i Kress&#8217; buskrydderserie, med en effekt p\u00e5 2,0 kW som kan sammenlignes med en 50 cc bensinmotor. Den er robust og allsidig, noe som gj\u00f8r den ideell for tunge kommunale og profesjonelle landskapsarbeidsoppgaver, som \u00e5 rydde t\u00f8ft gress, flise plantevekst og felle sm\u00e5 tr\u00e6r. Et design med lav vibrasjon forbedrer komforten [&hellip;]","og_url":"https:\/\/www.kress.com\/en-gb\/?post_type=product&p=491474","og_site_name":"Kress","og_image":[{"width":1200,"height":675,"url":"https:\/\/www.kress.com\/wp-content\/uploads\/2024\/02\/logo_long.png","type":"image\/png"}],"twitter_card":"summary_large_image","schema":{"@context":"https:\/\/schema.org","@graph":[{"@type":"WebPage","@id":"https:\/\/www.kress.com\/en-gb\/?post_type=product&p=491474","url":"https:\/\/www.kress.com\/en-gb\/?post_type=product&p=491474","name":"60 V b\u00f8rsteklipper i kommersiell kvalitet | Kress","isPartOf":{"@id":"https:\/\/www.kress.com\/de-de\/#website"},"datePublished":"2026-01-05T10:03:42+00:00","breadcrumb":{"@id":"https:\/\/www.kress.com\/en-gb\/?post_type=product&p=491474#breadcrumb"},"inLanguage":"no-NO","potentialAction":[{"@type":"ReadAction","target":["https:\/\/www.kress.com\/en-gb\/?post_type=product&p=491474"]}]},{"@type":"BreadcrumbList","@id":"https:\/\/www.kress.com\/en-gb\/?post_type=product&p=491474#breadcrumb","itemListElement":[{"@type":"ListItem","position":1,"name":"Home","item":"https:\/\/www.kress.com\/no-no\/"},{"@type":"ListItem","position":2,"name":"Produits","item":"https:\/\/www.kress.com\/fr-fr\/shop\/"},{"@type":"ListItem","position":3,"name":"60 V b\u00f8rsteklipper i kommersiell kvalitet"}]},{"@type":"WebSite","@id":"https:\/\/www.kress.com\/de-de\/#website","url":"https:\/\/www.kress.com\/de-de\/","name":"Kress","description":"","publisher":{"@id":"https:\/\/www.kress.com\/de-de\/#organization"},"potentialAction":[{"@type":"SearchAction","target":{"@type":"EntryPoint","urlTemplate":"https:\/\/www.kress.com\/de-de\/?s={search_term_string}"},"query-input":{"@type":"PropertyValueSpecification","valueRequired":true,"valueName":"search_term_string"}}],"inLanguage":"no-NO"},{"@type":"Organization","@id":"https:\/\/www.kress.com\/de-de\/#organization","name":"Kress","url":"https:\/\/www.kress.com\/de-de\/","logo":{"@type":"ImageObject","inLanguage":"no-NO","@id":"https:\/\/www.kress.com\/de-de\/#\/schema\/logo\/image\/","url":"https:\/\/www.kress.com\/wp-content\/uploads\/2024\/02\/logo.png","contentUrl":"https:\/\/www.kress.com\/wp-content\/uploads\/2024\/02\/logo.png","width":696,"height":696,"caption":"Kress"},"image":{"@id":"https:\/\/www.kress.com\/de-de\/#\/schema\/logo\/image\/"}}]}},"_links":{"self":[{"href":"https:\/\/www.kress.com\/no-no\/wp-json\/wp\/v2\/product\/491498","targetHints":{"allow":["GET"]}}],"collection":[{"href":"https:\/\/www.kress.com\/no-no\/wp-json\/wp\/v2\/product"}],"about":[{"href":"https:\/\/www.kress.com\/no-no\/wp-json\/wp\/v2\/types\/product"}],"wp:attachment":[{"href":"https:\/\/www.kress.com\/no-no\/wp-json\/wp\/v2\/media?parent=491498"}],"wp:term":[{"taxonomy":"product_brand","embeddable":true,"href":"https:\/\/www.kress.com\/no-no\/wp-json\/wp\/v2\/product_brand?post=491498"},{"taxonomy":"product_cat","embeddable":true,"href":"https:\/\/www.kress.com\/no-no\/wp-json\/wp\/v2\/product_cat?post=491498"},{"taxonomy":"product_tag","embeddable":true,"href":"https:\/\/www.kress.com\/no-no\/wp-json\/wp\/v2\/product_tag?post=491498"}],"curies":[{"name":"wp","href":"https:\/\/api.w.org\/{rel}","templated":true}]}}