{"id":481977,"date":"2025-12-02T10:03:44","date_gmt":"2025-12-02T10:03:44","guid":{"rendered":""},"modified":"2025-12-02T10:00:28","modified_gmt":"2025-12-02T10:00:28","slug":"kr283e","status":"publish","type":"product","link":"https:\/\/www.kress.com\/no-no\/kr283e\/","title":{"rendered":"Kress EyePilot\u00ae 4\u00d74 RTK\u207f 3000 m\u00b2 robotgressklipper"},"content":{"rendered":"<p>Suunniteltu vaativiin ymp\u00e4rist\u00f6ihin. Kress EyePilot\u00ae 4\u00d74 RTK\u207f KR283E hy\u00f6dynt\u00e4\u00e4 RTK\u207f satelliittipaikannusta sek\u00e4 teko\u00e4lyohjattua kamerateknologiaa tarjoten vakaan ja tarkan navigoinnin puutarhassa sek\u00e4 viheralueiden vaativimmissakin maastoissa \u2014 ilman lis\u00e4laitteita ja nelivedolla.<\/p>\n<p>Nelj\u00e4n moottorin voimansiirto saumattomalla moottorikohtaisella tehon hallinnalla s\u00e4ilytt\u00e4\u00e4 pidon ja suunnan rinteiss\u00e4 jopa 84% (\u224840\u00b0) kallistuksissa, kun taas itsen\u00e4iset akselit ja nivelrakenne pit\u00e4v\u00e4t kaikki nelj\u00e4 py\u00f6r\u00e4\u00e4 maassa ja leikkuun tasaisena my\u00f6s ep\u00e4tasaisella alustalla.<\/p>\n<p>Etupy\u00f6r\u00e4ohjaus mahdollistaa tiukat k\u00e4\u00e4nn\u00f6kset vaurioittamatta nurmikkoa, ja jopa 6cm korkeiden pystysuorien esteiden saumattoman ylityksen esimerkiksi kanttivill\u00e4.<\/p>\n<p>RTK\u207f-korjaussignaali toimitetaan langattomasti ja sit\u00e4 vahvistaa erillinen paikannusarkkitehtuuri, jonka ansiosta leikkuri s\u00e4ilytt\u00e4\u00e4 tarkkuuden my\u00f6s silloin, kun satelliittisignaali heikkenee. Yhteys Wi-Fin tai integroidun 4G:n kautta varmistaa jatkuvan toiminnan ilman lis\u00e4maksuja: SIM-kortti ja datapalvelu sis\u00e4ltyv\u00e4t alusta alkaen.<\/p>\n","protected":false},"excerpt":{"rendered":"<p>Suunniteltu vaativiin ymp\u00e4rist\u00f6ihin. Kress EyePilot\u00ae 4\u00d74 RTK\u207f KR283E hy\u00f6dynt\u00e4\u00e4 RTK\u207f satelliittipaikannusta sek\u00e4 teko\u00e4lyohjattua kamerateknologiaa tarjoten vakaan ja tarkan navigoinnin puutarhassa sek\u00e4 viheralueiden vaativimmissakin maastoissa \u2014 ilman lis\u00e4laitteita ja nelivedolla. Nelj\u00e4n moottorin voimansiirto saumattomalla moottorikohtaisella tehon hallinnalla s\u00e4ilytt\u00e4\u00e4 pidon ja suunnan rinteiss\u00e4 jopa 84% (\u224840\u00b0) kallistuksissa, kun taas itsen\u00e4iset akselit ja nivelrakenne pit\u00e4v\u00e4t kaikki nelj\u00e4 py\u00f6r\u00e4\u00e4 [&hellip;]<\/p>\n","protected":false},"featured_media":522570,"template":"","meta":{"_acf_changed":false},"product_brand":[],"product_cat":[],"product_tag":[],"class_list":{"0":"post-481977","1":"product","2":"type-product","3":"status-publish","4":"has-post-thumbnail","7":"first","8":"instock","9":"shipping-taxable","10":"purchasable","11":"product-type-simple"},"acf":[],"yoast_head":"<!-- This site is optimized with the Yoast SEO Premium plugin v26.5 (Yoast SEO v27.0) - https:\/\/yoast.com\/product\/yoast-seo-premium-wordpress\/ -->\n<title>Kress EyePilot\u00ae 4\u00d74 RTK\u207f 3000 m\u00b2 robotgressklipper | Kress<\/title>\n<meta name=\"robots\" content=\"index, follow, max-snippet:-1, max-image-preview:large, max-video-preview:-1\" \/>\n<meta property=\"og:locale\" content=\"en_US\" \/>\n<meta property=\"og:type\" content=\"article\" \/>\n<meta property=\"og:title\" content=\"Kress EyePilot\u00ae 4\u00d74 RTK\u207f 3000 m\u00b2 robotgressklipper\" \/>\n<meta property=\"og:description\" content=\"Suunniteltu vaativiin ymp\u00e4rist\u00f6ihin. Kress EyePilot\u00ae 4\u00d74 RTK\u207f KR283E hy\u00f6dynt\u00e4\u00e4 RTK\u207f satelliittipaikannusta sek\u00e4 teko\u00e4lyohjattua kamerateknologiaa tarjoten vakaan ja tarkan navigoinnin puutarhassa sek\u00e4 viheralueiden vaativimmissakin maastoissa \u2014 ilman lis\u00e4laitteita ja nelivedolla. Nelj\u00e4n moottorin voimansiirto saumattomalla moottorikohtaisella tehon hallinnalla s\u00e4ilytt\u00e4\u00e4 pidon ja suunnan rinteiss\u00e4 jopa 84% (\u224840\u00b0) kallistuksissa, kun taas itsen\u00e4iset akselit ja nivelrakenne pit\u00e4v\u00e4t kaikki nelj\u00e4 py\u00f6r\u00e4\u00e4 [&hellip;]\" \/>\n<meta property=\"og:url\" content=\"https:\/\/www.kress.com\/en-gb\/?post_type=product&amp;p=481953\" \/>\n<meta property=\"og:site_name\" content=\"Kress\" \/>\n<meta property=\"og:image\" content=\"https:\/\/www.kress.com\/wp-content\/uploads\/2024\/02\/logo_long.png\" \/>\n\t<meta property=\"og:image:width\" content=\"1200\" \/>\n\t<meta property=\"og:image:height\" content=\"675\" \/>\n\t<meta property=\"og:image:type\" content=\"image\/png\" \/>\n<meta name=\"twitter:card\" content=\"summary_large_image\" \/>\n<meta name=\"twitter:label1\" content=\"Est. reading time\" \/>\n\t<meta name=\"twitter:data1\" content=\"1 minute\" \/>\n<script type=\"application\/ld+json\" class=\"yoast-schema-graph\">{\"@context\":\"https:\/\/schema.org\",\"@graph\":[{\"@type\":\"WebPage\",\"@id\":\"https:\/\/www.kress.com\/en-gb\/?post_type=product&p=481953\",\"url\":\"https:\/\/www.kress.com\/en-gb\/?post_type=product&p=481953\",\"name\":\"Kress EyePilot\u00ae 4\u00d74 RTK\u207f 3000 m\u00b2 robotgressklipper | Kress\",\"isPartOf\":{\"@id\":\"https:\/\/www.kress.com\/de-de\/#website\"},\"primaryImageOfPage\":{\"@id\":\"https:\/\/www.kress.com\/en-gb\/?post_type=product&p=481953#primaryimage\"},\"image\":{\"@id\":\"https:\/\/www.kress.com\/en-gb\/?post_type=product&p=481953#primaryimage\"},\"thumbnailUrl\":\"https:\/\/www.kress.com\/wp-content\/uploads\/onpage\/op_image_8b395b2651412d1cfe66cc6d6ec6e537e3ec5938.1980x.webp\",\"datePublished\":\"2025-12-02T10:03:44+00:00\",\"breadcrumb\":{\"@id\":\"https:\/\/www.kress.com\/en-gb\/?post_type=product&p=481953#breadcrumb\"},\"inLanguage\":\"no-NO\",\"potentialAction\":[{\"@type\":\"ReadAction\",\"target\":[\"https:\/\/www.kress.com\/en-gb\/?post_type=product&p=481953\"]}]},{\"@type\":\"ImageObject\",\"inLanguage\":\"no-NO\",\"@id\":\"https:\/\/www.kress.com\/en-gb\/?post_type=product&p=481953#primaryimage\",\"url\":\"https:\/\/www.kress.com\/wp-content\/uploads\/onpage\/op_image_8b395b2651412d1cfe66cc6d6ec6e537e3ec5938.1980x.webp\",\"contentUrl\":\"https:\/\/www.kress.com\/wp-content\/uploads\/onpage\/op_image_8b395b2651412d1cfe66cc6d6ec6e537e3ec5938.1980x.webp\",\"width\":1980,\"height\":1980},{\"@type\":\"BreadcrumbList\",\"@id\":\"https:\/\/www.kress.com\/en-gb\/?post_type=product&p=481953#breadcrumb\",\"itemListElement\":[{\"@type\":\"ListItem\",\"position\":1,\"name\":\"Home\",\"item\":\"https:\/\/www.kress.com\/no-no\/\"},{\"@type\":\"ListItem\",\"position\":2,\"name\":\"Produits\",\"item\":\"https:\/\/www.kress.com\/fr-fr\/shop\/\"},{\"@type\":\"ListItem\",\"position\":3,\"name\":\"KR283E\"}]},{\"@type\":\"WebSite\",\"@id\":\"https:\/\/www.kress.com\/de-de\/#website\",\"url\":\"https:\/\/www.kress.com\/de-de\/\",\"name\":\"Kress\",\"description\":\"\",\"publisher\":{\"@id\":\"https:\/\/www.kress.com\/de-de\/#organization\"},\"potentialAction\":[{\"@type\":\"SearchAction\",\"target\":{\"@type\":\"EntryPoint\",\"urlTemplate\":\"https:\/\/www.kress.com\/de-de\/?s={search_term_string}\"},\"query-input\":{\"@type\":\"PropertyValueSpecification\",\"valueRequired\":true,\"valueName\":\"search_term_string\"}}],\"inLanguage\":\"no-NO\"},{\"@type\":\"Organization\",\"@id\":\"https:\/\/www.kress.com\/de-de\/#organization\",\"name\":\"Kress\",\"url\":\"https:\/\/www.kress.com\/de-de\/\",\"logo\":{\"@type\":\"ImageObject\",\"inLanguage\":\"no-NO\",\"@id\":\"https:\/\/www.kress.com\/de-de\/#\/schema\/logo\/image\/\",\"url\":\"https:\/\/www.kress.com\/wp-content\/uploads\/2024\/02\/logo.png\",\"contentUrl\":\"https:\/\/www.kress.com\/wp-content\/uploads\/2024\/02\/logo.png\",\"width\":696,\"height\":696,\"caption\":\"Kress\"},\"image\":{\"@id\":\"https:\/\/www.kress.com\/de-de\/#\/schema\/logo\/image\/\"}}]}<\/script>\n<!-- \/ Yoast SEO Premium plugin. -->","yoast_head_json":{"title":"Kress EyePilot\u00ae 4\u00d74 RTK\u207f 3000 m\u00b2 robotgressklipper | Kress","robots":{"index":"index","follow":"follow","max-snippet":"max-snippet:-1","max-image-preview":"max-image-preview:large","max-video-preview":"max-video-preview:-1"},"og_locale":"en_US","og_type":"article","og_title":"Kress EyePilot\u00ae 4\u00d74 RTK\u207f 3000 m\u00b2 robotgressklipper","og_description":"Suunniteltu vaativiin ymp\u00e4rist\u00f6ihin. Kress EyePilot\u00ae 4\u00d74 RTK\u207f KR283E hy\u00f6dynt\u00e4\u00e4 RTK\u207f satelliittipaikannusta sek\u00e4 teko\u00e4lyohjattua kamerateknologiaa tarjoten vakaan ja tarkan navigoinnin puutarhassa sek\u00e4 viheralueiden vaativimmissakin maastoissa \u2014 ilman lis\u00e4laitteita ja nelivedolla. Nelj\u00e4n moottorin voimansiirto saumattomalla moottorikohtaisella tehon hallinnalla s\u00e4ilytt\u00e4\u00e4 pidon ja suunnan rinteiss\u00e4 jopa 84% (\u224840\u00b0) kallistuksissa, kun taas itsen\u00e4iset akselit ja nivelrakenne pit\u00e4v\u00e4t kaikki nelj\u00e4 py\u00f6r\u00e4\u00e4 [&hellip;]","og_url":"https:\/\/www.kress.com\/en-gb\/?post_type=product&p=481953","og_site_name":"Kress","og_image":[{"width":1200,"height":675,"url":"https:\/\/www.kress.com\/wp-content\/uploads\/2024\/02\/logo_long.png","type":"image\/png"}],"twitter_card":"summary_large_image","twitter_misc":{"Est. reading time":"1 minute"},"schema":{"@context":"https:\/\/schema.org","@graph":[{"@type":"WebPage","@id":"https:\/\/www.kress.com\/en-gb\/?post_type=product&p=481953","url":"https:\/\/www.kress.com\/en-gb\/?post_type=product&p=481953","name":"Kress EyePilot\u00ae 4\u00d74 RTK\u207f 3000 m\u00b2 robotgressklipper | Kress","isPartOf":{"@id":"https:\/\/www.kress.com\/de-de\/#website"},"primaryImageOfPage":{"@id":"https:\/\/www.kress.com\/en-gb\/?post_type=product&p=481953#primaryimage"},"image":{"@id":"https:\/\/www.kress.com\/en-gb\/?post_type=product&p=481953#primaryimage"},"thumbnailUrl":"https:\/\/www.kress.com\/wp-content\/uploads\/onpage\/op_image_8b395b2651412d1cfe66cc6d6ec6e537e3ec5938.1980x.webp","datePublished":"2025-12-02T10:03:44+00:00","breadcrumb":{"@id":"https:\/\/www.kress.com\/en-gb\/?post_type=product&p=481953#breadcrumb"},"inLanguage":"no-NO","potentialAction":[{"@type":"ReadAction","target":["https:\/\/www.kress.com\/en-gb\/?post_type=product&p=481953"]}]},{"@type":"ImageObject","inLanguage":"no-NO","@id":"https:\/\/www.kress.com\/en-gb\/?post_type=product&p=481953#primaryimage","url":"https:\/\/www.kress.com\/wp-content\/uploads\/onpage\/op_image_8b395b2651412d1cfe66cc6d6ec6e537e3ec5938.1980x.webp","contentUrl":"https:\/\/www.kress.com\/wp-content\/uploads\/onpage\/op_image_8b395b2651412d1cfe66cc6d6ec6e537e3ec5938.1980x.webp","width":1980,"height":1980},{"@type":"BreadcrumbList","@id":"https:\/\/www.kress.com\/en-gb\/?post_type=product&p=481953#breadcrumb","itemListElement":[{"@type":"ListItem","position":1,"name":"Home","item":"https:\/\/www.kress.com\/no-no\/"},{"@type":"ListItem","position":2,"name":"Produits","item":"https:\/\/www.kress.com\/fr-fr\/shop\/"},{"@type":"ListItem","position":3,"name":"KR283E"}]},{"@type":"WebSite","@id":"https:\/\/www.kress.com\/de-de\/#website","url":"https:\/\/www.kress.com\/de-de\/","name":"Kress","description":"","publisher":{"@id":"https:\/\/www.kress.com\/de-de\/#organization"},"potentialAction":[{"@type":"SearchAction","target":{"@type":"EntryPoint","urlTemplate":"https:\/\/www.kress.com\/de-de\/?s={search_term_string}"},"query-input":{"@type":"PropertyValueSpecification","valueRequired":true,"valueName":"search_term_string"}}],"inLanguage":"no-NO"},{"@type":"Organization","@id":"https:\/\/www.kress.com\/de-de\/#organization","name":"Kress","url":"https:\/\/www.kress.com\/de-de\/","logo":{"@type":"ImageObject","inLanguage":"no-NO","@id":"https:\/\/www.kress.com\/de-de\/#\/schema\/logo\/image\/","url":"https:\/\/www.kress.com\/wp-content\/uploads\/2024\/02\/logo.png","contentUrl":"https:\/\/www.kress.com\/wp-content\/uploads\/2024\/02\/logo.png","width":696,"height":696,"caption":"Kress"},"image":{"@id":"https:\/\/www.kress.com\/de-de\/#\/schema\/logo\/image\/"}}]}},"_links":{"self":[{"href":"https:\/\/www.kress.com\/no-no\/wp-json\/wp\/v2\/product\/481977","targetHints":{"allow":["GET"]}}],"collection":[{"href":"https:\/\/www.kress.com\/no-no\/wp-json\/wp\/v2\/product"}],"about":[{"href":"https:\/\/www.kress.com\/no-no\/wp-json\/wp\/v2\/types\/product"}],"wp:featuredmedia":[{"embeddable":true,"href":"https:\/\/www.kress.com\/no-no\/wp-json\/wp\/v2\/media\/522570"}],"wp:attachment":[{"href":"https:\/\/www.kress.com\/no-no\/wp-json\/wp\/v2\/media?parent=481977"}],"wp:term":[{"taxonomy":"product_brand","embeddable":true,"href":"https:\/\/www.kress.com\/no-no\/wp-json\/wp\/v2\/product_brand?post=481977"},{"taxonomy":"product_cat","embeddable":true,"href":"https:\/\/www.kress.com\/no-no\/wp-json\/wp\/v2\/product_cat?post=481977"},{"taxonomy":"product_tag","embeddable":true,"href":"https:\/\/www.kress.com\/no-no\/wp-json\/wp\/v2\/product_tag?post=481977"}],"curies":[{"name":"wp","href":"https:\/\/api.w.org\/{rel}","templated":true}]}}