{"id":481032,"date":"2025-12-01T10:03:32","date_gmt":"2025-12-01T10:03:32","guid":{"rendered":""},"modified":"2025-12-01T10:00:22","modified_gmt":"2025-12-01T10:00:22","slug":"kr274e","status":"publish","type":"product","link":"https:\/\/www.kress.com\/no-no\/kr274e\/","title":{"rendered":"Kress EyePilot\u00ae RTK\u207f 5000 m\u00b2 robotgressklipper med ZeroTrim og integrert 4G"},"content":{"rendered":"<p>Suunniteltu golfkentt\u00e4tasoiseen nurmikonhoitoon, Kress EyePilot\u00ae RTK\u207f KR274E hy\u00f6dynt\u00e4\u00e4 RTK\u207f satelliittipaikannusta sek\u00e4 teko\u00e4lyohjattua kamerateknologiaa tarjoten vakaan ja tarkan navigoinnin puutarhassa ja viheralueilla \u2014 ilman lis\u00e4laitteita.<\/p>\n<p>RTK\u207f-korjaussignaali toimitetaan langattomasti ja sit\u00e4 vahvistaa erillinen paikannusarkkitehtuuri, jonka ansiosta leikkuri s\u00e4ilytt\u00e4\u00e4 tarkkuuden my\u00f6s silloin, kun satelliittisignaali heikkenee.<\/p>\n<p>ZeroTrim-leikkuuj\u00e4rjestelm\u00e4 tuottaa siistin ja tarkan reunaleikkuun ja v\u00e4hent\u00e4\u00e4 manuaalisen viimeistelyn tarvetta. Leikkuukuvioksi voidaan valita muun muassa viivasuorat raidat tai luonnollisempi ep\u00e4s\u00e4\u00e4nn\u00f6llinen leikkuu.<\/p>\n<p>EyePilot pysyy luotettavasti yhteydess\u00e4 Wi-Fi:n tai integroidun 4G:n kautta. Ilman lis\u00e4kustannuksia mukana toimitetaan sis\u00e4\u00e4nrakennettu SIM-kortti ja aktiivinen datapalvelu, joten EyePilot pysyy aina yhdistettyn\u00e4, p\u00e4ivitettyn\u00e4 ja seurattavana.<\/p>\n","protected":false},"excerpt":{"rendered":"<p>Suunniteltu golfkentt\u00e4tasoiseen nurmikonhoitoon, Kress EyePilot\u00ae RTK\u207f KR274E hy\u00f6dynt\u00e4\u00e4 RTK\u207f satelliittipaikannusta sek\u00e4 teko\u00e4lyohjattua kamerateknologiaa tarjoten vakaan ja tarkan navigoinnin puutarhassa ja viheralueilla \u2014 ilman lis\u00e4laitteita. RTK\u207f-korjaussignaali toimitetaan langattomasti ja sit\u00e4 vahvistaa erillinen paikannusarkkitehtuuri, jonka ansiosta leikkuri s\u00e4ilytt\u00e4\u00e4 tarkkuuden my\u00f6s silloin, kun satelliittisignaali heikkenee. ZeroTrim-leikkuuj\u00e4rjestelm\u00e4 tuottaa siistin ja tarkan reunaleikkuun ja v\u00e4hent\u00e4\u00e4 manuaalisen viimeistelyn tarvetta. Leikkuukuvioksi voidaan [&hellip;]<\/p>\n","protected":false},"featured_media":522466,"template":"","meta":{"_acf_changed":false},"product_brand":[],"product_cat":[],"product_tag":[],"class_list":{"0":"post-481032","1":"product","2":"type-product","3":"status-publish","4":"has-post-thumbnail","7":"first","8":"instock","9":"shipping-taxable","10":"purchasable","11":"product-type-simple"},"acf":[],"yoast_head":"<!-- This site is optimized with the Yoast SEO Premium plugin v26.5 (Yoast SEO v27.0) - https:\/\/yoast.com\/product\/yoast-seo-premium-wordpress\/ -->\n<title>Kress EyePilot\u00ae RTK\u207f 5000 m\u00b2 robotgressklipper med ZeroTrim og integrert 4G | Kress<\/title>\n<meta name=\"robots\" content=\"index, follow, max-snippet:-1, max-image-preview:large, max-video-preview:-1\" \/>\n<meta property=\"og:locale\" content=\"en_US\" \/>\n<meta property=\"og:type\" content=\"article\" \/>\n<meta property=\"og:title\" content=\"Kress EyePilot\u00ae RTK\u207f 5000 m\u00b2 robotgressklipper med ZeroTrim og integrert 4G\" \/>\n<meta property=\"og:description\" content=\"Suunniteltu golfkentt\u00e4tasoiseen nurmikonhoitoon, Kress EyePilot\u00ae RTK\u207f KR274E hy\u00f6dynt\u00e4\u00e4 RTK\u207f satelliittipaikannusta sek\u00e4 teko\u00e4lyohjattua kamerateknologiaa tarjoten vakaan ja tarkan navigoinnin puutarhassa ja viheralueilla \u2014 ilman lis\u00e4laitteita. RTK\u207f-korjaussignaali toimitetaan langattomasti ja sit\u00e4 vahvistaa erillinen paikannusarkkitehtuuri, jonka ansiosta leikkuri s\u00e4ilytt\u00e4\u00e4 tarkkuuden my\u00f6s silloin, kun satelliittisignaali heikkenee. ZeroTrim-leikkuuj\u00e4rjestelm\u00e4 tuottaa siistin ja tarkan reunaleikkuun ja v\u00e4hent\u00e4\u00e4 manuaalisen viimeistelyn tarvetta. Leikkuukuvioksi voidaan [&hellip;]\" \/>\n<meta property=\"og:url\" content=\"https:\/\/www.kress.com\/en-gb\/?post_type=product&amp;p=481008\" \/>\n<meta property=\"og:site_name\" content=\"Kress\" \/>\n<meta property=\"og:image\" content=\"https:\/\/www.kress.com\/wp-content\/uploads\/2024\/02\/logo_long.png\" \/>\n\t<meta property=\"og:image:width\" content=\"1200\" \/>\n\t<meta property=\"og:image:height\" content=\"675\" \/>\n\t<meta property=\"og:image:type\" content=\"image\/png\" \/>\n<meta name=\"twitter:card\" content=\"summary_large_image\" \/>\n<meta name=\"twitter:label1\" content=\"Est. reading time\" \/>\n\t<meta name=\"twitter:data1\" content=\"1 minute\" \/>\n<script type=\"application\/ld+json\" class=\"yoast-schema-graph\">{\"@context\":\"https:\/\/schema.org\",\"@graph\":[{\"@type\":\"WebPage\",\"@id\":\"https:\/\/www.kress.com\/en-gb\/?post_type=product&p=481008\",\"url\":\"https:\/\/www.kress.com\/en-gb\/?post_type=product&p=481008\",\"name\":\"Kress EyePilot\u00ae RTK\u207f 5000 m\u00b2 robotgressklipper med ZeroTrim og integrert 4G | Kress\",\"isPartOf\":{\"@id\":\"https:\/\/www.kress.com\/de-de\/#website\"},\"primaryImageOfPage\":{\"@id\":\"https:\/\/www.kress.com\/en-gb\/?post_type=product&p=481008#primaryimage\"},\"image\":{\"@id\":\"https:\/\/www.kress.com\/en-gb\/?post_type=product&p=481008#primaryimage\"},\"thumbnailUrl\":\"https:\/\/www.kress.com\/wp-content\/uploads\/onpage\/op_image_c90d7327007fe4bc9e97c7c7df690d28d8940c93.1980x.webp\",\"datePublished\":\"2025-12-01T10:03:32+00:00\",\"breadcrumb\":{\"@id\":\"https:\/\/www.kress.com\/en-gb\/?post_type=product&p=481008#breadcrumb\"},\"inLanguage\":\"no-NO\",\"potentialAction\":[{\"@type\":\"ReadAction\",\"target\":[\"https:\/\/www.kress.com\/en-gb\/?post_type=product&p=481008\"]}]},{\"@type\":\"ImageObject\",\"inLanguage\":\"no-NO\",\"@id\":\"https:\/\/www.kress.com\/en-gb\/?post_type=product&p=481008#primaryimage\",\"url\":\"https:\/\/www.kress.com\/wp-content\/uploads\/onpage\/op_image_c90d7327007fe4bc9e97c7c7df690d28d8940c93.1980x.webp\",\"contentUrl\":\"https:\/\/www.kress.com\/wp-content\/uploads\/onpage\/op_image_c90d7327007fe4bc9e97c7c7df690d28d8940c93.1980x.webp\",\"width\":1980,\"height\":1980},{\"@type\":\"BreadcrumbList\",\"@id\":\"https:\/\/www.kress.com\/en-gb\/?post_type=product&p=481008#breadcrumb\",\"itemListElement\":[{\"@type\":\"ListItem\",\"position\":1,\"name\":\"Home\",\"item\":\"https:\/\/www.kress.com\/no-no\/\"},{\"@type\":\"ListItem\",\"position\":2,\"name\":\"Produits\",\"item\":\"https:\/\/www.kress.com\/fr-fr\/shop\/\"},{\"@type\":\"ListItem\",\"position\":3,\"name\":\"KR274E\"}]},{\"@type\":\"WebSite\",\"@id\":\"https:\/\/www.kress.com\/de-de\/#website\",\"url\":\"https:\/\/www.kress.com\/de-de\/\",\"name\":\"Kress\",\"description\":\"\",\"publisher\":{\"@id\":\"https:\/\/www.kress.com\/de-de\/#organization\"},\"potentialAction\":[{\"@type\":\"SearchAction\",\"target\":{\"@type\":\"EntryPoint\",\"urlTemplate\":\"https:\/\/www.kress.com\/de-de\/?s={search_term_string}\"},\"query-input\":{\"@type\":\"PropertyValueSpecification\",\"valueRequired\":true,\"valueName\":\"search_term_string\"}}],\"inLanguage\":\"no-NO\"},{\"@type\":\"Organization\",\"@id\":\"https:\/\/www.kress.com\/de-de\/#organization\",\"name\":\"Kress\",\"url\":\"https:\/\/www.kress.com\/de-de\/\",\"logo\":{\"@type\":\"ImageObject\",\"inLanguage\":\"no-NO\",\"@id\":\"https:\/\/www.kress.com\/de-de\/#\/schema\/logo\/image\/\",\"url\":\"https:\/\/www.kress.com\/wp-content\/uploads\/2024\/02\/logo.png\",\"contentUrl\":\"https:\/\/www.kress.com\/wp-content\/uploads\/2024\/02\/logo.png\",\"width\":696,\"height\":696,\"caption\":\"Kress\"},\"image\":{\"@id\":\"https:\/\/www.kress.com\/de-de\/#\/schema\/logo\/image\/\"}}]}<\/script>\n<!-- \/ Yoast SEO Premium plugin. -->","yoast_head_json":{"title":"Kress EyePilot\u00ae RTK\u207f 5000 m\u00b2 robotgressklipper med ZeroTrim og integrert 4G | Kress","robots":{"index":"index","follow":"follow","max-snippet":"max-snippet:-1","max-image-preview":"max-image-preview:large","max-video-preview":"max-video-preview:-1"},"og_locale":"en_US","og_type":"article","og_title":"Kress EyePilot\u00ae RTK\u207f 5000 m\u00b2 robotgressklipper med ZeroTrim og integrert 4G","og_description":"Suunniteltu golfkentt\u00e4tasoiseen nurmikonhoitoon, Kress EyePilot\u00ae RTK\u207f KR274E hy\u00f6dynt\u00e4\u00e4 RTK\u207f satelliittipaikannusta sek\u00e4 teko\u00e4lyohjattua kamerateknologiaa tarjoten vakaan ja tarkan navigoinnin puutarhassa ja viheralueilla \u2014 ilman lis\u00e4laitteita. RTK\u207f-korjaussignaali toimitetaan langattomasti ja sit\u00e4 vahvistaa erillinen paikannusarkkitehtuuri, jonka ansiosta leikkuri s\u00e4ilytt\u00e4\u00e4 tarkkuuden my\u00f6s silloin, kun satelliittisignaali heikkenee. ZeroTrim-leikkuuj\u00e4rjestelm\u00e4 tuottaa siistin ja tarkan reunaleikkuun ja v\u00e4hent\u00e4\u00e4 manuaalisen viimeistelyn tarvetta. Leikkuukuvioksi voidaan [&hellip;]","og_url":"https:\/\/www.kress.com\/en-gb\/?post_type=product&p=481008","og_site_name":"Kress","og_image":[{"width":1200,"height":675,"url":"https:\/\/www.kress.com\/wp-content\/uploads\/2024\/02\/logo_long.png","type":"image\/png"}],"twitter_card":"summary_large_image","twitter_misc":{"Est. reading time":"1 minute"},"schema":{"@context":"https:\/\/schema.org","@graph":[{"@type":"WebPage","@id":"https:\/\/www.kress.com\/en-gb\/?post_type=product&p=481008","url":"https:\/\/www.kress.com\/en-gb\/?post_type=product&p=481008","name":"Kress EyePilot\u00ae RTK\u207f 5000 m\u00b2 robotgressklipper med ZeroTrim og integrert 4G | Kress","isPartOf":{"@id":"https:\/\/www.kress.com\/de-de\/#website"},"primaryImageOfPage":{"@id":"https:\/\/www.kress.com\/en-gb\/?post_type=product&p=481008#primaryimage"},"image":{"@id":"https:\/\/www.kress.com\/en-gb\/?post_type=product&p=481008#primaryimage"},"thumbnailUrl":"https:\/\/www.kress.com\/wp-content\/uploads\/onpage\/op_image_c90d7327007fe4bc9e97c7c7df690d28d8940c93.1980x.webp","datePublished":"2025-12-01T10:03:32+00:00","breadcrumb":{"@id":"https:\/\/www.kress.com\/en-gb\/?post_type=product&p=481008#breadcrumb"},"inLanguage":"no-NO","potentialAction":[{"@type":"ReadAction","target":["https:\/\/www.kress.com\/en-gb\/?post_type=product&p=481008"]}]},{"@type":"ImageObject","inLanguage":"no-NO","@id":"https:\/\/www.kress.com\/en-gb\/?post_type=product&p=481008#primaryimage","url":"https:\/\/www.kress.com\/wp-content\/uploads\/onpage\/op_image_c90d7327007fe4bc9e97c7c7df690d28d8940c93.1980x.webp","contentUrl":"https:\/\/www.kress.com\/wp-content\/uploads\/onpage\/op_image_c90d7327007fe4bc9e97c7c7df690d28d8940c93.1980x.webp","width":1980,"height":1980},{"@type":"BreadcrumbList","@id":"https:\/\/www.kress.com\/en-gb\/?post_type=product&p=481008#breadcrumb","itemListElement":[{"@type":"ListItem","position":1,"name":"Home","item":"https:\/\/www.kress.com\/no-no\/"},{"@type":"ListItem","position":2,"name":"Produits","item":"https:\/\/www.kress.com\/fr-fr\/shop\/"},{"@type":"ListItem","position":3,"name":"KR274E"}]},{"@type":"WebSite","@id":"https:\/\/www.kress.com\/de-de\/#website","url":"https:\/\/www.kress.com\/de-de\/","name":"Kress","description":"","publisher":{"@id":"https:\/\/www.kress.com\/de-de\/#organization"},"potentialAction":[{"@type":"SearchAction","target":{"@type":"EntryPoint","urlTemplate":"https:\/\/www.kress.com\/de-de\/?s={search_term_string}"},"query-input":{"@type":"PropertyValueSpecification","valueRequired":true,"valueName":"search_term_string"}}],"inLanguage":"no-NO"},{"@type":"Organization","@id":"https:\/\/www.kress.com\/de-de\/#organization","name":"Kress","url":"https:\/\/www.kress.com\/de-de\/","logo":{"@type":"ImageObject","inLanguage":"no-NO","@id":"https:\/\/www.kress.com\/de-de\/#\/schema\/logo\/image\/","url":"https:\/\/www.kress.com\/wp-content\/uploads\/2024\/02\/logo.png","contentUrl":"https:\/\/www.kress.com\/wp-content\/uploads\/2024\/02\/logo.png","width":696,"height":696,"caption":"Kress"},"image":{"@id":"https:\/\/www.kress.com\/de-de\/#\/schema\/logo\/image\/"}}]}},"_links":{"self":[{"href":"https:\/\/www.kress.com\/no-no\/wp-json\/wp\/v2\/product\/481032","targetHints":{"allow":["GET"]}}],"collection":[{"href":"https:\/\/www.kress.com\/no-no\/wp-json\/wp\/v2\/product"}],"about":[{"href":"https:\/\/www.kress.com\/no-no\/wp-json\/wp\/v2\/types\/product"}],"wp:featuredmedia":[{"embeddable":true,"href":"https:\/\/www.kress.com\/no-no\/wp-json\/wp\/v2\/media\/522466"}],"wp:attachment":[{"href":"https:\/\/www.kress.com\/no-no\/wp-json\/wp\/v2\/media?parent=481032"}],"wp:term":[{"taxonomy":"product_brand","embeddable":true,"href":"https:\/\/www.kress.com\/no-no\/wp-json\/wp\/v2\/product_brand?post=481032"},{"taxonomy":"product_cat","embeddable":true,"href":"https:\/\/www.kress.com\/no-no\/wp-json\/wp\/v2\/product_cat?post=481032"},{"taxonomy":"product_tag","embeddable":true,"href":"https:\/\/www.kress.com\/no-no\/wp-json\/wp\/v2\/product_tag?post=481032"}],"curies":[{"name":"wp","href":"https:\/\/api.w.org\/{rel}","templated":true}]}}