{"id":42272,"date":"2024-03-26T08:17:12","date_gmt":"2024-03-26T08:17:12","guid":{"rendered":""},"modified":"2025-10-17T10:00:22","modified_gmt":"2025-10-17T10:00:22","slug":"60-v-snofreser-av-hoy-kvalitet-kg470-9","status":"publish","type":"product","link":"https:\/\/www.kress.com\/no-no\/60-v-snofreser-av-hoy-kvalitet-kg470-9\/","title":{"rendered":"Profesjonell 60 V sn\u00f8freser av h\u00f8y kvalitet"},"content":{"rendered":"<p>Kress KG470 2-trinns sn\u00f8freser er konstruert for h\u00f8y ytelse under t\u00f8ffe vinterforhold, og er i stand til \u00e5 rydde opptil 10 cm sn\u00f8 over en oppkj\u00f8rsel for 12 biler p\u00e5 \u00e9n lading. Det selvg\u00e5ende drivsystemet beveger seg jevnt forover og bakover, drevet av to b\u00f8rstel\u00f8se motorer som h\u00e5ndterer b\u00e5de br\u00f8yting og fremdrift uten problemer. Brukervennlige funksjoner, som enh\u00e5ndsbetjening via et intuitivt kontrollpanel og en 2-i-1-utkastkontroll, gj\u00f8r at du kan dirigere sn\u00f8en med presisjon og effektivitet.<\/p>\n","protected":false},"excerpt":{"rendered":"<p>Kress KG470 2-trinns sn\u00f8freser er konstruert for h\u00f8y ytelse under t\u00f8ffe vinterforhold, og er i stand til \u00e5 rydde opptil 10 cm sn\u00f8 over en oppkj\u00f8rsel for 12 biler p\u00e5 \u00e9n lading. Det selvg\u00e5ende drivsystemet beveger seg jevnt forover og bakover, drevet av to b\u00f8rstel\u00f8se motorer som h\u00e5ndterer b\u00e5de br\u00f8yting og fremdrift uten problemer. Brukervennlige [&hellip;]<\/p>\n","protected":false},"featured_media":413896,"template":"","meta":{"_acf_changed":false},"product_brand":[],"product_cat":[],"product_tag":[],"class_list":{"0":"post-42272","1":"product","2":"type-product","3":"status-publish","4":"has-post-thumbnail","7":"first","8":"instock","9":"shipping-taxable","10":"product-type-simple"},"acf":[],"yoast_head":"<!-- This site is optimized with the Yoast SEO Premium plugin v26.5 (Yoast SEO v27.0) - https:\/\/yoast.com\/product\/yoast-seo-premium-wordpress\/ -->\n<title>Profesjonell 60 V sn\u00f8freser av h\u00f8y kvalitet | Kress<\/title>\n<meta name=\"robots\" content=\"index, follow, max-snippet:-1, max-image-preview:large, max-video-preview:-1\" \/>\n<meta property=\"og:locale\" content=\"en_US\" \/>\n<meta property=\"og:type\" content=\"article\" \/>\n<meta property=\"og:title\" content=\"Profesjonell 60 V sn\u00f8freser av h\u00f8y kvalitet\" \/>\n<meta property=\"og:description\" content=\"Kress KG470 2-trinns sn\u00f8freser er konstruert for h\u00f8y ytelse under t\u00f8ffe vinterforhold, og er i stand til \u00e5 rydde opptil 10 cm sn\u00f8 over en oppkj\u00f8rsel for 12 biler p\u00e5 \u00e9n lading. Det selvg\u00e5ende drivsystemet beveger seg jevnt forover og bakover, drevet av to b\u00f8rstel\u00f8se motorer som h\u00e5ndterer b\u00e5de br\u00f8yting og fremdrift uten problemer. Brukervennlige [&hellip;]\" \/>\n<meta property=\"og:url\" content=\"https:\/\/www.kress.com\/no-no\/60-v-snofreser-av-hoy-kvalitet-kg470-9\/\" \/>\n<meta property=\"og:site_name\" content=\"Kress\" \/>\n<meta property=\"article:modified_time\" content=\"2025-10-17T10:00:22+00:00\" \/>\n<meta property=\"og:image\" content=\"https:\/\/www.kress.com\/wp-content\/uploads\/2024\/02\/logo_long.png\" \/>\n\t<meta property=\"og:image:width\" content=\"1200\" \/>\n\t<meta property=\"og:image:height\" content=\"675\" \/>\n\t<meta property=\"og:image:type\" content=\"image\/png\" \/>\n<meta name=\"twitter:card\" content=\"summary_large_image\" \/>\n<script type=\"application\/ld+json\" class=\"yoast-schema-graph\">{\"@context\":\"https:\/\/schema.org\",\"@graph\":[{\"@type\":\"WebPage\",\"@id\":\"https:\/\/www.kress.com\/no-no\/60-v-snofreser-av-hoy-kvalitet-kg470-9\/\",\"url\":\"https:\/\/www.kress.com\/no-no\/60-v-snofreser-av-hoy-kvalitet-kg470-9\/\",\"name\":\"Profesjonell 60 V sn\u00f8freser av h\u00f8y kvalitet | Kress\",\"isPartOf\":{\"@id\":\"https:\/\/www.kress.com\/de-de\/#website\"},\"primaryImageOfPage\":{\"@id\":\"https:\/\/www.kress.com\/no-no\/60-v-snofreser-av-hoy-kvalitet-kg470-9\/#primaryimage\"},\"image\":{\"@id\":\"https:\/\/www.kress.com\/no-no\/60-v-snofreser-av-hoy-kvalitet-kg470-9\/#primaryimage\"},\"thumbnailUrl\":\"https:\/\/www.kress.com\/wp-content\/uploads\/onpage\/op_image_e15b64602136e47de188e0157a51b2c3243c1e90.1980x.webp\",\"datePublished\":\"2024-03-26T08:17:12+00:00\",\"dateModified\":\"2025-10-17T10:00:22+00:00\",\"breadcrumb\":{\"@id\":\"https:\/\/www.kress.com\/no-no\/60-v-snofreser-av-hoy-kvalitet-kg470-9\/#breadcrumb\"},\"inLanguage\":\"no-NO\",\"potentialAction\":[{\"@type\":\"ReadAction\",\"target\":[\"https:\/\/www.kress.com\/no-no\/60-v-snofreser-av-hoy-kvalitet-kg470-9\/\"]}]},{\"@type\":\"ImageObject\",\"inLanguage\":\"no-NO\",\"@id\":\"https:\/\/www.kress.com\/no-no\/60-v-snofreser-av-hoy-kvalitet-kg470-9\/#primaryimage\",\"url\":\"https:\/\/www.kress.com\/wp-content\/uploads\/onpage\/op_image_e15b64602136e47de188e0157a51b2c3243c1e90.1980x.webp\",\"contentUrl\":\"https:\/\/www.kress.com\/wp-content\/uploads\/onpage\/op_image_e15b64602136e47de188e0157a51b2c3243c1e90.1980x.webp\",\"width\":1980,\"height\":1980},{\"@type\":\"BreadcrumbList\",\"@id\":\"https:\/\/www.kress.com\/no-no\/60-v-snofreser-av-hoy-kvalitet-kg470-9\/#breadcrumb\",\"itemListElement\":[{\"@type\":\"ListItem\",\"position\":1,\"name\":\"Home\",\"item\":\"https:\/\/www.kress.com\/no-no\/\"},{\"@type\":\"ListItem\",\"position\":2,\"name\":\"Produits\",\"item\":\"https:\/\/www.kress.com\/fr-fr\/shop\/\"},{\"@type\":\"ListItem\",\"position\":3,\"name\":\"60 V sn\u00f8freser av h\u00f8y kvalitet\"}]},{\"@type\":\"WebSite\",\"@id\":\"https:\/\/www.kress.com\/de-de\/#website\",\"url\":\"https:\/\/www.kress.com\/de-de\/\",\"name\":\"Kress\",\"description\":\"\",\"publisher\":{\"@id\":\"https:\/\/www.kress.com\/de-de\/#organization\"},\"potentialAction\":[{\"@type\":\"SearchAction\",\"target\":{\"@type\":\"EntryPoint\",\"urlTemplate\":\"https:\/\/www.kress.com\/de-de\/?s={search_term_string}\"},\"query-input\":{\"@type\":\"PropertyValueSpecification\",\"valueRequired\":true,\"valueName\":\"search_term_string\"}}],\"inLanguage\":\"no-NO\"},{\"@type\":\"Organization\",\"@id\":\"https:\/\/www.kress.com\/de-de\/#organization\",\"name\":\"Kress\",\"url\":\"https:\/\/www.kress.com\/de-de\/\",\"logo\":{\"@type\":\"ImageObject\",\"inLanguage\":\"no-NO\",\"@id\":\"https:\/\/www.kress.com\/de-de\/#\/schema\/logo\/image\/\",\"url\":\"https:\/\/www.kress.com\/wp-content\/uploads\/2024\/02\/logo.png\",\"contentUrl\":\"https:\/\/www.kress.com\/wp-content\/uploads\/2024\/02\/logo.png\",\"width\":696,\"height\":696,\"caption\":\"Kress\"},\"image\":{\"@id\":\"https:\/\/www.kress.com\/de-de\/#\/schema\/logo\/image\/\"}}]}<\/script>\n<!-- \/ Yoast SEO Premium plugin. -->","yoast_head_json":{"title":"Profesjonell 60 V sn\u00f8freser av h\u00f8y kvalitet | Kress","robots":{"index":"index","follow":"follow","max-snippet":"max-snippet:-1","max-image-preview":"max-image-preview:large","max-video-preview":"max-video-preview:-1"},"og_locale":"en_US","og_type":"article","og_title":"Profesjonell 60 V sn\u00f8freser av h\u00f8y kvalitet","og_description":"Kress KG470 2-trinns sn\u00f8freser er konstruert for h\u00f8y ytelse under t\u00f8ffe vinterforhold, og er i stand til \u00e5 rydde opptil 10 cm sn\u00f8 over en oppkj\u00f8rsel for 12 biler p\u00e5 \u00e9n lading. Det selvg\u00e5ende drivsystemet beveger seg jevnt forover og bakover, drevet av to b\u00f8rstel\u00f8se motorer som h\u00e5ndterer b\u00e5de br\u00f8yting og fremdrift uten problemer. Brukervennlige [&hellip;]","og_url":"https:\/\/www.kress.com\/no-no\/60-v-snofreser-av-hoy-kvalitet-kg470-9\/","og_site_name":"Kress","article_modified_time":"2025-10-17T10:00:22+00:00","og_image":[{"width":1200,"height":675,"url":"https:\/\/www.kress.com\/wp-content\/uploads\/2024\/02\/logo_long.png","type":"image\/png"}],"twitter_card":"summary_large_image","schema":{"@context":"https:\/\/schema.org","@graph":[{"@type":"WebPage","@id":"https:\/\/www.kress.com\/no-no\/60-v-snofreser-av-hoy-kvalitet-kg470-9\/","url":"https:\/\/www.kress.com\/no-no\/60-v-snofreser-av-hoy-kvalitet-kg470-9\/","name":"Profesjonell 60 V sn\u00f8freser av h\u00f8y kvalitet | Kress","isPartOf":{"@id":"https:\/\/www.kress.com\/de-de\/#website"},"primaryImageOfPage":{"@id":"https:\/\/www.kress.com\/no-no\/60-v-snofreser-av-hoy-kvalitet-kg470-9\/#primaryimage"},"image":{"@id":"https:\/\/www.kress.com\/no-no\/60-v-snofreser-av-hoy-kvalitet-kg470-9\/#primaryimage"},"thumbnailUrl":"https:\/\/www.kress.com\/wp-content\/uploads\/onpage\/op_image_e15b64602136e47de188e0157a51b2c3243c1e90.1980x.webp","datePublished":"2024-03-26T08:17:12+00:00","dateModified":"2025-10-17T10:00:22+00:00","breadcrumb":{"@id":"https:\/\/www.kress.com\/no-no\/60-v-snofreser-av-hoy-kvalitet-kg470-9\/#breadcrumb"},"inLanguage":"no-NO","potentialAction":[{"@type":"ReadAction","target":["https:\/\/www.kress.com\/no-no\/60-v-snofreser-av-hoy-kvalitet-kg470-9\/"]}]},{"@type":"ImageObject","inLanguage":"no-NO","@id":"https:\/\/www.kress.com\/no-no\/60-v-snofreser-av-hoy-kvalitet-kg470-9\/#primaryimage","url":"https:\/\/www.kress.com\/wp-content\/uploads\/onpage\/op_image_e15b64602136e47de188e0157a51b2c3243c1e90.1980x.webp","contentUrl":"https:\/\/www.kress.com\/wp-content\/uploads\/onpage\/op_image_e15b64602136e47de188e0157a51b2c3243c1e90.1980x.webp","width":1980,"height":1980},{"@type":"BreadcrumbList","@id":"https:\/\/www.kress.com\/no-no\/60-v-snofreser-av-hoy-kvalitet-kg470-9\/#breadcrumb","itemListElement":[{"@type":"ListItem","position":1,"name":"Home","item":"https:\/\/www.kress.com\/no-no\/"},{"@type":"ListItem","position":2,"name":"Produits","item":"https:\/\/www.kress.com\/fr-fr\/shop\/"},{"@type":"ListItem","position":3,"name":"60 V sn\u00f8freser av h\u00f8y kvalitet"}]},{"@type":"WebSite","@id":"https:\/\/www.kress.com\/de-de\/#website","url":"https:\/\/www.kress.com\/de-de\/","name":"Kress","description":"","publisher":{"@id":"https:\/\/www.kress.com\/de-de\/#organization"},"potentialAction":[{"@type":"SearchAction","target":{"@type":"EntryPoint","urlTemplate":"https:\/\/www.kress.com\/de-de\/?s={search_term_string}"},"query-input":{"@type":"PropertyValueSpecification","valueRequired":true,"valueName":"search_term_string"}}],"inLanguage":"no-NO"},{"@type":"Organization","@id":"https:\/\/www.kress.com\/de-de\/#organization","name":"Kress","url":"https:\/\/www.kress.com\/de-de\/","logo":{"@type":"ImageObject","inLanguage":"no-NO","@id":"https:\/\/www.kress.com\/de-de\/#\/schema\/logo\/image\/","url":"https:\/\/www.kress.com\/wp-content\/uploads\/2024\/02\/logo.png","contentUrl":"https:\/\/www.kress.com\/wp-content\/uploads\/2024\/02\/logo.png","width":696,"height":696,"caption":"Kress"},"image":{"@id":"https:\/\/www.kress.com\/de-de\/#\/schema\/logo\/image\/"}}]}},"_links":{"self":[{"href":"https:\/\/www.kress.com\/no-no\/wp-json\/wp\/v2\/product\/42272","targetHints":{"allow":["GET"]}}],"collection":[{"href":"https:\/\/www.kress.com\/no-no\/wp-json\/wp\/v2\/product"}],"about":[{"href":"https:\/\/www.kress.com\/no-no\/wp-json\/wp\/v2\/types\/product"}],"wp:featuredmedia":[{"embeddable":true,"href":"https:\/\/www.kress.com\/no-no\/wp-json\/wp\/v2\/media\/413896"}],"wp:attachment":[{"href":"https:\/\/www.kress.com\/no-no\/wp-json\/wp\/v2\/media?parent=42272"}],"wp:term":[{"taxonomy":"product_brand","embeddable":true,"href":"https:\/\/www.kress.com\/no-no\/wp-json\/wp\/v2\/product_brand?post=42272"},{"taxonomy":"product_cat","embeddable":true,"href":"https:\/\/www.kress.com\/no-no\/wp-json\/wp\/v2\/product_cat?post=42272"},{"taxonomy":"product_tag","embeddable":true,"href":"https:\/\/www.kress.com\/no-no\/wp-json\/wp\/v2\/product_tag?post=42272"}],"curies":[{"name":"wp","href":"https:\/\/api.w.org\/{rel}","templated":true}]}}