{"id":415826,"date":"2025-04-10T04:30:27","date_gmt":"2025-04-10T02:30:27","guid":{"rendered":""},"modified":"2025-10-17T10:00:22","modified_gmt":"2025-10-17T10:00:22","slug":"kress-rtk%e2%81%bf-16-000-m%c2%b2-robotgressklipper-med-oas-obstacle-avoidance-system-kr234e","status":"publish","type":"product","link":"https:\/\/www.kress.com\/no-no\/kress-rtk%e2%81%bf-16-000-m%c2%b2-robotgressklipper-med-oas-obstacle-avoidance-system-kr234e\/","title":{"rendered":"Kress RTK\u207f 16 000 m\u00b2 robotgressklipper med OAS (Obstacle Avoidance System)"},"content":{"rendered":"<p>KR234E-robotgressklipperen omdefinerer presisjon innen plenpleie med Kress RTK\u207f-teknologi, og introduserer satellittstyrt n\u00f8yaktighet p\u00e5 centimeterniv\u00e5 uten behov for eiendomsspesifikke stasjon\u00e6re antenner. Den er konstruert for store landskap og klipper omr\u00e5der p\u00e5 opptil 24 000<sup>m2<\/sup> med en stripeperfekt finish. KR234E er utstyrt med to lags sylskarpe kniver og et system for \u00e5 unng\u00e5 hindringer, og fungerer effektivt under alle forhold. MAP\u2122 (Mowing Action Plan) og TeamWork\u2122 samarbeidsteknologi s\u00f8rger for s\u00f8ml\u00f8s h\u00e5ndtering av alle typer komplekse gressplener.<\/p>\n","protected":false},"excerpt":{"rendered":"<p>KR234E-robotgressklipperen omdefinerer presisjon innen plenpleie med Kress RTK\u207f-teknologi, og introduserer satellittstyrt n\u00f8yaktighet p\u00e5 centimeterniv\u00e5 uten behov for eiendomsspesifikke stasjon\u00e6re antenner. Den er konstruert for store landskap og klipper omr\u00e5der p\u00e5 opptil 24 000m2 med en stripeperfekt finish. KR234E er utstyrt med to lags sylskarpe kniver og et system for \u00e5 unng\u00e5 hindringer, og fungerer effektivt [&hellip;]<\/p>\n","protected":false},"featured_media":409096,"template":"","meta":{"_acf_changed":false},"product_brand":[],"product_cat":[],"product_tag":[],"class_list":{"0":"post-415826","1":"product","2":"type-product","3":"status-publish","4":"has-post-thumbnail","7":"first","8":"instock","9":"shipping-taxable","10":"purchasable","11":"product-type-simple"},"acf":[],"yoast_head":"<!-- This site is optimized with the Yoast SEO Premium plugin v26.5 (Yoast SEO v27.0) - https:\/\/yoast.com\/product\/yoast-seo-premium-wordpress\/ -->\n<title>Kress RTK\u207f 16 000 m\u00b2 robotgressklipper med OAS (Obstacle Avoidance System) | Kress<\/title>\n<meta name=\"robots\" content=\"index, follow, max-snippet:-1, max-image-preview:large, max-video-preview:-1\" \/>\n<meta property=\"og:locale\" content=\"en_US\" \/>\n<meta property=\"og:type\" content=\"article\" \/>\n<meta property=\"og:title\" content=\"Kress RTK\u207f 16 000 m\u00b2 robotgressklipper med OAS (Obstacle Avoidance System)\" \/>\n<meta property=\"og:description\" content=\"KR234E-robotgressklipperen omdefinerer presisjon innen plenpleie med Kress RTK\u207f-teknologi, og introduserer satellittstyrt n\u00f8yaktighet p\u00e5 centimeterniv\u00e5 uten behov for eiendomsspesifikke stasjon\u00e6re antenner. Den er konstruert for store landskap og klipper omr\u00e5der p\u00e5 opptil 24 000m2 med en stripeperfekt finish. KR234E er utstyrt med to lags sylskarpe kniver og et system for \u00e5 unng\u00e5 hindringer, og fungerer effektivt [&hellip;]\" \/>\n<meta property=\"og:url\" content=\"https:\/\/www.kress.com\/no-no\/kress-rtk\u207f-16-000-m\u00b2-robotgressklipper-med-oas-obstacle-avoidance-system-kr234e\/\" \/>\n<meta property=\"og:site_name\" content=\"Kress\" \/>\n<meta property=\"article:modified_time\" content=\"2025-10-17T10:00:22+00:00\" \/>\n<meta property=\"og:image\" content=\"https:\/\/www.kress.com\/wp-content\/uploads\/onpage\/op_image_aa1f766f53a8b6ef4779d4da6cfe05b23c17d393.1980x.webp\" \/>\n\t<meta property=\"og:image:width\" content=\"1980\" \/>\n\t<meta property=\"og:image:height\" content=\"1980\" \/>\n\t<meta property=\"og:image:type\" content=\"image\/webp\" \/>\n<meta name=\"twitter:card\" content=\"summary_large_image\" \/>\n<script type=\"application\/ld+json\" class=\"yoast-schema-graph\">{\"@context\":\"https:\/\/schema.org\",\"@graph\":[{\"@type\":\"WebPage\",\"@id\":\"https:\/\/www.kress.com\/no-no\/kress-rtk%e2%81%bf-16-000-m%c2%b2-robotgressklipper-med-oas-obstacle-avoidance-system-kr234e\/\",\"url\":\"https:\/\/www.kress.com\/no-no\/kress-rtk%e2%81%bf-16-000-m%c2%b2-robotgressklipper-med-oas-obstacle-avoidance-system-kr234e\/\",\"name\":\"Kress RTK\u207f 16 000 m\u00b2 robotgressklipper med OAS (Obstacle Avoidance System) | Kress\",\"isPartOf\":{\"@id\":\"https:\/\/www.kress.com\/de-de\/#website\"},\"primaryImageOfPage\":{\"@id\":\"https:\/\/www.kress.com\/no-no\/kress-rtk%e2%81%bf-16-000-m%c2%b2-robotgressklipper-med-oas-obstacle-avoidance-system-kr234e\/#primaryimage\"},\"image\":{\"@id\":\"https:\/\/www.kress.com\/no-no\/kress-rtk%e2%81%bf-16-000-m%c2%b2-robotgressklipper-med-oas-obstacle-avoidance-system-kr234e\/#primaryimage\"},\"thumbnailUrl\":\"https:\/\/www.kress.com\/wp-content\/uploads\/onpage\/op_image_aa1f766f53a8b6ef4779d4da6cfe05b23c17d393.1980x.webp\",\"datePublished\":\"2025-04-10T02:30:27+00:00\",\"dateModified\":\"2025-10-17T10:00:22+00:00\",\"breadcrumb\":{\"@id\":\"https:\/\/www.kress.com\/no-no\/kress-rtk%e2%81%bf-16-000-m%c2%b2-robotgressklipper-med-oas-obstacle-avoidance-system-kr234e\/#breadcrumb\"},\"inLanguage\":\"no-NO\",\"potentialAction\":[{\"@type\":\"ReadAction\",\"target\":[\"https:\/\/www.kress.com\/no-no\/kress-rtk%e2%81%bf-16-000-m%c2%b2-robotgressklipper-med-oas-obstacle-avoidance-system-kr234e\/\"]}]},{\"@type\":\"ImageObject\",\"inLanguage\":\"no-NO\",\"@id\":\"https:\/\/www.kress.com\/no-no\/kress-rtk%e2%81%bf-16-000-m%c2%b2-robotgressklipper-med-oas-obstacle-avoidance-system-kr234e\/#primaryimage\",\"url\":\"https:\/\/www.kress.com\/wp-content\/uploads\/onpage\/op_image_aa1f766f53a8b6ef4779d4da6cfe05b23c17d393.1980x.webp\",\"contentUrl\":\"https:\/\/www.kress.com\/wp-content\/uploads\/onpage\/op_image_aa1f766f53a8b6ef4779d4da6cfe05b23c17d393.1980x.webp\",\"width\":1980,\"height\":1980},{\"@type\":\"BreadcrumbList\",\"@id\":\"https:\/\/www.kress.com\/no-no\/kress-rtk%e2%81%bf-16-000-m%c2%b2-robotgressklipper-med-oas-obstacle-avoidance-system-kr234e\/#breadcrumb\",\"itemListElement\":[{\"@type\":\"ListItem\",\"position\":1,\"name\":\"Home\",\"item\":\"https:\/\/www.kress.com\/no-no\/\"},{\"@type\":\"ListItem\",\"position\":2,\"name\":\"Produits\",\"item\":\"https:\/\/www.kress.com\/fr-fr\/shop\/\"},{\"@type\":\"ListItem\",\"position\":3,\"name\":\"Kress RTK\u207f 16 000 m\u00b2 robotgressklipper med OAS (Obstacle Avoidance System)\"}]},{\"@type\":\"WebSite\",\"@id\":\"https:\/\/www.kress.com\/de-de\/#website\",\"url\":\"https:\/\/www.kress.com\/de-de\/\",\"name\":\"Kress\",\"description\":\"\",\"publisher\":{\"@id\":\"https:\/\/www.kress.com\/de-de\/#organization\"},\"potentialAction\":[{\"@type\":\"SearchAction\",\"target\":{\"@type\":\"EntryPoint\",\"urlTemplate\":\"https:\/\/www.kress.com\/de-de\/?s={search_term_string}\"},\"query-input\":{\"@type\":\"PropertyValueSpecification\",\"valueRequired\":true,\"valueName\":\"search_term_string\"}}],\"inLanguage\":\"no-NO\"},{\"@type\":\"Organization\",\"@id\":\"https:\/\/www.kress.com\/de-de\/#organization\",\"name\":\"Kress\",\"url\":\"https:\/\/www.kress.com\/de-de\/\",\"logo\":{\"@type\":\"ImageObject\",\"inLanguage\":\"no-NO\",\"@id\":\"https:\/\/www.kress.com\/de-de\/#\/schema\/logo\/image\/\",\"url\":\"https:\/\/www.kress.com\/wp-content\/uploads\/2024\/02\/logo.png\",\"contentUrl\":\"https:\/\/www.kress.com\/wp-content\/uploads\/2024\/02\/logo.png\",\"width\":696,\"height\":696,\"caption\":\"Kress\"},\"image\":{\"@id\":\"https:\/\/www.kress.com\/de-de\/#\/schema\/logo\/image\/\"}}]}<\/script>\n<!-- \/ Yoast SEO Premium plugin. -->","yoast_head_json":{"title":"Kress RTK\u207f 16 000 m\u00b2 robotgressklipper med OAS (Obstacle Avoidance System) | Kress","robots":{"index":"index","follow":"follow","max-snippet":"max-snippet:-1","max-image-preview":"max-image-preview:large","max-video-preview":"max-video-preview:-1"},"og_locale":"en_US","og_type":"article","og_title":"Kress RTK\u207f 16 000 m\u00b2 robotgressklipper med OAS (Obstacle Avoidance System)","og_description":"KR234E-robotgressklipperen omdefinerer presisjon innen plenpleie med Kress RTK\u207f-teknologi, og introduserer satellittstyrt n\u00f8yaktighet p\u00e5 centimeterniv\u00e5 uten behov for eiendomsspesifikke stasjon\u00e6re antenner. Den er konstruert for store landskap og klipper omr\u00e5der p\u00e5 opptil 24 000m2 med en stripeperfekt finish. KR234E er utstyrt med to lags sylskarpe kniver og et system for \u00e5 unng\u00e5 hindringer, og fungerer effektivt [&hellip;]","og_url":"https:\/\/www.kress.com\/no-no\/kress-rtk\u207f-16-000-m\u00b2-robotgressklipper-med-oas-obstacle-avoidance-system-kr234e\/","og_site_name":"Kress","article_modified_time":"2025-10-17T10:00:22+00:00","og_image":[{"width":1980,"height":1980,"url":"https:\/\/www.kress.com\/wp-content\/uploads\/onpage\/op_image_aa1f766f53a8b6ef4779d4da6cfe05b23c17d393.1980x.webp","type":"image\/webp"}],"twitter_card":"summary_large_image","schema":{"@context":"https:\/\/schema.org","@graph":[{"@type":"WebPage","@id":"https:\/\/www.kress.com\/no-no\/kress-rtk%e2%81%bf-16-000-m%c2%b2-robotgressklipper-med-oas-obstacle-avoidance-system-kr234e\/","url":"https:\/\/www.kress.com\/no-no\/kress-rtk%e2%81%bf-16-000-m%c2%b2-robotgressklipper-med-oas-obstacle-avoidance-system-kr234e\/","name":"Kress RTK\u207f 16 000 m\u00b2 robotgressklipper med OAS (Obstacle Avoidance System) | Kress","isPartOf":{"@id":"https:\/\/www.kress.com\/de-de\/#website"},"primaryImageOfPage":{"@id":"https:\/\/www.kress.com\/no-no\/kress-rtk%e2%81%bf-16-000-m%c2%b2-robotgressklipper-med-oas-obstacle-avoidance-system-kr234e\/#primaryimage"},"image":{"@id":"https:\/\/www.kress.com\/no-no\/kress-rtk%e2%81%bf-16-000-m%c2%b2-robotgressklipper-med-oas-obstacle-avoidance-system-kr234e\/#primaryimage"},"thumbnailUrl":"https:\/\/www.kress.com\/wp-content\/uploads\/onpage\/op_image_aa1f766f53a8b6ef4779d4da6cfe05b23c17d393.1980x.webp","datePublished":"2025-04-10T02:30:27+00:00","dateModified":"2025-10-17T10:00:22+00:00","breadcrumb":{"@id":"https:\/\/www.kress.com\/no-no\/kress-rtk%e2%81%bf-16-000-m%c2%b2-robotgressklipper-med-oas-obstacle-avoidance-system-kr234e\/#breadcrumb"},"inLanguage":"no-NO","potentialAction":[{"@type":"ReadAction","target":["https:\/\/www.kress.com\/no-no\/kress-rtk%e2%81%bf-16-000-m%c2%b2-robotgressklipper-med-oas-obstacle-avoidance-system-kr234e\/"]}]},{"@type":"ImageObject","inLanguage":"no-NO","@id":"https:\/\/www.kress.com\/no-no\/kress-rtk%e2%81%bf-16-000-m%c2%b2-robotgressklipper-med-oas-obstacle-avoidance-system-kr234e\/#primaryimage","url":"https:\/\/www.kress.com\/wp-content\/uploads\/onpage\/op_image_aa1f766f53a8b6ef4779d4da6cfe05b23c17d393.1980x.webp","contentUrl":"https:\/\/www.kress.com\/wp-content\/uploads\/onpage\/op_image_aa1f766f53a8b6ef4779d4da6cfe05b23c17d393.1980x.webp","width":1980,"height":1980},{"@type":"BreadcrumbList","@id":"https:\/\/www.kress.com\/no-no\/kress-rtk%e2%81%bf-16-000-m%c2%b2-robotgressklipper-med-oas-obstacle-avoidance-system-kr234e\/#breadcrumb","itemListElement":[{"@type":"ListItem","position":1,"name":"Home","item":"https:\/\/www.kress.com\/no-no\/"},{"@type":"ListItem","position":2,"name":"Produits","item":"https:\/\/www.kress.com\/fr-fr\/shop\/"},{"@type":"ListItem","position":3,"name":"Kress RTK\u207f 16 000 m\u00b2 robotgressklipper med OAS (Obstacle Avoidance System)"}]},{"@type":"WebSite","@id":"https:\/\/www.kress.com\/de-de\/#website","url":"https:\/\/www.kress.com\/de-de\/","name":"Kress","description":"","publisher":{"@id":"https:\/\/www.kress.com\/de-de\/#organization"},"potentialAction":[{"@type":"SearchAction","target":{"@type":"EntryPoint","urlTemplate":"https:\/\/www.kress.com\/de-de\/?s={search_term_string}"},"query-input":{"@type":"PropertyValueSpecification","valueRequired":true,"valueName":"search_term_string"}}],"inLanguage":"no-NO"},{"@type":"Organization","@id":"https:\/\/www.kress.com\/de-de\/#organization","name":"Kress","url":"https:\/\/www.kress.com\/de-de\/","logo":{"@type":"ImageObject","inLanguage":"no-NO","@id":"https:\/\/www.kress.com\/de-de\/#\/schema\/logo\/image\/","url":"https:\/\/www.kress.com\/wp-content\/uploads\/2024\/02\/logo.png","contentUrl":"https:\/\/www.kress.com\/wp-content\/uploads\/2024\/02\/logo.png","width":696,"height":696,"caption":"Kress"},"image":{"@id":"https:\/\/www.kress.com\/de-de\/#\/schema\/logo\/image\/"}}]}},"_links":{"self":[{"href":"https:\/\/www.kress.com\/no-no\/wp-json\/wp\/v2\/product\/415826","targetHints":{"allow":["GET"]}}],"collection":[{"href":"https:\/\/www.kress.com\/no-no\/wp-json\/wp\/v2\/product"}],"about":[{"href":"https:\/\/www.kress.com\/no-no\/wp-json\/wp\/v2\/types\/product"}],"wp:featuredmedia":[{"embeddable":true,"href":"https:\/\/www.kress.com\/no-no\/wp-json\/wp\/v2\/media\/409096"}],"wp:attachment":[{"href":"https:\/\/www.kress.com\/no-no\/wp-json\/wp\/v2\/media?parent=415826"}],"wp:term":[{"taxonomy":"product_brand","embeddable":true,"href":"https:\/\/www.kress.com\/no-no\/wp-json\/wp\/v2\/product_brand?post=415826"},{"taxonomy":"product_cat","embeddable":true,"href":"https:\/\/www.kress.com\/no-no\/wp-json\/wp\/v2\/product_cat?post=415826"},{"taxonomy":"product_tag","embeddable":true,"href":"https:\/\/www.kress.com\/no-no\/wp-json\/wp\/v2\/product_tag?post=415826"}],"curies":[{"name":"wp","href":"https:\/\/api.w.org\/{rel}","templated":true}]}}