{"id":38268,"date":"2024-03-26T08:16:54","date_gmt":"2024-03-26T08:16:54","guid":{"rendered":""},"modified":"2025-10-17T10:00:22","modified_gmt":"2025-10-17T10:00:22","slug":"20-v-beskjaeringssag-kg343e-9","status":"publish","type":"product","link":"https:\/\/www.kress.com\/no-no\/20-v-beskjaeringssag-kg343e-9\/","title":{"rendered":"20 V beskj\u00e6ringssag"},"content":{"rendered":"<p>Kress 20 V beskj\u00e6ringssag er designet for uanstrengt kontroll p\u00e5 trange steder. Den ultrakompakte og lette konstruksjonen gj\u00f8r den ideell for beskj\u00e6ring av greiner, kvisting eller forming av hagen med presisjon. Det 12 cm lange sverdet gir rene, n\u00f8yaktige kutt, mens den h\u00f8yeffektive motoren gir jevn og p\u00e5litelig ytelse.<\/p>\n","protected":false},"excerpt":{"rendered":"<p>Kress 20 V beskj\u00e6ringssag er designet for uanstrengt kontroll p\u00e5 trange steder. Den ultrakompakte og lette konstruksjonen gj\u00f8r den ideell for beskj\u00e6ring av greiner, kvisting eller forming av hagen med presisjon. Det 12 cm lange sverdet gir rene, n\u00f8yaktige kutt, mens den h\u00f8yeffektive motoren gir jevn og p\u00e5litelig ytelse.<\/p>\n","protected":false},"featured_media":409432,"template":"","meta":{"_acf_changed":false},"product_brand":[],"product_cat":[],"product_tag":[],"class_list":{"0":"post-38268","1":"product","2":"type-product","3":"status-publish","4":"has-post-thumbnail","7":"first","8":"instock","9":"shipping-taxable","10":"purchasable","11":"product-type-simple"},"acf":[],"yoast_head":"<!-- This site is optimized with the Yoast SEO Premium plugin v26.5 (Yoast SEO v27.0) - https:\/\/yoast.com\/product\/yoast-seo-premium-wordpress\/ -->\n<title>20 V beskj\u00e6ringssag | Kress<\/title>\n<meta name=\"robots\" content=\"index, follow, max-snippet:-1, max-image-preview:large, max-video-preview:-1\" \/>\n<meta property=\"og:locale\" content=\"en_US\" \/>\n<meta property=\"og:type\" content=\"article\" \/>\n<meta property=\"og:title\" content=\"20 V beskj\u00e6ringssag\" \/>\n<meta property=\"og:description\" content=\"Kress 20 V beskj\u00e6ringssag er designet for uanstrengt kontroll p\u00e5 trange steder. Den ultrakompakte og lette konstruksjonen gj\u00f8r den ideell for beskj\u00e6ring av greiner, kvisting eller forming av hagen med presisjon. Det 12 cm lange sverdet gir rene, n\u00f8yaktige kutt, mens den h\u00f8yeffektive motoren gir jevn og p\u00e5litelig ytelse.\" \/>\n<meta property=\"og:url\" content=\"https:\/\/www.kress.com\/no-no\/20-v-beskjaeringssag-kg343e-9\/\" \/>\n<meta property=\"og:site_name\" content=\"Kress\" \/>\n<meta property=\"article:modified_time\" content=\"2025-10-17T10:00:22+00:00\" \/>\n<meta property=\"og:image\" content=\"https:\/\/www.kress.com\/wp-content\/uploads\/onpage\/op_image_91e9da6afc13edc5cffaebd672d2e148cda0a06d.1980x.webp\" \/>\n\t<meta property=\"og:image:width\" content=\"1980\" \/>\n\t<meta property=\"og:image:height\" content=\"1980\" \/>\n\t<meta property=\"og:image:type\" content=\"image\/webp\" \/>\n<meta name=\"twitter:card\" content=\"summary_large_image\" \/>\n<script type=\"application\/ld+json\" class=\"yoast-schema-graph\">{\"@context\":\"https:\/\/schema.org\",\"@graph\":[{\"@type\":\"WebPage\",\"@id\":\"https:\/\/www.kress.com\/no-no\/20-v-beskjaeringssag-kg343e-9\/\",\"url\":\"https:\/\/www.kress.com\/no-no\/20-v-beskjaeringssag-kg343e-9\/\",\"name\":\"20 V beskj\u00e6ringssag | Kress\",\"isPartOf\":{\"@id\":\"https:\/\/www.kress.com\/de-de\/#website\"},\"primaryImageOfPage\":{\"@id\":\"https:\/\/www.kress.com\/no-no\/20-v-beskjaeringssag-kg343e-9\/#primaryimage\"},\"image\":{\"@id\":\"https:\/\/www.kress.com\/no-no\/20-v-beskjaeringssag-kg343e-9\/#primaryimage\"},\"thumbnailUrl\":\"https:\/\/www.kress.com\/wp-content\/uploads\/onpage\/op_image_91e9da6afc13edc5cffaebd672d2e148cda0a06d.1980x.webp\",\"datePublished\":\"2024-03-26T08:16:54+00:00\",\"dateModified\":\"2025-10-17T10:00:22+00:00\",\"breadcrumb\":{\"@id\":\"https:\/\/www.kress.com\/no-no\/20-v-beskjaeringssag-kg343e-9\/#breadcrumb\"},\"inLanguage\":\"no-NO\",\"potentialAction\":[{\"@type\":\"ReadAction\",\"target\":[\"https:\/\/www.kress.com\/no-no\/20-v-beskjaeringssag-kg343e-9\/\"]}]},{\"@type\":\"ImageObject\",\"inLanguage\":\"no-NO\",\"@id\":\"https:\/\/www.kress.com\/no-no\/20-v-beskjaeringssag-kg343e-9\/#primaryimage\",\"url\":\"https:\/\/www.kress.com\/wp-content\/uploads\/onpage\/op_image_91e9da6afc13edc5cffaebd672d2e148cda0a06d.1980x.webp\",\"contentUrl\":\"https:\/\/www.kress.com\/wp-content\/uploads\/onpage\/op_image_91e9da6afc13edc5cffaebd672d2e148cda0a06d.1980x.webp\",\"width\":1980,\"height\":1980},{\"@type\":\"BreadcrumbList\",\"@id\":\"https:\/\/www.kress.com\/no-no\/20-v-beskjaeringssag-kg343e-9\/#breadcrumb\",\"itemListElement\":[{\"@type\":\"ListItem\",\"position\":1,\"name\":\"Home\",\"item\":\"https:\/\/www.kress.com\/no-no\/\"},{\"@type\":\"ListItem\",\"position\":2,\"name\":\"Produits\",\"item\":\"https:\/\/www.kress.com\/fr-fr\/shop\/\"},{\"@type\":\"ListItem\",\"position\":3,\"name\":\"20 V beskj\u00e6ringssag\"}]},{\"@type\":\"WebSite\",\"@id\":\"https:\/\/www.kress.com\/de-de\/#website\",\"url\":\"https:\/\/www.kress.com\/de-de\/\",\"name\":\"Kress\",\"description\":\"\",\"publisher\":{\"@id\":\"https:\/\/www.kress.com\/de-de\/#organization\"},\"potentialAction\":[{\"@type\":\"SearchAction\",\"target\":{\"@type\":\"EntryPoint\",\"urlTemplate\":\"https:\/\/www.kress.com\/de-de\/?s={search_term_string}\"},\"query-input\":{\"@type\":\"PropertyValueSpecification\",\"valueRequired\":true,\"valueName\":\"search_term_string\"}}],\"inLanguage\":\"no-NO\"},{\"@type\":\"Organization\",\"@id\":\"https:\/\/www.kress.com\/de-de\/#organization\",\"name\":\"Kress\",\"url\":\"https:\/\/www.kress.com\/de-de\/\",\"logo\":{\"@type\":\"ImageObject\",\"inLanguage\":\"no-NO\",\"@id\":\"https:\/\/www.kress.com\/de-de\/#\/schema\/logo\/image\/\",\"url\":\"https:\/\/www.kress.com\/wp-content\/uploads\/2024\/02\/logo.png\",\"contentUrl\":\"https:\/\/www.kress.com\/wp-content\/uploads\/2024\/02\/logo.png\",\"width\":696,\"height\":696,\"caption\":\"Kress\"},\"image\":{\"@id\":\"https:\/\/www.kress.com\/de-de\/#\/schema\/logo\/image\/\"}}]}<\/script>\n<!-- \/ Yoast SEO Premium plugin. -->","yoast_head_json":{"title":"20 V beskj\u00e6ringssag | Kress","robots":{"index":"index","follow":"follow","max-snippet":"max-snippet:-1","max-image-preview":"max-image-preview:large","max-video-preview":"max-video-preview:-1"},"og_locale":"en_US","og_type":"article","og_title":"20 V beskj\u00e6ringssag","og_description":"Kress 20 V beskj\u00e6ringssag er designet for uanstrengt kontroll p\u00e5 trange steder. Den ultrakompakte og lette konstruksjonen gj\u00f8r den ideell for beskj\u00e6ring av greiner, kvisting eller forming av hagen med presisjon. Det 12 cm lange sverdet gir rene, n\u00f8yaktige kutt, mens den h\u00f8yeffektive motoren gir jevn og p\u00e5litelig ytelse.","og_url":"https:\/\/www.kress.com\/no-no\/20-v-beskjaeringssag-kg343e-9\/","og_site_name":"Kress","article_modified_time":"2025-10-17T10:00:22+00:00","og_image":[{"width":1980,"height":1980,"url":"https:\/\/www.kress.com\/wp-content\/uploads\/onpage\/op_image_91e9da6afc13edc5cffaebd672d2e148cda0a06d.1980x.webp","type":"image\/webp"}],"twitter_card":"summary_large_image","schema":{"@context":"https:\/\/schema.org","@graph":[{"@type":"WebPage","@id":"https:\/\/www.kress.com\/no-no\/20-v-beskjaeringssag-kg343e-9\/","url":"https:\/\/www.kress.com\/no-no\/20-v-beskjaeringssag-kg343e-9\/","name":"20 V beskj\u00e6ringssag | Kress","isPartOf":{"@id":"https:\/\/www.kress.com\/de-de\/#website"},"primaryImageOfPage":{"@id":"https:\/\/www.kress.com\/no-no\/20-v-beskjaeringssag-kg343e-9\/#primaryimage"},"image":{"@id":"https:\/\/www.kress.com\/no-no\/20-v-beskjaeringssag-kg343e-9\/#primaryimage"},"thumbnailUrl":"https:\/\/www.kress.com\/wp-content\/uploads\/onpage\/op_image_91e9da6afc13edc5cffaebd672d2e148cda0a06d.1980x.webp","datePublished":"2024-03-26T08:16:54+00:00","dateModified":"2025-10-17T10:00:22+00:00","breadcrumb":{"@id":"https:\/\/www.kress.com\/no-no\/20-v-beskjaeringssag-kg343e-9\/#breadcrumb"},"inLanguage":"no-NO","potentialAction":[{"@type":"ReadAction","target":["https:\/\/www.kress.com\/no-no\/20-v-beskjaeringssag-kg343e-9\/"]}]},{"@type":"ImageObject","inLanguage":"no-NO","@id":"https:\/\/www.kress.com\/no-no\/20-v-beskjaeringssag-kg343e-9\/#primaryimage","url":"https:\/\/www.kress.com\/wp-content\/uploads\/onpage\/op_image_91e9da6afc13edc5cffaebd672d2e148cda0a06d.1980x.webp","contentUrl":"https:\/\/www.kress.com\/wp-content\/uploads\/onpage\/op_image_91e9da6afc13edc5cffaebd672d2e148cda0a06d.1980x.webp","width":1980,"height":1980},{"@type":"BreadcrumbList","@id":"https:\/\/www.kress.com\/no-no\/20-v-beskjaeringssag-kg343e-9\/#breadcrumb","itemListElement":[{"@type":"ListItem","position":1,"name":"Home","item":"https:\/\/www.kress.com\/no-no\/"},{"@type":"ListItem","position":2,"name":"Produits","item":"https:\/\/www.kress.com\/fr-fr\/shop\/"},{"@type":"ListItem","position":3,"name":"20 V beskj\u00e6ringssag"}]},{"@type":"WebSite","@id":"https:\/\/www.kress.com\/de-de\/#website","url":"https:\/\/www.kress.com\/de-de\/","name":"Kress","description":"","publisher":{"@id":"https:\/\/www.kress.com\/de-de\/#organization"},"potentialAction":[{"@type":"SearchAction","target":{"@type":"EntryPoint","urlTemplate":"https:\/\/www.kress.com\/de-de\/?s={search_term_string}"},"query-input":{"@type":"PropertyValueSpecification","valueRequired":true,"valueName":"search_term_string"}}],"inLanguage":"no-NO"},{"@type":"Organization","@id":"https:\/\/www.kress.com\/de-de\/#organization","name":"Kress","url":"https:\/\/www.kress.com\/de-de\/","logo":{"@type":"ImageObject","inLanguage":"no-NO","@id":"https:\/\/www.kress.com\/de-de\/#\/schema\/logo\/image\/","url":"https:\/\/www.kress.com\/wp-content\/uploads\/2024\/02\/logo.png","contentUrl":"https:\/\/www.kress.com\/wp-content\/uploads\/2024\/02\/logo.png","width":696,"height":696,"caption":"Kress"},"image":{"@id":"https:\/\/www.kress.com\/de-de\/#\/schema\/logo\/image\/"}}]}},"_links":{"self":[{"href":"https:\/\/www.kress.com\/no-no\/wp-json\/wp\/v2\/product\/38268","targetHints":{"allow":["GET"]}}],"collection":[{"href":"https:\/\/www.kress.com\/no-no\/wp-json\/wp\/v2\/product"}],"about":[{"href":"https:\/\/www.kress.com\/no-no\/wp-json\/wp\/v2\/types\/product"}],"wp:featuredmedia":[{"embeddable":true,"href":"https:\/\/www.kress.com\/no-no\/wp-json\/wp\/v2\/media\/409432"}],"wp:attachment":[{"href":"https:\/\/www.kress.com\/no-no\/wp-json\/wp\/v2\/media?parent=38268"}],"wp:term":[{"taxonomy":"product_brand","embeddable":true,"href":"https:\/\/www.kress.com\/no-no\/wp-json\/wp\/v2\/product_brand?post=38268"},{"taxonomy":"product_cat","embeddable":true,"href":"https:\/\/www.kress.com\/no-no\/wp-json\/wp\/v2\/product_cat?post=38268"},{"taxonomy":"product_tag","embeddable":true,"href":"https:\/\/www.kress.com\/no-no\/wp-json\/wp\/v2\/product_tag?post=38268"}],"curies":[{"name":"wp","href":"https:\/\/api.w.org\/{rel}","templated":true}]}}