{"id":38044,"date":"2024-03-26T08:16:52","date_gmt":"2024-03-26T08:16:52","guid":{"rendered":""},"modified":"2025-10-17T10:00:22","modified_gmt":"2025-10-17T10:00:22","slug":"60-v-gresstrimmer-kg161-9","status":"publish","type":"product","link":"https:\/\/www.kress.com\/no-no\/60-v-gresstrimmer-kg161-9\/","title":{"rendered":"60 V gresstrimmer i profesjonell kvalitet"},"content":{"rendered":"<p>Kress 60 V h\u00f8ytytende 41 cm trimmer, bygget for profesjonelt vedlikehold av hagen. Denne trimmeren har en kraftig 0,95 kW b\u00f8rstel\u00f8s motor som gir samme kraft som bensindrevne trimmere, men uten. Karbonfiberskaftet gir forlenget holdbarhet og lavere vekt. Den 2,4 mm tykke linen kutter jevnt gjennom tett gress, mens trimmerhodet med hurtiglastsystem gj\u00f8r det enkelt \u00e5 spole tilbake linen p\u00e5 bare noen sekunder.<\/p>\n","protected":false},"excerpt":{"rendered":"<p>Kress 60 V h\u00f8ytytende 41 cm trimmer, bygget for profesjonelt vedlikehold av hagen. Denne trimmeren har en kraftig 0,95 kW b\u00f8rstel\u00f8s motor som gir samme kraft som bensindrevne trimmere, men uten. Karbonfiberskaftet gir forlenget holdbarhet og lavere vekt. Den 2,4 mm tykke linen kutter jevnt gjennom tett gress, mens trimmerhodet med hurtiglastsystem gj\u00f8r det enkelt [&hellip;]<\/p>\n","protected":false},"featured_media":409240,"template":"","meta":{"_acf_changed":false},"product_brand":[],"product_cat":[],"product_tag":[],"class_list":{"0":"post-38044","1":"product","2":"type-product","3":"status-publish","4":"has-post-thumbnail","7":"first","8":"instock","9":"shipping-taxable","10":"purchasable","11":"product-type-simple"},"acf":[],"yoast_head":"<!-- This site is optimized with the Yoast SEO Premium plugin v26.5 (Yoast SEO v27.0) - https:\/\/yoast.com\/product\/yoast-seo-premium-wordpress\/ -->\n<title>60 V gresstrimmer i profesjonell kvalitet | Kress<\/title>\n<meta name=\"robots\" content=\"index, follow, max-snippet:-1, max-image-preview:large, max-video-preview:-1\" \/>\n<meta property=\"og:locale\" content=\"en_US\" \/>\n<meta property=\"og:type\" content=\"article\" \/>\n<meta property=\"og:title\" content=\"60 V gresstrimmer i profesjonell kvalitet\" \/>\n<meta property=\"og:description\" content=\"Kress 60 V h\u00f8ytytende 41 cm trimmer, bygget for profesjonelt vedlikehold av hagen. Denne trimmeren har en kraftig 0,95 kW b\u00f8rstel\u00f8s motor som gir samme kraft som bensindrevne trimmere, men uten. Karbonfiberskaftet gir forlenget holdbarhet og lavere vekt. Den 2,4 mm tykke linen kutter jevnt gjennom tett gress, mens trimmerhodet med hurtiglastsystem gj\u00f8r det enkelt [&hellip;]\" \/>\n<meta property=\"og:url\" content=\"https:\/\/www.kress.com\/no-no\/60-v-gresstrimmer-kg161-9\/\" \/>\n<meta property=\"og:site_name\" content=\"Kress\" \/>\n<meta property=\"article:modified_time\" content=\"2025-10-17T10:00:22+00:00\" \/>\n<meta property=\"og:image\" content=\"https:\/\/www.kress.com\/wp-content\/uploads\/onpage\/op_image_92f64df4af82af1ab9f38faedc708b02c68c715f.1980x.webp\" \/>\n\t<meta property=\"og:image:width\" content=\"1980\" \/>\n\t<meta property=\"og:image:height\" content=\"1980\" \/>\n\t<meta property=\"og:image:type\" content=\"image\/webp\" \/>\n<meta name=\"twitter:card\" content=\"summary_large_image\" \/>\n<script type=\"application\/ld+json\" class=\"yoast-schema-graph\">{\"@context\":\"https:\/\/schema.org\",\"@graph\":[{\"@type\":\"WebPage\",\"@id\":\"https:\/\/www.kress.com\/no-no\/60-v-gresstrimmer-kg161-9\/\",\"url\":\"https:\/\/www.kress.com\/no-no\/60-v-gresstrimmer-kg161-9\/\",\"name\":\"60 V gresstrimmer i profesjonell kvalitet | Kress\",\"isPartOf\":{\"@id\":\"https:\/\/www.kress.com\/de-de\/#website\"},\"primaryImageOfPage\":{\"@id\":\"https:\/\/www.kress.com\/no-no\/60-v-gresstrimmer-kg161-9\/#primaryimage\"},\"image\":{\"@id\":\"https:\/\/www.kress.com\/no-no\/60-v-gresstrimmer-kg161-9\/#primaryimage\"},\"thumbnailUrl\":\"https:\/\/www.kress.com\/wp-content\/uploads\/onpage\/op_image_92f64df4af82af1ab9f38faedc708b02c68c715f.1980x.webp\",\"datePublished\":\"2024-03-26T08:16:52+00:00\",\"dateModified\":\"2025-10-17T10:00:22+00:00\",\"breadcrumb\":{\"@id\":\"https:\/\/www.kress.com\/no-no\/60-v-gresstrimmer-kg161-9\/#breadcrumb\"},\"inLanguage\":\"no-NO\",\"potentialAction\":[{\"@type\":\"ReadAction\",\"target\":[\"https:\/\/www.kress.com\/no-no\/60-v-gresstrimmer-kg161-9\/\"]}]},{\"@type\":\"ImageObject\",\"inLanguage\":\"no-NO\",\"@id\":\"https:\/\/www.kress.com\/no-no\/60-v-gresstrimmer-kg161-9\/#primaryimage\",\"url\":\"https:\/\/www.kress.com\/wp-content\/uploads\/onpage\/op_image_92f64df4af82af1ab9f38faedc708b02c68c715f.1980x.webp\",\"contentUrl\":\"https:\/\/www.kress.com\/wp-content\/uploads\/onpage\/op_image_92f64df4af82af1ab9f38faedc708b02c68c715f.1980x.webp\",\"width\":1980,\"height\":1980},{\"@type\":\"BreadcrumbList\",\"@id\":\"https:\/\/www.kress.com\/no-no\/60-v-gresstrimmer-kg161-9\/#breadcrumb\",\"itemListElement\":[{\"@type\":\"ListItem\",\"position\":1,\"name\":\"Home\",\"item\":\"https:\/\/www.kress.com\/no-no\/\"},{\"@type\":\"ListItem\",\"position\":2,\"name\":\"Produits\",\"item\":\"https:\/\/www.kress.com\/fr-fr\/shop\/\"},{\"@type\":\"ListItem\",\"position\":3,\"name\":\"60 V gresstrimmer\"}]},{\"@type\":\"WebSite\",\"@id\":\"https:\/\/www.kress.com\/de-de\/#website\",\"url\":\"https:\/\/www.kress.com\/de-de\/\",\"name\":\"Kress\",\"description\":\"\",\"publisher\":{\"@id\":\"https:\/\/www.kress.com\/de-de\/#organization\"},\"potentialAction\":[{\"@type\":\"SearchAction\",\"target\":{\"@type\":\"EntryPoint\",\"urlTemplate\":\"https:\/\/www.kress.com\/de-de\/?s={search_term_string}\"},\"query-input\":{\"@type\":\"PropertyValueSpecification\",\"valueRequired\":true,\"valueName\":\"search_term_string\"}}],\"inLanguage\":\"no-NO\"},{\"@type\":\"Organization\",\"@id\":\"https:\/\/www.kress.com\/de-de\/#organization\",\"name\":\"Kress\",\"url\":\"https:\/\/www.kress.com\/de-de\/\",\"logo\":{\"@type\":\"ImageObject\",\"inLanguage\":\"no-NO\",\"@id\":\"https:\/\/www.kress.com\/de-de\/#\/schema\/logo\/image\/\",\"url\":\"https:\/\/www.kress.com\/wp-content\/uploads\/2024\/02\/logo.png\",\"contentUrl\":\"https:\/\/www.kress.com\/wp-content\/uploads\/2024\/02\/logo.png\",\"width\":696,\"height\":696,\"caption\":\"Kress\"},\"image\":{\"@id\":\"https:\/\/www.kress.com\/de-de\/#\/schema\/logo\/image\/\"}}]}<\/script>\n<!-- \/ Yoast SEO Premium plugin. -->","yoast_head_json":{"title":"60 V gresstrimmer i profesjonell kvalitet | Kress","robots":{"index":"index","follow":"follow","max-snippet":"max-snippet:-1","max-image-preview":"max-image-preview:large","max-video-preview":"max-video-preview:-1"},"og_locale":"en_US","og_type":"article","og_title":"60 V gresstrimmer i profesjonell kvalitet","og_description":"Kress 60 V h\u00f8ytytende 41 cm trimmer, bygget for profesjonelt vedlikehold av hagen. Denne trimmeren har en kraftig 0,95 kW b\u00f8rstel\u00f8s motor som gir samme kraft som bensindrevne trimmere, men uten. Karbonfiberskaftet gir forlenget holdbarhet og lavere vekt. Den 2,4 mm tykke linen kutter jevnt gjennom tett gress, mens trimmerhodet med hurtiglastsystem gj\u00f8r det enkelt [&hellip;]","og_url":"https:\/\/www.kress.com\/no-no\/60-v-gresstrimmer-kg161-9\/","og_site_name":"Kress","article_modified_time":"2025-10-17T10:00:22+00:00","og_image":[{"width":1980,"height":1980,"url":"https:\/\/www.kress.com\/wp-content\/uploads\/onpage\/op_image_92f64df4af82af1ab9f38faedc708b02c68c715f.1980x.webp","type":"image\/webp"}],"twitter_card":"summary_large_image","schema":{"@context":"https:\/\/schema.org","@graph":[{"@type":"WebPage","@id":"https:\/\/www.kress.com\/no-no\/60-v-gresstrimmer-kg161-9\/","url":"https:\/\/www.kress.com\/no-no\/60-v-gresstrimmer-kg161-9\/","name":"60 V gresstrimmer i profesjonell kvalitet | Kress","isPartOf":{"@id":"https:\/\/www.kress.com\/de-de\/#website"},"primaryImageOfPage":{"@id":"https:\/\/www.kress.com\/no-no\/60-v-gresstrimmer-kg161-9\/#primaryimage"},"image":{"@id":"https:\/\/www.kress.com\/no-no\/60-v-gresstrimmer-kg161-9\/#primaryimage"},"thumbnailUrl":"https:\/\/www.kress.com\/wp-content\/uploads\/onpage\/op_image_92f64df4af82af1ab9f38faedc708b02c68c715f.1980x.webp","datePublished":"2024-03-26T08:16:52+00:00","dateModified":"2025-10-17T10:00:22+00:00","breadcrumb":{"@id":"https:\/\/www.kress.com\/no-no\/60-v-gresstrimmer-kg161-9\/#breadcrumb"},"inLanguage":"no-NO","potentialAction":[{"@type":"ReadAction","target":["https:\/\/www.kress.com\/no-no\/60-v-gresstrimmer-kg161-9\/"]}]},{"@type":"ImageObject","inLanguage":"no-NO","@id":"https:\/\/www.kress.com\/no-no\/60-v-gresstrimmer-kg161-9\/#primaryimage","url":"https:\/\/www.kress.com\/wp-content\/uploads\/onpage\/op_image_92f64df4af82af1ab9f38faedc708b02c68c715f.1980x.webp","contentUrl":"https:\/\/www.kress.com\/wp-content\/uploads\/onpage\/op_image_92f64df4af82af1ab9f38faedc708b02c68c715f.1980x.webp","width":1980,"height":1980},{"@type":"BreadcrumbList","@id":"https:\/\/www.kress.com\/no-no\/60-v-gresstrimmer-kg161-9\/#breadcrumb","itemListElement":[{"@type":"ListItem","position":1,"name":"Home","item":"https:\/\/www.kress.com\/no-no\/"},{"@type":"ListItem","position":2,"name":"Produits","item":"https:\/\/www.kress.com\/fr-fr\/shop\/"},{"@type":"ListItem","position":3,"name":"60 V gresstrimmer"}]},{"@type":"WebSite","@id":"https:\/\/www.kress.com\/de-de\/#website","url":"https:\/\/www.kress.com\/de-de\/","name":"Kress","description":"","publisher":{"@id":"https:\/\/www.kress.com\/de-de\/#organization"},"potentialAction":[{"@type":"SearchAction","target":{"@type":"EntryPoint","urlTemplate":"https:\/\/www.kress.com\/de-de\/?s={search_term_string}"},"query-input":{"@type":"PropertyValueSpecification","valueRequired":true,"valueName":"search_term_string"}}],"inLanguage":"no-NO"},{"@type":"Organization","@id":"https:\/\/www.kress.com\/de-de\/#organization","name":"Kress","url":"https:\/\/www.kress.com\/de-de\/","logo":{"@type":"ImageObject","inLanguage":"no-NO","@id":"https:\/\/www.kress.com\/de-de\/#\/schema\/logo\/image\/","url":"https:\/\/www.kress.com\/wp-content\/uploads\/2024\/02\/logo.png","contentUrl":"https:\/\/www.kress.com\/wp-content\/uploads\/2024\/02\/logo.png","width":696,"height":696,"caption":"Kress"},"image":{"@id":"https:\/\/www.kress.com\/de-de\/#\/schema\/logo\/image\/"}}]}},"_links":{"self":[{"href":"https:\/\/www.kress.com\/no-no\/wp-json\/wp\/v2\/product\/38044","targetHints":{"allow":["GET"]}}],"collection":[{"href":"https:\/\/www.kress.com\/no-no\/wp-json\/wp\/v2\/product"}],"about":[{"href":"https:\/\/www.kress.com\/no-no\/wp-json\/wp\/v2\/types\/product"}],"wp:featuredmedia":[{"embeddable":true,"href":"https:\/\/www.kress.com\/no-no\/wp-json\/wp\/v2\/media\/409240"}],"wp:attachment":[{"href":"https:\/\/www.kress.com\/no-no\/wp-json\/wp\/v2\/media?parent=38044"}],"wp:term":[{"taxonomy":"product_brand","embeddable":true,"href":"https:\/\/www.kress.com\/no-no\/wp-json\/wp\/v2\/product_brand?post=38044"},{"taxonomy":"product_cat","embeddable":true,"href":"https:\/\/www.kress.com\/no-no\/wp-json\/wp\/v2\/product_cat?post=38044"},{"taxonomy":"product_tag","embeddable":true,"href":"https:\/\/www.kress.com\/no-no\/wp-json\/wp\/v2\/product_tag?post=38044"}],"curies":[{"name":"wp","href":"https:\/\/api.w.org\/{rel}","templated":true}]}}