{"id":34348,"date":"2024-03-26T08:16:32","date_gmt":"2024-03-26T07:16:32","guid":{"rendered":""},"modified":"2025-10-17T10:00:22","modified_gmt":"2025-10-17T10:00:22","slug":"60-v-cyberplug-ac-dc-lader-av-kommersiell-kvalitet-kac840","status":"publish","type":"product","link":"https:\/\/www.kress.com\/no-no\/60-v-cyberplug-ac-dc-lader-av-kommersiell-kvalitet-kac840\/","title":{"rendered":"60 V CyberPlug AC-DC-lader av kommersiell kvalitet"},"content":{"rendered":"<p>Kress CyberPlug er en kompakt og b\u00e6rbar vekselstr\u00f8mslader som kan lade opp flere batterier samtidig, noe som gj\u00f8r den uovertruffen praktisk for profesjonelle. Den er designet for de dynamiske behovene ved kommersiell bruk, og s\u00f8rger for at Kress-verkt\u00f8yene dine alltid er klare til bruk.<\/p>\n","protected":false},"excerpt":{"rendered":"<p>Kress CyberPlug er en kompakt og b\u00e6rbar vekselstr\u00f8mslader som kan lade opp flere batterier samtidig, noe som gj\u00f8r den uovertruffen praktisk for profesjonelle. Den er designet for de dynamiske behovene ved kommersiell bruk, og s\u00f8rger for at Kress-verkt\u00f8yene dine alltid er klare til bruk.<\/p>\n","protected":false},"featured_media":434580,"template":"","meta":{"_acf_changed":false},"product_brand":[],"product_cat":[],"product_tag":[],"class_list":{"0":"post-34348","1":"product","2":"type-product","3":"status-publish","4":"has-post-thumbnail","7":"first","8":"instock","9":"shipping-taxable","10":"purchasable","11":"product-type-simple"},"acf":[],"yoast_head":"<!-- This site is optimized with the Yoast SEO Premium plugin v26.5 (Yoast SEO v27.0) - https:\/\/yoast.com\/product\/yoast-seo-premium-wordpress\/ -->\n<title>60 V CyberPlug AC-DC-lader av kommersiell kvalitet | Kress<\/title>\n<meta name=\"robots\" content=\"index, follow, max-snippet:-1, max-image-preview:large, max-video-preview:-1\" \/>\n<meta property=\"og:locale\" content=\"en_US\" \/>\n<meta property=\"og:type\" content=\"article\" \/>\n<meta property=\"og:title\" content=\"60 V CyberPlug AC-DC-lader av kommersiell kvalitet\" \/>\n<meta property=\"og:description\" content=\"Kress CyberPlug er en kompakt og b\u00e6rbar vekselstr\u00f8mslader som kan lade opp flere batterier samtidig, noe som gj\u00f8r den uovertruffen praktisk for profesjonelle. Den er designet for de dynamiske behovene ved kommersiell bruk, og s\u00f8rger for at Kress-verkt\u00f8yene dine alltid er klare til bruk.\" \/>\n<meta property=\"og:url\" content=\"https:\/\/www.kress.com\/no-no\/60-v-cyberplug-ac-dc-lader-av-kommersiell-kvalitet-kac840\/\" \/>\n<meta property=\"og:site_name\" content=\"Kress\" \/>\n<meta property=\"article:modified_time\" content=\"2025-10-17T10:00:22+00:00\" \/>\n<meta property=\"og:image\" content=\"https:\/\/www.kress.com\/wp-content\/uploads\/onpage\/op_image_7483ba5a34cb5abe9b1d5ad0e73159dc1e8b61c2.1980x.webp\" \/>\n\t<meta property=\"og:image:width\" content=\"1980\" \/>\n\t<meta property=\"og:image:height\" content=\"1980\" \/>\n\t<meta property=\"og:image:type\" content=\"image\/webp\" \/>\n<meta name=\"twitter:card\" content=\"summary_large_image\" \/>\n<script type=\"application\/ld+json\" class=\"yoast-schema-graph\">{\"@context\":\"https:\/\/schema.org\",\"@graph\":[{\"@type\":\"WebPage\",\"@id\":\"https:\/\/www.kress.com\/no-no\/60-v-cyberplug-ac-dc-lader-av-kommersiell-kvalitet-kac840\/\",\"url\":\"https:\/\/www.kress.com\/no-no\/60-v-cyberplug-ac-dc-lader-av-kommersiell-kvalitet-kac840\/\",\"name\":\"60 V CyberPlug AC-DC-lader av kommersiell kvalitet | Kress\",\"isPartOf\":{\"@id\":\"https:\/\/www.kress.com\/de-de\/#website\"},\"primaryImageOfPage\":{\"@id\":\"https:\/\/www.kress.com\/no-no\/60-v-cyberplug-ac-dc-lader-av-kommersiell-kvalitet-kac840\/#primaryimage\"},\"image\":{\"@id\":\"https:\/\/www.kress.com\/no-no\/60-v-cyberplug-ac-dc-lader-av-kommersiell-kvalitet-kac840\/#primaryimage\"},\"thumbnailUrl\":\"https:\/\/www.kress.com\/wp-content\/uploads\/onpage\/op_image_7483ba5a34cb5abe9b1d5ad0e73159dc1e8b61c2.1980x.webp\",\"datePublished\":\"2024-03-26T07:16:32+00:00\",\"dateModified\":\"2025-10-17T10:00:22+00:00\",\"breadcrumb\":{\"@id\":\"https:\/\/www.kress.com\/no-no\/60-v-cyberplug-ac-dc-lader-av-kommersiell-kvalitet-kac840\/#breadcrumb\"},\"inLanguage\":\"no-NO\",\"potentialAction\":[{\"@type\":\"ReadAction\",\"target\":[\"https:\/\/www.kress.com\/no-no\/60-v-cyberplug-ac-dc-lader-av-kommersiell-kvalitet-kac840\/\"]}]},{\"@type\":\"ImageObject\",\"inLanguage\":\"no-NO\",\"@id\":\"https:\/\/www.kress.com\/no-no\/60-v-cyberplug-ac-dc-lader-av-kommersiell-kvalitet-kac840\/#primaryimage\",\"url\":\"https:\/\/www.kress.com\/wp-content\/uploads\/onpage\/op_image_7483ba5a34cb5abe9b1d5ad0e73159dc1e8b61c2.1980x.webp\",\"contentUrl\":\"https:\/\/www.kress.com\/wp-content\/uploads\/onpage\/op_image_7483ba5a34cb5abe9b1d5ad0e73159dc1e8b61c2.1980x.webp\",\"width\":1980,\"height\":1980},{\"@type\":\"BreadcrumbList\",\"@id\":\"https:\/\/www.kress.com\/no-no\/60-v-cyberplug-ac-dc-lader-av-kommersiell-kvalitet-kac840\/#breadcrumb\",\"itemListElement\":[{\"@type\":\"ListItem\",\"position\":1,\"name\":\"Home\",\"item\":\"https:\/\/www.kress.com\/no-no\/\"},{\"@type\":\"ListItem\",\"position\":2,\"name\":\"Produits\",\"item\":\"https:\/\/www.kress.com\/fr-fr\/shop\/\"},{\"@type\":\"ListItem\",\"position\":3,\"name\":\"60 V CyberPlug AC-DC-lader av kommersiell kvalitet\"}]},{\"@type\":\"WebSite\",\"@id\":\"https:\/\/www.kress.com\/de-de\/#website\",\"url\":\"https:\/\/www.kress.com\/de-de\/\",\"name\":\"Kress\",\"description\":\"\",\"publisher\":{\"@id\":\"https:\/\/www.kress.com\/de-de\/#organization\"},\"potentialAction\":[{\"@type\":\"SearchAction\",\"target\":{\"@type\":\"EntryPoint\",\"urlTemplate\":\"https:\/\/www.kress.com\/de-de\/?s={search_term_string}\"},\"query-input\":{\"@type\":\"PropertyValueSpecification\",\"valueRequired\":true,\"valueName\":\"search_term_string\"}}],\"inLanguage\":\"no-NO\"},{\"@type\":\"Organization\",\"@id\":\"https:\/\/www.kress.com\/de-de\/#organization\",\"name\":\"Kress\",\"url\":\"https:\/\/www.kress.com\/de-de\/\",\"logo\":{\"@type\":\"ImageObject\",\"inLanguage\":\"no-NO\",\"@id\":\"https:\/\/www.kress.com\/de-de\/#\/schema\/logo\/image\/\",\"url\":\"https:\/\/www.kress.com\/wp-content\/uploads\/2024\/02\/logo.png\",\"contentUrl\":\"https:\/\/www.kress.com\/wp-content\/uploads\/2024\/02\/logo.png\",\"width\":696,\"height\":696,\"caption\":\"Kress\"},\"image\":{\"@id\":\"https:\/\/www.kress.com\/de-de\/#\/schema\/logo\/image\/\"}}]}<\/script>\n<!-- \/ Yoast SEO Premium plugin. -->","yoast_head_json":{"title":"60 V CyberPlug AC-DC-lader av kommersiell kvalitet | Kress","robots":{"index":"index","follow":"follow","max-snippet":"max-snippet:-1","max-image-preview":"max-image-preview:large","max-video-preview":"max-video-preview:-1"},"og_locale":"en_US","og_type":"article","og_title":"60 V CyberPlug AC-DC-lader av kommersiell kvalitet","og_description":"Kress CyberPlug er en kompakt og b\u00e6rbar vekselstr\u00f8mslader som kan lade opp flere batterier samtidig, noe som gj\u00f8r den uovertruffen praktisk for profesjonelle. Den er designet for de dynamiske behovene ved kommersiell bruk, og s\u00f8rger for at Kress-verkt\u00f8yene dine alltid er klare til bruk.","og_url":"https:\/\/www.kress.com\/no-no\/60-v-cyberplug-ac-dc-lader-av-kommersiell-kvalitet-kac840\/","og_site_name":"Kress","article_modified_time":"2025-10-17T10:00:22+00:00","og_image":[{"width":1980,"height":1980,"url":"https:\/\/www.kress.com\/wp-content\/uploads\/onpage\/op_image_7483ba5a34cb5abe9b1d5ad0e73159dc1e8b61c2.1980x.webp","type":"image\/webp"}],"twitter_card":"summary_large_image","schema":{"@context":"https:\/\/schema.org","@graph":[{"@type":"WebPage","@id":"https:\/\/www.kress.com\/no-no\/60-v-cyberplug-ac-dc-lader-av-kommersiell-kvalitet-kac840\/","url":"https:\/\/www.kress.com\/no-no\/60-v-cyberplug-ac-dc-lader-av-kommersiell-kvalitet-kac840\/","name":"60 V CyberPlug AC-DC-lader av kommersiell kvalitet | Kress","isPartOf":{"@id":"https:\/\/www.kress.com\/de-de\/#website"},"primaryImageOfPage":{"@id":"https:\/\/www.kress.com\/no-no\/60-v-cyberplug-ac-dc-lader-av-kommersiell-kvalitet-kac840\/#primaryimage"},"image":{"@id":"https:\/\/www.kress.com\/no-no\/60-v-cyberplug-ac-dc-lader-av-kommersiell-kvalitet-kac840\/#primaryimage"},"thumbnailUrl":"https:\/\/www.kress.com\/wp-content\/uploads\/onpage\/op_image_7483ba5a34cb5abe9b1d5ad0e73159dc1e8b61c2.1980x.webp","datePublished":"2024-03-26T07:16:32+00:00","dateModified":"2025-10-17T10:00:22+00:00","breadcrumb":{"@id":"https:\/\/www.kress.com\/no-no\/60-v-cyberplug-ac-dc-lader-av-kommersiell-kvalitet-kac840\/#breadcrumb"},"inLanguage":"no-NO","potentialAction":[{"@type":"ReadAction","target":["https:\/\/www.kress.com\/no-no\/60-v-cyberplug-ac-dc-lader-av-kommersiell-kvalitet-kac840\/"]}]},{"@type":"ImageObject","inLanguage":"no-NO","@id":"https:\/\/www.kress.com\/no-no\/60-v-cyberplug-ac-dc-lader-av-kommersiell-kvalitet-kac840\/#primaryimage","url":"https:\/\/www.kress.com\/wp-content\/uploads\/onpage\/op_image_7483ba5a34cb5abe9b1d5ad0e73159dc1e8b61c2.1980x.webp","contentUrl":"https:\/\/www.kress.com\/wp-content\/uploads\/onpage\/op_image_7483ba5a34cb5abe9b1d5ad0e73159dc1e8b61c2.1980x.webp","width":1980,"height":1980},{"@type":"BreadcrumbList","@id":"https:\/\/www.kress.com\/no-no\/60-v-cyberplug-ac-dc-lader-av-kommersiell-kvalitet-kac840\/#breadcrumb","itemListElement":[{"@type":"ListItem","position":1,"name":"Home","item":"https:\/\/www.kress.com\/no-no\/"},{"@type":"ListItem","position":2,"name":"Produits","item":"https:\/\/www.kress.com\/fr-fr\/shop\/"},{"@type":"ListItem","position":3,"name":"60 V CyberPlug AC-DC-lader av kommersiell kvalitet"}]},{"@type":"WebSite","@id":"https:\/\/www.kress.com\/de-de\/#website","url":"https:\/\/www.kress.com\/de-de\/","name":"Kress","description":"","publisher":{"@id":"https:\/\/www.kress.com\/de-de\/#organization"},"potentialAction":[{"@type":"SearchAction","target":{"@type":"EntryPoint","urlTemplate":"https:\/\/www.kress.com\/de-de\/?s={search_term_string}"},"query-input":{"@type":"PropertyValueSpecification","valueRequired":true,"valueName":"search_term_string"}}],"inLanguage":"no-NO"},{"@type":"Organization","@id":"https:\/\/www.kress.com\/de-de\/#organization","name":"Kress","url":"https:\/\/www.kress.com\/de-de\/","logo":{"@type":"ImageObject","inLanguage":"no-NO","@id":"https:\/\/www.kress.com\/de-de\/#\/schema\/logo\/image\/","url":"https:\/\/www.kress.com\/wp-content\/uploads\/2024\/02\/logo.png","contentUrl":"https:\/\/www.kress.com\/wp-content\/uploads\/2024\/02\/logo.png","width":696,"height":696,"caption":"Kress"},"image":{"@id":"https:\/\/www.kress.com\/de-de\/#\/schema\/logo\/image\/"}}]}},"_links":{"self":[{"href":"https:\/\/www.kress.com\/no-no\/wp-json\/wp\/v2\/product\/34348","targetHints":{"allow":["GET"]}}],"collection":[{"href":"https:\/\/www.kress.com\/no-no\/wp-json\/wp\/v2\/product"}],"about":[{"href":"https:\/\/www.kress.com\/no-no\/wp-json\/wp\/v2\/types\/product"}],"wp:featuredmedia":[{"embeddable":true,"href":"https:\/\/www.kress.com\/no-no\/wp-json\/wp\/v2\/media\/434580"}],"wp:attachment":[{"href":"https:\/\/www.kress.com\/no-no\/wp-json\/wp\/v2\/media?parent=34348"}],"wp:term":[{"taxonomy":"product_brand","embeddable":true,"href":"https:\/\/www.kress.com\/no-no\/wp-json\/wp\/v2\/product_brand?post=34348"},{"taxonomy":"product_cat","embeddable":true,"href":"https:\/\/www.kress.com\/no-no\/wp-json\/wp\/v2\/product_cat?post=34348"},{"taxonomy":"product_tag","embeddable":true,"href":"https:\/\/www.kress.com\/no-no\/wp-json\/wp\/v2\/product_tag?post=34348"}],"curies":[{"name":"wp","href":"https:\/\/api.w.org\/{rel}","templated":true}]}}