{"id":34320,"date":"2024-03-26T08:16:32","date_gmt":"2024-03-26T07:16:32","guid":{"rendered":""},"modified":"2025-10-17T10:00:22","modified_gmt":"2025-10-17T10:00:22","slug":"cyberpack-batteri-av-kommersiell-kvalitet-pa-60-v-kac810","status":"publish","type":"product","link":"https:\/\/www.kress.com\/no-no\/cyberpack-batteri-av-kommersiell-kvalitet-pa-60-v-kac810\/","title":{"rendered":"CyberPack-batteri av kommersiell kvalitet p\u00e5 60 V"},"content":{"rendered":"<p>Dette storkapasitetsbatteriet er den voksne versjonen av CyberPack 240 Wh med 8 minutters ladetid, og er den perfekte energikilden for kommersielle bruksomr\u00e5der der lang driftstid er uunnv\u00e6rlig. Batteriet er et ekko av sitt mindre s\u00f8sken, og leverer uovertruffen kraft, ekstrem lang levetid og en enest\u00e5ende ladetid p\u00e5 8 <sup>minutter1<\/sup>. Ideelt for bruk p\u00e5 gressklipperen eller som ryggsekkbatteri i kombinasjon med den ultrakomfortable, ergonomiske selen.<\/p>\n<p><sup>1<\/sup> n\u00e5r det lades med CyberTank-batteriladeren i boost-modus.<\/p>\n","protected":false},"excerpt":{"rendered":"<p>Dette storkapasitetsbatteriet er den voksne versjonen av CyberPack 240 Wh med 8 minutters ladetid, og er den perfekte energikilden for kommersielle bruksomr\u00e5der der lang driftstid er uunnv\u00e6rlig. Batteriet er et ekko av sitt mindre s\u00f8sken, og leverer uovertruffen kraft, ekstrem lang levetid og en enest\u00e5ende ladetid p\u00e5 8 minutter1. Ideelt for bruk p\u00e5 gressklipperen eller [&hellip;]<\/p>\n","protected":false},"featured_media":434576,"template":"","meta":{"_acf_changed":false},"product_brand":[],"product_cat":[],"product_tag":[],"class_list":{"0":"post-34320","1":"product","2":"type-product","3":"status-publish","4":"has-post-thumbnail","7":"first","8":"instock","9":"shipping-taxable","10":"purchasable","11":"product-type-simple"},"acf":[],"yoast_head":"<!-- This site is optimized with the Yoast SEO Premium plugin v26.5 (Yoast SEO v27.0) - https:\/\/yoast.com\/product\/yoast-seo-premium-wordpress\/ -->\n<title>CyberPack-batteri av kommersiell kvalitet p\u00e5 60 V | Kress<\/title>\n<meta name=\"robots\" content=\"index, follow, max-snippet:-1, max-image-preview:large, max-video-preview:-1\" \/>\n<meta property=\"og:locale\" content=\"en_US\" \/>\n<meta property=\"og:type\" content=\"article\" \/>\n<meta property=\"og:title\" content=\"CyberPack-batteri av kommersiell kvalitet p\u00e5 60 V\" \/>\n<meta property=\"og:description\" content=\"Dette storkapasitetsbatteriet er den voksne versjonen av CyberPack 240 Wh med 8 minutters ladetid, og er den perfekte energikilden for kommersielle bruksomr\u00e5der der lang driftstid er uunnv\u00e6rlig. Batteriet er et ekko av sitt mindre s\u00f8sken, og leverer uovertruffen kraft, ekstrem lang levetid og en enest\u00e5ende ladetid p\u00e5 8 minutter1. Ideelt for bruk p\u00e5 gressklipperen eller [&hellip;]\" \/>\n<meta property=\"og:url\" content=\"https:\/\/www.kress.com\/no-no\/cyberpack-batteri-av-kommersiell-kvalitet-pa-60-v-kac810\/\" \/>\n<meta property=\"og:site_name\" content=\"Kress\" \/>\n<meta property=\"article:modified_time\" content=\"2025-10-17T10:00:22+00:00\" \/>\n<meta property=\"og:image\" content=\"https:\/\/www.kress.com\/wp-content\/uploads\/onpage\/op_image_636e141a7b34e64edcce0a309b020c6675421681.1980x.webp\" \/>\n\t<meta property=\"og:image:width\" content=\"1980\" \/>\n\t<meta property=\"og:image:height\" content=\"1980\" \/>\n\t<meta property=\"og:image:type\" content=\"image\/webp\" \/>\n<meta name=\"twitter:card\" content=\"summary_large_image\" \/>\n<script type=\"application\/ld+json\" class=\"yoast-schema-graph\">{\"@context\":\"https:\/\/schema.org\",\"@graph\":[{\"@type\":\"WebPage\",\"@id\":\"https:\/\/www.kress.com\/no-no\/cyberpack-batteri-av-kommersiell-kvalitet-pa-60-v-kac810\/\",\"url\":\"https:\/\/www.kress.com\/no-no\/cyberpack-batteri-av-kommersiell-kvalitet-pa-60-v-kac810\/\",\"name\":\"CyberPack-batteri av kommersiell kvalitet p\u00e5 60 V | Kress\",\"isPartOf\":{\"@id\":\"https:\/\/www.kress.com\/de-de\/#website\"},\"primaryImageOfPage\":{\"@id\":\"https:\/\/www.kress.com\/no-no\/cyberpack-batteri-av-kommersiell-kvalitet-pa-60-v-kac810\/#primaryimage\"},\"image\":{\"@id\":\"https:\/\/www.kress.com\/no-no\/cyberpack-batteri-av-kommersiell-kvalitet-pa-60-v-kac810\/#primaryimage\"},\"thumbnailUrl\":\"https:\/\/www.kress.com\/wp-content\/uploads\/onpage\/op_image_636e141a7b34e64edcce0a309b020c6675421681.1980x.webp\",\"datePublished\":\"2024-03-26T07:16:32+00:00\",\"dateModified\":\"2025-10-17T10:00:22+00:00\",\"breadcrumb\":{\"@id\":\"https:\/\/www.kress.com\/no-no\/cyberpack-batteri-av-kommersiell-kvalitet-pa-60-v-kac810\/#breadcrumb\"},\"inLanguage\":\"no-NO\",\"potentialAction\":[{\"@type\":\"ReadAction\",\"target\":[\"https:\/\/www.kress.com\/no-no\/cyberpack-batteri-av-kommersiell-kvalitet-pa-60-v-kac810\/\"]}]},{\"@type\":\"ImageObject\",\"inLanguage\":\"no-NO\",\"@id\":\"https:\/\/www.kress.com\/no-no\/cyberpack-batteri-av-kommersiell-kvalitet-pa-60-v-kac810\/#primaryimage\",\"url\":\"https:\/\/www.kress.com\/wp-content\/uploads\/onpage\/op_image_636e141a7b34e64edcce0a309b020c6675421681.1980x.webp\",\"contentUrl\":\"https:\/\/www.kress.com\/wp-content\/uploads\/onpage\/op_image_636e141a7b34e64edcce0a309b020c6675421681.1980x.webp\",\"width\":1980,\"height\":1980},{\"@type\":\"BreadcrumbList\",\"@id\":\"https:\/\/www.kress.com\/no-no\/cyberpack-batteri-av-kommersiell-kvalitet-pa-60-v-kac810\/#breadcrumb\",\"itemListElement\":[{\"@type\":\"ListItem\",\"position\":1,\"name\":\"Home\",\"item\":\"https:\/\/www.kress.com\/no-no\/\"},{\"@type\":\"ListItem\",\"position\":2,\"name\":\"Produits\",\"item\":\"https:\/\/www.kress.com\/fr-fr\/shop\/\"},{\"@type\":\"ListItem\",\"position\":3,\"name\":\"CyberPack-batteri av kommersiell kvalitet p\u00e5 60 V\"}]},{\"@type\":\"WebSite\",\"@id\":\"https:\/\/www.kress.com\/de-de\/#website\",\"url\":\"https:\/\/www.kress.com\/de-de\/\",\"name\":\"Kress\",\"description\":\"\",\"publisher\":{\"@id\":\"https:\/\/www.kress.com\/de-de\/#organization\"},\"potentialAction\":[{\"@type\":\"SearchAction\",\"target\":{\"@type\":\"EntryPoint\",\"urlTemplate\":\"https:\/\/www.kress.com\/de-de\/?s={search_term_string}\"},\"query-input\":{\"@type\":\"PropertyValueSpecification\",\"valueRequired\":true,\"valueName\":\"search_term_string\"}}],\"inLanguage\":\"no-NO\"},{\"@type\":\"Organization\",\"@id\":\"https:\/\/www.kress.com\/de-de\/#organization\",\"name\":\"Kress\",\"url\":\"https:\/\/www.kress.com\/de-de\/\",\"logo\":{\"@type\":\"ImageObject\",\"inLanguage\":\"no-NO\",\"@id\":\"https:\/\/www.kress.com\/de-de\/#\/schema\/logo\/image\/\",\"url\":\"https:\/\/www.kress.com\/wp-content\/uploads\/2024\/02\/logo.png\",\"contentUrl\":\"https:\/\/www.kress.com\/wp-content\/uploads\/2024\/02\/logo.png\",\"width\":696,\"height\":696,\"caption\":\"Kress\"},\"image\":{\"@id\":\"https:\/\/www.kress.com\/de-de\/#\/schema\/logo\/image\/\"}}]}<\/script>\n<!-- \/ Yoast SEO Premium plugin. -->","yoast_head_json":{"title":"CyberPack-batteri av kommersiell kvalitet p\u00e5 60 V | Kress","robots":{"index":"index","follow":"follow","max-snippet":"max-snippet:-1","max-image-preview":"max-image-preview:large","max-video-preview":"max-video-preview:-1"},"og_locale":"en_US","og_type":"article","og_title":"CyberPack-batteri av kommersiell kvalitet p\u00e5 60 V","og_description":"Dette storkapasitetsbatteriet er den voksne versjonen av CyberPack 240 Wh med 8 minutters ladetid, og er den perfekte energikilden for kommersielle bruksomr\u00e5der der lang driftstid er uunnv\u00e6rlig. Batteriet er et ekko av sitt mindre s\u00f8sken, og leverer uovertruffen kraft, ekstrem lang levetid og en enest\u00e5ende ladetid p\u00e5 8 minutter1. Ideelt for bruk p\u00e5 gressklipperen eller [&hellip;]","og_url":"https:\/\/www.kress.com\/no-no\/cyberpack-batteri-av-kommersiell-kvalitet-pa-60-v-kac810\/","og_site_name":"Kress","article_modified_time":"2025-10-17T10:00:22+00:00","og_image":[{"width":1980,"height":1980,"url":"https:\/\/www.kress.com\/wp-content\/uploads\/onpage\/op_image_636e141a7b34e64edcce0a309b020c6675421681.1980x.webp","type":"image\/webp"}],"twitter_card":"summary_large_image","schema":{"@context":"https:\/\/schema.org","@graph":[{"@type":"WebPage","@id":"https:\/\/www.kress.com\/no-no\/cyberpack-batteri-av-kommersiell-kvalitet-pa-60-v-kac810\/","url":"https:\/\/www.kress.com\/no-no\/cyberpack-batteri-av-kommersiell-kvalitet-pa-60-v-kac810\/","name":"CyberPack-batteri av kommersiell kvalitet p\u00e5 60 V | Kress","isPartOf":{"@id":"https:\/\/www.kress.com\/de-de\/#website"},"primaryImageOfPage":{"@id":"https:\/\/www.kress.com\/no-no\/cyberpack-batteri-av-kommersiell-kvalitet-pa-60-v-kac810\/#primaryimage"},"image":{"@id":"https:\/\/www.kress.com\/no-no\/cyberpack-batteri-av-kommersiell-kvalitet-pa-60-v-kac810\/#primaryimage"},"thumbnailUrl":"https:\/\/www.kress.com\/wp-content\/uploads\/onpage\/op_image_636e141a7b34e64edcce0a309b020c6675421681.1980x.webp","datePublished":"2024-03-26T07:16:32+00:00","dateModified":"2025-10-17T10:00:22+00:00","breadcrumb":{"@id":"https:\/\/www.kress.com\/no-no\/cyberpack-batteri-av-kommersiell-kvalitet-pa-60-v-kac810\/#breadcrumb"},"inLanguage":"no-NO","potentialAction":[{"@type":"ReadAction","target":["https:\/\/www.kress.com\/no-no\/cyberpack-batteri-av-kommersiell-kvalitet-pa-60-v-kac810\/"]}]},{"@type":"ImageObject","inLanguage":"no-NO","@id":"https:\/\/www.kress.com\/no-no\/cyberpack-batteri-av-kommersiell-kvalitet-pa-60-v-kac810\/#primaryimage","url":"https:\/\/www.kress.com\/wp-content\/uploads\/onpage\/op_image_636e141a7b34e64edcce0a309b020c6675421681.1980x.webp","contentUrl":"https:\/\/www.kress.com\/wp-content\/uploads\/onpage\/op_image_636e141a7b34e64edcce0a309b020c6675421681.1980x.webp","width":1980,"height":1980},{"@type":"BreadcrumbList","@id":"https:\/\/www.kress.com\/no-no\/cyberpack-batteri-av-kommersiell-kvalitet-pa-60-v-kac810\/#breadcrumb","itemListElement":[{"@type":"ListItem","position":1,"name":"Home","item":"https:\/\/www.kress.com\/no-no\/"},{"@type":"ListItem","position":2,"name":"Produits","item":"https:\/\/www.kress.com\/fr-fr\/shop\/"},{"@type":"ListItem","position":3,"name":"CyberPack-batteri av kommersiell kvalitet p\u00e5 60 V"}]},{"@type":"WebSite","@id":"https:\/\/www.kress.com\/de-de\/#website","url":"https:\/\/www.kress.com\/de-de\/","name":"Kress","description":"","publisher":{"@id":"https:\/\/www.kress.com\/de-de\/#organization"},"potentialAction":[{"@type":"SearchAction","target":{"@type":"EntryPoint","urlTemplate":"https:\/\/www.kress.com\/de-de\/?s={search_term_string}"},"query-input":{"@type":"PropertyValueSpecification","valueRequired":true,"valueName":"search_term_string"}}],"inLanguage":"no-NO"},{"@type":"Organization","@id":"https:\/\/www.kress.com\/de-de\/#organization","name":"Kress","url":"https:\/\/www.kress.com\/de-de\/","logo":{"@type":"ImageObject","inLanguage":"no-NO","@id":"https:\/\/www.kress.com\/de-de\/#\/schema\/logo\/image\/","url":"https:\/\/www.kress.com\/wp-content\/uploads\/2024\/02\/logo.png","contentUrl":"https:\/\/www.kress.com\/wp-content\/uploads\/2024\/02\/logo.png","width":696,"height":696,"caption":"Kress"},"image":{"@id":"https:\/\/www.kress.com\/de-de\/#\/schema\/logo\/image\/"}}]}},"_links":{"self":[{"href":"https:\/\/www.kress.com\/no-no\/wp-json\/wp\/v2\/product\/34320","targetHints":{"allow":["GET"]}}],"collection":[{"href":"https:\/\/www.kress.com\/no-no\/wp-json\/wp\/v2\/product"}],"about":[{"href":"https:\/\/www.kress.com\/no-no\/wp-json\/wp\/v2\/types\/product"}],"wp:featuredmedia":[{"embeddable":true,"href":"https:\/\/www.kress.com\/no-no\/wp-json\/wp\/v2\/media\/434576"}],"wp:attachment":[{"href":"https:\/\/www.kress.com\/no-no\/wp-json\/wp\/v2\/media?parent=34320"}],"wp:term":[{"taxonomy":"product_brand","embeddable":true,"href":"https:\/\/www.kress.com\/no-no\/wp-json\/wp\/v2\/product_brand?post=34320"},{"taxonomy":"product_cat","embeddable":true,"href":"https:\/\/www.kress.com\/no-no\/wp-json\/wp\/v2\/product_cat?post=34320"},{"taxonomy":"product_tag","embeddable":true,"href":"https:\/\/www.kress.com\/no-no\/wp-json\/wp\/v2\/product_tag?post=34320"}],"curies":[{"name":"wp","href":"https:\/\/api.w.org\/{rel}","templated":true}]}}