{"id":42736,"date":"2024-03-26T08:17:14","date_gmt":"2024-03-26T07:17:14","guid":{"rendered":""},"modified":"2025-10-17T10:00:22","modified_gmt":"2025-10-17T10:00:22","slug":"batteria-professionale-cybercapsule-60-v-kac815","status":"publish","type":"product","link":"https:\/\/www.kress.com\/it-it\/batteria-professionale-cybercapsule-60-v-kac815\/","title":{"rendered":"Batteria CyberCapsule di tipo commerciale da 60 V"},"content":{"rendered":"<p>La CyberCapsule di Kress \u00e8 un modulo di accumulo di energia da 1,5 kWh, compatto e flessibile, che consente di caricare le batterie quando le prese di corrente non sono accessibili. Questo modulo offre ai paesaggisti la flessibilit\u00e0 di regolare la propria capacit\u00e0 energetica in base al fabbisogno giornaliero, portando con s\u00e9 ulteriori CyberCapsule. Pu\u00f2 anche funzionare come batteria a zaino, alimentando direttamente gli attrezzi.<\/p>\n","protected":false},"excerpt":{"rendered":"<p>La CyberCapsule di Kress \u00e8 un modulo di accumulo di energia da 1,5 kWh, compatto e flessibile, che consente di caricare le batterie quando le prese di corrente non sono accessibili. Questo modulo offre ai paesaggisti la flessibilit\u00e0 di regolare la propria capacit\u00e0 energetica in base al fabbisogno giornaliero, portando con s\u00e9 ulteriori CyberCapsule. Pu\u00f2 [&hellip;]<\/p>\n","protected":false},"featured_media":434583,"template":"","meta":{"_acf_changed":false},"product_brand":[],"product_cat":[],"product_tag":[],"class_list":{"0":"post-42736","1":"product","2":"type-product","3":"status-publish","4":"has-post-thumbnail","7":"first","8":"instock","9":"shipping-taxable","10":"purchasable","11":"product-type-simple"},"acf":[],"yoast_head":"<!-- This site is optimized with the Yoast SEO Premium plugin v26.5 (Yoast SEO v27.0) - https:\/\/yoast.com\/product\/yoast-seo-premium-wordpress\/ -->\n<title>Batteria CyberCapsule di tipo commerciale da 60 V | KRESS<\/title>\n<meta name=\"robots\" content=\"index, follow, max-snippet:-1, max-image-preview:large, max-video-preview:-1\" \/>\n<meta property=\"og:locale\" content=\"it_IT\" \/>\n<meta property=\"og:type\" content=\"article\" \/>\n<meta property=\"og:title\" content=\"Batteria CyberCapsule di tipo commerciale da 60 V\" \/>\n<meta property=\"og:description\" content=\"La CyberCapsule di Kress \u00e8 un modulo di accumulo di energia da 1,5 kWh, compatto e flessibile, che consente di caricare le batterie quando le prese di corrente non sono accessibili. Questo modulo offre ai paesaggisti la flessibilit\u00e0 di regolare la propria capacit\u00e0 energetica in base al fabbisogno giornaliero, portando con s\u00e9 ulteriori CyberCapsule. Pu\u00f2 [&hellip;]\" \/>\n<meta property=\"og:url\" content=\"https:\/\/www.kress.com\/it-it\/batteria-professionale-cybercapsule-60-v-kac815\/\" \/>\n<meta property=\"og:site_name\" content=\"KRESS\" \/>\n<meta property=\"article:modified_time\" content=\"2025-10-17T10:00:22+00:00\" \/>\n<meta property=\"og:image\" content=\"https:\/\/www.kress.com\/wp-content\/uploads\/2024\/02\/logo_long.png\" \/>\n\t<meta property=\"og:image:width\" content=\"1200\" \/>\n\t<meta property=\"og:image:height\" content=\"675\" \/>\n\t<meta property=\"og:image:type\" content=\"image\/png\" \/>\n<meta name=\"twitter:card\" content=\"summary_large_image\" \/>\n<script type=\"application\/ld+json\" class=\"yoast-schema-graph\">{\"@context\":\"https:\/\/schema.org\",\"@graph\":[{\"@type\":\"WebPage\",\"@id\":\"https:\/\/www.kress.com\/it-it\/batteria-professionale-cybercapsule-60-v-kac815\/\",\"url\":\"https:\/\/www.kress.com\/it-it\/batteria-professionale-cybercapsule-60-v-kac815\/\",\"name\":\"Batteria CyberCapsule di tipo commerciale da 60 V | KRESS\",\"isPartOf\":{\"@id\":\"https:\/\/www.kress.com\/de-de\/#website\"},\"primaryImageOfPage\":{\"@id\":\"https:\/\/www.kress.com\/it-it\/batteria-professionale-cybercapsule-60-v-kac815\/#primaryimage\"},\"image\":{\"@id\":\"https:\/\/www.kress.com\/it-it\/batteria-professionale-cybercapsule-60-v-kac815\/#primaryimage\"},\"thumbnailUrl\":\"https:\/\/www.kress.com\/wp-content\/uploads\/onpage\/op_image_dc8d590dfb79c897b7b5c6ed8271dea3d90b8690.1980x.webp\",\"datePublished\":\"2024-03-26T07:17:14+00:00\",\"dateModified\":\"2025-10-17T10:00:22+00:00\",\"breadcrumb\":{\"@id\":\"https:\/\/www.kress.com\/it-it\/batteria-professionale-cybercapsule-60-v-kac815\/#breadcrumb\"},\"inLanguage\":\"it-IT\",\"potentialAction\":[{\"@type\":\"ReadAction\",\"target\":[\"https:\/\/www.kress.com\/it-it\/batteria-professionale-cybercapsule-60-v-kac815\/\"]}]},{\"@type\":\"ImageObject\",\"inLanguage\":\"it-IT\",\"@id\":\"https:\/\/www.kress.com\/it-it\/batteria-professionale-cybercapsule-60-v-kac815\/#primaryimage\",\"url\":\"https:\/\/www.kress.com\/wp-content\/uploads\/onpage\/op_image_dc8d590dfb79c897b7b5c6ed8271dea3d90b8690.1980x.webp\",\"contentUrl\":\"https:\/\/www.kress.com\/wp-content\/uploads\/onpage\/op_image_dc8d590dfb79c897b7b5c6ed8271dea3d90b8690.1980x.webp\",\"width\":1980,\"height\":1980},{\"@type\":\"BreadcrumbList\",\"@id\":\"https:\/\/www.kress.com\/it-it\/batteria-professionale-cybercapsule-60-v-kac815\/#breadcrumb\",\"itemListElement\":[{\"@type\":\"ListItem\",\"position\":1,\"name\":\"Home\",\"item\":\"https:\/\/www.kress.com\/it-it\/\"},{\"@type\":\"ListItem\",\"position\":2,\"name\":\"Produits\",\"item\":\"https:\/\/www.kress.com\/fr-fr\/shop\/\"},{\"@type\":\"ListItem\",\"position\":3,\"name\":\"Batteria professionale CyberCapsule 60 V\"}]},{\"@type\":\"WebSite\",\"@id\":\"https:\/\/www.kress.com\/de-de\/#website\",\"url\":\"https:\/\/www.kress.com\/de-de\/\",\"name\":\"Kress\",\"description\":\"\",\"publisher\":{\"@id\":\"https:\/\/www.kress.com\/de-de\/#organization\"},\"potentialAction\":[{\"@type\":\"SearchAction\",\"target\":{\"@type\":\"EntryPoint\",\"urlTemplate\":\"https:\/\/www.kress.com\/de-de\/?s={search_term_string}\"},\"query-input\":{\"@type\":\"PropertyValueSpecification\",\"valueRequired\":true,\"valueName\":\"search_term_string\"}}],\"inLanguage\":\"it-IT\"},{\"@type\":\"Organization\",\"@id\":\"https:\/\/www.kress.com\/de-de\/#organization\",\"name\":\"Kress\",\"url\":\"https:\/\/www.kress.com\/de-de\/\",\"logo\":{\"@type\":\"ImageObject\",\"inLanguage\":\"it-IT\",\"@id\":\"https:\/\/www.kress.com\/de-de\/#\/schema\/logo\/image\/\",\"url\":\"https:\/\/www.kress.com\/wp-content\/uploads\/2024\/02\/logo.png\",\"contentUrl\":\"https:\/\/www.kress.com\/wp-content\/uploads\/2024\/02\/logo.png\",\"width\":696,\"height\":696,\"caption\":\"Kress\"},\"image\":{\"@id\":\"https:\/\/www.kress.com\/de-de\/#\/schema\/logo\/image\/\"}}]}<\/script>\n<!-- \/ Yoast SEO Premium plugin. -->","yoast_head_json":{"title":"Batteria CyberCapsule di tipo commerciale da 60 V | KRESS","robots":{"index":"index","follow":"follow","max-snippet":"max-snippet:-1","max-image-preview":"max-image-preview:large","max-video-preview":"max-video-preview:-1"},"og_locale":"it_IT","og_type":"article","og_title":"Batteria CyberCapsule di tipo commerciale da 60 V","og_description":"La CyberCapsule di Kress \u00e8 un modulo di accumulo di energia da 1,5 kWh, compatto e flessibile, che consente di caricare le batterie quando le prese di corrente non sono accessibili. Questo modulo offre ai paesaggisti la flessibilit\u00e0 di regolare la propria capacit\u00e0 energetica in base al fabbisogno giornaliero, portando con s\u00e9 ulteriori CyberCapsule. Pu\u00f2 [&hellip;]","og_url":"https:\/\/www.kress.com\/it-it\/batteria-professionale-cybercapsule-60-v-kac815\/","og_site_name":"KRESS","article_modified_time":"2025-10-17T10:00:22+00:00","og_image":[{"width":1200,"height":675,"url":"https:\/\/www.kress.com\/wp-content\/uploads\/2024\/02\/logo_long.png","type":"image\/png"}],"twitter_card":"summary_large_image","schema":{"@context":"https:\/\/schema.org","@graph":[{"@type":"WebPage","@id":"https:\/\/www.kress.com\/it-it\/batteria-professionale-cybercapsule-60-v-kac815\/","url":"https:\/\/www.kress.com\/it-it\/batteria-professionale-cybercapsule-60-v-kac815\/","name":"Batteria CyberCapsule di tipo commerciale da 60 V | KRESS","isPartOf":{"@id":"https:\/\/www.kress.com\/de-de\/#website"},"primaryImageOfPage":{"@id":"https:\/\/www.kress.com\/it-it\/batteria-professionale-cybercapsule-60-v-kac815\/#primaryimage"},"image":{"@id":"https:\/\/www.kress.com\/it-it\/batteria-professionale-cybercapsule-60-v-kac815\/#primaryimage"},"thumbnailUrl":"https:\/\/www.kress.com\/wp-content\/uploads\/onpage\/op_image_dc8d590dfb79c897b7b5c6ed8271dea3d90b8690.1980x.webp","datePublished":"2024-03-26T07:17:14+00:00","dateModified":"2025-10-17T10:00:22+00:00","breadcrumb":{"@id":"https:\/\/www.kress.com\/it-it\/batteria-professionale-cybercapsule-60-v-kac815\/#breadcrumb"},"inLanguage":"it-IT","potentialAction":[{"@type":"ReadAction","target":["https:\/\/www.kress.com\/it-it\/batteria-professionale-cybercapsule-60-v-kac815\/"]}]},{"@type":"ImageObject","inLanguage":"it-IT","@id":"https:\/\/www.kress.com\/it-it\/batteria-professionale-cybercapsule-60-v-kac815\/#primaryimage","url":"https:\/\/www.kress.com\/wp-content\/uploads\/onpage\/op_image_dc8d590dfb79c897b7b5c6ed8271dea3d90b8690.1980x.webp","contentUrl":"https:\/\/www.kress.com\/wp-content\/uploads\/onpage\/op_image_dc8d590dfb79c897b7b5c6ed8271dea3d90b8690.1980x.webp","width":1980,"height":1980},{"@type":"BreadcrumbList","@id":"https:\/\/www.kress.com\/it-it\/batteria-professionale-cybercapsule-60-v-kac815\/#breadcrumb","itemListElement":[{"@type":"ListItem","position":1,"name":"Home","item":"https:\/\/www.kress.com\/it-it\/"},{"@type":"ListItem","position":2,"name":"Produits","item":"https:\/\/www.kress.com\/fr-fr\/shop\/"},{"@type":"ListItem","position":3,"name":"Batteria professionale CyberCapsule 60 V"}]},{"@type":"WebSite","@id":"https:\/\/www.kress.com\/de-de\/#website","url":"https:\/\/www.kress.com\/de-de\/","name":"Kress","description":"","publisher":{"@id":"https:\/\/www.kress.com\/de-de\/#organization"},"potentialAction":[{"@type":"SearchAction","target":{"@type":"EntryPoint","urlTemplate":"https:\/\/www.kress.com\/de-de\/?s={search_term_string}"},"query-input":{"@type":"PropertyValueSpecification","valueRequired":true,"valueName":"search_term_string"}}],"inLanguage":"it-IT"},{"@type":"Organization","@id":"https:\/\/www.kress.com\/de-de\/#organization","name":"Kress","url":"https:\/\/www.kress.com\/de-de\/","logo":{"@type":"ImageObject","inLanguage":"it-IT","@id":"https:\/\/www.kress.com\/de-de\/#\/schema\/logo\/image\/","url":"https:\/\/www.kress.com\/wp-content\/uploads\/2024\/02\/logo.png","contentUrl":"https:\/\/www.kress.com\/wp-content\/uploads\/2024\/02\/logo.png","width":696,"height":696,"caption":"Kress"},"image":{"@id":"https:\/\/www.kress.com\/de-de\/#\/schema\/logo\/image\/"}}]}},"_links":{"self":[{"href":"https:\/\/www.kress.com\/it-it\/wp-json\/wp\/v2\/product\/42736","targetHints":{"allow":["GET"]}}],"collection":[{"href":"https:\/\/www.kress.com\/it-it\/wp-json\/wp\/v2\/product"}],"about":[{"href":"https:\/\/www.kress.com\/it-it\/wp-json\/wp\/v2\/types\/product"}],"wp:featuredmedia":[{"embeddable":true,"href":"https:\/\/www.kress.com\/it-it\/wp-json\/wp\/v2\/media\/434583"}],"wp:attachment":[{"href":"https:\/\/www.kress.com\/it-it\/wp-json\/wp\/v2\/media?parent=42736"}],"wp:term":[{"taxonomy":"product_brand","embeddable":true,"href":"https:\/\/www.kress.com\/it-it\/wp-json\/wp\/v2\/product_brand?post=42736"},{"taxonomy":"product_cat","embeddable":true,"href":"https:\/\/www.kress.com\/it-it\/wp-json\/wp\/v2\/product_cat?post=42736"},{"taxonomy":"product_tag","embeddable":true,"href":"https:\/\/www.kress.com\/it-it\/wp-json\/wp\/v2\/product_tag?post=42736"}],"curies":[{"name":"wp","href":"https:\/\/api.w.org\/{rel}","templated":true}]}}