{"id":34532,"date":"2024-03-26T08:16:34","date_gmt":"2024-03-26T08:16:34","guid":{"rendered":""},"modified":"2025-10-17T10:00:22","modified_gmt":"2025-10-17T10:00:22","slug":"motosega-commerciale-da-60-v-kc300-9","status":"publish","type":"product","link":"https:\/\/www.kress.com\/it-it\/motosega-commerciale-da-60-v-kc300-9\/","title":{"rendered":"Motosega commerciale da 60 V"},"content":{"rendered":"<p>Progettata per le aziende di giardinaggio e le municipalit\u00e0 che desiderano integrare pratiche sostenibili nelle loro attivit\u00e0, la motosega Kress Commercial combina un&#8217;impressionante velocit\u00e0 della catena di 24 m\/s con una robusta potenza di 2,8 kW e una coppia sostenuta, offrendo un&#8217;efficienza di taglio che i professionisti del giardinaggio non hanno ancora sperimentato. La KC300 \u00e8 un componente chiave del CyberSystem Kress Commercial, che offre una soluzione economica e ad alte prestazioni che riduce le spese operative e sostiene le iniziative ecologiche.<\/p>\n","protected":false},"excerpt":{"rendered":"<p>Progettata per le aziende di giardinaggio e le municipalit\u00e0 che desiderano integrare pratiche sostenibili nelle loro attivit\u00e0, la motosega Kress Commercial combina un&#8217;impressionante velocit\u00e0 della catena di 24 m\/s con una robusta potenza di 2,8 kW e una coppia sostenuta, offrendo un&#8217;efficienza di taglio che i professionisti del giardinaggio non hanno ancora sperimentato. La KC300 [&hellip;]<\/p>\n","protected":false},"featured_media":408808,"template":"","meta":{"_acf_changed":false},"product_brand":[],"product_cat":[],"product_tag":[],"class_list":{"0":"post-34532","1":"product","2":"type-product","3":"status-publish","4":"has-post-thumbnail","7":"first","8":"instock","9":"shipping-taxable","10":"purchasable","11":"product-type-simple"},"acf":[],"yoast_head":"<!-- This site is optimized with the Yoast SEO Premium plugin v26.5 (Yoast SEO v27.0) - https:\/\/yoast.com\/product\/yoast-seo-premium-wordpress\/ -->\n<title>Motosega commerciale da 60 V | KRESS<\/title>\n<meta name=\"robots\" content=\"index, follow, max-snippet:-1, max-image-preview:large, max-video-preview:-1\" \/>\n<meta property=\"og:locale\" content=\"it_IT\" \/>\n<meta property=\"og:type\" content=\"article\" \/>\n<meta property=\"og:title\" content=\"Motosega commerciale da 60 V\" \/>\n<meta property=\"og:description\" content=\"Progettata per le aziende di giardinaggio e le municipalit\u00e0 che desiderano integrare pratiche sostenibili nelle loro attivit\u00e0, la motosega Kress Commercial combina un&#8217;impressionante velocit\u00e0 della catena di 24 m\/s con una robusta potenza di 2,8 kW e una coppia sostenuta, offrendo un&#8217;efficienza di taglio che i professionisti del giardinaggio non hanno ancora sperimentato. La KC300 [&hellip;]\" \/>\n<meta property=\"og:url\" content=\"https:\/\/www.kress.com\/it-it\/motosega-commerciale-da-60-v-kc300-9\/\" \/>\n<meta property=\"og:site_name\" content=\"KRESS\" \/>\n<meta property=\"article:modified_time\" content=\"2025-10-17T10:00:22+00:00\" \/>\n<meta property=\"og:image\" content=\"https:\/\/www.kress.com\/wp-content\/uploads\/onpage\/op_image_d6db4806d888738b7fc9ed9303d9d3b0e5d7ad5d.1980x.webp\" \/>\n\t<meta property=\"og:image:width\" content=\"1980\" \/>\n\t<meta property=\"og:image:height\" content=\"1980\" \/>\n\t<meta property=\"og:image:type\" content=\"image\/webp\" \/>\n<meta name=\"twitter:card\" content=\"summary_large_image\" \/>\n<script type=\"application\/ld+json\" class=\"yoast-schema-graph\">{\"@context\":\"https:\/\/schema.org\",\"@graph\":[{\"@type\":\"WebPage\",\"@id\":\"https:\/\/www.kress.com\/it-it\/motosega-commerciale-da-60-v-kc300-9\/\",\"url\":\"https:\/\/www.kress.com\/it-it\/motosega-commerciale-da-60-v-kc300-9\/\",\"name\":\"Motosega commerciale da 60 V | KRESS\",\"isPartOf\":{\"@id\":\"https:\/\/www.kress.com\/de-de\/#website\"},\"primaryImageOfPage\":{\"@id\":\"https:\/\/www.kress.com\/it-it\/motosega-commerciale-da-60-v-kc300-9\/#primaryimage\"},\"image\":{\"@id\":\"https:\/\/www.kress.com\/it-it\/motosega-commerciale-da-60-v-kc300-9\/#primaryimage\"},\"thumbnailUrl\":\"https:\/\/www.kress.com\/wp-content\/uploads\/onpage\/op_image_d6db4806d888738b7fc9ed9303d9d3b0e5d7ad5d.1980x.webp\",\"datePublished\":\"2024-03-26T08:16:34+00:00\",\"dateModified\":\"2025-10-17T10:00:22+00:00\",\"breadcrumb\":{\"@id\":\"https:\/\/www.kress.com\/it-it\/motosega-commerciale-da-60-v-kc300-9\/#breadcrumb\"},\"inLanguage\":\"it-IT\",\"potentialAction\":[{\"@type\":\"ReadAction\",\"target\":[\"https:\/\/www.kress.com\/it-it\/motosega-commerciale-da-60-v-kc300-9\/\"]}]},{\"@type\":\"ImageObject\",\"inLanguage\":\"it-IT\",\"@id\":\"https:\/\/www.kress.com\/it-it\/motosega-commerciale-da-60-v-kc300-9\/#primaryimage\",\"url\":\"https:\/\/www.kress.com\/wp-content\/uploads\/onpage\/op_image_d6db4806d888738b7fc9ed9303d9d3b0e5d7ad5d.1980x.webp\",\"contentUrl\":\"https:\/\/www.kress.com\/wp-content\/uploads\/onpage\/op_image_d6db4806d888738b7fc9ed9303d9d3b0e5d7ad5d.1980x.webp\",\"width\":1980,\"height\":1980},{\"@type\":\"BreadcrumbList\",\"@id\":\"https:\/\/www.kress.com\/it-it\/motosega-commerciale-da-60-v-kc300-9\/#breadcrumb\",\"itemListElement\":[{\"@type\":\"ListItem\",\"position\":1,\"name\":\"Home\",\"item\":\"https:\/\/www.kress.com\/it-it\/\"},{\"@type\":\"ListItem\",\"position\":2,\"name\":\"Produits\",\"item\":\"https:\/\/www.kress.com\/fr-fr\/shop\/\"},{\"@type\":\"ListItem\",\"position\":3,\"name\":\"Motosega commerciale da 60 V\"}]},{\"@type\":\"WebSite\",\"@id\":\"https:\/\/www.kress.com\/de-de\/#website\",\"url\":\"https:\/\/www.kress.com\/de-de\/\",\"name\":\"Kress\",\"description\":\"\",\"publisher\":{\"@id\":\"https:\/\/www.kress.com\/de-de\/#organization\"},\"potentialAction\":[{\"@type\":\"SearchAction\",\"target\":{\"@type\":\"EntryPoint\",\"urlTemplate\":\"https:\/\/www.kress.com\/de-de\/?s={search_term_string}\"},\"query-input\":{\"@type\":\"PropertyValueSpecification\",\"valueRequired\":true,\"valueName\":\"search_term_string\"}}],\"inLanguage\":\"it-IT\"},{\"@type\":\"Organization\",\"@id\":\"https:\/\/www.kress.com\/de-de\/#organization\",\"name\":\"Kress\",\"url\":\"https:\/\/www.kress.com\/de-de\/\",\"logo\":{\"@type\":\"ImageObject\",\"inLanguage\":\"it-IT\",\"@id\":\"https:\/\/www.kress.com\/de-de\/#\/schema\/logo\/image\/\",\"url\":\"https:\/\/www.kress.com\/wp-content\/uploads\/2024\/02\/logo.png\",\"contentUrl\":\"https:\/\/www.kress.com\/wp-content\/uploads\/2024\/02\/logo.png\",\"width\":696,\"height\":696,\"caption\":\"Kress\"},\"image\":{\"@id\":\"https:\/\/www.kress.com\/de-de\/#\/schema\/logo\/image\/\"}}]}<\/script>\n<!-- \/ Yoast SEO Premium plugin. -->","yoast_head_json":{"title":"Motosega commerciale da 60 V | KRESS","robots":{"index":"index","follow":"follow","max-snippet":"max-snippet:-1","max-image-preview":"max-image-preview:large","max-video-preview":"max-video-preview:-1"},"og_locale":"it_IT","og_type":"article","og_title":"Motosega commerciale da 60 V","og_description":"Progettata per le aziende di giardinaggio e le municipalit\u00e0 che desiderano integrare pratiche sostenibili nelle loro attivit\u00e0, la motosega Kress Commercial combina un&#8217;impressionante velocit\u00e0 della catena di 24 m\/s con una robusta potenza di 2,8 kW e una coppia sostenuta, offrendo un&#8217;efficienza di taglio che i professionisti del giardinaggio non hanno ancora sperimentato. La KC300 [&hellip;]","og_url":"https:\/\/www.kress.com\/it-it\/motosega-commerciale-da-60-v-kc300-9\/","og_site_name":"KRESS","article_modified_time":"2025-10-17T10:00:22+00:00","og_image":[{"width":1980,"height":1980,"url":"https:\/\/www.kress.com\/wp-content\/uploads\/onpage\/op_image_d6db4806d888738b7fc9ed9303d9d3b0e5d7ad5d.1980x.webp","type":"image\/webp"}],"twitter_card":"summary_large_image","schema":{"@context":"https:\/\/schema.org","@graph":[{"@type":"WebPage","@id":"https:\/\/www.kress.com\/it-it\/motosega-commerciale-da-60-v-kc300-9\/","url":"https:\/\/www.kress.com\/it-it\/motosega-commerciale-da-60-v-kc300-9\/","name":"Motosega commerciale da 60 V | KRESS","isPartOf":{"@id":"https:\/\/www.kress.com\/de-de\/#website"},"primaryImageOfPage":{"@id":"https:\/\/www.kress.com\/it-it\/motosega-commerciale-da-60-v-kc300-9\/#primaryimage"},"image":{"@id":"https:\/\/www.kress.com\/it-it\/motosega-commerciale-da-60-v-kc300-9\/#primaryimage"},"thumbnailUrl":"https:\/\/www.kress.com\/wp-content\/uploads\/onpage\/op_image_d6db4806d888738b7fc9ed9303d9d3b0e5d7ad5d.1980x.webp","datePublished":"2024-03-26T08:16:34+00:00","dateModified":"2025-10-17T10:00:22+00:00","breadcrumb":{"@id":"https:\/\/www.kress.com\/it-it\/motosega-commerciale-da-60-v-kc300-9\/#breadcrumb"},"inLanguage":"it-IT","potentialAction":[{"@type":"ReadAction","target":["https:\/\/www.kress.com\/it-it\/motosega-commerciale-da-60-v-kc300-9\/"]}]},{"@type":"ImageObject","inLanguage":"it-IT","@id":"https:\/\/www.kress.com\/it-it\/motosega-commerciale-da-60-v-kc300-9\/#primaryimage","url":"https:\/\/www.kress.com\/wp-content\/uploads\/onpage\/op_image_d6db4806d888738b7fc9ed9303d9d3b0e5d7ad5d.1980x.webp","contentUrl":"https:\/\/www.kress.com\/wp-content\/uploads\/onpage\/op_image_d6db4806d888738b7fc9ed9303d9d3b0e5d7ad5d.1980x.webp","width":1980,"height":1980},{"@type":"BreadcrumbList","@id":"https:\/\/www.kress.com\/it-it\/motosega-commerciale-da-60-v-kc300-9\/#breadcrumb","itemListElement":[{"@type":"ListItem","position":1,"name":"Home","item":"https:\/\/www.kress.com\/it-it\/"},{"@type":"ListItem","position":2,"name":"Produits","item":"https:\/\/www.kress.com\/fr-fr\/shop\/"},{"@type":"ListItem","position":3,"name":"Motosega commerciale da 60 V"}]},{"@type":"WebSite","@id":"https:\/\/www.kress.com\/de-de\/#website","url":"https:\/\/www.kress.com\/de-de\/","name":"Kress","description":"","publisher":{"@id":"https:\/\/www.kress.com\/de-de\/#organization"},"potentialAction":[{"@type":"SearchAction","target":{"@type":"EntryPoint","urlTemplate":"https:\/\/www.kress.com\/de-de\/?s={search_term_string}"},"query-input":{"@type":"PropertyValueSpecification","valueRequired":true,"valueName":"search_term_string"}}],"inLanguage":"it-IT"},{"@type":"Organization","@id":"https:\/\/www.kress.com\/de-de\/#organization","name":"Kress","url":"https:\/\/www.kress.com\/de-de\/","logo":{"@type":"ImageObject","inLanguage":"it-IT","@id":"https:\/\/www.kress.com\/de-de\/#\/schema\/logo\/image\/","url":"https:\/\/www.kress.com\/wp-content\/uploads\/2024\/02\/logo.png","contentUrl":"https:\/\/www.kress.com\/wp-content\/uploads\/2024\/02\/logo.png","width":696,"height":696,"caption":"Kress"},"image":{"@id":"https:\/\/www.kress.com\/de-de\/#\/schema\/logo\/image\/"}}]}},"_links":{"self":[{"href":"https:\/\/www.kress.com\/it-it\/wp-json\/wp\/v2\/product\/34532","targetHints":{"allow":["GET"]}}],"collection":[{"href":"https:\/\/www.kress.com\/it-it\/wp-json\/wp\/v2\/product"}],"about":[{"href":"https:\/\/www.kress.com\/it-it\/wp-json\/wp\/v2\/types\/product"}],"wp:featuredmedia":[{"embeddable":true,"href":"https:\/\/www.kress.com\/it-it\/wp-json\/wp\/v2\/media\/408808"}],"wp:attachment":[{"href":"https:\/\/www.kress.com\/it-it\/wp-json\/wp\/v2\/media?parent=34532"}],"wp:term":[{"taxonomy":"product_brand","embeddable":true,"href":"https:\/\/www.kress.com\/it-it\/wp-json\/wp\/v2\/product_brand?post=34532"},{"taxonomy":"product_cat","embeddable":true,"href":"https:\/\/www.kress.com\/it-it\/wp-json\/wp\/v2\/product_cat?post=34532"},{"taxonomy":"product_tag","embeddable":true,"href":"https:\/\/www.kress.com\/it-it\/wp-json\/wp\/v2\/product_tag?post=34532"}],"curies":[{"name":"wp","href":"https:\/\/api.w.org\/{rel}","templated":true}]}}