{"id":35755,"date":"2024-03-26T08:16:41","date_gmt":"2024-03-26T08:16:41","guid":{"rendered":""},"modified":"2025-10-17T10:00:22","modified_gmt":"2025-10-17T10:00:22","slug":"kit-trapano-avvitatore-kress-20-v-max-senza-filo-60-nm-a-2-velocita-da-13-mm-kua71","status":"publish","type":"product","link":"https:\/\/www.kress.com\/it-ch\/kit-trapano-avvitatore-kress-20-v-max-senza-filo-60-nm-a-2-velocita-da-13-mm-kua71\/","title":{"rendered":"Kit trapano avvitatore Kress 20 V Max senza filo 60 Nm a 2 velocit\u00e0 da 13 mm"},"content":{"rendered":"<p>Progettato con l&#8217;innovativa tecnologia brushless che offre dimensioni pi\u00f9 compatte, una durata del motore fino a 10 volte superiore e il 50% di autonomia in pi\u00f9, il trapano avvitatore Kress KUA71 20 V 60 Nm da 13 mm \u00e8 progettato per garantire un&#8217;elevata efficienza e una maggiore precisione. \u00c8 dotato di un mandrino in metallo da 13 mm per impieghi gravosi, impostazione variabile a 2 velocit\u00e0, coppia massima di 60 Nm e 18+1 posizioni della frizione. Con una lunghezza compatta di 165 mm, il KUA71 \u00e8 ideale per accedere agli angoli stretti e dispone di una luce a LED per le aree scarsamente illuminate. Adatto per forare legno, metallo, plastica e per altri lavori di avvitamento, il suo design ergonomico offre un migliore controllo. Confezionato in una robusta valigetta impilabile per un facile trasporto e stoccaggio.<\/p>\n","protected":false},"excerpt":{"rendered":"<p>Progettato con l&#8217;innovativa tecnologia brushless che offre dimensioni pi\u00f9 compatte, una durata del motore fino a 10 volte superiore e il 50% di autonomia in pi\u00f9, il trapano avvitatore Kress KUA71 20 V 60 Nm da 13 mm \u00e8 progettato per garantire un&#8217;elevata efficienza e una maggiore precisione. \u00c8 dotato di un mandrino in metallo [&hellip;]<\/p>\n","protected":false},"featured_media":0,"template":"","meta":{"_acf_changed":false},"product_brand":[],"product_cat":[],"product_tag":[],"class_list":{"0":"post-35755","1":"product","2":"type-product","3":"status-publish","6":"first","7":"instock","8":"shipping-taxable","9":"product-type-simple"},"acf":[],"yoast_head":"<!-- This site is optimized with the Yoast SEO Premium plugin v27.5 (Yoast SEO v27.5) - https:\/\/yoast.com\/product\/yoast-seo-premium-wordpress\/ -->\n<title>Kit trapano avvitatore Kress 20 V Max senza filo 60 Nm a 2 velocit\u00e0 da 13 mm | Kress<\/title>\n<meta name=\"robots\" content=\"index, follow, max-snippet:-1, max-image-preview:large, max-video-preview:-1\" \/>\n<meta property=\"og:locale\" content=\"it_IT\" \/>\n<meta property=\"og:type\" content=\"article\" \/>\n<meta property=\"og:title\" content=\"Kit trapano avvitatore Kress 20 V Max senza filo 60 Nm a 2 velocit\u00e0 da 13 mm\" \/>\n<meta property=\"og:description\" content=\"Progettato con l&#8217;innovativa tecnologia brushless che offre dimensioni pi\u00f9 compatte, una durata del motore fino a 10 volte superiore e il 50% di autonomia in pi\u00f9, il trapano avvitatore Kress KUA71 20 V 60 Nm da 13 mm \u00e8 progettato per garantire un&#8217;elevata efficienza e una maggiore precisione. \u00c8 dotato di un mandrino in metallo [&hellip;]\" \/>\n<meta property=\"og:url\" content=\"https:\/\/www.kress.com\/it-ch\/kit-trapano-avvitatore-kress-20-v-max-senza-filo-60-nm-a-2-velocita-da-13-mm-kua71\/\" \/>\n<meta property=\"og:site_name\" content=\"Kress\" \/>\n<meta property=\"article:modified_time\" content=\"2025-10-17T10:00:22+00:00\" \/>\n<meta property=\"og:image\" content=\"https:\/\/www.kress.com\/wp-content\/uploads\/2024\/02\/logo_long.png\" \/>\n\t<meta property=\"og:image:width\" content=\"1200\" \/>\n\t<meta property=\"og:image:height\" content=\"675\" \/>\n\t<meta property=\"og:image:type\" content=\"image\/png\" \/>\n<meta name=\"twitter:card\" content=\"summary_large_image\" \/>\n<meta name=\"twitter:label1\" content=\"Est. reading time\" \/>\n\t<meta name=\"twitter:data1\" content=\"1 minute\" \/>\n<script type=\"application\/ld+json\" class=\"yoast-schema-graph\">{\"@context\":\"https:\\\/\\\/schema.org\",\"@graph\":[{\"@type\":\"WebPage\",\"@id\":\"https:\\\/\\\/www.kress.com\\\/it-ch\\\/kit-trapano-avvitatore-kress-20-v-max-senza-filo-60-nm-a-2-velocita-da-13-mm-kua71\\\/\",\"url\":\"https:\\\/\\\/www.kress.com\\\/it-ch\\\/kit-trapano-avvitatore-kress-20-v-max-senza-filo-60-nm-a-2-velocita-da-13-mm-kua71\\\/\",\"name\":\"Kit trapano avvitatore Kress 20 V Max senza filo 60 Nm a 2 velocit\u00e0 da 13 mm | Kress\",\"isPartOf\":{\"@id\":\"https:\\\/\\\/www.kress.com\\\/de-de\\\/#website\"},\"datePublished\":\"2024-03-26T08:16:41+00:00\",\"dateModified\":\"2025-10-17T10:00:22+00:00\",\"breadcrumb\":{\"@id\":\"https:\\\/\\\/www.kress.com\\\/it-ch\\\/kit-trapano-avvitatore-kress-20-v-max-senza-filo-60-nm-a-2-velocita-da-13-mm-kua71\\\/#breadcrumb\"},\"inLanguage\":\"it-CH\",\"potentialAction\":[{\"@type\":\"ReadAction\",\"target\":[\"https:\\\/\\\/www.kress.com\\\/it-ch\\\/kit-trapano-avvitatore-kress-20-v-max-senza-filo-60-nm-a-2-velocita-da-13-mm-kua71\\\/\"]}]},{\"@type\":\"BreadcrumbList\",\"@id\":\"https:\\\/\\\/www.kress.com\\\/it-ch\\\/kit-trapano-avvitatore-kress-20-v-max-senza-filo-60-nm-a-2-velocita-da-13-mm-kua71\\\/#breadcrumb\",\"itemListElement\":[{\"@type\":\"ListItem\",\"position\":1,\"name\":\"Home\",\"item\":\"https:\\\/\\\/www.kress.com\\\/it-ch\\\/\"},{\"@type\":\"ListItem\",\"position\":2,\"name\":\"Produits\",\"item\":\"https:\\\/\\\/www.kress.com\\\/fr-fr\\\/shop\\\/\"},{\"@type\":\"ListItem\",\"position\":3,\"name\":\"Kit trapano avvitatore Kress 20 V Max senza filo 60 Nm a 2 velocit\u00e0 da 13 mm\"}]},{\"@type\":\"WebSite\",\"@id\":\"https:\\\/\\\/www.kress.com\\\/de-de\\\/#website\",\"url\":\"https:\\\/\\\/www.kress.com\\\/de-de\\\/\",\"name\":\"Kress\",\"description\":\"\",\"publisher\":{\"@id\":\"https:\\\/\\\/www.kress.com\\\/de-de\\\/#organization\"},\"potentialAction\":[{\"@type\":\"SearchAction\",\"target\":{\"@type\":\"EntryPoint\",\"urlTemplate\":\"https:\\\/\\\/www.kress.com\\\/de-de\\\/?s={search_term_string}\"},\"query-input\":{\"@type\":\"PropertyValueSpecification\",\"valueRequired\":true,\"valueName\":\"search_term_string\"}}],\"inLanguage\":\"it-CH\"},{\"@type\":\"Organization\",\"@id\":\"https:\\\/\\\/www.kress.com\\\/de-de\\\/#organization\",\"name\":\"Kress\",\"url\":\"https:\\\/\\\/www.kress.com\\\/de-de\\\/\",\"logo\":{\"@type\":\"ImageObject\",\"inLanguage\":\"it-CH\",\"@id\":\"https:\\\/\\\/www.kress.com\\\/de-de\\\/#\\\/schema\\\/logo\\\/image\\\/\",\"url\":\"https:\\\/\\\/www.kress.com\\\/wp-content\\\/uploads\\\/2024\\\/02\\\/logo.png\",\"contentUrl\":\"https:\\\/\\\/www.kress.com\\\/wp-content\\\/uploads\\\/2024\\\/02\\\/logo.png\",\"width\":696,\"height\":696,\"caption\":\"Kress\"},\"image\":{\"@id\":\"https:\\\/\\\/www.kress.com\\\/de-de\\\/#\\\/schema\\\/logo\\\/image\\\/\"}}]}<\/script>\n<!-- \/ Yoast SEO Premium plugin. -->","yoast_head_json":{"title":"Kit trapano avvitatore Kress 20 V Max senza filo 60 Nm a 2 velocit\u00e0 da 13 mm | Kress","robots":{"index":"index","follow":"follow","max-snippet":"max-snippet:-1","max-image-preview":"max-image-preview:large","max-video-preview":"max-video-preview:-1"},"og_locale":"it_IT","og_type":"article","og_title":"Kit trapano avvitatore Kress 20 V Max senza filo 60 Nm a 2 velocit\u00e0 da 13 mm","og_description":"Progettato con l&#8217;innovativa tecnologia brushless che offre dimensioni pi\u00f9 compatte, una durata del motore fino a 10 volte superiore e il 50% di autonomia in pi\u00f9, il trapano avvitatore Kress KUA71 20 V 60 Nm da 13 mm \u00e8 progettato per garantire un&#8217;elevata efficienza e una maggiore precisione. \u00c8 dotato di un mandrino in metallo [&hellip;]","og_url":"https:\/\/www.kress.com\/it-ch\/kit-trapano-avvitatore-kress-20-v-max-senza-filo-60-nm-a-2-velocita-da-13-mm-kua71\/","og_site_name":"Kress","article_modified_time":"2025-10-17T10:00:22+00:00","og_image":[{"width":1200,"height":675,"url":"https:\/\/www.kress.com\/wp-content\/uploads\/2024\/02\/logo_long.png","type":"image\/png"}],"twitter_card":"summary_large_image","twitter_misc":{"Est. reading time":"1 minute"},"schema":{"@context":"https:\/\/schema.org","@graph":[{"@type":"WebPage","@id":"https:\/\/www.kress.com\/it-ch\/kit-trapano-avvitatore-kress-20-v-max-senza-filo-60-nm-a-2-velocita-da-13-mm-kua71\/","url":"https:\/\/www.kress.com\/it-ch\/kit-trapano-avvitatore-kress-20-v-max-senza-filo-60-nm-a-2-velocita-da-13-mm-kua71\/","name":"Kit trapano avvitatore Kress 20 V Max senza filo 60 Nm a 2 velocit\u00e0 da 13 mm | Kress","isPartOf":{"@id":"https:\/\/www.kress.com\/de-de\/#website"},"datePublished":"2024-03-26T08:16:41+00:00","dateModified":"2025-10-17T10:00:22+00:00","breadcrumb":{"@id":"https:\/\/www.kress.com\/it-ch\/kit-trapano-avvitatore-kress-20-v-max-senza-filo-60-nm-a-2-velocita-da-13-mm-kua71\/#breadcrumb"},"inLanguage":"it-CH","potentialAction":[{"@type":"ReadAction","target":["https:\/\/www.kress.com\/it-ch\/kit-trapano-avvitatore-kress-20-v-max-senza-filo-60-nm-a-2-velocita-da-13-mm-kua71\/"]}]},{"@type":"BreadcrumbList","@id":"https:\/\/www.kress.com\/it-ch\/kit-trapano-avvitatore-kress-20-v-max-senza-filo-60-nm-a-2-velocita-da-13-mm-kua71\/#breadcrumb","itemListElement":[{"@type":"ListItem","position":1,"name":"Home","item":"https:\/\/www.kress.com\/it-ch\/"},{"@type":"ListItem","position":2,"name":"Produits","item":"https:\/\/www.kress.com\/fr-fr\/shop\/"},{"@type":"ListItem","position":3,"name":"Kit trapano avvitatore Kress 20 V Max senza filo 60 Nm a 2 velocit\u00e0 da 13 mm"}]},{"@type":"WebSite","@id":"https:\/\/www.kress.com\/de-de\/#website","url":"https:\/\/www.kress.com\/de-de\/","name":"Kress","description":"","publisher":{"@id":"https:\/\/www.kress.com\/de-de\/#organization"},"potentialAction":[{"@type":"SearchAction","target":{"@type":"EntryPoint","urlTemplate":"https:\/\/www.kress.com\/de-de\/?s={search_term_string}"},"query-input":{"@type":"PropertyValueSpecification","valueRequired":true,"valueName":"search_term_string"}}],"inLanguage":"it-CH"},{"@type":"Organization","@id":"https:\/\/www.kress.com\/de-de\/#organization","name":"Kress","url":"https:\/\/www.kress.com\/de-de\/","logo":{"@type":"ImageObject","inLanguage":"it-CH","@id":"https:\/\/www.kress.com\/de-de\/#\/schema\/logo\/image\/","url":"https:\/\/www.kress.com\/wp-content\/uploads\/2024\/02\/logo.png","contentUrl":"https:\/\/www.kress.com\/wp-content\/uploads\/2024\/02\/logo.png","width":696,"height":696,"caption":"Kress"},"image":{"@id":"https:\/\/www.kress.com\/de-de\/#\/schema\/logo\/image\/"}}]}},"_links":{"self":[{"href":"https:\/\/www.kress.com\/it-ch\/wp-json\/wp\/v2\/product\/35755","targetHints":{"allow":["GET"]}}],"collection":[{"href":"https:\/\/www.kress.com\/it-ch\/wp-json\/wp\/v2\/product"}],"about":[{"href":"https:\/\/www.kress.com\/it-ch\/wp-json\/wp\/v2\/types\/product"}],"wp:attachment":[{"href":"https:\/\/www.kress.com\/it-ch\/wp-json\/wp\/v2\/media?parent=35755"}],"wp:term":[{"taxonomy":"product_brand","embeddable":true,"href":"https:\/\/www.kress.com\/it-ch\/wp-json\/wp\/v2\/product_brand?post=35755"},{"taxonomy":"product_cat","embeddable":true,"href":"https:\/\/www.kress.com\/it-ch\/wp-json\/wp\/v2\/product_cat?post=35755"},{"taxonomy":"product_tag","embeddable":true,"href":"https:\/\/www.kress.com\/it-ch\/wp-json\/wp\/v2\/product_tag?post=35755"}],"curies":[{"name":"wp","href":"https:\/\/api.w.org\/{rel}","templated":true}]}}