{"id":34579,"date":"2024-03-26T08:16:34","date_gmt":"2024-03-26T07:16:34","guid":{"rendered":""},"modified":"2025-10-17T10:00:22","modified_gmt":"2025-10-17T10:00:22","slug":"soffiatore-a-zaino-professionale-60-v-kc500-9","status":"publish","type":"product","link":"https:\/\/www.kress.com\/it-ch\/soffiatore-a-zaino-professionale-60-v-kc500-9\/","title":{"rendered":"Soffiatore a zaino da 60 V per uso commerciale"},"content":{"rendered":"<p>Progettato per le aziende di giardinaggio e le municipalit\u00e0 che desiderano integrare pratiche sostenibili nelle loro attivit\u00e0, il soffiatore a zaino Kress KC500 stabilisce un nuovo standard di produttivit\u00e0. Con una forza di soffiaggio di 35 N, \u00e8 in grado di competere con la potenza dei soffiatori a gas con motore a 2 tempi da 65 cc, pur operando senza i relativi fumi, rumori e vibrazioni. Con una potenza di 62 dB, il soffiatore Kress \u00e8 conforme alle normative sulle zone silenziose. Come parte del sistema CyberSystem Kress Commercial, offre prestazioni di alto livello con il vantaggio di costi operativi inferiori rispetto ai sistemi a gas e ad altri sistemi a batteria.<\/p>\n","protected":false},"excerpt":{"rendered":"<p>Progettato per le aziende di giardinaggio e le municipalit\u00e0 che desiderano integrare pratiche sostenibili nelle loro attivit\u00e0, il soffiatore a zaino Kress KC500 stabilisce un nuovo standard di produttivit\u00e0. Con una forza di soffiaggio di 35 N, \u00e8 in grado di competere con la potenza dei soffiatori a gas con motore a 2 tempi da [&hellip;]<\/p>\n","protected":false},"featured_media":434586,"template":"","meta":{"_acf_changed":false},"product_brand":[],"product_cat":[],"product_tag":[],"class_list":{"0":"post-34579","1":"product","2":"type-product","3":"status-publish","4":"has-post-thumbnail","7":"first","8":"instock","9":"shipping-taxable","10":"purchasable","11":"product-type-simple"},"acf":[],"yoast_head":"<!-- This site is optimized with the Yoast SEO Premium plugin v26.5 (Yoast SEO v27.0) - https:\/\/yoast.com\/product\/yoast-seo-premium-wordpress\/ -->\n<title>Soffiatore a zaino da 60 V per uso commerciale | Kress<\/title>\n<meta name=\"robots\" content=\"index, follow, max-snippet:-1, max-image-preview:large, max-video-preview:-1\" \/>\n<meta property=\"og:locale\" content=\"it_IT\" \/>\n<meta property=\"og:type\" content=\"article\" \/>\n<meta property=\"og:title\" content=\"Soffiatore a zaino da 60 V per uso commerciale\" \/>\n<meta property=\"og:description\" content=\"Progettato per le aziende di giardinaggio e le municipalit\u00e0 che desiderano integrare pratiche sostenibili nelle loro attivit\u00e0, il soffiatore a zaino Kress KC500 stabilisce un nuovo standard di produttivit\u00e0. Con una forza di soffiaggio di 35 N, \u00e8 in grado di competere con la potenza dei soffiatori a gas con motore a 2 tempi da [&hellip;]\" \/>\n<meta property=\"og:url\" content=\"https:\/\/www.kress.com\/it-ch\/soffiatore-a-zaino-professionale-60-v-kc500-9\/\" \/>\n<meta property=\"og:site_name\" content=\"Kress\" \/>\n<meta property=\"article:modified_time\" content=\"2025-10-17T10:00:22+00:00\" \/>\n<meta property=\"og:image\" content=\"https:\/\/www.kress.com\/wp-content\/uploads\/onpage\/op_image_61372341b0667541549571a458a05af3b1247d2d.1980x.webp\" \/>\n\t<meta property=\"og:image:width\" content=\"1980\" \/>\n\t<meta property=\"og:image:height\" content=\"1980\" \/>\n\t<meta property=\"og:image:type\" content=\"image\/webp\" \/>\n<meta name=\"twitter:card\" content=\"summary_large_image\" \/>\n<meta name=\"twitter:label1\" content=\"Est. reading time\" \/>\n\t<meta name=\"twitter:data1\" content=\"1 minute\" \/>\n<script type=\"application\/ld+json\" class=\"yoast-schema-graph\">{\"@context\":\"https:\/\/schema.org\",\"@graph\":[{\"@type\":\"WebPage\",\"@id\":\"https:\/\/www.kress.com\/it-ch\/soffiatore-a-zaino-professionale-60-v-kc500-9\/\",\"url\":\"https:\/\/www.kress.com\/it-ch\/soffiatore-a-zaino-professionale-60-v-kc500-9\/\",\"name\":\"Soffiatore a zaino da 60 V per uso commerciale | Kress\",\"isPartOf\":{\"@id\":\"https:\/\/www.kress.com\/de-de\/#website\"},\"primaryImageOfPage\":{\"@id\":\"https:\/\/www.kress.com\/it-ch\/soffiatore-a-zaino-professionale-60-v-kc500-9\/#primaryimage\"},\"image\":{\"@id\":\"https:\/\/www.kress.com\/it-ch\/soffiatore-a-zaino-professionale-60-v-kc500-9\/#primaryimage\"},\"thumbnailUrl\":\"https:\/\/www.kress.com\/wp-content\/uploads\/onpage\/op_image_61372341b0667541549571a458a05af3b1247d2d.1980x.webp\",\"datePublished\":\"2024-03-26T07:16:34+00:00\",\"dateModified\":\"2025-10-17T10:00:22+00:00\",\"breadcrumb\":{\"@id\":\"https:\/\/www.kress.com\/it-ch\/soffiatore-a-zaino-professionale-60-v-kc500-9\/#breadcrumb\"},\"inLanguage\":\"it-CH\",\"potentialAction\":[{\"@type\":\"ReadAction\",\"target\":[\"https:\/\/www.kress.com\/it-ch\/soffiatore-a-zaino-professionale-60-v-kc500-9\/\"]}]},{\"@type\":\"ImageObject\",\"inLanguage\":\"it-CH\",\"@id\":\"https:\/\/www.kress.com\/it-ch\/soffiatore-a-zaino-professionale-60-v-kc500-9\/#primaryimage\",\"url\":\"https:\/\/www.kress.com\/wp-content\/uploads\/onpage\/op_image_61372341b0667541549571a458a05af3b1247d2d.1980x.webp\",\"contentUrl\":\"https:\/\/www.kress.com\/wp-content\/uploads\/onpage\/op_image_61372341b0667541549571a458a05af3b1247d2d.1980x.webp\",\"width\":1980,\"height\":1980},{\"@type\":\"BreadcrumbList\",\"@id\":\"https:\/\/www.kress.com\/it-ch\/soffiatore-a-zaino-professionale-60-v-kc500-9\/#breadcrumb\",\"itemListElement\":[{\"@type\":\"ListItem\",\"position\":1,\"name\":\"Home\",\"item\":\"https:\/\/www.kress.com\/it-ch\/\"},{\"@type\":\"ListItem\",\"position\":2,\"name\":\"Produits\",\"item\":\"https:\/\/www.kress.com\/fr-fr\/shop\/\"},{\"@type\":\"ListItem\",\"position\":3,\"name\":\"Soffiatore a zaino professionale 60 V\"}]},{\"@type\":\"WebSite\",\"@id\":\"https:\/\/www.kress.com\/de-de\/#website\",\"url\":\"https:\/\/www.kress.com\/de-de\/\",\"name\":\"Kress\",\"description\":\"\",\"publisher\":{\"@id\":\"https:\/\/www.kress.com\/de-de\/#organization\"},\"potentialAction\":[{\"@type\":\"SearchAction\",\"target\":{\"@type\":\"EntryPoint\",\"urlTemplate\":\"https:\/\/www.kress.com\/de-de\/?s={search_term_string}\"},\"query-input\":{\"@type\":\"PropertyValueSpecification\",\"valueRequired\":true,\"valueName\":\"search_term_string\"}}],\"inLanguage\":\"it-CH\"},{\"@type\":\"Organization\",\"@id\":\"https:\/\/www.kress.com\/de-de\/#organization\",\"name\":\"Kress\",\"url\":\"https:\/\/www.kress.com\/de-de\/\",\"logo\":{\"@type\":\"ImageObject\",\"inLanguage\":\"it-CH\",\"@id\":\"https:\/\/www.kress.com\/de-de\/#\/schema\/logo\/image\/\",\"url\":\"https:\/\/www.kress.com\/wp-content\/uploads\/2024\/02\/logo.png\",\"contentUrl\":\"https:\/\/www.kress.com\/wp-content\/uploads\/2024\/02\/logo.png\",\"width\":696,\"height\":696,\"caption\":\"Kress\"},\"image\":{\"@id\":\"https:\/\/www.kress.com\/de-de\/#\/schema\/logo\/image\/\"}}]}<\/script>\n<!-- \/ Yoast SEO Premium plugin. -->","yoast_head_json":{"title":"Soffiatore a zaino da 60 V per uso commerciale | Kress","robots":{"index":"index","follow":"follow","max-snippet":"max-snippet:-1","max-image-preview":"max-image-preview:large","max-video-preview":"max-video-preview:-1"},"og_locale":"it_IT","og_type":"article","og_title":"Soffiatore a zaino da 60 V per uso commerciale","og_description":"Progettato per le aziende di giardinaggio e le municipalit\u00e0 che desiderano integrare pratiche sostenibili nelle loro attivit\u00e0, il soffiatore a zaino Kress KC500 stabilisce un nuovo standard di produttivit\u00e0. Con una forza di soffiaggio di 35 N, \u00e8 in grado di competere con la potenza dei soffiatori a gas con motore a 2 tempi da [&hellip;]","og_url":"https:\/\/www.kress.com\/it-ch\/soffiatore-a-zaino-professionale-60-v-kc500-9\/","og_site_name":"Kress","article_modified_time":"2025-10-17T10:00:22+00:00","og_image":[{"width":1980,"height":1980,"url":"https:\/\/www.kress.com\/wp-content\/uploads\/onpage\/op_image_61372341b0667541549571a458a05af3b1247d2d.1980x.webp","type":"image\/webp"}],"twitter_card":"summary_large_image","twitter_misc":{"Est. reading time":"1 minute"},"schema":{"@context":"https:\/\/schema.org","@graph":[{"@type":"WebPage","@id":"https:\/\/www.kress.com\/it-ch\/soffiatore-a-zaino-professionale-60-v-kc500-9\/","url":"https:\/\/www.kress.com\/it-ch\/soffiatore-a-zaino-professionale-60-v-kc500-9\/","name":"Soffiatore a zaino da 60 V per uso commerciale | Kress","isPartOf":{"@id":"https:\/\/www.kress.com\/de-de\/#website"},"primaryImageOfPage":{"@id":"https:\/\/www.kress.com\/it-ch\/soffiatore-a-zaino-professionale-60-v-kc500-9\/#primaryimage"},"image":{"@id":"https:\/\/www.kress.com\/it-ch\/soffiatore-a-zaino-professionale-60-v-kc500-9\/#primaryimage"},"thumbnailUrl":"https:\/\/www.kress.com\/wp-content\/uploads\/onpage\/op_image_61372341b0667541549571a458a05af3b1247d2d.1980x.webp","datePublished":"2024-03-26T07:16:34+00:00","dateModified":"2025-10-17T10:00:22+00:00","breadcrumb":{"@id":"https:\/\/www.kress.com\/it-ch\/soffiatore-a-zaino-professionale-60-v-kc500-9\/#breadcrumb"},"inLanguage":"it-CH","potentialAction":[{"@type":"ReadAction","target":["https:\/\/www.kress.com\/it-ch\/soffiatore-a-zaino-professionale-60-v-kc500-9\/"]}]},{"@type":"ImageObject","inLanguage":"it-CH","@id":"https:\/\/www.kress.com\/it-ch\/soffiatore-a-zaino-professionale-60-v-kc500-9\/#primaryimage","url":"https:\/\/www.kress.com\/wp-content\/uploads\/onpage\/op_image_61372341b0667541549571a458a05af3b1247d2d.1980x.webp","contentUrl":"https:\/\/www.kress.com\/wp-content\/uploads\/onpage\/op_image_61372341b0667541549571a458a05af3b1247d2d.1980x.webp","width":1980,"height":1980},{"@type":"BreadcrumbList","@id":"https:\/\/www.kress.com\/it-ch\/soffiatore-a-zaino-professionale-60-v-kc500-9\/#breadcrumb","itemListElement":[{"@type":"ListItem","position":1,"name":"Home","item":"https:\/\/www.kress.com\/it-ch\/"},{"@type":"ListItem","position":2,"name":"Produits","item":"https:\/\/www.kress.com\/fr-fr\/shop\/"},{"@type":"ListItem","position":3,"name":"Soffiatore a zaino professionale 60 V"}]},{"@type":"WebSite","@id":"https:\/\/www.kress.com\/de-de\/#website","url":"https:\/\/www.kress.com\/de-de\/","name":"Kress","description":"","publisher":{"@id":"https:\/\/www.kress.com\/de-de\/#organization"},"potentialAction":[{"@type":"SearchAction","target":{"@type":"EntryPoint","urlTemplate":"https:\/\/www.kress.com\/de-de\/?s={search_term_string}"},"query-input":{"@type":"PropertyValueSpecification","valueRequired":true,"valueName":"search_term_string"}}],"inLanguage":"it-CH"},{"@type":"Organization","@id":"https:\/\/www.kress.com\/de-de\/#organization","name":"Kress","url":"https:\/\/www.kress.com\/de-de\/","logo":{"@type":"ImageObject","inLanguage":"it-CH","@id":"https:\/\/www.kress.com\/de-de\/#\/schema\/logo\/image\/","url":"https:\/\/www.kress.com\/wp-content\/uploads\/2024\/02\/logo.png","contentUrl":"https:\/\/www.kress.com\/wp-content\/uploads\/2024\/02\/logo.png","width":696,"height":696,"caption":"Kress"},"image":{"@id":"https:\/\/www.kress.com\/de-de\/#\/schema\/logo\/image\/"}}]}},"_links":{"self":[{"href":"https:\/\/www.kress.com\/it-ch\/wp-json\/wp\/v2\/product\/34579","targetHints":{"allow":["GET"]}}],"collection":[{"href":"https:\/\/www.kress.com\/it-ch\/wp-json\/wp\/v2\/product"}],"about":[{"href":"https:\/\/www.kress.com\/it-ch\/wp-json\/wp\/v2\/types\/product"}],"wp:featuredmedia":[{"embeddable":true,"href":"https:\/\/www.kress.com\/it-ch\/wp-json\/wp\/v2\/media\/434586"}],"wp:attachment":[{"href":"https:\/\/www.kress.com\/it-ch\/wp-json\/wp\/v2\/media?parent=34579"}],"wp:term":[{"taxonomy":"product_brand","embeddable":true,"href":"https:\/\/www.kress.com\/it-ch\/wp-json\/wp\/v2\/product_brand?post=34579"},{"taxonomy":"product_cat","embeddable":true,"href":"https:\/\/www.kress.com\/it-ch\/wp-json\/wp\/v2\/product_cat?post=34579"},{"taxonomy":"product_tag","embeddable":true,"href":"https:\/\/www.kress.com\/it-ch\/wp-json\/wp\/v2\/product_tag?post=34579"}],"curies":[{"name":"wp","href":"https:\/\/api.w.org\/{rel}","templated":true}]}}