{"id":42617,"date":"2024-03-26T08:17:13","date_gmt":"2024-03-26T08:17:13","guid":{"rendered":""},"modified":"2025-10-17T10:00:22","modified_gmt":"2025-10-17T10:00:22","slug":"taille-haie-sur-perche-60-v-de-qualite-professionnelle-kc240-9","status":"publish","type":"product","link":"https:\/\/www.kress.com\/fr-lu\/taille-haie-sur-perche-60-v-de-qualite-professionnelle-kc240-9\/","title":{"rendered":"Taille-haie \u00e0 perche 60 V de qualit\u00e9 commerciale"},"content":{"rendered":"<p>Con\u00e7u pour les entreprises d&#8217;am\u00e9nagement paysager et les municipalit\u00e9s qui cherchent \u00e0 int\u00e9grer des pratiques durables dans leurs activit\u00e9s, le taille-haie sur perche \u00e0 arbre court articul\u00e9 (145\u00b0) de Kress Commercial est un outil l\u00e9ger d&#8217;une puissance de 1 kW comparable \u00e0 celle d&#8217;un taille-haie \u00e0 essence de 25 cm3. Raffin\u00e9 pour offrir pr\u00e9cision et puissance, le Kress KC240 est un outil fiable pour les haies de taille moyenne. La t\u00eate de coupe articul\u00e9e \u00e0 145\u00b0, combin\u00e9e \u00e0 une port\u00e9e allong\u00e9e, offre aux paysagistes une port\u00e9e et une maniabilit\u00e9 exceptionnelles. Faisant partie du CyberSyst\u00e8me Commercial Kress, il offre des performances haut de gamme avec l&#8217;avantage de co\u00fbts d&#8217;exploitation inf\u00e9rieurs \u00e0 ceux du gaz et d&#8217;autres syst\u00e8mes de batterie.<\/p>\n","protected":false},"excerpt":{"rendered":"<p>Con\u00e7u pour les entreprises d&#8217;am\u00e9nagement paysager et les municipalit\u00e9s qui cherchent \u00e0 int\u00e9grer des pratiques durables dans leurs activit\u00e9s, le taille-haie sur perche \u00e0 arbre court articul\u00e9 (145\u00b0) de Kress Commercial est un outil l\u00e9ger d&#8217;une puissance de 1 kW comparable \u00e0 celle d&#8217;un taille-haie \u00e0 essence de 25 cm3. Raffin\u00e9 pour offrir pr\u00e9cision et [&hellip;]<\/p>\n","protected":false},"featured_media":410608,"template":"","meta":{"_acf_changed":false},"product_brand":[],"product_cat":[],"product_tag":[],"class_list":{"0":"post-42617","1":"product","2":"type-product","3":"status-publish","4":"has-post-thumbnail","7":"first","8":"instock","9":"shipping-taxable","10":"purchasable","11":"product-type-simple"},"acf":[],"yoast_head":"<!-- This site is optimized with the Yoast SEO Premium plugin v26.5 (Yoast SEO v27.0) - https:\/\/yoast.com\/product\/yoast-seo-premium-wordpress\/ -->\n<title>Taille-haie \u00e0 perche 60 V de qualit\u00e9 commerciale | Kress<\/title>\n<meta name=\"robots\" content=\"index, follow, max-snippet:-1, max-image-preview:large, max-video-preview:-1\" \/>\n<meta property=\"og:locale\" content=\"fr_FR\" \/>\n<meta property=\"og:type\" content=\"article\" \/>\n<meta property=\"og:title\" content=\"Taille-haie \u00e0 perche 60 V de qualit\u00e9 commerciale\" \/>\n<meta property=\"og:description\" content=\"Con\u00e7u pour les entreprises d&#8217;am\u00e9nagement paysager et les municipalit\u00e9s qui cherchent \u00e0 int\u00e9grer des pratiques durables dans leurs activit\u00e9s, le taille-haie sur perche \u00e0 arbre court articul\u00e9 (145\u00b0) de Kress Commercial est un outil l\u00e9ger d&#8217;une puissance de 1 kW comparable \u00e0 celle d&#8217;un taille-haie \u00e0 essence de 25 cm3. Raffin\u00e9 pour offrir pr\u00e9cision et [&hellip;]\" \/>\n<meta property=\"og:url\" content=\"https:\/\/www.kress.com\/fr-lu\/taille-haie-sur-perche-60-v-de-qualite-professionnelle-kc240-9\/\" \/>\n<meta property=\"og:site_name\" content=\"Kress\" \/>\n<meta property=\"article:modified_time\" content=\"2025-10-17T10:00:22+00:00\" \/>\n<meta property=\"og:image\" content=\"https:\/\/www.kress.com\/wp-content\/uploads\/onpage\/op_image_3c4f31aa39677ca7602d2da6f981ee05e8d2cb4d.1980x.webp\" \/>\n\t<meta property=\"og:image:width\" content=\"1980\" \/>\n\t<meta property=\"og:image:height\" content=\"1980\" \/>\n\t<meta property=\"og:image:type\" content=\"image\/webp\" \/>\n<meta name=\"twitter:card\" content=\"summary_large_image\" \/>\n<meta name=\"twitter:label1\" content=\"Est. reading time\" \/>\n\t<meta name=\"twitter:data1\" content=\"1 minute\" \/>\n<script type=\"application\/ld+json\" class=\"yoast-schema-graph\">{\"@context\":\"https:\/\/schema.org\",\"@graph\":[{\"@type\":\"WebPage\",\"@id\":\"https:\/\/www.kress.com\/fr-lu\/taille-haie-sur-perche-60-v-de-qualite-professionnelle-kc240-9\/\",\"url\":\"https:\/\/www.kress.com\/fr-lu\/taille-haie-sur-perche-60-v-de-qualite-professionnelle-kc240-9\/\",\"name\":\"Taille-haie \u00e0 perche 60 V de qualit\u00e9 commerciale | Kress\",\"isPartOf\":{\"@id\":\"https:\/\/www.kress.com\/de-de\/#website\"},\"primaryImageOfPage\":{\"@id\":\"https:\/\/www.kress.com\/fr-lu\/taille-haie-sur-perche-60-v-de-qualite-professionnelle-kc240-9\/#primaryimage\"},\"image\":{\"@id\":\"https:\/\/www.kress.com\/fr-lu\/taille-haie-sur-perche-60-v-de-qualite-professionnelle-kc240-9\/#primaryimage\"},\"thumbnailUrl\":\"https:\/\/www.kress.com\/wp-content\/uploads\/onpage\/op_image_3c4f31aa39677ca7602d2da6f981ee05e8d2cb4d.1980x.webp\",\"datePublished\":\"2024-03-26T08:17:13+00:00\",\"dateModified\":\"2025-10-17T10:00:22+00:00\",\"breadcrumb\":{\"@id\":\"https:\/\/www.kress.com\/fr-lu\/taille-haie-sur-perche-60-v-de-qualite-professionnelle-kc240-9\/#breadcrumb\"},\"inLanguage\":\"fr-LU\",\"potentialAction\":[{\"@type\":\"ReadAction\",\"target\":[\"https:\/\/www.kress.com\/fr-lu\/taille-haie-sur-perche-60-v-de-qualite-professionnelle-kc240-9\/\"]}]},{\"@type\":\"ImageObject\",\"inLanguage\":\"fr-LU\",\"@id\":\"https:\/\/www.kress.com\/fr-lu\/taille-haie-sur-perche-60-v-de-qualite-professionnelle-kc240-9\/#primaryimage\",\"url\":\"https:\/\/www.kress.com\/wp-content\/uploads\/onpage\/op_image_3c4f31aa39677ca7602d2da6f981ee05e8d2cb4d.1980x.webp\",\"contentUrl\":\"https:\/\/www.kress.com\/wp-content\/uploads\/onpage\/op_image_3c4f31aa39677ca7602d2da6f981ee05e8d2cb4d.1980x.webp\",\"width\":1980,\"height\":1980},{\"@type\":\"BreadcrumbList\",\"@id\":\"https:\/\/www.kress.com\/fr-lu\/taille-haie-sur-perche-60-v-de-qualite-professionnelle-kc240-9\/#breadcrumb\",\"itemListElement\":[{\"@type\":\"ListItem\",\"position\":1,\"name\":\"Home\",\"item\":\"https:\/\/www.kress.com\/fr-lu\/\"},{\"@type\":\"ListItem\",\"position\":2,\"name\":\"Produits\",\"item\":\"https:\/\/www.kress.com\/fr-fr\/shop\/\"},{\"@type\":\"ListItem\",\"position\":3,\"name\":\"Taille-haie sur perche 60 V de qualit\u00e9 professionnelle\"}]},{\"@type\":\"WebSite\",\"@id\":\"https:\/\/www.kress.com\/de-de\/#website\",\"url\":\"https:\/\/www.kress.com\/de-de\/\",\"name\":\"Kress\",\"description\":\"\",\"publisher\":{\"@id\":\"https:\/\/www.kress.com\/de-de\/#organization\"},\"potentialAction\":[{\"@type\":\"SearchAction\",\"target\":{\"@type\":\"EntryPoint\",\"urlTemplate\":\"https:\/\/www.kress.com\/de-de\/?s={search_term_string}\"},\"query-input\":{\"@type\":\"PropertyValueSpecification\",\"valueRequired\":true,\"valueName\":\"search_term_string\"}}],\"inLanguage\":\"fr-LU\"},{\"@type\":\"Organization\",\"@id\":\"https:\/\/www.kress.com\/de-de\/#organization\",\"name\":\"Kress\",\"url\":\"https:\/\/www.kress.com\/de-de\/\",\"logo\":{\"@type\":\"ImageObject\",\"inLanguage\":\"fr-LU\",\"@id\":\"https:\/\/www.kress.com\/de-de\/#\/schema\/logo\/image\/\",\"url\":\"https:\/\/www.kress.com\/wp-content\/uploads\/2024\/02\/logo.png\",\"contentUrl\":\"https:\/\/www.kress.com\/wp-content\/uploads\/2024\/02\/logo.png\",\"width\":696,\"height\":696,\"caption\":\"Kress\"},\"image\":{\"@id\":\"https:\/\/www.kress.com\/de-de\/#\/schema\/logo\/image\/\"}}]}<\/script>\n<!-- \/ Yoast SEO Premium plugin. -->","yoast_head_json":{"title":"Taille-haie \u00e0 perche 60 V de qualit\u00e9 commerciale | Kress","robots":{"index":"index","follow":"follow","max-snippet":"max-snippet:-1","max-image-preview":"max-image-preview:large","max-video-preview":"max-video-preview:-1"},"og_locale":"fr_FR","og_type":"article","og_title":"Taille-haie \u00e0 perche 60 V de qualit\u00e9 commerciale","og_description":"Con\u00e7u pour les entreprises d&#8217;am\u00e9nagement paysager et les municipalit\u00e9s qui cherchent \u00e0 int\u00e9grer des pratiques durables dans leurs activit\u00e9s, le taille-haie sur perche \u00e0 arbre court articul\u00e9 (145\u00b0) de Kress Commercial est un outil l\u00e9ger d&#8217;une puissance de 1 kW comparable \u00e0 celle d&#8217;un taille-haie \u00e0 essence de 25 cm3. Raffin\u00e9 pour offrir pr\u00e9cision et [&hellip;]","og_url":"https:\/\/www.kress.com\/fr-lu\/taille-haie-sur-perche-60-v-de-qualite-professionnelle-kc240-9\/","og_site_name":"Kress","article_modified_time":"2025-10-17T10:00:22+00:00","og_image":[{"width":1980,"height":1980,"url":"https:\/\/www.kress.com\/wp-content\/uploads\/onpage\/op_image_3c4f31aa39677ca7602d2da6f981ee05e8d2cb4d.1980x.webp","type":"image\/webp"}],"twitter_card":"summary_large_image","twitter_misc":{"Est. reading time":"1 minute"},"schema":{"@context":"https:\/\/schema.org","@graph":[{"@type":"WebPage","@id":"https:\/\/www.kress.com\/fr-lu\/taille-haie-sur-perche-60-v-de-qualite-professionnelle-kc240-9\/","url":"https:\/\/www.kress.com\/fr-lu\/taille-haie-sur-perche-60-v-de-qualite-professionnelle-kc240-9\/","name":"Taille-haie \u00e0 perche 60 V de qualit\u00e9 commerciale | Kress","isPartOf":{"@id":"https:\/\/www.kress.com\/de-de\/#website"},"primaryImageOfPage":{"@id":"https:\/\/www.kress.com\/fr-lu\/taille-haie-sur-perche-60-v-de-qualite-professionnelle-kc240-9\/#primaryimage"},"image":{"@id":"https:\/\/www.kress.com\/fr-lu\/taille-haie-sur-perche-60-v-de-qualite-professionnelle-kc240-9\/#primaryimage"},"thumbnailUrl":"https:\/\/www.kress.com\/wp-content\/uploads\/onpage\/op_image_3c4f31aa39677ca7602d2da6f981ee05e8d2cb4d.1980x.webp","datePublished":"2024-03-26T08:17:13+00:00","dateModified":"2025-10-17T10:00:22+00:00","breadcrumb":{"@id":"https:\/\/www.kress.com\/fr-lu\/taille-haie-sur-perche-60-v-de-qualite-professionnelle-kc240-9\/#breadcrumb"},"inLanguage":"fr-LU","potentialAction":[{"@type":"ReadAction","target":["https:\/\/www.kress.com\/fr-lu\/taille-haie-sur-perche-60-v-de-qualite-professionnelle-kc240-9\/"]}]},{"@type":"ImageObject","inLanguage":"fr-LU","@id":"https:\/\/www.kress.com\/fr-lu\/taille-haie-sur-perche-60-v-de-qualite-professionnelle-kc240-9\/#primaryimage","url":"https:\/\/www.kress.com\/wp-content\/uploads\/onpage\/op_image_3c4f31aa39677ca7602d2da6f981ee05e8d2cb4d.1980x.webp","contentUrl":"https:\/\/www.kress.com\/wp-content\/uploads\/onpage\/op_image_3c4f31aa39677ca7602d2da6f981ee05e8d2cb4d.1980x.webp","width":1980,"height":1980},{"@type":"BreadcrumbList","@id":"https:\/\/www.kress.com\/fr-lu\/taille-haie-sur-perche-60-v-de-qualite-professionnelle-kc240-9\/#breadcrumb","itemListElement":[{"@type":"ListItem","position":1,"name":"Home","item":"https:\/\/www.kress.com\/fr-lu\/"},{"@type":"ListItem","position":2,"name":"Produits","item":"https:\/\/www.kress.com\/fr-fr\/shop\/"},{"@type":"ListItem","position":3,"name":"Taille-haie sur perche 60 V de qualit\u00e9 professionnelle"}]},{"@type":"WebSite","@id":"https:\/\/www.kress.com\/de-de\/#website","url":"https:\/\/www.kress.com\/de-de\/","name":"Kress","description":"","publisher":{"@id":"https:\/\/www.kress.com\/de-de\/#organization"},"potentialAction":[{"@type":"SearchAction","target":{"@type":"EntryPoint","urlTemplate":"https:\/\/www.kress.com\/de-de\/?s={search_term_string}"},"query-input":{"@type":"PropertyValueSpecification","valueRequired":true,"valueName":"search_term_string"}}],"inLanguage":"fr-LU"},{"@type":"Organization","@id":"https:\/\/www.kress.com\/de-de\/#organization","name":"Kress","url":"https:\/\/www.kress.com\/de-de\/","logo":{"@type":"ImageObject","inLanguage":"fr-LU","@id":"https:\/\/www.kress.com\/de-de\/#\/schema\/logo\/image\/","url":"https:\/\/www.kress.com\/wp-content\/uploads\/2024\/02\/logo.png","contentUrl":"https:\/\/www.kress.com\/wp-content\/uploads\/2024\/02\/logo.png","width":696,"height":696,"caption":"Kress"},"image":{"@id":"https:\/\/www.kress.com\/de-de\/#\/schema\/logo\/image\/"}}]}},"_links":{"self":[{"href":"https:\/\/www.kress.com\/fr-lu\/wp-json\/wp\/v2\/product\/42617","targetHints":{"allow":["GET"]}}],"collection":[{"href":"https:\/\/www.kress.com\/fr-lu\/wp-json\/wp\/v2\/product"}],"about":[{"href":"https:\/\/www.kress.com\/fr-lu\/wp-json\/wp\/v2\/types\/product"}],"wp:featuredmedia":[{"embeddable":true,"href":"https:\/\/www.kress.com\/fr-lu\/wp-json\/wp\/v2\/media\/410608"}],"wp:attachment":[{"href":"https:\/\/www.kress.com\/fr-lu\/wp-json\/wp\/v2\/media?parent=42617"}],"wp:term":[{"taxonomy":"product_brand","embeddable":true,"href":"https:\/\/www.kress.com\/fr-lu\/wp-json\/wp\/v2\/product_brand?post=42617"},{"taxonomy":"product_cat","embeddable":true,"href":"https:\/\/www.kress.com\/fr-lu\/wp-json\/wp\/v2\/product_cat?post=42617"},{"taxonomy":"product_tag","embeddable":true,"href":"https:\/\/www.kress.com\/fr-lu\/wp-json\/wp\/v2\/product_tag?post=42617"}],"curies":[{"name":"wp","href":"https:\/\/api.w.org\/{rel}","templated":true}]}}