{"id":392037,"date":"2024-10-01T13:23:39","date_gmt":"2024-10-01T13:23:39","guid":{"rendered":""},"modified":"2025-10-17T10:00:22","modified_gmt":"2025-10-17T10:00:22","slug":"tondeuse-a-gazon-40-v-kg748-9","status":"publish","type":"product","link":"https:\/\/www.kress.com\/fr-lu\/tondeuse-a-gazon-40-v-kg748-9\/","title":{"rendered":"tondeuse \u00e0 gazon 40 V"},"content":{"rendered":"<p>Le KG748.9 dispose d&#8217;une puissance de coupe de 1,25 kW, ce qui lui permet de tondre facilement des pelouses d&#8217;une superficie allant jusqu&#8217;\u00e0 500 m\u00b2. Le carter de 41 cm et le bac de 50 litres r\u00e9duisent les interruptions, tandis que le corps en polym\u00e8re l\u00e9ger permet une grande agilit\u00e9 et une grande maniabilit\u00e9. Con\u00e7ue pour ceux qui attendent des performances sans compromis.<\/p>\n","protected":false},"excerpt":{"rendered":"<p>Le KG748.9 dispose d&#8217;une puissance de coupe de 1,25 kW, ce qui lui permet de tondre facilement des pelouses d&#8217;une superficie allant jusqu&#8217;\u00e0 500 m\u00b2. Le carter de 41 cm et le bac de 50 litres r\u00e9duisent les interruptions, tandis que le corps en polym\u00e8re l\u00e9ger permet une grande agilit\u00e9 et une grande maniabilit\u00e9. Con\u00e7ue [&hellip;]<\/p>\n","protected":false},"featured_media":411592,"template":"","meta":{"_acf_changed":false},"product_brand":[],"product_cat":[],"product_tag":[],"class_list":{"0":"post-392037","1":"product","2":"type-product","3":"status-publish","4":"has-post-thumbnail","7":"first","8":"instock","9":"shipping-taxable","10":"purchasable","11":"product-type-simple"},"acf":[],"yoast_head":"<!-- This site is optimized with the Yoast SEO Premium plugin v26.5 (Yoast SEO v27.0) - https:\/\/yoast.com\/product\/yoast-seo-premium-wordpress\/ -->\n<title>tondeuse \u00e0 gazon 40 V | Kress<\/title>\n<meta name=\"robots\" content=\"index, follow, max-snippet:-1, max-image-preview:large, max-video-preview:-1\" \/>\n<meta property=\"og:locale\" content=\"fr_FR\" \/>\n<meta property=\"og:type\" content=\"article\" \/>\n<meta property=\"og:title\" content=\"tondeuse \u00e0 gazon 40 V\" \/>\n<meta property=\"og:description\" content=\"Le KG748.9 dispose d&#8217;une puissance de coupe de 1,25 kW, ce qui lui permet de tondre facilement des pelouses d&#8217;une superficie allant jusqu&#8217;\u00e0 500 m\u00b2. Le carter de 41 cm et le bac de 50 litres r\u00e9duisent les interruptions, tandis que le corps en polym\u00e8re l\u00e9ger permet une grande agilit\u00e9 et une grande maniabilit\u00e9. Con\u00e7ue [&hellip;]\" \/>\n<meta property=\"og:url\" content=\"https:\/\/www.kress.com\/fr-lu\/tondeuse-a-gazon-40-v-kg748-9\/\" \/>\n<meta property=\"og:site_name\" content=\"Kress\" \/>\n<meta property=\"article:modified_time\" content=\"2025-10-17T10:00:22+00:00\" \/>\n<meta property=\"og:image\" content=\"https:\/\/www.kress.com\/wp-content\/uploads\/onpage\/op_image_114fe55d25037f06a711533d6cc81b97eec9bc11.1980x.webp\" \/>\n\t<meta property=\"og:image:width\" content=\"1980\" \/>\n\t<meta property=\"og:image:height\" content=\"1980\" \/>\n\t<meta property=\"og:image:type\" content=\"image\/webp\" \/>\n<meta name=\"twitter:card\" content=\"summary_large_image\" \/>\n<script type=\"application\/ld+json\" class=\"yoast-schema-graph\">{\"@context\":\"https:\/\/schema.org\",\"@graph\":[{\"@type\":\"WebPage\",\"@id\":\"https:\/\/www.kress.com\/fr-lu\/tondeuse-a-gazon-40-v-kg748-9\/\",\"url\":\"https:\/\/www.kress.com\/fr-lu\/tondeuse-a-gazon-40-v-kg748-9\/\",\"name\":\"tondeuse \u00e0 gazon 40 V | Kress\",\"isPartOf\":{\"@id\":\"https:\/\/www.kress.com\/de-de\/#website\"},\"primaryImageOfPage\":{\"@id\":\"https:\/\/www.kress.com\/fr-lu\/tondeuse-a-gazon-40-v-kg748-9\/#primaryimage\"},\"image\":{\"@id\":\"https:\/\/www.kress.com\/fr-lu\/tondeuse-a-gazon-40-v-kg748-9\/#primaryimage\"},\"thumbnailUrl\":\"https:\/\/www.kress.com\/wp-content\/uploads\/onpage\/op_image_114fe55d25037f06a711533d6cc81b97eec9bc11.1980x.webp\",\"datePublished\":\"2024-10-01T13:23:39+00:00\",\"dateModified\":\"2025-10-17T10:00:22+00:00\",\"breadcrumb\":{\"@id\":\"https:\/\/www.kress.com\/fr-lu\/tondeuse-a-gazon-40-v-kg748-9\/#breadcrumb\"},\"inLanguage\":\"fr-LU\",\"potentialAction\":[{\"@type\":\"ReadAction\",\"target\":[\"https:\/\/www.kress.com\/fr-lu\/tondeuse-a-gazon-40-v-kg748-9\/\"]}]},{\"@type\":\"ImageObject\",\"inLanguage\":\"fr-LU\",\"@id\":\"https:\/\/www.kress.com\/fr-lu\/tondeuse-a-gazon-40-v-kg748-9\/#primaryimage\",\"url\":\"https:\/\/www.kress.com\/wp-content\/uploads\/onpage\/op_image_114fe55d25037f06a711533d6cc81b97eec9bc11.1980x.webp\",\"contentUrl\":\"https:\/\/www.kress.com\/wp-content\/uploads\/onpage\/op_image_114fe55d25037f06a711533d6cc81b97eec9bc11.1980x.webp\",\"width\":1980,\"height\":1980},{\"@type\":\"BreadcrumbList\",\"@id\":\"https:\/\/www.kress.com\/fr-lu\/tondeuse-a-gazon-40-v-kg748-9\/#breadcrumb\",\"itemListElement\":[{\"@type\":\"ListItem\",\"position\":1,\"name\":\"Home\",\"item\":\"https:\/\/www.kress.com\/fr-lu\/\"},{\"@type\":\"ListItem\",\"position\":2,\"name\":\"Produits\",\"item\":\"https:\/\/www.kress.com\/fr-fr\/shop\/\"},{\"@type\":\"ListItem\",\"position\":3,\"name\":\"tondeuse \u00e0 gazon 40 V\"}]},{\"@type\":\"WebSite\",\"@id\":\"https:\/\/www.kress.com\/de-de\/#website\",\"url\":\"https:\/\/www.kress.com\/de-de\/\",\"name\":\"Kress\",\"description\":\"\",\"publisher\":{\"@id\":\"https:\/\/www.kress.com\/de-de\/#organization\"},\"potentialAction\":[{\"@type\":\"SearchAction\",\"target\":{\"@type\":\"EntryPoint\",\"urlTemplate\":\"https:\/\/www.kress.com\/de-de\/?s={search_term_string}\"},\"query-input\":{\"@type\":\"PropertyValueSpecification\",\"valueRequired\":true,\"valueName\":\"search_term_string\"}}],\"inLanguage\":\"fr-LU\"},{\"@type\":\"Organization\",\"@id\":\"https:\/\/www.kress.com\/de-de\/#organization\",\"name\":\"Kress\",\"url\":\"https:\/\/www.kress.com\/de-de\/\",\"logo\":{\"@type\":\"ImageObject\",\"inLanguage\":\"fr-LU\",\"@id\":\"https:\/\/www.kress.com\/de-de\/#\/schema\/logo\/image\/\",\"url\":\"https:\/\/www.kress.com\/wp-content\/uploads\/2024\/02\/logo.png\",\"contentUrl\":\"https:\/\/www.kress.com\/wp-content\/uploads\/2024\/02\/logo.png\",\"width\":696,\"height\":696,\"caption\":\"Kress\"},\"image\":{\"@id\":\"https:\/\/www.kress.com\/de-de\/#\/schema\/logo\/image\/\"}}]}<\/script>\n<!-- \/ Yoast SEO Premium plugin. -->","yoast_head_json":{"title":"tondeuse \u00e0 gazon 40 V | Kress","robots":{"index":"index","follow":"follow","max-snippet":"max-snippet:-1","max-image-preview":"max-image-preview:large","max-video-preview":"max-video-preview:-1"},"og_locale":"fr_FR","og_type":"article","og_title":"tondeuse \u00e0 gazon 40 V","og_description":"Le KG748.9 dispose d&#8217;une puissance de coupe de 1,25 kW, ce qui lui permet de tondre facilement des pelouses d&#8217;une superficie allant jusqu&#8217;\u00e0 500 m\u00b2. Le carter de 41 cm et le bac de 50 litres r\u00e9duisent les interruptions, tandis que le corps en polym\u00e8re l\u00e9ger permet une grande agilit\u00e9 et une grande maniabilit\u00e9. Con\u00e7ue [&hellip;]","og_url":"https:\/\/www.kress.com\/fr-lu\/tondeuse-a-gazon-40-v-kg748-9\/","og_site_name":"Kress","article_modified_time":"2025-10-17T10:00:22+00:00","og_image":[{"width":1980,"height":1980,"url":"https:\/\/www.kress.com\/wp-content\/uploads\/onpage\/op_image_114fe55d25037f06a711533d6cc81b97eec9bc11.1980x.webp","type":"image\/webp"}],"twitter_card":"summary_large_image","schema":{"@context":"https:\/\/schema.org","@graph":[{"@type":"WebPage","@id":"https:\/\/www.kress.com\/fr-lu\/tondeuse-a-gazon-40-v-kg748-9\/","url":"https:\/\/www.kress.com\/fr-lu\/tondeuse-a-gazon-40-v-kg748-9\/","name":"tondeuse \u00e0 gazon 40 V | Kress","isPartOf":{"@id":"https:\/\/www.kress.com\/de-de\/#website"},"primaryImageOfPage":{"@id":"https:\/\/www.kress.com\/fr-lu\/tondeuse-a-gazon-40-v-kg748-9\/#primaryimage"},"image":{"@id":"https:\/\/www.kress.com\/fr-lu\/tondeuse-a-gazon-40-v-kg748-9\/#primaryimage"},"thumbnailUrl":"https:\/\/www.kress.com\/wp-content\/uploads\/onpage\/op_image_114fe55d25037f06a711533d6cc81b97eec9bc11.1980x.webp","datePublished":"2024-10-01T13:23:39+00:00","dateModified":"2025-10-17T10:00:22+00:00","breadcrumb":{"@id":"https:\/\/www.kress.com\/fr-lu\/tondeuse-a-gazon-40-v-kg748-9\/#breadcrumb"},"inLanguage":"fr-LU","potentialAction":[{"@type":"ReadAction","target":["https:\/\/www.kress.com\/fr-lu\/tondeuse-a-gazon-40-v-kg748-9\/"]}]},{"@type":"ImageObject","inLanguage":"fr-LU","@id":"https:\/\/www.kress.com\/fr-lu\/tondeuse-a-gazon-40-v-kg748-9\/#primaryimage","url":"https:\/\/www.kress.com\/wp-content\/uploads\/onpage\/op_image_114fe55d25037f06a711533d6cc81b97eec9bc11.1980x.webp","contentUrl":"https:\/\/www.kress.com\/wp-content\/uploads\/onpage\/op_image_114fe55d25037f06a711533d6cc81b97eec9bc11.1980x.webp","width":1980,"height":1980},{"@type":"BreadcrumbList","@id":"https:\/\/www.kress.com\/fr-lu\/tondeuse-a-gazon-40-v-kg748-9\/#breadcrumb","itemListElement":[{"@type":"ListItem","position":1,"name":"Home","item":"https:\/\/www.kress.com\/fr-lu\/"},{"@type":"ListItem","position":2,"name":"Produits","item":"https:\/\/www.kress.com\/fr-fr\/shop\/"},{"@type":"ListItem","position":3,"name":"tondeuse \u00e0 gazon 40 V"}]},{"@type":"WebSite","@id":"https:\/\/www.kress.com\/de-de\/#website","url":"https:\/\/www.kress.com\/de-de\/","name":"Kress","description":"","publisher":{"@id":"https:\/\/www.kress.com\/de-de\/#organization"},"potentialAction":[{"@type":"SearchAction","target":{"@type":"EntryPoint","urlTemplate":"https:\/\/www.kress.com\/de-de\/?s={search_term_string}"},"query-input":{"@type":"PropertyValueSpecification","valueRequired":true,"valueName":"search_term_string"}}],"inLanguage":"fr-LU"},{"@type":"Organization","@id":"https:\/\/www.kress.com\/de-de\/#organization","name":"Kress","url":"https:\/\/www.kress.com\/de-de\/","logo":{"@type":"ImageObject","inLanguage":"fr-LU","@id":"https:\/\/www.kress.com\/de-de\/#\/schema\/logo\/image\/","url":"https:\/\/www.kress.com\/wp-content\/uploads\/2024\/02\/logo.png","contentUrl":"https:\/\/www.kress.com\/wp-content\/uploads\/2024\/02\/logo.png","width":696,"height":696,"caption":"Kress"},"image":{"@id":"https:\/\/www.kress.com\/de-de\/#\/schema\/logo\/image\/"}}]}},"_links":{"self":[{"href":"https:\/\/www.kress.com\/fr-lu\/wp-json\/wp\/v2\/product\/392037","targetHints":{"allow":["GET"]}}],"collection":[{"href":"https:\/\/www.kress.com\/fr-lu\/wp-json\/wp\/v2\/product"}],"about":[{"href":"https:\/\/www.kress.com\/fr-lu\/wp-json\/wp\/v2\/types\/product"}],"wp:featuredmedia":[{"embeddable":true,"href":"https:\/\/www.kress.com\/fr-lu\/wp-json\/wp\/v2\/media\/411592"}],"wp:attachment":[{"href":"https:\/\/www.kress.com\/fr-lu\/wp-json\/wp\/v2\/media?parent=392037"}],"wp:term":[{"taxonomy":"product_brand","embeddable":true,"href":"https:\/\/www.kress.com\/fr-lu\/wp-json\/wp\/v2\/product_brand?post=392037"},{"taxonomy":"product_cat","embeddable":true,"href":"https:\/\/www.kress.com\/fr-lu\/wp-json\/wp\/v2\/product_cat?post=392037"},{"taxonomy":"product_tag","embeddable":true,"href":"https:\/\/www.kress.com\/fr-lu\/wp-json\/wp\/v2\/product_tag?post=392037"}],"curies":[{"name":"wp","href":"https:\/\/api.w.org\/{rel}","templated":true}]}}