{"id":34777,"date":"2024-03-26T08:16:35","date_gmt":"2024-03-26T07:16:35","guid":{"rendered":""},"modified":"2025-10-17T10:00:22","modified_gmt":"2025-10-17T10:00:22","slug":"robot-tondeuse-kress-rtk%e2%81%bf-de-1-500-m%c2%b2-avec-oas-obstacle-avoidance-system-kr171e","status":"publish","type":"product","link":"https:\/\/www.kress.com\/fr-lu\/robot-tondeuse-kress-rtk%e2%81%bf-de-1-500-m%c2%b2-avec-oas-obstacle-avoidance-system-kr171e\/","title":{"rendered":"Tondeuse robotis\u00e9e Kress RTK\u207f de 1 500 m\u00b2 avec OAS (Obstacle Avoidance System)"},"content":{"rendered":"<p>Red\u00e9finissant la pr\u00e9cision dans l&#8217;entretien des pelouses gr\u00e2ce \u00e0 la technologie Kress RTK\u207f, le robot tondeuse KR171E offre une pr\u00e9cision au centim\u00e8tre pr\u00e8s, guid\u00e9e par satellite, sans n\u00e9cessiter d&#8217;antennes fixes sp\u00e9cifiques \u00e0 la propri\u00e9t\u00e9.<\/p>\n","protected":false},"excerpt":{"rendered":"<p>Red\u00e9finissant la pr\u00e9cision dans l&#8217;entretien des pelouses gr\u00e2ce \u00e0 la technologie Kress RTK\u207f, le robot tondeuse KR171E offre une pr\u00e9cision au centim\u00e8tre pr\u00e8s, guid\u00e9e par satellite, sans n\u00e9cessiter d&#8217;antennes fixes sp\u00e9cifiques \u00e0 la propri\u00e9t\u00e9.<\/p>\n","protected":false},"featured_media":408928,"template":"","meta":{"_acf_changed":false},"product_brand":[],"product_cat":[],"product_tag":[],"class_list":{"0":"post-34777","1":"product","2":"type-product","3":"status-publish","4":"has-post-thumbnail","7":"first","8":"instock","9":"shipping-taxable","10":"purchasable","11":"product-type-simple"},"acf":[],"yoast_head":"<!-- This site is optimized with the Yoast SEO Premium plugin v26.5 (Yoast SEO v27.0) - https:\/\/yoast.com\/product\/yoast-seo-premium-wordpress\/ -->\n<title>Tondeuse robotis\u00e9e Kress RTK\u207f de 1 500 m\u00b2 avec OAS (Obstacle Avoidance System) | Kress<\/title>\n<meta name=\"robots\" content=\"index, follow, max-snippet:-1, max-image-preview:large, max-video-preview:-1\" \/>\n<meta property=\"og:locale\" content=\"fr_FR\" \/>\n<meta property=\"og:type\" content=\"article\" \/>\n<meta property=\"og:title\" content=\"Tondeuse robotis\u00e9e Kress RTK\u207f de 1 500 m\u00b2 avec OAS (Obstacle Avoidance System)\" \/>\n<meta property=\"og:description\" content=\"Red\u00e9finissant la pr\u00e9cision dans l&#8217;entretien des pelouses gr\u00e2ce \u00e0 la technologie Kress RTK\u207f, le robot tondeuse KR171E offre une pr\u00e9cision au centim\u00e8tre pr\u00e8s, guid\u00e9e par satellite, sans n\u00e9cessiter d&#8217;antennes fixes sp\u00e9cifiques \u00e0 la propri\u00e9t\u00e9.\" \/>\n<meta property=\"og:url\" content=\"https:\/\/www.kress.com\/fr-lu\/robot-tondeuse-kress-rtk\u207f-de-1-500-m\u00b2-avec-oas-obstacle-avoidance-system-kr171e\/\" \/>\n<meta property=\"og:site_name\" content=\"Kress\" \/>\n<meta property=\"article:modified_time\" content=\"2025-10-17T10:00:22+00:00\" \/>\n<meta property=\"og:image\" content=\"https:\/\/www.kress.com\/wp-content\/uploads\/onpage\/op_image_5cbcb3eeba11ebe1df9ac6b7670c728f0136b830.1980x.webp\" \/>\n\t<meta property=\"og:image:width\" content=\"1980\" \/>\n\t<meta property=\"og:image:height\" content=\"1980\" \/>\n\t<meta property=\"og:image:type\" content=\"image\/webp\" \/>\n<meta name=\"twitter:card\" content=\"summary_large_image\" \/>\n<script type=\"application\/ld+json\" class=\"yoast-schema-graph\">{\"@context\":\"https:\/\/schema.org\",\"@graph\":[{\"@type\":\"WebPage\",\"@id\":\"https:\/\/www.kress.com\/fr-lu\/robot-tondeuse-kress-rtk%e2%81%bf-de-1-500-m%c2%b2-avec-oas-obstacle-avoidance-system-kr171e\/\",\"url\":\"https:\/\/www.kress.com\/fr-lu\/robot-tondeuse-kress-rtk%e2%81%bf-de-1-500-m%c2%b2-avec-oas-obstacle-avoidance-system-kr171e\/\",\"name\":\"Tondeuse robotis\u00e9e Kress RTK\u207f de 1 500 m\u00b2 avec OAS (Obstacle Avoidance System) | Kress\",\"isPartOf\":{\"@id\":\"https:\/\/www.kress.com\/de-de\/#website\"},\"primaryImageOfPage\":{\"@id\":\"https:\/\/www.kress.com\/fr-lu\/robot-tondeuse-kress-rtk%e2%81%bf-de-1-500-m%c2%b2-avec-oas-obstacle-avoidance-system-kr171e\/#primaryimage\"},\"image\":{\"@id\":\"https:\/\/www.kress.com\/fr-lu\/robot-tondeuse-kress-rtk%e2%81%bf-de-1-500-m%c2%b2-avec-oas-obstacle-avoidance-system-kr171e\/#primaryimage\"},\"thumbnailUrl\":\"https:\/\/www.kress.com\/wp-content\/uploads\/onpage\/op_image_5cbcb3eeba11ebe1df9ac6b7670c728f0136b830.1980x.webp\",\"datePublished\":\"2024-03-26T07:16:35+00:00\",\"dateModified\":\"2025-10-17T10:00:22+00:00\",\"breadcrumb\":{\"@id\":\"https:\/\/www.kress.com\/fr-lu\/robot-tondeuse-kress-rtk%e2%81%bf-de-1-500-m%c2%b2-avec-oas-obstacle-avoidance-system-kr171e\/#breadcrumb\"},\"inLanguage\":\"fr-LU\",\"potentialAction\":[{\"@type\":\"ReadAction\",\"target\":[\"https:\/\/www.kress.com\/fr-lu\/robot-tondeuse-kress-rtk%e2%81%bf-de-1-500-m%c2%b2-avec-oas-obstacle-avoidance-system-kr171e\/\"]}]},{\"@type\":\"ImageObject\",\"inLanguage\":\"fr-LU\",\"@id\":\"https:\/\/www.kress.com\/fr-lu\/robot-tondeuse-kress-rtk%e2%81%bf-de-1-500-m%c2%b2-avec-oas-obstacle-avoidance-system-kr171e\/#primaryimage\",\"url\":\"https:\/\/www.kress.com\/wp-content\/uploads\/onpage\/op_image_5cbcb3eeba11ebe1df9ac6b7670c728f0136b830.1980x.webp\",\"contentUrl\":\"https:\/\/www.kress.com\/wp-content\/uploads\/onpage\/op_image_5cbcb3eeba11ebe1df9ac6b7670c728f0136b830.1980x.webp\",\"width\":1980,\"height\":1980},{\"@type\":\"BreadcrumbList\",\"@id\":\"https:\/\/www.kress.com\/fr-lu\/robot-tondeuse-kress-rtk%e2%81%bf-de-1-500-m%c2%b2-avec-oas-obstacle-avoidance-system-kr171e\/#breadcrumb\",\"itemListElement\":[{\"@type\":\"ListItem\",\"position\":1,\"name\":\"Home\",\"item\":\"https:\/\/www.kress.com\/fr-lu\/\"},{\"@type\":\"ListItem\",\"position\":2,\"name\":\"Produits\",\"item\":\"https:\/\/www.kress.com\/fr-fr\/shop\/\"},{\"@type\":\"ListItem\",\"position\":3,\"name\":\"Robot tondeuse Kress RTK\u207f de 1 500 m\u00b2 avec OAS (Obstacle Avoidance System)\"}]},{\"@type\":\"WebSite\",\"@id\":\"https:\/\/www.kress.com\/de-de\/#website\",\"url\":\"https:\/\/www.kress.com\/de-de\/\",\"name\":\"Kress\",\"description\":\"\",\"publisher\":{\"@id\":\"https:\/\/www.kress.com\/de-de\/#organization\"},\"potentialAction\":[{\"@type\":\"SearchAction\",\"target\":{\"@type\":\"EntryPoint\",\"urlTemplate\":\"https:\/\/www.kress.com\/de-de\/?s={search_term_string}\"},\"query-input\":{\"@type\":\"PropertyValueSpecification\",\"valueRequired\":true,\"valueName\":\"search_term_string\"}}],\"inLanguage\":\"fr-LU\"},{\"@type\":\"Organization\",\"@id\":\"https:\/\/www.kress.com\/de-de\/#organization\",\"name\":\"Kress\",\"url\":\"https:\/\/www.kress.com\/de-de\/\",\"logo\":{\"@type\":\"ImageObject\",\"inLanguage\":\"fr-LU\",\"@id\":\"https:\/\/www.kress.com\/de-de\/#\/schema\/logo\/image\/\",\"url\":\"https:\/\/www.kress.com\/wp-content\/uploads\/2024\/02\/logo.png\",\"contentUrl\":\"https:\/\/www.kress.com\/wp-content\/uploads\/2024\/02\/logo.png\",\"width\":696,\"height\":696,\"caption\":\"Kress\"},\"image\":{\"@id\":\"https:\/\/www.kress.com\/de-de\/#\/schema\/logo\/image\/\"}}]}<\/script>\n<!-- \/ Yoast SEO Premium plugin. -->","yoast_head_json":{"title":"Tondeuse robotis\u00e9e Kress RTK\u207f de 1 500 m\u00b2 avec OAS (Obstacle Avoidance System) | Kress","robots":{"index":"index","follow":"follow","max-snippet":"max-snippet:-1","max-image-preview":"max-image-preview:large","max-video-preview":"max-video-preview:-1"},"og_locale":"fr_FR","og_type":"article","og_title":"Tondeuse robotis\u00e9e Kress RTK\u207f de 1 500 m\u00b2 avec OAS (Obstacle Avoidance System)","og_description":"Red\u00e9finissant la pr\u00e9cision dans l&#8217;entretien des pelouses gr\u00e2ce \u00e0 la technologie Kress RTK\u207f, le robot tondeuse KR171E offre une pr\u00e9cision au centim\u00e8tre pr\u00e8s, guid\u00e9e par satellite, sans n\u00e9cessiter d&#8217;antennes fixes sp\u00e9cifiques \u00e0 la propri\u00e9t\u00e9.","og_url":"https:\/\/www.kress.com\/fr-lu\/robot-tondeuse-kress-rtk\u207f-de-1-500-m\u00b2-avec-oas-obstacle-avoidance-system-kr171e\/","og_site_name":"Kress","article_modified_time":"2025-10-17T10:00:22+00:00","og_image":[{"width":1980,"height":1980,"url":"https:\/\/www.kress.com\/wp-content\/uploads\/onpage\/op_image_5cbcb3eeba11ebe1df9ac6b7670c728f0136b830.1980x.webp","type":"image\/webp"}],"twitter_card":"summary_large_image","schema":{"@context":"https:\/\/schema.org","@graph":[{"@type":"WebPage","@id":"https:\/\/www.kress.com\/fr-lu\/robot-tondeuse-kress-rtk%e2%81%bf-de-1-500-m%c2%b2-avec-oas-obstacle-avoidance-system-kr171e\/","url":"https:\/\/www.kress.com\/fr-lu\/robot-tondeuse-kress-rtk%e2%81%bf-de-1-500-m%c2%b2-avec-oas-obstacle-avoidance-system-kr171e\/","name":"Tondeuse robotis\u00e9e Kress RTK\u207f de 1 500 m\u00b2 avec OAS (Obstacle Avoidance System) | Kress","isPartOf":{"@id":"https:\/\/www.kress.com\/de-de\/#website"},"primaryImageOfPage":{"@id":"https:\/\/www.kress.com\/fr-lu\/robot-tondeuse-kress-rtk%e2%81%bf-de-1-500-m%c2%b2-avec-oas-obstacle-avoidance-system-kr171e\/#primaryimage"},"image":{"@id":"https:\/\/www.kress.com\/fr-lu\/robot-tondeuse-kress-rtk%e2%81%bf-de-1-500-m%c2%b2-avec-oas-obstacle-avoidance-system-kr171e\/#primaryimage"},"thumbnailUrl":"https:\/\/www.kress.com\/wp-content\/uploads\/onpage\/op_image_5cbcb3eeba11ebe1df9ac6b7670c728f0136b830.1980x.webp","datePublished":"2024-03-26T07:16:35+00:00","dateModified":"2025-10-17T10:00:22+00:00","breadcrumb":{"@id":"https:\/\/www.kress.com\/fr-lu\/robot-tondeuse-kress-rtk%e2%81%bf-de-1-500-m%c2%b2-avec-oas-obstacle-avoidance-system-kr171e\/#breadcrumb"},"inLanguage":"fr-LU","potentialAction":[{"@type":"ReadAction","target":["https:\/\/www.kress.com\/fr-lu\/robot-tondeuse-kress-rtk%e2%81%bf-de-1-500-m%c2%b2-avec-oas-obstacle-avoidance-system-kr171e\/"]}]},{"@type":"ImageObject","inLanguage":"fr-LU","@id":"https:\/\/www.kress.com\/fr-lu\/robot-tondeuse-kress-rtk%e2%81%bf-de-1-500-m%c2%b2-avec-oas-obstacle-avoidance-system-kr171e\/#primaryimage","url":"https:\/\/www.kress.com\/wp-content\/uploads\/onpage\/op_image_5cbcb3eeba11ebe1df9ac6b7670c728f0136b830.1980x.webp","contentUrl":"https:\/\/www.kress.com\/wp-content\/uploads\/onpage\/op_image_5cbcb3eeba11ebe1df9ac6b7670c728f0136b830.1980x.webp","width":1980,"height":1980},{"@type":"BreadcrumbList","@id":"https:\/\/www.kress.com\/fr-lu\/robot-tondeuse-kress-rtk%e2%81%bf-de-1-500-m%c2%b2-avec-oas-obstacle-avoidance-system-kr171e\/#breadcrumb","itemListElement":[{"@type":"ListItem","position":1,"name":"Home","item":"https:\/\/www.kress.com\/fr-lu\/"},{"@type":"ListItem","position":2,"name":"Produits","item":"https:\/\/www.kress.com\/fr-fr\/shop\/"},{"@type":"ListItem","position":3,"name":"Robot tondeuse Kress RTK\u207f de 1 500 m\u00b2 avec OAS (Obstacle Avoidance System)"}]},{"@type":"WebSite","@id":"https:\/\/www.kress.com\/de-de\/#website","url":"https:\/\/www.kress.com\/de-de\/","name":"Kress","description":"","publisher":{"@id":"https:\/\/www.kress.com\/de-de\/#organization"},"potentialAction":[{"@type":"SearchAction","target":{"@type":"EntryPoint","urlTemplate":"https:\/\/www.kress.com\/de-de\/?s={search_term_string}"},"query-input":{"@type":"PropertyValueSpecification","valueRequired":true,"valueName":"search_term_string"}}],"inLanguage":"fr-LU"},{"@type":"Organization","@id":"https:\/\/www.kress.com\/de-de\/#organization","name":"Kress","url":"https:\/\/www.kress.com\/de-de\/","logo":{"@type":"ImageObject","inLanguage":"fr-LU","@id":"https:\/\/www.kress.com\/de-de\/#\/schema\/logo\/image\/","url":"https:\/\/www.kress.com\/wp-content\/uploads\/2024\/02\/logo.png","contentUrl":"https:\/\/www.kress.com\/wp-content\/uploads\/2024\/02\/logo.png","width":696,"height":696,"caption":"Kress"},"image":{"@id":"https:\/\/www.kress.com\/de-de\/#\/schema\/logo\/image\/"}}]}},"_links":{"self":[{"href":"https:\/\/www.kress.com\/fr-lu\/wp-json\/wp\/v2\/product\/34777","targetHints":{"allow":["GET"]}}],"collection":[{"href":"https:\/\/www.kress.com\/fr-lu\/wp-json\/wp\/v2\/product"}],"about":[{"href":"https:\/\/www.kress.com\/fr-lu\/wp-json\/wp\/v2\/types\/product"}],"wp:featuredmedia":[{"embeddable":true,"href":"https:\/\/www.kress.com\/fr-lu\/wp-json\/wp\/v2\/media\/408928"}],"wp:attachment":[{"href":"https:\/\/www.kress.com\/fr-lu\/wp-json\/wp\/v2\/media?parent=34777"}],"wp:term":[{"taxonomy":"product_brand","embeddable":true,"href":"https:\/\/www.kress.com\/fr-lu\/wp-json\/wp\/v2\/product_brand?post=34777"},{"taxonomy":"product_cat","embeddable":true,"href":"https:\/\/www.kress.com\/fr-lu\/wp-json\/wp\/v2\/product_cat?post=34777"},{"taxonomy":"product_tag","embeddable":true,"href":"https:\/\/www.kress.com\/fr-lu\/wp-json\/wp\/v2\/product_tag?post=34777"}],"curies":[{"name":"wp","href":"https:\/\/api.w.org\/{rel}","templated":true}]}}