{"id":34469,"date":"2024-03-26T08:16:34","date_gmt":"2024-03-26T08:16:34","guid":{"rendered":""},"modified":"2025-10-17T10:00:22","modified_gmt":"2025-10-17T10:00:22","slug":"coupe-bordure-60-v-de-qualite-professionnelle-kc150-9","status":"publish","type":"product","link":"https:\/\/www.kress.com\/fr-lu\/coupe-bordure-60-v-de-qualite-professionnelle-kc150-9\/","title":{"rendered":"Coupe-bordure 60 V de qualit\u00e9 commerciale"},"content":{"rendered":"<p>Con\u00e7u pour les entreprises d&#8217;am\u00e9nagement paysager et les municipalit\u00e9s engag\u00e9es dans le d\u00e9veloppement durable, le coupe-bordure \u00e0 arbre droit Kress KC150 offre une grande pr\u00e9cision gr\u00e2ce \u00e0 sa roue de guidage r\u00e9glable en hauteur. Il combine un contr\u00f4le de vitesse variable avec une protection contre les d\u00e9bris pour une s\u00e9curit\u00e9 et une efficacit\u00e9 accrues. Faisant partie du CyberSyst\u00e8me Commercial Kress, il offre des performances haut de gamme avec l&#8217;avantage de co\u00fbts d&#8217;exploitation inf\u00e9rieurs \u00e0 ceux du gaz et des autres syst\u00e8mes de batterie.<\/p>\n","protected":false},"excerpt":{"rendered":"<p>Con\u00e7u pour les entreprises d&#8217;am\u00e9nagement paysager et les municipalit\u00e9s engag\u00e9es dans le d\u00e9veloppement durable, le coupe-bordure \u00e0 arbre droit Kress KC150 offre une grande pr\u00e9cision gr\u00e2ce \u00e0 sa roue de guidage r\u00e9glable en hauteur. Il combine un contr\u00f4le de vitesse variable avec une protection contre les d\u00e9bris pour une s\u00e9curit\u00e9 et une efficacit\u00e9 accrues. Faisant [&hellip;]<\/p>\n","protected":false},"featured_media":408736,"template":"","meta":{"_acf_changed":false},"product_brand":[],"product_cat":[],"product_tag":[],"class_list":{"0":"post-34469","1":"product","2":"type-product","3":"status-publish","4":"has-post-thumbnail","7":"first","8":"instock","9":"shipping-taxable","10":"purchasable","11":"product-type-simple"},"acf":[],"yoast_head":"<!-- This site is optimized with the Yoast SEO Premium plugin v26.5 (Yoast SEO v27.0) - https:\/\/yoast.com\/product\/yoast-seo-premium-wordpress\/ -->\n<title>Coupe-bordure 60 V de qualit\u00e9 commerciale | Kress<\/title>\n<meta name=\"robots\" content=\"index, follow, max-snippet:-1, max-image-preview:large, max-video-preview:-1\" \/>\n<meta property=\"og:locale\" content=\"fr_FR\" \/>\n<meta property=\"og:type\" content=\"article\" \/>\n<meta property=\"og:title\" content=\"Coupe-bordure 60 V de qualit\u00e9 commerciale\" \/>\n<meta property=\"og:description\" content=\"Con\u00e7u pour les entreprises d&#8217;am\u00e9nagement paysager et les municipalit\u00e9s engag\u00e9es dans le d\u00e9veloppement durable, le coupe-bordure \u00e0 arbre droit Kress KC150 offre une grande pr\u00e9cision gr\u00e2ce \u00e0 sa roue de guidage r\u00e9glable en hauteur. Il combine un contr\u00f4le de vitesse variable avec une protection contre les d\u00e9bris pour une s\u00e9curit\u00e9 et une efficacit\u00e9 accrues. Faisant [&hellip;]\" \/>\n<meta property=\"og:url\" content=\"https:\/\/www.kress.com\/fr-lu\/coupe-bordure-60-v-de-qualite-professionnelle-kc150-9\/\" \/>\n<meta property=\"og:site_name\" content=\"Kress\" \/>\n<meta property=\"article:modified_time\" content=\"2025-10-17T10:00:22+00:00\" \/>\n<meta property=\"og:image\" content=\"https:\/\/www.kress.com\/wp-content\/uploads\/onpage\/op_image_3d16c1046909990db2d7ed314222a767542e2738.1980x.webp\" \/>\n\t<meta property=\"og:image:width\" content=\"1980\" \/>\n\t<meta property=\"og:image:height\" content=\"1980\" \/>\n\t<meta property=\"og:image:type\" content=\"image\/webp\" \/>\n<meta name=\"twitter:card\" content=\"summary_large_image\" \/>\n<script type=\"application\/ld+json\" class=\"yoast-schema-graph\">{\"@context\":\"https:\/\/schema.org\",\"@graph\":[{\"@type\":\"WebPage\",\"@id\":\"https:\/\/www.kress.com\/fr-lu\/coupe-bordure-60-v-de-qualite-professionnelle-kc150-9\/\",\"url\":\"https:\/\/www.kress.com\/fr-lu\/coupe-bordure-60-v-de-qualite-professionnelle-kc150-9\/\",\"name\":\"Coupe-bordure 60 V de qualit\u00e9 commerciale | Kress\",\"isPartOf\":{\"@id\":\"https:\/\/www.kress.com\/de-de\/#website\"},\"primaryImageOfPage\":{\"@id\":\"https:\/\/www.kress.com\/fr-lu\/coupe-bordure-60-v-de-qualite-professionnelle-kc150-9\/#primaryimage\"},\"image\":{\"@id\":\"https:\/\/www.kress.com\/fr-lu\/coupe-bordure-60-v-de-qualite-professionnelle-kc150-9\/#primaryimage\"},\"thumbnailUrl\":\"https:\/\/www.kress.com\/wp-content\/uploads\/onpage\/op_image_3d16c1046909990db2d7ed314222a767542e2738.1980x.webp\",\"datePublished\":\"2024-03-26T08:16:34+00:00\",\"dateModified\":\"2025-10-17T10:00:22+00:00\",\"breadcrumb\":{\"@id\":\"https:\/\/www.kress.com\/fr-lu\/coupe-bordure-60-v-de-qualite-professionnelle-kc150-9\/#breadcrumb\"},\"inLanguage\":\"fr-LU\",\"potentialAction\":[{\"@type\":\"ReadAction\",\"target\":[\"https:\/\/www.kress.com\/fr-lu\/coupe-bordure-60-v-de-qualite-professionnelle-kc150-9\/\"]}]},{\"@type\":\"ImageObject\",\"inLanguage\":\"fr-LU\",\"@id\":\"https:\/\/www.kress.com\/fr-lu\/coupe-bordure-60-v-de-qualite-professionnelle-kc150-9\/#primaryimage\",\"url\":\"https:\/\/www.kress.com\/wp-content\/uploads\/onpage\/op_image_3d16c1046909990db2d7ed314222a767542e2738.1980x.webp\",\"contentUrl\":\"https:\/\/www.kress.com\/wp-content\/uploads\/onpage\/op_image_3d16c1046909990db2d7ed314222a767542e2738.1980x.webp\",\"width\":1980,\"height\":1980},{\"@type\":\"BreadcrumbList\",\"@id\":\"https:\/\/www.kress.com\/fr-lu\/coupe-bordure-60-v-de-qualite-professionnelle-kc150-9\/#breadcrumb\",\"itemListElement\":[{\"@type\":\"ListItem\",\"position\":1,\"name\":\"Home\",\"item\":\"https:\/\/www.kress.com\/fr-lu\/\"},{\"@type\":\"ListItem\",\"position\":2,\"name\":\"Produits\",\"item\":\"https:\/\/www.kress.com\/fr-fr\/shop\/\"},{\"@type\":\"ListItem\",\"position\":3,\"name\":\"Coupe-bordure 60 V de qualit\u00e9 professionnelle\"}]},{\"@type\":\"WebSite\",\"@id\":\"https:\/\/www.kress.com\/de-de\/#website\",\"url\":\"https:\/\/www.kress.com\/de-de\/\",\"name\":\"Kress\",\"description\":\"\",\"publisher\":{\"@id\":\"https:\/\/www.kress.com\/de-de\/#organization\"},\"potentialAction\":[{\"@type\":\"SearchAction\",\"target\":{\"@type\":\"EntryPoint\",\"urlTemplate\":\"https:\/\/www.kress.com\/de-de\/?s={search_term_string}\"},\"query-input\":{\"@type\":\"PropertyValueSpecification\",\"valueRequired\":true,\"valueName\":\"search_term_string\"}}],\"inLanguage\":\"fr-LU\"},{\"@type\":\"Organization\",\"@id\":\"https:\/\/www.kress.com\/de-de\/#organization\",\"name\":\"Kress\",\"url\":\"https:\/\/www.kress.com\/de-de\/\",\"logo\":{\"@type\":\"ImageObject\",\"inLanguage\":\"fr-LU\",\"@id\":\"https:\/\/www.kress.com\/de-de\/#\/schema\/logo\/image\/\",\"url\":\"https:\/\/www.kress.com\/wp-content\/uploads\/2024\/02\/logo.png\",\"contentUrl\":\"https:\/\/www.kress.com\/wp-content\/uploads\/2024\/02\/logo.png\",\"width\":696,\"height\":696,\"caption\":\"Kress\"},\"image\":{\"@id\":\"https:\/\/www.kress.com\/de-de\/#\/schema\/logo\/image\/\"}}]}<\/script>\n<!-- \/ Yoast SEO Premium plugin. -->","yoast_head_json":{"title":"Coupe-bordure 60 V de qualit\u00e9 commerciale | Kress","robots":{"index":"index","follow":"follow","max-snippet":"max-snippet:-1","max-image-preview":"max-image-preview:large","max-video-preview":"max-video-preview:-1"},"og_locale":"fr_FR","og_type":"article","og_title":"Coupe-bordure 60 V de qualit\u00e9 commerciale","og_description":"Con\u00e7u pour les entreprises d&#8217;am\u00e9nagement paysager et les municipalit\u00e9s engag\u00e9es dans le d\u00e9veloppement durable, le coupe-bordure \u00e0 arbre droit Kress KC150 offre une grande pr\u00e9cision gr\u00e2ce \u00e0 sa roue de guidage r\u00e9glable en hauteur. Il combine un contr\u00f4le de vitesse variable avec une protection contre les d\u00e9bris pour une s\u00e9curit\u00e9 et une efficacit\u00e9 accrues. Faisant [&hellip;]","og_url":"https:\/\/www.kress.com\/fr-lu\/coupe-bordure-60-v-de-qualite-professionnelle-kc150-9\/","og_site_name":"Kress","article_modified_time":"2025-10-17T10:00:22+00:00","og_image":[{"width":1980,"height":1980,"url":"https:\/\/www.kress.com\/wp-content\/uploads\/onpage\/op_image_3d16c1046909990db2d7ed314222a767542e2738.1980x.webp","type":"image\/webp"}],"twitter_card":"summary_large_image","schema":{"@context":"https:\/\/schema.org","@graph":[{"@type":"WebPage","@id":"https:\/\/www.kress.com\/fr-lu\/coupe-bordure-60-v-de-qualite-professionnelle-kc150-9\/","url":"https:\/\/www.kress.com\/fr-lu\/coupe-bordure-60-v-de-qualite-professionnelle-kc150-9\/","name":"Coupe-bordure 60 V de qualit\u00e9 commerciale | Kress","isPartOf":{"@id":"https:\/\/www.kress.com\/de-de\/#website"},"primaryImageOfPage":{"@id":"https:\/\/www.kress.com\/fr-lu\/coupe-bordure-60-v-de-qualite-professionnelle-kc150-9\/#primaryimage"},"image":{"@id":"https:\/\/www.kress.com\/fr-lu\/coupe-bordure-60-v-de-qualite-professionnelle-kc150-9\/#primaryimage"},"thumbnailUrl":"https:\/\/www.kress.com\/wp-content\/uploads\/onpage\/op_image_3d16c1046909990db2d7ed314222a767542e2738.1980x.webp","datePublished":"2024-03-26T08:16:34+00:00","dateModified":"2025-10-17T10:00:22+00:00","breadcrumb":{"@id":"https:\/\/www.kress.com\/fr-lu\/coupe-bordure-60-v-de-qualite-professionnelle-kc150-9\/#breadcrumb"},"inLanguage":"fr-LU","potentialAction":[{"@type":"ReadAction","target":["https:\/\/www.kress.com\/fr-lu\/coupe-bordure-60-v-de-qualite-professionnelle-kc150-9\/"]}]},{"@type":"ImageObject","inLanguage":"fr-LU","@id":"https:\/\/www.kress.com\/fr-lu\/coupe-bordure-60-v-de-qualite-professionnelle-kc150-9\/#primaryimage","url":"https:\/\/www.kress.com\/wp-content\/uploads\/onpage\/op_image_3d16c1046909990db2d7ed314222a767542e2738.1980x.webp","contentUrl":"https:\/\/www.kress.com\/wp-content\/uploads\/onpage\/op_image_3d16c1046909990db2d7ed314222a767542e2738.1980x.webp","width":1980,"height":1980},{"@type":"BreadcrumbList","@id":"https:\/\/www.kress.com\/fr-lu\/coupe-bordure-60-v-de-qualite-professionnelle-kc150-9\/#breadcrumb","itemListElement":[{"@type":"ListItem","position":1,"name":"Home","item":"https:\/\/www.kress.com\/fr-lu\/"},{"@type":"ListItem","position":2,"name":"Produits","item":"https:\/\/www.kress.com\/fr-fr\/shop\/"},{"@type":"ListItem","position":3,"name":"Coupe-bordure 60 V de qualit\u00e9 professionnelle"}]},{"@type":"WebSite","@id":"https:\/\/www.kress.com\/de-de\/#website","url":"https:\/\/www.kress.com\/de-de\/","name":"Kress","description":"","publisher":{"@id":"https:\/\/www.kress.com\/de-de\/#organization"},"potentialAction":[{"@type":"SearchAction","target":{"@type":"EntryPoint","urlTemplate":"https:\/\/www.kress.com\/de-de\/?s={search_term_string}"},"query-input":{"@type":"PropertyValueSpecification","valueRequired":true,"valueName":"search_term_string"}}],"inLanguage":"fr-LU"},{"@type":"Organization","@id":"https:\/\/www.kress.com\/de-de\/#organization","name":"Kress","url":"https:\/\/www.kress.com\/de-de\/","logo":{"@type":"ImageObject","inLanguage":"fr-LU","@id":"https:\/\/www.kress.com\/de-de\/#\/schema\/logo\/image\/","url":"https:\/\/www.kress.com\/wp-content\/uploads\/2024\/02\/logo.png","contentUrl":"https:\/\/www.kress.com\/wp-content\/uploads\/2024\/02\/logo.png","width":696,"height":696,"caption":"Kress"},"image":{"@id":"https:\/\/www.kress.com\/de-de\/#\/schema\/logo\/image\/"}}]}},"_links":{"self":[{"href":"https:\/\/www.kress.com\/fr-lu\/wp-json\/wp\/v2\/product\/34469","targetHints":{"allow":["GET"]}}],"collection":[{"href":"https:\/\/www.kress.com\/fr-lu\/wp-json\/wp\/v2\/product"}],"about":[{"href":"https:\/\/www.kress.com\/fr-lu\/wp-json\/wp\/v2\/types\/product"}],"wp:featuredmedia":[{"embeddable":true,"href":"https:\/\/www.kress.com\/fr-lu\/wp-json\/wp\/v2\/media\/408736"}],"wp:attachment":[{"href":"https:\/\/www.kress.com\/fr-lu\/wp-json\/wp\/v2\/media?parent=34469"}],"wp:term":[{"taxonomy":"product_brand","embeddable":true,"href":"https:\/\/www.kress.com\/fr-lu\/wp-json\/wp\/v2\/product_brand?post=34469"},{"taxonomy":"product_cat","embeddable":true,"href":"https:\/\/www.kress.com\/fr-lu\/wp-json\/wp\/v2\/product_cat?post=34469"},{"taxonomy":"product_tag","embeddable":true,"href":"https:\/\/www.kress.com\/fr-lu\/wp-json\/wp\/v2\/product_tag?post=34469"}],"curies":[{"name":"wp","href":"https:\/\/api.w.org\/{rel}","templated":true}]}}