{"id":33769,"date":"2024-03-26T08:16:31","date_gmt":"2024-03-26T08:16:31","guid":{"rendered":""},"modified":"2025-10-17T10:00:22","modified_gmt":"2025-10-17T10:00:22","slug":"chargeur-kress-20-v-kac02","status":"publish","type":"product","link":"https:\/\/www.kress.com\/fr-lu\/chargeur-kress-20-v-kac02\/","title":{"rendered":"Chargeur Kress 20 V"},"content":{"rendered":"<p>Le KAC02 permet \u00e0 vos batteries d&#8217;\u00eatre aliment\u00e9es et pr\u00eates \u00e0 l&#8217;emploi gr\u00e2ce \u00e0 une charge efficace et rapide. Il recharge compl\u00e8tement une batterie KrossPack de 2,0 Ah en seulement 60 minutes, tandis que son syst\u00e8me de refroidissement int\u00e9gr\u00e9 garantit une performance s\u00fbre et optimis\u00e9e \u00e0 chaque fois.<\/p>\n","protected":false},"excerpt":{"rendered":"<p>Le KAC02 permet \u00e0 vos batteries d&#8217;\u00eatre aliment\u00e9es et pr\u00eates \u00e0 l&#8217;emploi gr\u00e2ce \u00e0 une charge efficace et rapide. Il recharge compl\u00e8tement une batterie KrossPack de 2,0 Ah en seulement 60 minutes, tandis que son syst\u00e8me de refroidissement int\u00e9gr\u00e9 garantit une performance s\u00fbre et optimis\u00e9e \u00e0 chaque fois.<\/p>\n","protected":false},"featured_media":408184,"template":"","meta":{"_acf_changed":false},"product_brand":[],"product_cat":[],"product_tag":[],"class_list":{"0":"post-33769","1":"product","2":"type-product","3":"status-publish","4":"has-post-thumbnail","7":"first","8":"instock","9":"shipping-taxable","10":"purchasable","11":"product-type-simple"},"acf":[],"yoast_head":"<!-- This site is optimized with the Yoast SEO Premium plugin v26.5 (Yoast SEO v27.0) - https:\/\/yoast.com\/product\/yoast-seo-premium-wordpress\/ -->\n<title>Chargeur Kress 20 V | Kress<\/title>\n<meta name=\"robots\" content=\"index, follow, max-snippet:-1, max-image-preview:large, max-video-preview:-1\" \/>\n<meta property=\"og:locale\" content=\"fr_FR\" \/>\n<meta property=\"og:type\" content=\"article\" \/>\n<meta property=\"og:title\" content=\"Chargeur Kress 20 V\" \/>\n<meta property=\"og:description\" content=\"Le KAC02 permet \u00e0 vos batteries d&#8217;\u00eatre aliment\u00e9es et pr\u00eates \u00e0 l&#8217;emploi gr\u00e2ce \u00e0 une charge efficace et rapide. Il recharge compl\u00e8tement une batterie KrossPack de 2,0 Ah en seulement 60 minutes, tandis que son syst\u00e8me de refroidissement int\u00e9gr\u00e9 garantit une performance s\u00fbre et optimis\u00e9e \u00e0 chaque fois.\" \/>\n<meta property=\"og:url\" content=\"https:\/\/www.kress.com\/fr-lu\/chargeur-kress-20-v-kac02\/\" \/>\n<meta property=\"og:site_name\" content=\"Kress\" \/>\n<meta property=\"article:modified_time\" content=\"2025-10-17T10:00:22+00:00\" \/>\n<meta property=\"og:image\" content=\"https:\/\/www.kress.com\/wp-content\/uploads\/onpage\/op_image_ff112be63784c2bf5f34b28393dfbc0559d82d99.1980x.webp\" \/>\n\t<meta property=\"og:image:width\" content=\"1980\" \/>\n\t<meta property=\"og:image:height\" content=\"1980\" \/>\n\t<meta property=\"og:image:type\" content=\"image\/webp\" \/>\n<meta name=\"twitter:card\" content=\"summary_large_image\" \/>\n<script type=\"application\/ld+json\" class=\"yoast-schema-graph\">{\"@context\":\"https:\/\/schema.org\",\"@graph\":[{\"@type\":\"WebPage\",\"@id\":\"https:\/\/www.kress.com\/fr-lu\/chargeur-kress-20-v-kac02\/\",\"url\":\"https:\/\/www.kress.com\/fr-lu\/chargeur-kress-20-v-kac02\/\",\"name\":\"Chargeur Kress 20 V | Kress\",\"isPartOf\":{\"@id\":\"https:\/\/www.kress.com\/de-de\/#website\"},\"primaryImageOfPage\":{\"@id\":\"https:\/\/www.kress.com\/fr-lu\/chargeur-kress-20-v-kac02\/#primaryimage\"},\"image\":{\"@id\":\"https:\/\/www.kress.com\/fr-lu\/chargeur-kress-20-v-kac02\/#primaryimage\"},\"thumbnailUrl\":\"https:\/\/www.kress.com\/wp-content\/uploads\/onpage\/op_image_ff112be63784c2bf5f34b28393dfbc0559d82d99.1980x.webp\",\"datePublished\":\"2024-03-26T08:16:31+00:00\",\"dateModified\":\"2025-10-17T10:00:22+00:00\",\"breadcrumb\":{\"@id\":\"https:\/\/www.kress.com\/fr-lu\/chargeur-kress-20-v-kac02\/#breadcrumb\"},\"inLanguage\":\"fr-LU\",\"potentialAction\":[{\"@type\":\"ReadAction\",\"target\":[\"https:\/\/www.kress.com\/fr-lu\/chargeur-kress-20-v-kac02\/\"]}]},{\"@type\":\"ImageObject\",\"inLanguage\":\"fr-LU\",\"@id\":\"https:\/\/www.kress.com\/fr-lu\/chargeur-kress-20-v-kac02\/#primaryimage\",\"url\":\"https:\/\/www.kress.com\/wp-content\/uploads\/onpage\/op_image_ff112be63784c2bf5f34b28393dfbc0559d82d99.1980x.webp\",\"contentUrl\":\"https:\/\/www.kress.com\/wp-content\/uploads\/onpage\/op_image_ff112be63784c2bf5f34b28393dfbc0559d82d99.1980x.webp\",\"width\":1980,\"height\":1980},{\"@type\":\"BreadcrumbList\",\"@id\":\"https:\/\/www.kress.com\/fr-lu\/chargeur-kress-20-v-kac02\/#breadcrumb\",\"itemListElement\":[{\"@type\":\"ListItem\",\"position\":1,\"name\":\"Home\",\"item\":\"https:\/\/www.kress.com\/fr-lu\/\"},{\"@type\":\"ListItem\",\"position\":2,\"name\":\"Produits\",\"item\":\"https:\/\/www.kress.com\/fr-fr\/shop\/\"},{\"@type\":\"ListItem\",\"position\":3,\"name\":\"Chargeur Kress 20 V\"}]},{\"@type\":\"WebSite\",\"@id\":\"https:\/\/www.kress.com\/de-de\/#website\",\"url\":\"https:\/\/www.kress.com\/de-de\/\",\"name\":\"Kress\",\"description\":\"\",\"publisher\":{\"@id\":\"https:\/\/www.kress.com\/de-de\/#organization\"},\"potentialAction\":[{\"@type\":\"SearchAction\",\"target\":{\"@type\":\"EntryPoint\",\"urlTemplate\":\"https:\/\/www.kress.com\/de-de\/?s={search_term_string}\"},\"query-input\":{\"@type\":\"PropertyValueSpecification\",\"valueRequired\":true,\"valueName\":\"search_term_string\"}}],\"inLanguage\":\"fr-LU\"},{\"@type\":\"Organization\",\"@id\":\"https:\/\/www.kress.com\/de-de\/#organization\",\"name\":\"Kress\",\"url\":\"https:\/\/www.kress.com\/de-de\/\",\"logo\":{\"@type\":\"ImageObject\",\"inLanguage\":\"fr-LU\",\"@id\":\"https:\/\/www.kress.com\/de-de\/#\/schema\/logo\/image\/\",\"url\":\"https:\/\/www.kress.com\/wp-content\/uploads\/2024\/02\/logo.png\",\"contentUrl\":\"https:\/\/www.kress.com\/wp-content\/uploads\/2024\/02\/logo.png\",\"width\":696,\"height\":696,\"caption\":\"Kress\"},\"image\":{\"@id\":\"https:\/\/www.kress.com\/de-de\/#\/schema\/logo\/image\/\"}}]}<\/script>\n<!-- \/ Yoast SEO Premium plugin. -->","yoast_head_json":{"title":"Chargeur Kress 20 V | Kress","robots":{"index":"index","follow":"follow","max-snippet":"max-snippet:-1","max-image-preview":"max-image-preview:large","max-video-preview":"max-video-preview:-1"},"og_locale":"fr_FR","og_type":"article","og_title":"Chargeur Kress 20 V","og_description":"Le KAC02 permet \u00e0 vos batteries d&#8217;\u00eatre aliment\u00e9es et pr\u00eates \u00e0 l&#8217;emploi gr\u00e2ce \u00e0 une charge efficace et rapide. Il recharge compl\u00e8tement une batterie KrossPack de 2,0 Ah en seulement 60 minutes, tandis que son syst\u00e8me de refroidissement int\u00e9gr\u00e9 garantit une performance s\u00fbre et optimis\u00e9e \u00e0 chaque fois.","og_url":"https:\/\/www.kress.com\/fr-lu\/chargeur-kress-20-v-kac02\/","og_site_name":"Kress","article_modified_time":"2025-10-17T10:00:22+00:00","og_image":[{"width":1980,"height":1980,"url":"https:\/\/www.kress.com\/wp-content\/uploads\/onpage\/op_image_ff112be63784c2bf5f34b28393dfbc0559d82d99.1980x.webp","type":"image\/webp"}],"twitter_card":"summary_large_image","schema":{"@context":"https:\/\/schema.org","@graph":[{"@type":"WebPage","@id":"https:\/\/www.kress.com\/fr-lu\/chargeur-kress-20-v-kac02\/","url":"https:\/\/www.kress.com\/fr-lu\/chargeur-kress-20-v-kac02\/","name":"Chargeur Kress 20 V | Kress","isPartOf":{"@id":"https:\/\/www.kress.com\/de-de\/#website"},"primaryImageOfPage":{"@id":"https:\/\/www.kress.com\/fr-lu\/chargeur-kress-20-v-kac02\/#primaryimage"},"image":{"@id":"https:\/\/www.kress.com\/fr-lu\/chargeur-kress-20-v-kac02\/#primaryimage"},"thumbnailUrl":"https:\/\/www.kress.com\/wp-content\/uploads\/onpage\/op_image_ff112be63784c2bf5f34b28393dfbc0559d82d99.1980x.webp","datePublished":"2024-03-26T08:16:31+00:00","dateModified":"2025-10-17T10:00:22+00:00","breadcrumb":{"@id":"https:\/\/www.kress.com\/fr-lu\/chargeur-kress-20-v-kac02\/#breadcrumb"},"inLanguage":"fr-LU","potentialAction":[{"@type":"ReadAction","target":["https:\/\/www.kress.com\/fr-lu\/chargeur-kress-20-v-kac02\/"]}]},{"@type":"ImageObject","inLanguage":"fr-LU","@id":"https:\/\/www.kress.com\/fr-lu\/chargeur-kress-20-v-kac02\/#primaryimage","url":"https:\/\/www.kress.com\/wp-content\/uploads\/onpage\/op_image_ff112be63784c2bf5f34b28393dfbc0559d82d99.1980x.webp","contentUrl":"https:\/\/www.kress.com\/wp-content\/uploads\/onpage\/op_image_ff112be63784c2bf5f34b28393dfbc0559d82d99.1980x.webp","width":1980,"height":1980},{"@type":"BreadcrumbList","@id":"https:\/\/www.kress.com\/fr-lu\/chargeur-kress-20-v-kac02\/#breadcrumb","itemListElement":[{"@type":"ListItem","position":1,"name":"Home","item":"https:\/\/www.kress.com\/fr-lu\/"},{"@type":"ListItem","position":2,"name":"Produits","item":"https:\/\/www.kress.com\/fr-fr\/shop\/"},{"@type":"ListItem","position":3,"name":"Chargeur Kress 20 V"}]},{"@type":"WebSite","@id":"https:\/\/www.kress.com\/de-de\/#website","url":"https:\/\/www.kress.com\/de-de\/","name":"Kress","description":"","publisher":{"@id":"https:\/\/www.kress.com\/de-de\/#organization"},"potentialAction":[{"@type":"SearchAction","target":{"@type":"EntryPoint","urlTemplate":"https:\/\/www.kress.com\/de-de\/?s={search_term_string}"},"query-input":{"@type":"PropertyValueSpecification","valueRequired":true,"valueName":"search_term_string"}}],"inLanguage":"fr-LU"},{"@type":"Organization","@id":"https:\/\/www.kress.com\/de-de\/#organization","name":"Kress","url":"https:\/\/www.kress.com\/de-de\/","logo":{"@type":"ImageObject","inLanguage":"fr-LU","@id":"https:\/\/www.kress.com\/de-de\/#\/schema\/logo\/image\/","url":"https:\/\/www.kress.com\/wp-content\/uploads\/2024\/02\/logo.png","contentUrl":"https:\/\/www.kress.com\/wp-content\/uploads\/2024\/02\/logo.png","width":696,"height":696,"caption":"Kress"},"image":{"@id":"https:\/\/www.kress.com\/de-de\/#\/schema\/logo\/image\/"}}]}},"_links":{"self":[{"href":"https:\/\/www.kress.com\/fr-lu\/wp-json\/wp\/v2\/product\/33769","targetHints":{"allow":["GET"]}}],"collection":[{"href":"https:\/\/www.kress.com\/fr-lu\/wp-json\/wp\/v2\/product"}],"about":[{"href":"https:\/\/www.kress.com\/fr-lu\/wp-json\/wp\/v2\/types\/product"}],"wp:featuredmedia":[{"embeddable":true,"href":"https:\/\/www.kress.com\/fr-lu\/wp-json\/wp\/v2\/media\/408184"}],"wp:attachment":[{"href":"https:\/\/www.kress.com\/fr-lu\/wp-json\/wp\/v2\/media?parent=33769"}],"wp:term":[{"taxonomy":"product_brand","embeddable":true,"href":"https:\/\/www.kress.com\/fr-lu\/wp-json\/wp\/v2\/product_brand?post=33769"},{"taxonomy":"product_cat","embeddable":true,"href":"https:\/\/www.kress.com\/fr-lu\/wp-json\/wp\/v2\/product_cat?post=33769"},{"taxonomy":"product_tag","embeddable":true,"href":"https:\/\/www.kress.com\/fr-lu\/wp-json\/wp\/v2\/product_tag?post=33769"}],"curies":[{"name":"wp","href":"https:\/\/api.w.org\/{rel}","templated":true}]}}