{"id":33293,"date":"2024-03-26T08:16:28","date_gmt":"2024-03-26T08:16:28","guid":{"rendered":""},"modified":"2025-10-17T10:00:22","modified_gmt":"2025-10-17T10:00:22","slug":"tondeuse-60-v-kg757e-9","status":"publish","type":"product","link":"https:\/\/www.kress.com\/fr-lu\/tondeuse-60-v-kg757e-9\/","title":{"rendered":"Tondeuse professionnelle 60 V"},"content":{"rendered":"<p>La Kress KG757E.9 est une tondeuse autotract\u00e9e de qualit\u00e9 professionnelle con\u00e7ue pour ceux qui exigent plus &#8211; plus de puissance, plus de pr\u00e9cision, plus d&#8217;efficacit\u00e9. Avec un couple de 8 Nm, elle assure une coupe puissante et sans bourrage pour des r\u00e9sultats toujours propres. Le sac de ramassage de 55 litres minimise le temps de nettoyage, tandis que les options de commutation rapide pour le mulching, le ramassage et l&#8217;\u00e9jection lat\u00e9rale arri\u00e8re s&#8217;adaptent \u00e0 votre style de tonte. Id\u00e9ale pour les pelouses jusqu&#8217;\u00e0 800 m\u00b2, c&#8217;est l&#8217;alliance parfaite de la performance et de la polyvalence.<\/p>\n","protected":false},"excerpt":{"rendered":"<p>La Kress KG757E.9 est une tondeuse autotract\u00e9e de qualit\u00e9 professionnelle con\u00e7ue pour ceux qui exigent plus &#8211; plus de puissance, plus de pr\u00e9cision, plus d&#8217;efficacit\u00e9. Avec un couple de 8 Nm, elle assure une coupe puissante et sans bourrage pour des r\u00e9sultats toujours propres. Le sac de ramassage de 55 litres minimise le temps de [&hellip;]<\/p>\n","protected":false},"featured_media":407944,"template":"","meta":{"_acf_changed":false},"product_brand":[],"product_cat":[],"product_tag":[],"class_list":{"0":"post-33293","1":"product","2":"type-product","3":"status-publish","4":"has-post-thumbnail","7":"first","8":"instock","9":"shipping-taxable","10":"purchasable","11":"product-type-simple"},"acf":[],"yoast_head":"<!-- This site is optimized with the Yoast SEO Premium plugin v26.5 (Yoast SEO v27.0) - https:\/\/yoast.com\/product\/yoast-seo-premium-wordpress\/ -->\n<title>Tondeuse professionnelle 60 V | Kress<\/title>\n<meta name=\"robots\" content=\"index, follow, max-snippet:-1, max-image-preview:large, max-video-preview:-1\" \/>\n<meta property=\"og:locale\" content=\"fr_FR\" \/>\n<meta property=\"og:type\" content=\"article\" \/>\n<meta property=\"og:title\" content=\"Tondeuse professionnelle 60 V\" \/>\n<meta property=\"og:description\" content=\"La Kress KG757E.9 est une tondeuse autotract\u00e9e de qualit\u00e9 professionnelle con\u00e7ue pour ceux qui exigent plus &#8211; plus de puissance, plus de pr\u00e9cision, plus d&#8217;efficacit\u00e9. Avec un couple de 8 Nm, elle assure une coupe puissante et sans bourrage pour des r\u00e9sultats toujours propres. Le sac de ramassage de 55 litres minimise le temps de [&hellip;]\" \/>\n<meta property=\"og:url\" content=\"https:\/\/www.kress.com\/fr-lu\/tondeuse-60-v-kg757e-9\/\" \/>\n<meta property=\"og:site_name\" content=\"Kress\" \/>\n<meta property=\"article:modified_time\" content=\"2025-10-17T10:00:22+00:00\" \/>\n<meta property=\"og:image\" content=\"https:\/\/www.kress.com\/wp-content\/uploads\/onpage\/op_image_8bad9da37be875f06d5cbfd2a39d4df92dbc6524.1980x.webp\" \/>\n\t<meta property=\"og:image:width\" content=\"1980\" \/>\n\t<meta property=\"og:image:height\" content=\"1980\" \/>\n\t<meta property=\"og:image:type\" content=\"image\/webp\" \/>\n<meta name=\"twitter:card\" content=\"summary_large_image\" \/>\n<meta name=\"twitter:label1\" content=\"Est. reading time\" \/>\n\t<meta name=\"twitter:data1\" content=\"1 minute\" \/>\n<script type=\"application\/ld+json\" class=\"yoast-schema-graph\">{\"@context\":\"https:\/\/schema.org\",\"@graph\":[{\"@type\":\"WebPage\",\"@id\":\"https:\/\/www.kress.com\/fr-lu\/tondeuse-60-v-kg757e-9\/\",\"url\":\"https:\/\/www.kress.com\/fr-lu\/tondeuse-60-v-kg757e-9\/\",\"name\":\"Tondeuse professionnelle 60 V | Kress\",\"isPartOf\":{\"@id\":\"https:\/\/www.kress.com\/de-de\/#website\"},\"primaryImageOfPage\":{\"@id\":\"https:\/\/www.kress.com\/fr-lu\/tondeuse-60-v-kg757e-9\/#primaryimage\"},\"image\":{\"@id\":\"https:\/\/www.kress.com\/fr-lu\/tondeuse-60-v-kg757e-9\/#primaryimage\"},\"thumbnailUrl\":\"https:\/\/www.kress.com\/wp-content\/uploads\/onpage\/op_image_8bad9da37be875f06d5cbfd2a39d4df92dbc6524.1980x.webp\",\"datePublished\":\"2024-03-26T08:16:28+00:00\",\"dateModified\":\"2025-10-17T10:00:22+00:00\",\"breadcrumb\":{\"@id\":\"https:\/\/www.kress.com\/fr-lu\/tondeuse-60-v-kg757e-9\/#breadcrumb\"},\"inLanguage\":\"fr-LU\",\"potentialAction\":[{\"@type\":\"ReadAction\",\"target\":[\"https:\/\/www.kress.com\/fr-lu\/tondeuse-60-v-kg757e-9\/\"]}]},{\"@type\":\"ImageObject\",\"inLanguage\":\"fr-LU\",\"@id\":\"https:\/\/www.kress.com\/fr-lu\/tondeuse-60-v-kg757e-9\/#primaryimage\",\"url\":\"https:\/\/www.kress.com\/wp-content\/uploads\/onpage\/op_image_8bad9da37be875f06d5cbfd2a39d4df92dbc6524.1980x.webp\",\"contentUrl\":\"https:\/\/www.kress.com\/wp-content\/uploads\/onpage\/op_image_8bad9da37be875f06d5cbfd2a39d4df92dbc6524.1980x.webp\",\"width\":1980,\"height\":1980},{\"@type\":\"BreadcrumbList\",\"@id\":\"https:\/\/www.kress.com\/fr-lu\/tondeuse-60-v-kg757e-9\/#breadcrumb\",\"itemListElement\":[{\"@type\":\"ListItem\",\"position\":1,\"name\":\"Home\",\"item\":\"https:\/\/www.kress.com\/fr-lu\/\"},{\"@type\":\"ListItem\",\"position\":2,\"name\":\"Produits\",\"item\":\"https:\/\/www.kress.com\/fr-fr\/shop\/\"},{\"@type\":\"ListItem\",\"position\":3,\"name\":\"Tondeuse 60 V\"}]},{\"@type\":\"WebSite\",\"@id\":\"https:\/\/www.kress.com\/de-de\/#website\",\"url\":\"https:\/\/www.kress.com\/de-de\/\",\"name\":\"Kress\",\"description\":\"\",\"publisher\":{\"@id\":\"https:\/\/www.kress.com\/de-de\/#organization\"},\"potentialAction\":[{\"@type\":\"SearchAction\",\"target\":{\"@type\":\"EntryPoint\",\"urlTemplate\":\"https:\/\/www.kress.com\/de-de\/?s={search_term_string}\"},\"query-input\":{\"@type\":\"PropertyValueSpecification\",\"valueRequired\":true,\"valueName\":\"search_term_string\"}}],\"inLanguage\":\"fr-LU\"},{\"@type\":\"Organization\",\"@id\":\"https:\/\/www.kress.com\/de-de\/#organization\",\"name\":\"Kress\",\"url\":\"https:\/\/www.kress.com\/de-de\/\",\"logo\":{\"@type\":\"ImageObject\",\"inLanguage\":\"fr-LU\",\"@id\":\"https:\/\/www.kress.com\/de-de\/#\/schema\/logo\/image\/\",\"url\":\"https:\/\/www.kress.com\/wp-content\/uploads\/2024\/02\/logo.png\",\"contentUrl\":\"https:\/\/www.kress.com\/wp-content\/uploads\/2024\/02\/logo.png\",\"width\":696,\"height\":696,\"caption\":\"Kress\"},\"image\":{\"@id\":\"https:\/\/www.kress.com\/de-de\/#\/schema\/logo\/image\/\"}}]}<\/script>\n<!-- \/ Yoast SEO Premium plugin. -->","yoast_head_json":{"title":"Tondeuse professionnelle 60 V | Kress","robots":{"index":"index","follow":"follow","max-snippet":"max-snippet:-1","max-image-preview":"max-image-preview:large","max-video-preview":"max-video-preview:-1"},"og_locale":"fr_FR","og_type":"article","og_title":"Tondeuse professionnelle 60 V","og_description":"La Kress KG757E.9 est une tondeuse autotract\u00e9e de qualit\u00e9 professionnelle con\u00e7ue pour ceux qui exigent plus &#8211; plus de puissance, plus de pr\u00e9cision, plus d&#8217;efficacit\u00e9. Avec un couple de 8 Nm, elle assure une coupe puissante et sans bourrage pour des r\u00e9sultats toujours propres. Le sac de ramassage de 55 litres minimise le temps de [&hellip;]","og_url":"https:\/\/www.kress.com\/fr-lu\/tondeuse-60-v-kg757e-9\/","og_site_name":"Kress","article_modified_time":"2025-10-17T10:00:22+00:00","og_image":[{"width":1980,"height":1980,"url":"https:\/\/www.kress.com\/wp-content\/uploads\/onpage\/op_image_8bad9da37be875f06d5cbfd2a39d4df92dbc6524.1980x.webp","type":"image\/webp"}],"twitter_card":"summary_large_image","twitter_misc":{"Est. reading time":"1 minute"},"schema":{"@context":"https:\/\/schema.org","@graph":[{"@type":"WebPage","@id":"https:\/\/www.kress.com\/fr-lu\/tondeuse-60-v-kg757e-9\/","url":"https:\/\/www.kress.com\/fr-lu\/tondeuse-60-v-kg757e-9\/","name":"Tondeuse professionnelle 60 V | Kress","isPartOf":{"@id":"https:\/\/www.kress.com\/de-de\/#website"},"primaryImageOfPage":{"@id":"https:\/\/www.kress.com\/fr-lu\/tondeuse-60-v-kg757e-9\/#primaryimage"},"image":{"@id":"https:\/\/www.kress.com\/fr-lu\/tondeuse-60-v-kg757e-9\/#primaryimage"},"thumbnailUrl":"https:\/\/www.kress.com\/wp-content\/uploads\/onpage\/op_image_8bad9da37be875f06d5cbfd2a39d4df92dbc6524.1980x.webp","datePublished":"2024-03-26T08:16:28+00:00","dateModified":"2025-10-17T10:00:22+00:00","breadcrumb":{"@id":"https:\/\/www.kress.com\/fr-lu\/tondeuse-60-v-kg757e-9\/#breadcrumb"},"inLanguage":"fr-LU","potentialAction":[{"@type":"ReadAction","target":["https:\/\/www.kress.com\/fr-lu\/tondeuse-60-v-kg757e-9\/"]}]},{"@type":"ImageObject","inLanguage":"fr-LU","@id":"https:\/\/www.kress.com\/fr-lu\/tondeuse-60-v-kg757e-9\/#primaryimage","url":"https:\/\/www.kress.com\/wp-content\/uploads\/onpage\/op_image_8bad9da37be875f06d5cbfd2a39d4df92dbc6524.1980x.webp","contentUrl":"https:\/\/www.kress.com\/wp-content\/uploads\/onpage\/op_image_8bad9da37be875f06d5cbfd2a39d4df92dbc6524.1980x.webp","width":1980,"height":1980},{"@type":"BreadcrumbList","@id":"https:\/\/www.kress.com\/fr-lu\/tondeuse-60-v-kg757e-9\/#breadcrumb","itemListElement":[{"@type":"ListItem","position":1,"name":"Home","item":"https:\/\/www.kress.com\/fr-lu\/"},{"@type":"ListItem","position":2,"name":"Produits","item":"https:\/\/www.kress.com\/fr-fr\/shop\/"},{"@type":"ListItem","position":3,"name":"Tondeuse 60 V"}]},{"@type":"WebSite","@id":"https:\/\/www.kress.com\/de-de\/#website","url":"https:\/\/www.kress.com\/de-de\/","name":"Kress","description":"","publisher":{"@id":"https:\/\/www.kress.com\/de-de\/#organization"},"potentialAction":[{"@type":"SearchAction","target":{"@type":"EntryPoint","urlTemplate":"https:\/\/www.kress.com\/de-de\/?s={search_term_string}"},"query-input":{"@type":"PropertyValueSpecification","valueRequired":true,"valueName":"search_term_string"}}],"inLanguage":"fr-LU"},{"@type":"Organization","@id":"https:\/\/www.kress.com\/de-de\/#organization","name":"Kress","url":"https:\/\/www.kress.com\/de-de\/","logo":{"@type":"ImageObject","inLanguage":"fr-LU","@id":"https:\/\/www.kress.com\/de-de\/#\/schema\/logo\/image\/","url":"https:\/\/www.kress.com\/wp-content\/uploads\/2024\/02\/logo.png","contentUrl":"https:\/\/www.kress.com\/wp-content\/uploads\/2024\/02\/logo.png","width":696,"height":696,"caption":"Kress"},"image":{"@id":"https:\/\/www.kress.com\/de-de\/#\/schema\/logo\/image\/"}}]}},"_links":{"self":[{"href":"https:\/\/www.kress.com\/fr-lu\/wp-json\/wp\/v2\/product\/33293","targetHints":{"allow":["GET"]}}],"collection":[{"href":"https:\/\/www.kress.com\/fr-lu\/wp-json\/wp\/v2\/product"}],"about":[{"href":"https:\/\/www.kress.com\/fr-lu\/wp-json\/wp\/v2\/types\/product"}],"wp:featuredmedia":[{"embeddable":true,"href":"https:\/\/www.kress.com\/fr-lu\/wp-json\/wp\/v2\/media\/407944"}],"wp:attachment":[{"href":"https:\/\/www.kress.com\/fr-lu\/wp-json\/wp\/v2\/media?parent=33293"}],"wp:term":[{"taxonomy":"product_brand","embeddable":true,"href":"https:\/\/www.kress.com\/fr-lu\/wp-json\/wp\/v2\/product_brand?post=33293"},{"taxonomy":"product_cat","embeddable":true,"href":"https:\/\/www.kress.com\/fr-lu\/wp-json\/wp\/v2\/product_cat?post=33293"},{"taxonomy":"product_tag","embeddable":true,"href":"https:\/\/www.kress.com\/fr-lu\/wp-json\/wp\/v2\/product_tag?post=33293"}],"curies":[{"name":"wp","href":"https:\/\/api.w.org\/{rel}","templated":true}]}}