{"id":15352,"date":"2022-06-01T11:10:55","date_gmt":"2022-06-01T09:10:55","guid":{"rendered":"https:\/\/www.kress.com\/declaration-de-garantie\/"},"modified":"2025-03-07T15:53:38","modified_gmt":"2025-03-07T14:53:38","slug":"declaration-de-garantie","status":"publish","type":"page","link":"https:\/\/www.kress.com\/fr-lu\/declaration-de-garantie\/","title":{"rendered":"D\u00e9claration de garantie"},"content":{"rendered":"<div class=\"simple-page\">\r\n<p>Si votre outil KRESS Mission<sup>TM<\/sup> devient d\u00e9fectueux en raison de d\u00e9faut de mat\u00e9riaux ou de fabrication dans les 3 ans \u00e0 compter de la date d&#8217;achat, nous garantissons de :<br \/>\u2022 Remplacer ou r\u00e9parer toutes les pi\u00e8ces d\u00e9fectueuses, sans frais, ou<br \/>\u2022 R\u00e9parer les produits sans frais, ou<br \/>\u2022 Remplacer l&#8217;unit\u00e9 par une unit\u00e9 neuve ou r\u00e9usin\u00e9e, sans frais.<\/p>\r\n\r\n\r\n\r\n<p>Votre garantie est soumise aux conditions suivantes\u00a0:<br \/>\u2022 Enregistrement sur Internet www.kress.com dans les 30 jours suivant l\u2019achat (sans enregistrement, seule une garantie de 24 mois s&#8217;appliquera pour les consommateurs, c&#8217;est-\u00e0-dire les personnes physiques qui utilisent l&#8217;appareil pour un usage priv\u00e9).<br \/>\u2022 Pour les produits Mission<sup>TM<\/sup> MEGA RTKn, en plus de la garantie d&#8217;utilisation priv\u00e9e ci-dessus, nous offrons \u00e9galement une garantie de 12 mois pour une utilisation professionnelle ind\u00e9pendamment de l&#8217;enregistrement en ligne.<br \/>\u2022 Les batteries sont garanties pendant 12 mois, ind\u00e9pendamment de l\u2019enregistrement en ligne et du type de client.<br \/>\u2022 L&#8217;outil n&#8217;a pas \u00e9t\u00e9 utilis\u00e9 \u00e0 mauvais escient, abus\u00e9, n\u00e9glig\u00e9, modifi\u00e9 ou r\u00e9par\u00e9 par une personne autre qu&#8217;un centre de service agr\u00e9\u00e9.<br \/>\u2022 Toutes les pi\u00e8ces et les accessoires utilis\u00e9s sur ou avec le produit sont de la marque KRESS Mission<sup>TM<\/sup>.<br \/>\u2022 L&#8217;usure pr\u00e9sent\u00e9e par l&#8217;outil est normale.<br \/>\u2022 L&#8217;outil n&#8217;a pas \u00e9t\u00e9 lou\u00e9.<br \/>\u2022 L&#8217;outil n&#8217;a pas subi de dommages par des objets \u00e9trangers, des substances ni subi d&#8217;accidents.<br \/>\u2022 En cas de temp\u00e9rature ext\u00e9rieure inf\u00e9rieure \u00e0 0\u00b0C, la batterie (ou le produit) doit \u00eatre rang\u00e9e \u00e0 l\u2019abri du gel (\u00e0 l\u2019int\u00e9rieur).<\/p>\r\n\r\n\r\n\r\n<p>Votre garantie ne couvre pas:<br \/>\u2022 Les composants qui font l&#8217;objet d&#8217;une usure naturelle r\u00e9sultant de l&#8217;utilisation conforme aux instructions d&#8217;utilisation.<br \/>\u2022 Toute manipulation\/maintenance ou surcharge non autoris\u00e9e\/inappropri\u00e9e est exclue de la pr\u00e9sente garantie ainsi que les accessoires, tels que les ampoules, les lames et les m\u00e8ches, etc.<br \/>\u2022 Les dommages, les dysfonctionnements ou les pannes d\u00fb au nettoyeur \u00e0 haute pression, \u00e0 la vapeur ou \u00e0 l&#8217;eau courante.<\/p>\r\n<p>Pour toute demande sous garantie, vous devez soumettre un document d&#8217;enregistrement et un re\u00e7u valide servant de preuve d&#8217;achat et indiquant la date et le lieu de l&#8217;achat .<br \/>Le pr\u00e9sent \u00e9nonc\u00e9 de garantie ne remplace pas vos droits statutaires mais les compl\u00e8te. Cette garantie ne s\u2019applique pas aux accessoires.<br \/>Cette garantie n\u2019est accord\u00e9 qu\u2019\u00e0 l\u2019acheteur initial et ne peut pas \u00eatre transmise.<br \/>Toutes les r\u00e9parations et le replacement des outils seront couverts par la garantie limit\u00e9e pour la dur\u00e9e de la p\u00e9riode de garantie \u00e0 partir de la date d\u2019achat.<\/p>\r\n<p><br \/><strong>Pour la liste d\u00e9taill\u00e9e des dessins et pi\u00e8ces, voir: www.kress.com<\/strong><\/p>\r\n\r\n\r\n<\/div>","protected":false},"excerpt":{"rendered":"<p>Si votre outil KRESS MissionTM devient d\u00e9fectueux en raison de d\u00e9faut de mat\u00e9riaux ou de fabrication dans les 3 ans \u00e0 compter de la date d&#8217;achat, nous garantissons de :\u2022 Remplacer ou r\u00e9parer toutes les pi\u00e8ces d\u00e9fectueuses, sans frais, ou\u2022 R\u00e9parer les produits sans frais, ou\u2022 Remplacer l&#8217;unit\u00e9 par une unit\u00e9 neuve ou r\u00e9usin\u00e9e, sans [&hellip;]<\/p>\n","protected":false},"author":18,"featured_media":0,"parent":0,"menu_order":0,"comment_status":"closed","ping_status":"closed","template":"template-warranty-statement.php","meta":{"_acf_changed":false,"footnotes":""},"class_list":["post-15352","page","type-page","status-publish","hentry"],"acf":[],"yoast_head":"<!-- This site is optimized with the Yoast SEO Premium plugin v26.5 (Yoast SEO v27.0) - https:\/\/yoast.com\/product\/yoast-seo-premium-wordpress\/ -->\n<title>D\u00e9claration de garantie | Kress<\/title>\n<meta name=\"robots\" content=\"index, follow, max-snippet:-1, max-image-preview:large, max-video-preview:-1\" \/>\n<meta property=\"og:locale\" content=\"fr_FR\" \/>\n<meta property=\"og:type\" content=\"article\" \/>\n<meta property=\"og:title\" content=\"D\u00e9claration de garantie\" \/>\n<meta property=\"og:description\" content=\"Si votre outil KRESS MissionTM devient d\u00e9fectueux en raison de d\u00e9faut de mat\u00e9riaux ou de fabrication dans les 3 ans \u00e0 compter de la date d&#8217;achat, nous garantissons de :\u2022 Remplacer ou r\u00e9parer toutes les pi\u00e8ces d\u00e9fectueuses, sans frais, ou\u2022 R\u00e9parer les produits sans frais, ou\u2022 Remplacer l&#8217;unit\u00e9 par une unit\u00e9 neuve ou r\u00e9usin\u00e9e, sans [&hellip;]\" \/>\n<meta property=\"og:url\" content=\"https:\/\/www.kress.com\/fr-lu\/declaration-de-garantie\/\" \/>\n<meta property=\"og:site_name\" content=\"Kress\" \/>\n<meta property=\"article:modified_time\" content=\"2025-03-07T14:53:38+00:00\" \/>\n<meta property=\"og:image\" content=\"https:\/\/www.kress.com\/wp-content\/uploads\/2024\/02\/logo_long.png\" \/>\n\t<meta property=\"og:image:width\" content=\"1200\" \/>\n\t<meta property=\"og:image:height\" content=\"675\" \/>\n\t<meta property=\"og:image:type\" content=\"image\/png\" \/>\n<meta name=\"twitter:card\" content=\"summary_large_image\" \/>\n<meta name=\"twitter:label1\" content=\"Est. reading time\" \/>\n\t<meta name=\"twitter:data1\" content=\"2 minutes\" \/>\n<script type=\"application\/ld+json\" class=\"yoast-schema-graph\">{\"@context\":\"https:\/\/schema.org\",\"@graph\":[{\"@type\":\"WebPage\",\"@id\":\"https:\/\/www.kress.com\/fr-lu\/declaration-de-garantie\/\",\"url\":\"https:\/\/www.kress.com\/fr-lu\/declaration-de-garantie\/\",\"name\":\"D\u00e9claration de garantie | Kress\",\"isPartOf\":{\"@id\":\"https:\/\/www.kress.com\/de-de\/#website\"},\"datePublished\":\"2022-06-01T09:10:55+00:00\",\"dateModified\":\"2025-03-07T14:53:38+00:00\",\"breadcrumb\":{\"@id\":\"https:\/\/www.kress.com\/fr-lu\/declaration-de-garantie\/#breadcrumb\"},\"inLanguage\":\"fr-LU\",\"potentialAction\":[{\"@type\":\"ReadAction\",\"target\":[\"https:\/\/www.kress.com\/fr-lu\/declaration-de-garantie\/\"]}]},{\"@type\":\"BreadcrumbList\",\"@id\":\"https:\/\/www.kress.com\/fr-lu\/declaration-de-garantie\/#breadcrumb\",\"itemListElement\":[{\"@type\":\"ListItem\",\"position\":1,\"name\":\"Home\",\"item\":\"https:\/\/www.kress.com\/fr-lu\/\"},{\"@type\":\"ListItem\",\"position\":2,\"name\":\"D\u00e9claration de garantie\"}]},{\"@type\":\"WebSite\",\"@id\":\"https:\/\/www.kress.com\/de-de\/#website\",\"url\":\"https:\/\/www.kress.com\/de-de\/\",\"name\":\"Kress\",\"description\":\"\",\"publisher\":{\"@id\":\"https:\/\/www.kress.com\/de-de\/#organization\"},\"potentialAction\":[{\"@type\":\"SearchAction\",\"target\":{\"@type\":\"EntryPoint\",\"urlTemplate\":\"https:\/\/www.kress.com\/de-de\/?s={search_term_string}\"},\"query-input\":{\"@type\":\"PropertyValueSpecification\",\"valueRequired\":true,\"valueName\":\"search_term_string\"}}],\"inLanguage\":\"fr-LU\"},{\"@type\":\"Organization\",\"@id\":\"https:\/\/www.kress.com\/de-de\/#organization\",\"name\":\"Kress\",\"url\":\"https:\/\/www.kress.com\/de-de\/\",\"logo\":{\"@type\":\"ImageObject\",\"inLanguage\":\"fr-LU\",\"@id\":\"https:\/\/www.kress.com\/de-de\/#\/schema\/logo\/image\/\",\"url\":\"https:\/\/www.kress.com\/wp-content\/uploads\/2024\/02\/logo.png\",\"contentUrl\":\"https:\/\/www.kress.com\/wp-content\/uploads\/2024\/02\/logo.png\",\"width\":696,\"height\":696,\"caption\":\"Kress\"},\"image\":{\"@id\":\"https:\/\/www.kress.com\/de-de\/#\/schema\/logo\/image\/\"}}]}<\/script>\n<!-- \/ Yoast SEO Premium plugin. -->","yoast_head_json":{"title":"D\u00e9claration de garantie | Kress","robots":{"index":"index","follow":"follow","max-snippet":"max-snippet:-1","max-image-preview":"max-image-preview:large","max-video-preview":"max-video-preview:-1"},"og_locale":"fr_FR","og_type":"article","og_title":"D\u00e9claration de garantie","og_description":"Si votre outil KRESS MissionTM devient d\u00e9fectueux en raison de d\u00e9faut de mat\u00e9riaux ou de fabrication dans les 3 ans \u00e0 compter de la date d&#8217;achat, nous garantissons de :\u2022 Remplacer ou r\u00e9parer toutes les pi\u00e8ces d\u00e9fectueuses, sans frais, ou\u2022 R\u00e9parer les produits sans frais, ou\u2022 Remplacer l&#8217;unit\u00e9 par une unit\u00e9 neuve ou r\u00e9usin\u00e9e, sans [&hellip;]","og_url":"https:\/\/www.kress.com\/fr-lu\/declaration-de-garantie\/","og_site_name":"Kress","article_modified_time":"2025-03-07T14:53:38+00:00","og_image":[{"width":1200,"height":675,"url":"https:\/\/www.kress.com\/wp-content\/uploads\/2024\/02\/logo_long.png","type":"image\/png"}],"twitter_card":"summary_large_image","twitter_misc":{"Est. reading time":"2 minutes"},"schema":{"@context":"https:\/\/schema.org","@graph":[{"@type":"WebPage","@id":"https:\/\/www.kress.com\/fr-lu\/declaration-de-garantie\/","url":"https:\/\/www.kress.com\/fr-lu\/declaration-de-garantie\/","name":"D\u00e9claration de garantie | Kress","isPartOf":{"@id":"https:\/\/www.kress.com\/de-de\/#website"},"datePublished":"2022-06-01T09:10:55+00:00","dateModified":"2025-03-07T14:53:38+00:00","breadcrumb":{"@id":"https:\/\/www.kress.com\/fr-lu\/declaration-de-garantie\/#breadcrumb"},"inLanguage":"fr-LU","potentialAction":[{"@type":"ReadAction","target":["https:\/\/www.kress.com\/fr-lu\/declaration-de-garantie\/"]}]},{"@type":"BreadcrumbList","@id":"https:\/\/www.kress.com\/fr-lu\/declaration-de-garantie\/#breadcrumb","itemListElement":[{"@type":"ListItem","position":1,"name":"Home","item":"https:\/\/www.kress.com\/fr-lu\/"},{"@type":"ListItem","position":2,"name":"D\u00e9claration de garantie"}]},{"@type":"WebSite","@id":"https:\/\/www.kress.com\/de-de\/#website","url":"https:\/\/www.kress.com\/de-de\/","name":"Kress","description":"","publisher":{"@id":"https:\/\/www.kress.com\/de-de\/#organization"},"potentialAction":[{"@type":"SearchAction","target":{"@type":"EntryPoint","urlTemplate":"https:\/\/www.kress.com\/de-de\/?s={search_term_string}"},"query-input":{"@type":"PropertyValueSpecification","valueRequired":true,"valueName":"search_term_string"}}],"inLanguage":"fr-LU"},{"@type":"Organization","@id":"https:\/\/www.kress.com\/de-de\/#organization","name":"Kress","url":"https:\/\/www.kress.com\/de-de\/","logo":{"@type":"ImageObject","inLanguage":"fr-LU","@id":"https:\/\/www.kress.com\/de-de\/#\/schema\/logo\/image\/","url":"https:\/\/www.kress.com\/wp-content\/uploads\/2024\/02\/logo.png","contentUrl":"https:\/\/www.kress.com\/wp-content\/uploads\/2024\/02\/logo.png","width":696,"height":696,"caption":"Kress"},"image":{"@id":"https:\/\/www.kress.com\/de-de\/#\/schema\/logo\/image\/"}}]}},"_links":{"self":[{"href":"https:\/\/www.kress.com\/fr-lu\/wp-json\/wp\/v2\/pages\/15352","targetHints":{"allow":["GET"]}}],"collection":[{"href":"https:\/\/www.kress.com\/fr-lu\/wp-json\/wp\/v2\/pages"}],"about":[{"href":"https:\/\/www.kress.com\/fr-lu\/wp-json\/wp\/v2\/types\/page"}],"author":[{"embeddable":true,"href":"https:\/\/www.kress.com\/fr-lu\/wp-json\/wp\/v2\/users\/18"}],"replies":[{"embeddable":true,"href":"https:\/\/www.kress.com\/fr-lu\/wp-json\/wp\/v2\/comments?post=15352"}],"version-history":[{"count":1,"href":"https:\/\/www.kress.com\/fr-lu\/wp-json\/wp\/v2\/pages\/15352\/revisions"}],"predecessor-version":[{"id":406194,"href":"https:\/\/www.kress.com\/fr-lu\/wp-json\/wp\/v2\/pages\/15352\/revisions\/406194"}],"wp:attachment":[{"href":"https:\/\/www.kress.com\/fr-lu\/wp-json\/wp\/v2\/media?parent=15352"}],"curies":[{"name":"wp","href":"https:\/\/api.w.org\/{rel}","templated":true}]}}