{"id":42877,"date":"2024-03-26T08:17:14","date_gmt":"2024-03-26T08:17:14","guid":{"rendered":""},"modified":"2025-10-17T10:00:22","modified_gmt":"2025-10-17T10:00:22","slug":"tronconneuse-a-poignee-superieure-60-v-de-qualite-commerciale-kc320-9","status":"publish","type":"product","link":"https:\/\/www.kress.com\/fr-fr\/tronconneuse-a-poignee-superieure-60-v-de-qualite-commerciale-kc320-9\/","title":{"rendered":"Tron\u00e7onneuse \u00e0 poign\u00e9e sup\u00e9rieure 60 V de qualit\u00e9 commerciale"},"content":{"rendered":"<p>Con\u00e7ue pour les entreprises d&rsquo;am\u00e9nagement paysager et les municipalit\u00e9s qui cherchent \u00e0 int\u00e9grer des pratiques durables dans leurs activit\u00e9s, la tron\u00e7onneuse arboricole \u00e0 poign\u00e9e sup\u00e9rieure Kress Commercial d\u00e9livre une puissance de 2,4 kW, garantissant une coupe efficace \u00e0 des vitesses allant jusqu&rsquo;\u00e0 24 m\/s. La cha\u00eene de 0,325 lp permet des coupes pr\u00e9cises avec un rebond r\u00e9duit. Int\u00e9gr\u00e9e au CyberSystem de Kress Commercial, elle offre des performances haut de gamme avec l&rsquo;avantage de co\u00fbts d&rsquo;exploitation r\u00e9duits par rapport aux syst\u00e8mes \u00e0 gaz et autres syst\u00e8mes \u00e0 batterie.<\/p>\n","protected":false},"excerpt":{"rendered":"<p>Con\u00e7ue pour les entreprises d&rsquo;am\u00e9nagement paysager et les municipalit\u00e9s qui cherchent \u00e0 int\u00e9grer des pratiques durables dans leurs activit\u00e9s, la tron\u00e7onneuse arboricole \u00e0 poign\u00e9e sup\u00e9rieure Kress Commercial d\u00e9livre une puissance de 2,4 kW, garantissant une coupe efficace \u00e0 des vitesses allant jusqu&rsquo;\u00e0 24 m\/s. La cha\u00eene de 0,325 lp permet des coupes pr\u00e9cises avec un [&hellip;]<\/p>\n","protected":false},"featured_media":410728,"template":"","meta":{"_acf_changed":false},"product_brand":[],"product_cat":[],"product_tag":[],"class_list":{"0":"post-42877","1":"product","2":"type-product","3":"status-publish","4":"has-post-thumbnail","7":"first","8":"instock","9":"shipping-taxable","10":"purchasable","11":"product-type-simple"},"acf":[],"yoast_head":"<!-- This site is optimized with the Yoast SEO Premium plugin v26.5 (Yoast SEO v27.0) - https:\/\/yoast.com\/product\/yoast-seo-premium-wordpress\/ -->\n<title>Tron\u00e7onneuse \u00e0 poign\u00e9e sup\u00e9rieure 60 V de qualit\u00e9 commerciale | Kress<\/title>\n<meta name=\"robots\" content=\"index, follow, max-snippet:-1, max-image-preview:large, max-video-preview:-1\" \/>\n<meta property=\"og:locale\" content=\"fr_FR\" \/>\n<meta property=\"og:type\" content=\"article\" \/>\n<meta property=\"og:title\" content=\"Tron\u00e7onneuse \u00e0 poign\u00e9e sup\u00e9rieure 60 V de qualit\u00e9 commerciale\" \/>\n<meta property=\"og:description\" content=\"Con\u00e7ue pour les entreprises d&rsquo;am\u00e9nagement paysager et les municipalit\u00e9s qui cherchent \u00e0 int\u00e9grer des pratiques durables dans leurs activit\u00e9s, la tron\u00e7onneuse arboricole \u00e0 poign\u00e9e sup\u00e9rieure Kress Commercial d\u00e9livre une puissance de 2,4 kW, garantissant une coupe efficace \u00e0 des vitesses allant jusqu&rsquo;\u00e0 24 m\/s. La cha\u00eene de 0,325 lp permet des coupes pr\u00e9cises avec un [&hellip;]\" \/>\n<meta property=\"og:url\" content=\"https:\/\/www.kress.com\/fr-fr\/tronconneuse-a-poignee-superieure-60-v-de-qualite-commerciale-kc320-9\/\" \/>\n<meta property=\"og:site_name\" content=\"Kress\" \/>\n<meta property=\"article:modified_time\" content=\"2025-10-17T10:00:22+00:00\" \/>\n<meta property=\"og:image\" content=\"https:\/\/www.kress.com\/wp-content\/uploads\/onpage\/op_image_4010771c3cca746d7cfe610e2fc9d85eb936161d.1980x.webp\" \/>\n\t<meta property=\"og:image:width\" content=\"1980\" \/>\n\t<meta property=\"og:image:height\" content=\"1980\" \/>\n\t<meta property=\"og:image:type\" content=\"image\/webp\" \/>\n<meta name=\"twitter:card\" content=\"summary_large_image\" \/>\n<script type=\"application\/ld+json\" class=\"yoast-schema-graph\">{\"@context\":\"https:\/\/schema.org\",\"@graph\":[{\"@type\":\"WebPage\",\"@id\":\"https:\/\/www.kress.com\/fr-fr\/tronconneuse-a-poignee-superieure-60-v-de-qualite-commerciale-kc320-9\/\",\"url\":\"https:\/\/www.kress.com\/fr-fr\/tronconneuse-a-poignee-superieure-60-v-de-qualite-commerciale-kc320-9\/\",\"name\":\"Tron\u00e7onneuse \u00e0 poign\u00e9e sup\u00e9rieure 60 V de qualit\u00e9 commerciale | Kress\",\"isPartOf\":{\"@id\":\"https:\/\/www.kress.com\/de-de\/#website\"},\"primaryImageOfPage\":{\"@id\":\"https:\/\/www.kress.com\/fr-fr\/tronconneuse-a-poignee-superieure-60-v-de-qualite-commerciale-kc320-9\/#primaryimage\"},\"image\":{\"@id\":\"https:\/\/www.kress.com\/fr-fr\/tronconneuse-a-poignee-superieure-60-v-de-qualite-commerciale-kc320-9\/#primaryimage\"},\"thumbnailUrl\":\"https:\/\/www.kress.com\/wp-content\/uploads\/onpage\/op_image_4010771c3cca746d7cfe610e2fc9d85eb936161d.1980x.webp\",\"datePublished\":\"2024-03-26T08:17:14+00:00\",\"dateModified\":\"2025-10-17T10:00:22+00:00\",\"breadcrumb\":{\"@id\":\"https:\/\/www.kress.com\/fr-fr\/tronconneuse-a-poignee-superieure-60-v-de-qualite-commerciale-kc320-9\/#breadcrumb\"},\"inLanguage\":\"fr-FR\",\"potentialAction\":[{\"@type\":\"ReadAction\",\"target\":[\"https:\/\/www.kress.com\/fr-fr\/tronconneuse-a-poignee-superieure-60-v-de-qualite-commerciale-kc320-9\/\"]}]},{\"@type\":\"ImageObject\",\"inLanguage\":\"fr-FR\",\"@id\":\"https:\/\/www.kress.com\/fr-fr\/tronconneuse-a-poignee-superieure-60-v-de-qualite-commerciale-kc320-9\/#primaryimage\",\"url\":\"https:\/\/www.kress.com\/wp-content\/uploads\/onpage\/op_image_4010771c3cca746d7cfe610e2fc9d85eb936161d.1980x.webp\",\"contentUrl\":\"https:\/\/www.kress.com\/wp-content\/uploads\/onpage\/op_image_4010771c3cca746d7cfe610e2fc9d85eb936161d.1980x.webp\",\"width\":1980,\"height\":1980},{\"@type\":\"BreadcrumbList\",\"@id\":\"https:\/\/www.kress.com\/fr-fr\/tronconneuse-a-poignee-superieure-60-v-de-qualite-commerciale-kc320-9\/#breadcrumb\",\"itemListElement\":[{\"@type\":\"ListItem\",\"position\":1,\"name\":\"Home\",\"item\":\"https:\/\/www.kress.com\/fr-fr\/\"},{\"@type\":\"ListItem\",\"position\":2,\"name\":\"Produits\",\"item\":\"https:\/\/www.kress.com\/fr-fr\/shop\/\"},{\"@type\":\"ListItem\",\"position\":3,\"name\":\"Tron\u00e7onneuse \u00e0 poign\u00e9e sup\u00e9rieure 60 V de qualit\u00e9 commerciale\"}]},{\"@type\":\"WebSite\",\"@id\":\"https:\/\/www.kress.com\/de-de\/#website\",\"url\":\"https:\/\/www.kress.com\/de-de\/\",\"name\":\"Kress\",\"description\":\"\",\"publisher\":{\"@id\":\"https:\/\/www.kress.com\/de-de\/#organization\"},\"potentialAction\":[{\"@type\":\"SearchAction\",\"target\":{\"@type\":\"EntryPoint\",\"urlTemplate\":\"https:\/\/www.kress.com\/de-de\/?s={search_term_string}\"},\"query-input\":{\"@type\":\"PropertyValueSpecification\",\"valueRequired\":true,\"valueName\":\"search_term_string\"}}],\"inLanguage\":\"fr-FR\"},{\"@type\":\"Organization\",\"@id\":\"https:\/\/www.kress.com\/de-de\/#organization\",\"name\":\"Kress\",\"url\":\"https:\/\/www.kress.com\/de-de\/\",\"logo\":{\"@type\":\"ImageObject\",\"inLanguage\":\"fr-FR\",\"@id\":\"https:\/\/www.kress.com\/de-de\/#\/schema\/logo\/image\/\",\"url\":\"https:\/\/www.kress.com\/wp-content\/uploads\/2024\/02\/logo.png\",\"contentUrl\":\"https:\/\/www.kress.com\/wp-content\/uploads\/2024\/02\/logo.png\",\"width\":696,\"height\":696,\"caption\":\"Kress\"},\"image\":{\"@id\":\"https:\/\/www.kress.com\/de-de\/#\/schema\/logo\/image\/\"}}]}<\/script>\n<!-- \/ Yoast SEO Premium plugin. -->","yoast_head_json":{"title":"Tron\u00e7onneuse \u00e0 poign\u00e9e sup\u00e9rieure 60 V de qualit\u00e9 commerciale | Kress","robots":{"index":"index","follow":"follow","max-snippet":"max-snippet:-1","max-image-preview":"max-image-preview:large","max-video-preview":"max-video-preview:-1"},"og_locale":"fr_FR","og_type":"article","og_title":"Tron\u00e7onneuse \u00e0 poign\u00e9e sup\u00e9rieure 60 V de qualit\u00e9 commerciale","og_description":"Con\u00e7ue pour les entreprises d&rsquo;am\u00e9nagement paysager et les municipalit\u00e9s qui cherchent \u00e0 int\u00e9grer des pratiques durables dans leurs activit\u00e9s, la tron\u00e7onneuse arboricole \u00e0 poign\u00e9e sup\u00e9rieure Kress Commercial d\u00e9livre une puissance de 2,4 kW, garantissant une coupe efficace \u00e0 des vitesses allant jusqu&rsquo;\u00e0 24 m\/s. La cha\u00eene de 0,325 lp permet des coupes pr\u00e9cises avec un [&hellip;]","og_url":"https:\/\/www.kress.com\/fr-fr\/tronconneuse-a-poignee-superieure-60-v-de-qualite-commerciale-kc320-9\/","og_site_name":"Kress","article_modified_time":"2025-10-17T10:00:22+00:00","og_image":[{"width":1980,"height":1980,"url":"https:\/\/www.kress.com\/wp-content\/uploads\/onpage\/op_image_4010771c3cca746d7cfe610e2fc9d85eb936161d.1980x.webp","type":"image\/webp"}],"twitter_card":"summary_large_image","schema":{"@context":"https:\/\/schema.org","@graph":[{"@type":"WebPage","@id":"https:\/\/www.kress.com\/fr-fr\/tronconneuse-a-poignee-superieure-60-v-de-qualite-commerciale-kc320-9\/","url":"https:\/\/www.kress.com\/fr-fr\/tronconneuse-a-poignee-superieure-60-v-de-qualite-commerciale-kc320-9\/","name":"Tron\u00e7onneuse \u00e0 poign\u00e9e sup\u00e9rieure 60 V de qualit\u00e9 commerciale | Kress","isPartOf":{"@id":"https:\/\/www.kress.com\/de-de\/#website"},"primaryImageOfPage":{"@id":"https:\/\/www.kress.com\/fr-fr\/tronconneuse-a-poignee-superieure-60-v-de-qualite-commerciale-kc320-9\/#primaryimage"},"image":{"@id":"https:\/\/www.kress.com\/fr-fr\/tronconneuse-a-poignee-superieure-60-v-de-qualite-commerciale-kc320-9\/#primaryimage"},"thumbnailUrl":"https:\/\/www.kress.com\/wp-content\/uploads\/onpage\/op_image_4010771c3cca746d7cfe610e2fc9d85eb936161d.1980x.webp","datePublished":"2024-03-26T08:17:14+00:00","dateModified":"2025-10-17T10:00:22+00:00","breadcrumb":{"@id":"https:\/\/www.kress.com\/fr-fr\/tronconneuse-a-poignee-superieure-60-v-de-qualite-commerciale-kc320-9\/#breadcrumb"},"inLanguage":"fr-FR","potentialAction":[{"@type":"ReadAction","target":["https:\/\/www.kress.com\/fr-fr\/tronconneuse-a-poignee-superieure-60-v-de-qualite-commerciale-kc320-9\/"]}]},{"@type":"ImageObject","inLanguage":"fr-FR","@id":"https:\/\/www.kress.com\/fr-fr\/tronconneuse-a-poignee-superieure-60-v-de-qualite-commerciale-kc320-9\/#primaryimage","url":"https:\/\/www.kress.com\/wp-content\/uploads\/onpage\/op_image_4010771c3cca746d7cfe610e2fc9d85eb936161d.1980x.webp","contentUrl":"https:\/\/www.kress.com\/wp-content\/uploads\/onpage\/op_image_4010771c3cca746d7cfe610e2fc9d85eb936161d.1980x.webp","width":1980,"height":1980},{"@type":"BreadcrumbList","@id":"https:\/\/www.kress.com\/fr-fr\/tronconneuse-a-poignee-superieure-60-v-de-qualite-commerciale-kc320-9\/#breadcrumb","itemListElement":[{"@type":"ListItem","position":1,"name":"Home","item":"https:\/\/www.kress.com\/fr-fr\/"},{"@type":"ListItem","position":2,"name":"Produits","item":"https:\/\/www.kress.com\/fr-fr\/shop\/"},{"@type":"ListItem","position":3,"name":"Tron\u00e7onneuse \u00e0 poign\u00e9e sup\u00e9rieure 60 V de qualit\u00e9 commerciale"}]},{"@type":"WebSite","@id":"https:\/\/www.kress.com\/de-de\/#website","url":"https:\/\/www.kress.com\/de-de\/","name":"Kress","description":"","publisher":{"@id":"https:\/\/www.kress.com\/de-de\/#organization"},"potentialAction":[{"@type":"SearchAction","target":{"@type":"EntryPoint","urlTemplate":"https:\/\/www.kress.com\/de-de\/?s={search_term_string}"},"query-input":{"@type":"PropertyValueSpecification","valueRequired":true,"valueName":"search_term_string"}}],"inLanguage":"fr-FR"},{"@type":"Organization","@id":"https:\/\/www.kress.com\/de-de\/#organization","name":"Kress","url":"https:\/\/www.kress.com\/de-de\/","logo":{"@type":"ImageObject","inLanguage":"fr-FR","@id":"https:\/\/www.kress.com\/de-de\/#\/schema\/logo\/image\/","url":"https:\/\/www.kress.com\/wp-content\/uploads\/2024\/02\/logo.png","contentUrl":"https:\/\/www.kress.com\/wp-content\/uploads\/2024\/02\/logo.png","width":696,"height":696,"caption":"Kress"},"image":{"@id":"https:\/\/www.kress.com\/de-de\/#\/schema\/logo\/image\/"}}]}},"_links":{"self":[{"href":"https:\/\/www.kress.com\/fr-fr\/wp-json\/wp\/v2\/product\/42877","targetHints":{"allow":["GET"]}}],"collection":[{"href":"https:\/\/www.kress.com\/fr-fr\/wp-json\/wp\/v2\/product"}],"about":[{"href":"https:\/\/www.kress.com\/fr-fr\/wp-json\/wp\/v2\/types\/product"}],"wp:featuredmedia":[{"embeddable":true,"href":"https:\/\/www.kress.com\/fr-fr\/wp-json\/wp\/v2\/media\/410728"}],"wp:attachment":[{"href":"https:\/\/www.kress.com\/fr-fr\/wp-json\/wp\/v2\/media?parent=42877"}],"wp:term":[{"taxonomy":"product_brand","embeddable":true,"href":"https:\/\/www.kress.com\/fr-fr\/wp-json\/wp\/v2\/product_brand?post=42877"},{"taxonomy":"product_cat","embeddable":true,"href":"https:\/\/www.kress.com\/fr-fr\/wp-json\/wp\/v2\/product_cat?post=42877"},{"taxonomy":"product_tag","embeddable":true,"href":"https:\/\/www.kress.com\/fr-fr\/wp-json\/wp\/v2\/product_tag?post=42877"}],"curies":[{"name":"wp","href":"https:\/\/api.w.org\/{rel}","templated":true}]}}