{"id":34477,"date":"2024-03-26T08:16:34","date_gmt":"2024-03-26T08:16:34","guid":{"rendered":""},"modified":"2025-10-17T10:00:22","modified_gmt":"2025-10-17T10:00:22","slug":"debroussailleuse-60-v-de-qualite-professionnelle-kc170-9","status":"publish","type":"product","link":"https:\/\/www.kress.com\/fr-fr\/debroussailleuse-60-v-de-qualite-professionnelle-kc170-9\/","title":{"rendered":"D\u00e9broussailleuse 60 V de qualit\u00e9 commerciale"},"content":{"rendered":"<p>Con\u00e7ue pour les entreprises d&rsquo;am\u00e9nagement paysager et les municipalit\u00e9s qui cherchent \u00e0 int\u00e9grer des pratiques durables dans leurs activit\u00e9s, la d\u00e9broussailleuse Kress KC170 se distingue par son \u00e9quilibre et sa maniabilit\u00e9 pour les travaux d&rsquo;am\u00e9nagement paysager de pr\u00e9cision. Avec une puissance de 1,5 kW rivalisant avec celle d&rsquo;un moteur \u00e0 essence de 45 cm3, la d\u00e9broussailleuse Kress garantit une manipulation ais\u00e9e et une r\u00e9duction de la fatigue. Faisant partie du CyberSyst\u00e8me commercial Kress, elle offre des performances haut de gamme avec l&rsquo;avantage de co\u00fbts d&rsquo;exploitation inf\u00e9rieurs \u00e0 ceux du gaz et d&rsquo;autres syst\u00e8mes de batterie.<\/p>\n","protected":false},"excerpt":{"rendered":"<p>Con\u00e7ue pour les entreprises d&rsquo;am\u00e9nagement paysager et les municipalit\u00e9s qui cherchent \u00e0 int\u00e9grer des pratiques durables dans leurs activit\u00e9s, la d\u00e9broussailleuse Kress KC170 se distingue par son \u00e9quilibre et sa maniabilit\u00e9 pour les travaux d&rsquo;am\u00e9nagement paysager de pr\u00e9cision. Avec une puissance de 1,5 kW rivalisant avec celle d&rsquo;un moteur \u00e0 essence de 45 cm3, la [&hellip;]<\/p>\n","protected":false},"featured_media":408760,"template":"","meta":{"_acf_changed":false},"product_brand":[],"product_cat":[],"product_tag":[],"class_list":{"0":"post-34477","1":"product","2":"type-product","3":"status-publish","4":"has-post-thumbnail","7":"first","8":"instock","9":"shipping-taxable","10":"purchasable","11":"product-type-simple"},"acf":[],"yoast_head":"<!-- This site is optimized with the Yoast SEO Premium plugin v26.5 (Yoast SEO v27.0) - https:\/\/yoast.com\/product\/yoast-seo-premium-wordpress\/ -->\n<title>D\u00e9broussailleuse 60 V de qualit\u00e9 commerciale | Kress<\/title>\n<meta name=\"robots\" content=\"index, follow, max-snippet:-1, max-image-preview:large, max-video-preview:-1\" \/>\n<meta property=\"og:locale\" content=\"fr_FR\" \/>\n<meta property=\"og:type\" content=\"article\" \/>\n<meta property=\"og:title\" content=\"D\u00e9broussailleuse 60 V de qualit\u00e9 commerciale\" \/>\n<meta property=\"og:description\" content=\"Con\u00e7ue pour les entreprises d&rsquo;am\u00e9nagement paysager et les municipalit\u00e9s qui cherchent \u00e0 int\u00e9grer des pratiques durables dans leurs activit\u00e9s, la d\u00e9broussailleuse Kress KC170 se distingue par son \u00e9quilibre et sa maniabilit\u00e9 pour les travaux d&rsquo;am\u00e9nagement paysager de pr\u00e9cision. Avec une puissance de 1,5 kW rivalisant avec celle d&rsquo;un moteur \u00e0 essence de 45 cm3, la [&hellip;]\" \/>\n<meta property=\"og:url\" content=\"https:\/\/www.kress.com\/fr-fr\/debroussailleuse-60-v-de-qualite-professionnelle-kc170-9\/\" \/>\n<meta property=\"og:site_name\" content=\"Kress\" \/>\n<meta property=\"article:modified_time\" content=\"2025-10-17T10:00:22+00:00\" \/>\n<meta property=\"og:image\" content=\"https:\/\/www.kress.com\/wp-content\/uploads\/2024\/02\/logo_long.png\" \/>\n\t<meta property=\"og:image:width\" content=\"1200\" \/>\n\t<meta property=\"og:image:height\" content=\"675\" \/>\n\t<meta property=\"og:image:type\" content=\"image\/png\" \/>\n<meta name=\"twitter:card\" content=\"summary_large_image\" \/>\n<meta name=\"twitter:label1\" content=\"Dur\u00e9e de lecture estim\u00e9e\" \/>\n\t<meta name=\"twitter:data1\" content=\"1 minute\" \/>\n<script type=\"application\/ld+json\" class=\"yoast-schema-graph\">{\"@context\":\"https:\/\/schema.org\",\"@graph\":[{\"@type\":\"WebPage\",\"@id\":\"https:\/\/www.kress.com\/fr-fr\/debroussailleuse-60-v-de-qualite-professionnelle-kc170-9\/\",\"url\":\"https:\/\/www.kress.com\/fr-fr\/debroussailleuse-60-v-de-qualite-professionnelle-kc170-9\/\",\"name\":\"D\u00e9broussailleuse 60 V de qualit\u00e9 commerciale | Kress\",\"isPartOf\":{\"@id\":\"https:\/\/www.kress.com\/de-de\/#website\"},\"primaryImageOfPage\":{\"@id\":\"https:\/\/www.kress.com\/fr-fr\/debroussailleuse-60-v-de-qualite-professionnelle-kc170-9\/#primaryimage\"},\"image\":{\"@id\":\"https:\/\/www.kress.com\/fr-fr\/debroussailleuse-60-v-de-qualite-professionnelle-kc170-9\/#primaryimage\"},\"thumbnailUrl\":\"https:\/\/www.kress.com\/wp-content\/uploads\/onpage\/op_image_bc7511bb3e63cf26b6172d43789956c9772b4e2c.1980x.webp\",\"datePublished\":\"2024-03-26T08:16:34+00:00\",\"dateModified\":\"2025-10-17T10:00:22+00:00\",\"breadcrumb\":{\"@id\":\"https:\/\/www.kress.com\/fr-fr\/debroussailleuse-60-v-de-qualite-professionnelle-kc170-9\/#breadcrumb\"},\"inLanguage\":\"fr-FR\",\"potentialAction\":[{\"@type\":\"ReadAction\",\"target\":[\"https:\/\/www.kress.com\/fr-fr\/debroussailleuse-60-v-de-qualite-professionnelle-kc170-9\/\"]}]},{\"@type\":\"ImageObject\",\"inLanguage\":\"fr-FR\",\"@id\":\"https:\/\/www.kress.com\/fr-fr\/debroussailleuse-60-v-de-qualite-professionnelle-kc170-9\/#primaryimage\",\"url\":\"https:\/\/www.kress.com\/wp-content\/uploads\/onpage\/op_image_bc7511bb3e63cf26b6172d43789956c9772b4e2c.1980x.webp\",\"contentUrl\":\"https:\/\/www.kress.com\/wp-content\/uploads\/onpage\/op_image_bc7511bb3e63cf26b6172d43789956c9772b4e2c.1980x.webp\",\"width\":1980,\"height\":1980},{\"@type\":\"BreadcrumbList\",\"@id\":\"https:\/\/www.kress.com\/fr-fr\/debroussailleuse-60-v-de-qualite-professionnelle-kc170-9\/#breadcrumb\",\"itemListElement\":[{\"@type\":\"ListItem\",\"position\":1,\"name\":\"Home\",\"item\":\"https:\/\/www.kress.com\/fr-fr\/\"},{\"@type\":\"ListItem\",\"position\":2,\"name\":\"Produits\",\"item\":\"https:\/\/www.kress.com\/fr-fr\/shop\/\"},{\"@type\":\"ListItem\",\"position\":3,\"name\":\"D\u00e9broussailleuse 60 V de qualit\u00e9 professionnelle\"}]},{\"@type\":\"WebSite\",\"@id\":\"https:\/\/www.kress.com\/de-de\/#website\",\"url\":\"https:\/\/www.kress.com\/de-de\/\",\"name\":\"Kress\",\"description\":\"\",\"publisher\":{\"@id\":\"https:\/\/www.kress.com\/de-de\/#organization\"},\"potentialAction\":[{\"@type\":\"SearchAction\",\"target\":{\"@type\":\"EntryPoint\",\"urlTemplate\":\"https:\/\/www.kress.com\/de-de\/?s={search_term_string}\"},\"query-input\":{\"@type\":\"PropertyValueSpecification\",\"valueRequired\":true,\"valueName\":\"search_term_string\"}}],\"inLanguage\":\"fr-FR\"},{\"@type\":\"Organization\",\"@id\":\"https:\/\/www.kress.com\/de-de\/#organization\",\"name\":\"Kress\",\"url\":\"https:\/\/www.kress.com\/de-de\/\",\"logo\":{\"@type\":\"ImageObject\",\"inLanguage\":\"fr-FR\",\"@id\":\"https:\/\/www.kress.com\/de-de\/#\/schema\/logo\/image\/\",\"url\":\"https:\/\/www.kress.com\/wp-content\/uploads\/2024\/02\/logo.png\",\"contentUrl\":\"https:\/\/www.kress.com\/wp-content\/uploads\/2024\/02\/logo.png\",\"width\":696,\"height\":696,\"caption\":\"Kress\"},\"image\":{\"@id\":\"https:\/\/www.kress.com\/de-de\/#\/schema\/logo\/image\/\"}}]}<\/script>\n<!-- \/ Yoast SEO Premium plugin. -->","yoast_head_json":{"title":"D\u00e9broussailleuse 60 V de qualit\u00e9 commerciale | Kress","robots":{"index":"index","follow":"follow","max-snippet":"max-snippet:-1","max-image-preview":"max-image-preview:large","max-video-preview":"max-video-preview:-1"},"og_locale":"fr_FR","og_type":"article","og_title":"D\u00e9broussailleuse 60 V de qualit\u00e9 commerciale","og_description":"Con\u00e7ue pour les entreprises d&rsquo;am\u00e9nagement paysager et les municipalit\u00e9s qui cherchent \u00e0 int\u00e9grer des pratiques durables dans leurs activit\u00e9s, la d\u00e9broussailleuse Kress KC170 se distingue par son \u00e9quilibre et sa maniabilit\u00e9 pour les travaux d&rsquo;am\u00e9nagement paysager de pr\u00e9cision. Avec une puissance de 1,5 kW rivalisant avec celle d&rsquo;un moteur \u00e0 essence de 45 cm3, la [&hellip;]","og_url":"https:\/\/www.kress.com\/fr-fr\/debroussailleuse-60-v-de-qualite-professionnelle-kc170-9\/","og_site_name":"Kress","article_modified_time":"2025-10-17T10:00:22+00:00","og_image":[{"width":1200,"height":675,"url":"https:\/\/www.kress.com\/wp-content\/uploads\/2024\/02\/logo_long.png","type":"image\/png"}],"twitter_card":"summary_large_image","twitter_misc":{"Dur\u00e9e de lecture estim\u00e9e":"1 minute"},"schema":{"@context":"https:\/\/schema.org","@graph":[{"@type":"WebPage","@id":"https:\/\/www.kress.com\/fr-fr\/debroussailleuse-60-v-de-qualite-professionnelle-kc170-9\/","url":"https:\/\/www.kress.com\/fr-fr\/debroussailleuse-60-v-de-qualite-professionnelle-kc170-9\/","name":"D\u00e9broussailleuse 60 V de qualit\u00e9 commerciale | Kress","isPartOf":{"@id":"https:\/\/www.kress.com\/de-de\/#website"},"primaryImageOfPage":{"@id":"https:\/\/www.kress.com\/fr-fr\/debroussailleuse-60-v-de-qualite-professionnelle-kc170-9\/#primaryimage"},"image":{"@id":"https:\/\/www.kress.com\/fr-fr\/debroussailleuse-60-v-de-qualite-professionnelle-kc170-9\/#primaryimage"},"thumbnailUrl":"https:\/\/www.kress.com\/wp-content\/uploads\/onpage\/op_image_bc7511bb3e63cf26b6172d43789956c9772b4e2c.1980x.webp","datePublished":"2024-03-26T08:16:34+00:00","dateModified":"2025-10-17T10:00:22+00:00","breadcrumb":{"@id":"https:\/\/www.kress.com\/fr-fr\/debroussailleuse-60-v-de-qualite-professionnelle-kc170-9\/#breadcrumb"},"inLanguage":"fr-FR","potentialAction":[{"@type":"ReadAction","target":["https:\/\/www.kress.com\/fr-fr\/debroussailleuse-60-v-de-qualite-professionnelle-kc170-9\/"]}]},{"@type":"ImageObject","inLanguage":"fr-FR","@id":"https:\/\/www.kress.com\/fr-fr\/debroussailleuse-60-v-de-qualite-professionnelle-kc170-9\/#primaryimage","url":"https:\/\/www.kress.com\/wp-content\/uploads\/onpage\/op_image_bc7511bb3e63cf26b6172d43789956c9772b4e2c.1980x.webp","contentUrl":"https:\/\/www.kress.com\/wp-content\/uploads\/onpage\/op_image_bc7511bb3e63cf26b6172d43789956c9772b4e2c.1980x.webp","width":1980,"height":1980},{"@type":"BreadcrumbList","@id":"https:\/\/www.kress.com\/fr-fr\/debroussailleuse-60-v-de-qualite-professionnelle-kc170-9\/#breadcrumb","itemListElement":[{"@type":"ListItem","position":1,"name":"Home","item":"https:\/\/www.kress.com\/fr-fr\/"},{"@type":"ListItem","position":2,"name":"Produits","item":"https:\/\/www.kress.com\/fr-fr\/shop\/"},{"@type":"ListItem","position":3,"name":"D\u00e9broussailleuse 60 V de qualit\u00e9 professionnelle"}]},{"@type":"WebSite","@id":"https:\/\/www.kress.com\/de-de\/#website","url":"https:\/\/www.kress.com\/de-de\/","name":"Kress","description":"","publisher":{"@id":"https:\/\/www.kress.com\/de-de\/#organization"},"potentialAction":[{"@type":"SearchAction","target":{"@type":"EntryPoint","urlTemplate":"https:\/\/www.kress.com\/de-de\/?s={search_term_string}"},"query-input":{"@type":"PropertyValueSpecification","valueRequired":true,"valueName":"search_term_string"}}],"inLanguage":"fr-FR"},{"@type":"Organization","@id":"https:\/\/www.kress.com\/de-de\/#organization","name":"Kress","url":"https:\/\/www.kress.com\/de-de\/","logo":{"@type":"ImageObject","inLanguage":"fr-FR","@id":"https:\/\/www.kress.com\/de-de\/#\/schema\/logo\/image\/","url":"https:\/\/www.kress.com\/wp-content\/uploads\/2024\/02\/logo.png","contentUrl":"https:\/\/www.kress.com\/wp-content\/uploads\/2024\/02\/logo.png","width":696,"height":696,"caption":"Kress"},"image":{"@id":"https:\/\/www.kress.com\/de-de\/#\/schema\/logo\/image\/"}}]}},"_links":{"self":[{"href":"https:\/\/www.kress.com\/fr-fr\/wp-json\/wp\/v2\/product\/34477","targetHints":{"allow":["GET"]}}],"collection":[{"href":"https:\/\/www.kress.com\/fr-fr\/wp-json\/wp\/v2\/product"}],"about":[{"href":"https:\/\/www.kress.com\/fr-fr\/wp-json\/wp\/v2\/types\/product"}],"wp:featuredmedia":[{"embeddable":true,"href":"https:\/\/www.kress.com\/fr-fr\/wp-json\/wp\/v2\/media\/408760"}],"wp:attachment":[{"href":"https:\/\/www.kress.com\/fr-fr\/wp-json\/wp\/v2\/media?parent=34477"}],"wp:term":[{"taxonomy":"product_brand","embeddable":true,"href":"https:\/\/www.kress.com\/fr-fr\/wp-json\/wp\/v2\/product_brand?post=34477"},{"taxonomy":"product_cat","embeddable":true,"href":"https:\/\/www.kress.com\/fr-fr\/wp-json\/wp\/v2\/product_cat?post=34477"},{"taxonomy":"product_tag","embeddable":true,"href":"https:\/\/www.kress.com\/fr-fr\/wp-json\/wp\/v2\/product_tag?post=34477"}],"curies":[{"name":"wp","href":"https:\/\/api.w.org\/{rel}","templated":true}]}}