{"id":34309,"date":"2024-03-26T08:16:32","date_gmt":"2024-03-26T07:16:32","guid":{"rendered":""},"modified":"2025-10-17T10:00:22","modified_gmt":"2025-10-17T10:00:22","slug":"batterie-cyberpack-60-v-de-qualite-commerciale-kac810","status":"publish","type":"product","link":"https:\/\/www.kress.com\/fr-fr\/batterie-cyberpack-60-v-de-qualite-commerciale-kac810\/","title":{"rendered":"Batterie CyberPack 60 V de qualit\u00e9 commerciale"},"content":{"rendered":"<p>Version adulte du CyberPack 240 Wh 8 minutes, cette batterie de grande capacit\u00e9 est la source d&rsquo;\u00e9nergie id\u00e9ale pour les applications commerciales o\u00f9 une autonomie prolong\u00e9e est indispensable. Comme sa petite s\u0153ur, la batterie offre une puissance in\u00e9gal\u00e9e, une long\u00e9vit\u00e9 extr\u00eame et un temps de charge sans pr\u00e9c\u00e9dent de 8 <sup>minutes1<\/sup>. Id\u00e9ale pour une utilisation sur la tondeuse ou comme batterie de sac \u00e0 dos en combinaison avec son harnais ergonomique ultra-confortable.<\/p>\n<p><sup>1<\/sup> lorsqu&rsquo;elle est charg\u00e9e avec le chargeur de batterie CyberTank en mode boost.<\/p>\n","protected":false},"excerpt":{"rendered":"<p>Version adulte du CyberPack 240 Wh 8 minutes, cette batterie de grande capacit\u00e9 est la source d&rsquo;\u00e9nergie id\u00e9ale pour les applications commerciales o\u00f9 une autonomie prolong\u00e9e est indispensable. Comme sa petite s\u0153ur, la batterie offre une puissance in\u00e9gal\u00e9e, une long\u00e9vit\u00e9 extr\u00eame et un temps de charge sans pr\u00e9c\u00e9dent de 8 minutes1. Id\u00e9ale pour une utilisation [&hellip;]<\/p>\n","protected":false},"featured_media":434576,"template":"","meta":{"_acf_changed":false},"product_brand":[],"product_cat":[],"product_tag":[],"class_list":{"0":"post-34309","1":"product","2":"type-product","3":"status-publish","4":"has-post-thumbnail","7":"first","8":"instock","9":"shipping-taxable","10":"purchasable","11":"product-type-simple"},"acf":[],"yoast_head":"<!-- This site is optimized with the Yoast SEO Premium plugin v26.5 (Yoast SEO v27.0) - https:\/\/yoast.com\/product\/yoast-seo-premium-wordpress\/ -->\n<title>Batterie CyberPack 60 V de qualit\u00e9 commerciale | Kress<\/title>\n<meta name=\"robots\" content=\"index, follow, max-snippet:-1, max-image-preview:large, max-video-preview:-1\" \/>\n<meta property=\"og:locale\" content=\"fr_FR\" \/>\n<meta property=\"og:type\" content=\"article\" \/>\n<meta property=\"og:title\" content=\"Batterie CyberPack 60 V de qualit\u00e9 commerciale\" \/>\n<meta property=\"og:description\" content=\"Version adulte du CyberPack 240 Wh 8 minutes, cette batterie de grande capacit\u00e9 est la source d&rsquo;\u00e9nergie id\u00e9ale pour les applications commerciales o\u00f9 une autonomie prolong\u00e9e est indispensable. Comme sa petite s\u0153ur, la batterie offre une puissance in\u00e9gal\u00e9e, une long\u00e9vit\u00e9 extr\u00eame et un temps de charge sans pr\u00e9c\u00e9dent de 8 minutes1. Id\u00e9ale pour une utilisation [&hellip;]\" \/>\n<meta property=\"og:url\" content=\"https:\/\/www.kress.com\/fr-fr\/batterie-cyberpack-60-v-de-qualite-commerciale-kac810\/\" \/>\n<meta property=\"og:site_name\" content=\"Kress\" \/>\n<meta property=\"article:modified_time\" content=\"2025-10-17T10:00:22+00:00\" \/>\n<meta property=\"og:image\" content=\"https:\/\/www.kress.com\/wp-content\/uploads\/2024\/02\/logo_long.png\" \/>\n\t<meta property=\"og:image:width\" content=\"1200\" \/>\n\t<meta property=\"og:image:height\" content=\"675\" \/>\n\t<meta property=\"og:image:type\" content=\"image\/png\" \/>\n<meta name=\"twitter:card\" content=\"summary_large_image\" \/>\n<script type=\"application\/ld+json\" class=\"yoast-schema-graph\">{\"@context\":\"https:\/\/schema.org\",\"@graph\":[{\"@type\":\"WebPage\",\"@id\":\"https:\/\/www.kress.com\/fr-fr\/batterie-cyberpack-60-v-de-qualite-commerciale-kac810\/\",\"url\":\"https:\/\/www.kress.com\/fr-fr\/batterie-cyberpack-60-v-de-qualite-commerciale-kac810\/\",\"name\":\"Batterie CyberPack 60 V de qualit\u00e9 commerciale | Kress\",\"isPartOf\":{\"@id\":\"https:\/\/www.kress.com\/de-de\/#website\"},\"primaryImageOfPage\":{\"@id\":\"https:\/\/www.kress.com\/fr-fr\/batterie-cyberpack-60-v-de-qualite-commerciale-kac810\/#primaryimage\"},\"image\":{\"@id\":\"https:\/\/www.kress.com\/fr-fr\/batterie-cyberpack-60-v-de-qualite-commerciale-kac810\/#primaryimage\"},\"thumbnailUrl\":\"https:\/\/www.kress.com\/wp-content\/uploads\/onpage\/op_image_636e141a7b34e64edcce0a309b020c6675421681.1980x.webp\",\"datePublished\":\"2024-03-26T07:16:32+00:00\",\"dateModified\":\"2025-10-17T10:00:22+00:00\",\"breadcrumb\":{\"@id\":\"https:\/\/www.kress.com\/fr-fr\/batterie-cyberpack-60-v-de-qualite-commerciale-kac810\/#breadcrumb\"},\"inLanguage\":\"fr-FR\",\"potentialAction\":[{\"@type\":\"ReadAction\",\"target\":[\"https:\/\/www.kress.com\/fr-fr\/batterie-cyberpack-60-v-de-qualite-commerciale-kac810\/\"]}]},{\"@type\":\"ImageObject\",\"inLanguage\":\"fr-FR\",\"@id\":\"https:\/\/www.kress.com\/fr-fr\/batterie-cyberpack-60-v-de-qualite-commerciale-kac810\/#primaryimage\",\"url\":\"https:\/\/www.kress.com\/wp-content\/uploads\/onpage\/op_image_636e141a7b34e64edcce0a309b020c6675421681.1980x.webp\",\"contentUrl\":\"https:\/\/www.kress.com\/wp-content\/uploads\/onpage\/op_image_636e141a7b34e64edcce0a309b020c6675421681.1980x.webp\",\"width\":1980,\"height\":1980},{\"@type\":\"BreadcrumbList\",\"@id\":\"https:\/\/www.kress.com\/fr-fr\/batterie-cyberpack-60-v-de-qualite-commerciale-kac810\/#breadcrumb\",\"itemListElement\":[{\"@type\":\"ListItem\",\"position\":1,\"name\":\"Home\",\"item\":\"https:\/\/www.kress.com\/fr-fr\/\"},{\"@type\":\"ListItem\",\"position\":2,\"name\":\"Produits\",\"item\":\"https:\/\/www.kress.com\/fr-fr\/shop\/\"},{\"@type\":\"ListItem\",\"position\":3,\"name\":\"Batterie CyberPack 60 V de qualit\u00e9 commerciale\"}]},{\"@type\":\"WebSite\",\"@id\":\"https:\/\/www.kress.com\/de-de\/#website\",\"url\":\"https:\/\/www.kress.com\/de-de\/\",\"name\":\"Kress\",\"description\":\"\",\"publisher\":{\"@id\":\"https:\/\/www.kress.com\/de-de\/#organization\"},\"potentialAction\":[{\"@type\":\"SearchAction\",\"target\":{\"@type\":\"EntryPoint\",\"urlTemplate\":\"https:\/\/www.kress.com\/de-de\/?s={search_term_string}\"},\"query-input\":{\"@type\":\"PropertyValueSpecification\",\"valueRequired\":true,\"valueName\":\"search_term_string\"}}],\"inLanguage\":\"fr-FR\"},{\"@type\":\"Organization\",\"@id\":\"https:\/\/www.kress.com\/de-de\/#organization\",\"name\":\"Kress\",\"url\":\"https:\/\/www.kress.com\/de-de\/\",\"logo\":{\"@type\":\"ImageObject\",\"inLanguage\":\"fr-FR\",\"@id\":\"https:\/\/www.kress.com\/de-de\/#\/schema\/logo\/image\/\",\"url\":\"https:\/\/www.kress.com\/wp-content\/uploads\/2024\/02\/logo.png\",\"contentUrl\":\"https:\/\/www.kress.com\/wp-content\/uploads\/2024\/02\/logo.png\",\"width\":696,\"height\":696,\"caption\":\"Kress\"},\"image\":{\"@id\":\"https:\/\/www.kress.com\/de-de\/#\/schema\/logo\/image\/\"}}]}<\/script>\n<!-- \/ Yoast SEO Premium plugin. -->","yoast_head_json":{"title":"Batterie CyberPack 60 V de qualit\u00e9 commerciale | Kress","robots":{"index":"index","follow":"follow","max-snippet":"max-snippet:-1","max-image-preview":"max-image-preview:large","max-video-preview":"max-video-preview:-1"},"og_locale":"fr_FR","og_type":"article","og_title":"Batterie CyberPack 60 V de qualit\u00e9 commerciale","og_description":"Version adulte du CyberPack 240 Wh 8 minutes, cette batterie de grande capacit\u00e9 est la source d&rsquo;\u00e9nergie id\u00e9ale pour les applications commerciales o\u00f9 une autonomie prolong\u00e9e est indispensable. Comme sa petite s\u0153ur, la batterie offre une puissance in\u00e9gal\u00e9e, une long\u00e9vit\u00e9 extr\u00eame et un temps de charge sans pr\u00e9c\u00e9dent de 8 minutes1. Id\u00e9ale pour une utilisation [&hellip;]","og_url":"https:\/\/www.kress.com\/fr-fr\/batterie-cyberpack-60-v-de-qualite-commerciale-kac810\/","og_site_name":"Kress","article_modified_time":"2025-10-17T10:00:22+00:00","og_image":[{"width":1200,"height":675,"url":"https:\/\/www.kress.com\/wp-content\/uploads\/2024\/02\/logo_long.png","type":"image\/png"}],"twitter_card":"summary_large_image","schema":{"@context":"https:\/\/schema.org","@graph":[{"@type":"WebPage","@id":"https:\/\/www.kress.com\/fr-fr\/batterie-cyberpack-60-v-de-qualite-commerciale-kac810\/","url":"https:\/\/www.kress.com\/fr-fr\/batterie-cyberpack-60-v-de-qualite-commerciale-kac810\/","name":"Batterie CyberPack 60 V de qualit\u00e9 commerciale | Kress","isPartOf":{"@id":"https:\/\/www.kress.com\/de-de\/#website"},"primaryImageOfPage":{"@id":"https:\/\/www.kress.com\/fr-fr\/batterie-cyberpack-60-v-de-qualite-commerciale-kac810\/#primaryimage"},"image":{"@id":"https:\/\/www.kress.com\/fr-fr\/batterie-cyberpack-60-v-de-qualite-commerciale-kac810\/#primaryimage"},"thumbnailUrl":"https:\/\/www.kress.com\/wp-content\/uploads\/onpage\/op_image_636e141a7b34e64edcce0a309b020c6675421681.1980x.webp","datePublished":"2024-03-26T07:16:32+00:00","dateModified":"2025-10-17T10:00:22+00:00","breadcrumb":{"@id":"https:\/\/www.kress.com\/fr-fr\/batterie-cyberpack-60-v-de-qualite-commerciale-kac810\/#breadcrumb"},"inLanguage":"fr-FR","potentialAction":[{"@type":"ReadAction","target":["https:\/\/www.kress.com\/fr-fr\/batterie-cyberpack-60-v-de-qualite-commerciale-kac810\/"]}]},{"@type":"ImageObject","inLanguage":"fr-FR","@id":"https:\/\/www.kress.com\/fr-fr\/batterie-cyberpack-60-v-de-qualite-commerciale-kac810\/#primaryimage","url":"https:\/\/www.kress.com\/wp-content\/uploads\/onpage\/op_image_636e141a7b34e64edcce0a309b020c6675421681.1980x.webp","contentUrl":"https:\/\/www.kress.com\/wp-content\/uploads\/onpage\/op_image_636e141a7b34e64edcce0a309b020c6675421681.1980x.webp","width":1980,"height":1980},{"@type":"BreadcrumbList","@id":"https:\/\/www.kress.com\/fr-fr\/batterie-cyberpack-60-v-de-qualite-commerciale-kac810\/#breadcrumb","itemListElement":[{"@type":"ListItem","position":1,"name":"Home","item":"https:\/\/www.kress.com\/fr-fr\/"},{"@type":"ListItem","position":2,"name":"Produits","item":"https:\/\/www.kress.com\/fr-fr\/shop\/"},{"@type":"ListItem","position":3,"name":"Batterie CyberPack 60 V de qualit\u00e9 commerciale"}]},{"@type":"WebSite","@id":"https:\/\/www.kress.com\/de-de\/#website","url":"https:\/\/www.kress.com\/de-de\/","name":"Kress","description":"","publisher":{"@id":"https:\/\/www.kress.com\/de-de\/#organization"},"potentialAction":[{"@type":"SearchAction","target":{"@type":"EntryPoint","urlTemplate":"https:\/\/www.kress.com\/de-de\/?s={search_term_string}"},"query-input":{"@type":"PropertyValueSpecification","valueRequired":true,"valueName":"search_term_string"}}],"inLanguage":"fr-FR"},{"@type":"Organization","@id":"https:\/\/www.kress.com\/de-de\/#organization","name":"Kress","url":"https:\/\/www.kress.com\/de-de\/","logo":{"@type":"ImageObject","inLanguage":"fr-FR","@id":"https:\/\/www.kress.com\/de-de\/#\/schema\/logo\/image\/","url":"https:\/\/www.kress.com\/wp-content\/uploads\/2024\/02\/logo.png","contentUrl":"https:\/\/www.kress.com\/wp-content\/uploads\/2024\/02\/logo.png","width":696,"height":696,"caption":"Kress"},"image":{"@id":"https:\/\/www.kress.com\/de-de\/#\/schema\/logo\/image\/"}}]}},"_links":{"self":[{"href":"https:\/\/www.kress.com\/fr-fr\/wp-json\/wp\/v2\/product\/34309","targetHints":{"allow":["GET"]}}],"collection":[{"href":"https:\/\/www.kress.com\/fr-fr\/wp-json\/wp\/v2\/product"}],"about":[{"href":"https:\/\/www.kress.com\/fr-fr\/wp-json\/wp\/v2\/types\/product"}],"wp:featuredmedia":[{"embeddable":true,"href":"https:\/\/www.kress.com\/fr-fr\/wp-json\/wp\/v2\/media\/434576"}],"wp:attachment":[{"href":"https:\/\/www.kress.com\/fr-fr\/wp-json\/wp\/v2\/media?parent=34309"}],"wp:term":[{"taxonomy":"product_brand","embeddable":true,"href":"https:\/\/www.kress.com\/fr-fr\/wp-json\/wp\/v2\/product_brand?post=34309"},{"taxonomy":"product_cat","embeddable":true,"href":"https:\/\/www.kress.com\/fr-fr\/wp-json\/wp\/v2\/product_cat?post=34309"},{"taxonomy":"product_tag","embeddable":true,"href":"https:\/\/www.kress.com\/fr-fr\/wp-json\/wp\/v2\/product_tag?post=34309"}],"curies":[{"name":"wp","href":"https:\/\/api.w.org\/{rel}","templated":true}]}}