{"id":33105,"date":"2024-03-26T08:16:27","date_gmt":"2024-03-26T07:16:27","guid":{"rendered":""},"modified":"2025-10-17T10:00:22","modified_gmt":"2025-10-17T10:00:22","slug":"la-tondeuse-robot-compacte-kress-mission-nano-gere-les-pelouses-jusqua-1-000-m%c2%b2-kr101e","status":"publish","type":"product","link":"https:\/\/www.kress.com\/fr-fr\/la-tondeuse-robot-compacte-kress-mission-nano-gere-les-pelouses-jusqua-1-000-m%c2%b2-kr101e\/","title":{"rendered":"La tondeuse robot compacte Kress Mission Nano g\u00e8re les pelouses jusqu&rsquo;\u00e0 1 000 m\u00b2"},"content":{"rendered":"<p>Am\u00e9liorez l&rsquo;entretien de votre pelouse gr\u00e2ce \u00e0 une couverture efficace de la zone, \u00e0 la tonte des bordures, \u00e0 la navigation dans les chemins \u00e9troits et \u00e0 une programmation automatique adapt\u00e9e \u00e0 votre pelouse.<\/p>\n","protected":false},"excerpt":{"rendered":"<p>Am\u00e9liorez l&rsquo;entretien de votre pelouse gr\u00e2ce \u00e0 une couverture efficace de la zone, \u00e0 la tonte des bordures, \u00e0 la navigation dans les chemins \u00e9troits et \u00e0 une programmation automatique adapt\u00e9e \u00e0 votre pelouse.<\/p>\n","protected":false},"featured_media":407800,"template":"","meta":{"_acf_changed":false},"product_brand":[],"product_cat":[],"product_tag":[],"class_list":{"0":"post-33105","1":"product","2":"type-product","3":"status-publish","4":"has-post-thumbnail","7":"first","8":"instock","9":"shipping-taxable","10":"purchasable","11":"product-type-simple"},"acf":[],"yoast_head":"<!-- This site is optimized with the Yoast SEO Premium plugin v26.5 (Yoast SEO v27.0) - https:\/\/yoast.com\/product\/yoast-seo-premium-wordpress\/ -->\n<title>La tondeuse robot compacte Kress Mission Nano g\u00e8re les pelouses jusqu&#039;\u00e0 1 000 m\u00b2 | Kress<\/title>\n<meta name=\"robots\" content=\"index, follow, max-snippet:-1, max-image-preview:large, max-video-preview:-1\" \/>\n<meta property=\"og:locale\" content=\"fr_FR\" \/>\n<meta property=\"og:type\" content=\"article\" \/>\n<meta property=\"og:title\" content=\"La tondeuse robot compacte Kress Mission Nano g\u00e8re les pelouses jusqu&#039;\u00e0 1 000 m\u00b2\" \/>\n<meta property=\"og:description\" content=\"Am\u00e9liorez l&rsquo;entretien de votre pelouse gr\u00e2ce \u00e0 une couverture efficace de la zone, \u00e0 la tonte des bordures, \u00e0 la navigation dans les chemins \u00e9troits et \u00e0 une programmation automatique adapt\u00e9e \u00e0 votre pelouse.\" \/>\n<meta property=\"og:url\" content=\"https:\/\/www.kress.com\/fr-fr\/la-tondeuse-robot-compacte-kress-mission-nano-gere-les-pelouses-jusqua-1-000-m\u00b2-kr101e\/\" \/>\n<meta property=\"og:site_name\" content=\"Kress\" \/>\n<meta property=\"article:modified_time\" content=\"2025-10-17T10:00:22+00:00\" \/>\n<meta property=\"og:image\" content=\"https:\/\/www.kress.com\/wp-content\/uploads\/2024\/02\/logo_long.png\" \/>\n\t<meta property=\"og:image:width\" content=\"1200\" \/>\n\t<meta property=\"og:image:height\" content=\"675\" \/>\n\t<meta property=\"og:image:type\" content=\"image\/png\" \/>\n<meta name=\"twitter:card\" content=\"summary_large_image\" \/>\n<script type=\"application\/ld+json\" class=\"yoast-schema-graph\">{\"@context\":\"https:\/\/schema.org\",\"@graph\":[{\"@type\":\"WebPage\",\"@id\":\"https:\/\/www.kress.com\/fr-fr\/la-tondeuse-robot-compacte-kress-mission-nano-gere-les-pelouses-jusqua-1-000-m%c2%b2-kr101e\/\",\"url\":\"https:\/\/www.kress.com\/fr-fr\/la-tondeuse-robot-compacte-kress-mission-nano-gere-les-pelouses-jusqua-1-000-m%c2%b2-kr101e\/\",\"name\":\"La tondeuse robot compacte Kress Mission Nano g\u00e8re les pelouses jusqu'\u00e0 1 000 m\u00b2 | Kress\",\"isPartOf\":{\"@id\":\"https:\/\/www.kress.com\/de-de\/#website\"},\"primaryImageOfPage\":{\"@id\":\"https:\/\/www.kress.com\/fr-fr\/la-tondeuse-robot-compacte-kress-mission-nano-gere-les-pelouses-jusqua-1-000-m%c2%b2-kr101e\/#primaryimage\"},\"image\":{\"@id\":\"https:\/\/www.kress.com\/fr-fr\/la-tondeuse-robot-compacte-kress-mission-nano-gere-les-pelouses-jusqua-1-000-m%c2%b2-kr101e\/#primaryimage\"},\"thumbnailUrl\":\"https:\/\/www.kress.com\/wp-content\/uploads\/onpage\/op_image_c71c1925b13711ef28d15fa9bbcdbd53909c9150.1980x.webp\",\"datePublished\":\"2024-03-26T07:16:27+00:00\",\"dateModified\":\"2025-10-17T10:00:22+00:00\",\"breadcrumb\":{\"@id\":\"https:\/\/www.kress.com\/fr-fr\/la-tondeuse-robot-compacte-kress-mission-nano-gere-les-pelouses-jusqua-1-000-m%c2%b2-kr101e\/#breadcrumb\"},\"inLanguage\":\"fr-FR\",\"potentialAction\":[{\"@type\":\"ReadAction\",\"target\":[\"https:\/\/www.kress.com\/fr-fr\/la-tondeuse-robot-compacte-kress-mission-nano-gere-les-pelouses-jusqua-1-000-m%c2%b2-kr101e\/\"]}]},{\"@type\":\"ImageObject\",\"inLanguage\":\"fr-FR\",\"@id\":\"https:\/\/www.kress.com\/fr-fr\/la-tondeuse-robot-compacte-kress-mission-nano-gere-les-pelouses-jusqua-1-000-m%c2%b2-kr101e\/#primaryimage\",\"url\":\"https:\/\/www.kress.com\/wp-content\/uploads\/onpage\/op_image_c71c1925b13711ef28d15fa9bbcdbd53909c9150.1980x.webp\",\"contentUrl\":\"https:\/\/www.kress.com\/wp-content\/uploads\/onpage\/op_image_c71c1925b13711ef28d15fa9bbcdbd53909c9150.1980x.webp\",\"width\":1980,\"height\":1980},{\"@type\":\"BreadcrumbList\",\"@id\":\"https:\/\/www.kress.com\/fr-fr\/la-tondeuse-robot-compacte-kress-mission-nano-gere-les-pelouses-jusqua-1-000-m%c2%b2-kr101e\/#breadcrumb\",\"itemListElement\":[{\"@type\":\"ListItem\",\"position\":1,\"name\":\"Home\",\"item\":\"https:\/\/www.kress.com\/fr-fr\/\"},{\"@type\":\"ListItem\",\"position\":2,\"name\":\"Produits\",\"item\":\"https:\/\/www.kress.com\/fr-fr\/shop\/\"},{\"@type\":\"ListItem\",\"position\":3,\"name\":\"La tondeuse robot compacte Kress Mission Nano g\u00e8re les pelouses jusqu&rsquo;\u00e0 1 000 m\u00b2\"}]},{\"@type\":\"WebSite\",\"@id\":\"https:\/\/www.kress.com\/de-de\/#website\",\"url\":\"https:\/\/www.kress.com\/de-de\/\",\"name\":\"Kress\",\"description\":\"\",\"publisher\":{\"@id\":\"https:\/\/www.kress.com\/de-de\/#organization\"},\"potentialAction\":[{\"@type\":\"SearchAction\",\"target\":{\"@type\":\"EntryPoint\",\"urlTemplate\":\"https:\/\/www.kress.com\/de-de\/?s={search_term_string}\"},\"query-input\":{\"@type\":\"PropertyValueSpecification\",\"valueRequired\":true,\"valueName\":\"search_term_string\"}}],\"inLanguage\":\"fr-FR\"},{\"@type\":\"Organization\",\"@id\":\"https:\/\/www.kress.com\/de-de\/#organization\",\"name\":\"Kress\",\"url\":\"https:\/\/www.kress.com\/de-de\/\",\"logo\":{\"@type\":\"ImageObject\",\"inLanguage\":\"fr-FR\",\"@id\":\"https:\/\/www.kress.com\/de-de\/#\/schema\/logo\/image\/\",\"url\":\"https:\/\/www.kress.com\/wp-content\/uploads\/2024\/02\/logo.png\",\"contentUrl\":\"https:\/\/www.kress.com\/wp-content\/uploads\/2024\/02\/logo.png\",\"width\":696,\"height\":696,\"caption\":\"Kress\"},\"image\":{\"@id\":\"https:\/\/www.kress.com\/de-de\/#\/schema\/logo\/image\/\"}}]}<\/script>\n<!-- \/ Yoast SEO Premium plugin. -->","yoast_head_json":{"title":"La tondeuse robot compacte Kress Mission Nano g\u00e8re les pelouses jusqu'\u00e0 1 000 m\u00b2 | Kress","robots":{"index":"index","follow":"follow","max-snippet":"max-snippet:-1","max-image-preview":"max-image-preview:large","max-video-preview":"max-video-preview:-1"},"og_locale":"fr_FR","og_type":"article","og_title":"La tondeuse robot compacte Kress Mission Nano g\u00e8re les pelouses jusqu'\u00e0 1 000 m\u00b2","og_description":"Am\u00e9liorez l&rsquo;entretien de votre pelouse gr\u00e2ce \u00e0 une couverture efficace de la zone, \u00e0 la tonte des bordures, \u00e0 la navigation dans les chemins \u00e9troits et \u00e0 une programmation automatique adapt\u00e9e \u00e0 votre pelouse.","og_url":"https:\/\/www.kress.com\/fr-fr\/la-tondeuse-robot-compacte-kress-mission-nano-gere-les-pelouses-jusqua-1-000-m\u00b2-kr101e\/","og_site_name":"Kress","article_modified_time":"2025-10-17T10:00:22+00:00","og_image":[{"width":1200,"height":675,"url":"https:\/\/www.kress.com\/wp-content\/uploads\/2024\/02\/logo_long.png","type":"image\/png"}],"twitter_card":"summary_large_image","schema":{"@context":"https:\/\/schema.org","@graph":[{"@type":"WebPage","@id":"https:\/\/www.kress.com\/fr-fr\/la-tondeuse-robot-compacte-kress-mission-nano-gere-les-pelouses-jusqua-1-000-m%c2%b2-kr101e\/","url":"https:\/\/www.kress.com\/fr-fr\/la-tondeuse-robot-compacte-kress-mission-nano-gere-les-pelouses-jusqua-1-000-m%c2%b2-kr101e\/","name":"La tondeuse robot compacte Kress Mission Nano g\u00e8re les pelouses jusqu'\u00e0 1 000 m\u00b2 | Kress","isPartOf":{"@id":"https:\/\/www.kress.com\/de-de\/#website"},"primaryImageOfPage":{"@id":"https:\/\/www.kress.com\/fr-fr\/la-tondeuse-robot-compacte-kress-mission-nano-gere-les-pelouses-jusqua-1-000-m%c2%b2-kr101e\/#primaryimage"},"image":{"@id":"https:\/\/www.kress.com\/fr-fr\/la-tondeuse-robot-compacte-kress-mission-nano-gere-les-pelouses-jusqua-1-000-m%c2%b2-kr101e\/#primaryimage"},"thumbnailUrl":"https:\/\/www.kress.com\/wp-content\/uploads\/onpage\/op_image_c71c1925b13711ef28d15fa9bbcdbd53909c9150.1980x.webp","datePublished":"2024-03-26T07:16:27+00:00","dateModified":"2025-10-17T10:00:22+00:00","breadcrumb":{"@id":"https:\/\/www.kress.com\/fr-fr\/la-tondeuse-robot-compacte-kress-mission-nano-gere-les-pelouses-jusqua-1-000-m%c2%b2-kr101e\/#breadcrumb"},"inLanguage":"fr-FR","potentialAction":[{"@type":"ReadAction","target":["https:\/\/www.kress.com\/fr-fr\/la-tondeuse-robot-compacte-kress-mission-nano-gere-les-pelouses-jusqua-1-000-m%c2%b2-kr101e\/"]}]},{"@type":"ImageObject","inLanguage":"fr-FR","@id":"https:\/\/www.kress.com\/fr-fr\/la-tondeuse-robot-compacte-kress-mission-nano-gere-les-pelouses-jusqua-1-000-m%c2%b2-kr101e\/#primaryimage","url":"https:\/\/www.kress.com\/wp-content\/uploads\/onpage\/op_image_c71c1925b13711ef28d15fa9bbcdbd53909c9150.1980x.webp","contentUrl":"https:\/\/www.kress.com\/wp-content\/uploads\/onpage\/op_image_c71c1925b13711ef28d15fa9bbcdbd53909c9150.1980x.webp","width":1980,"height":1980},{"@type":"BreadcrumbList","@id":"https:\/\/www.kress.com\/fr-fr\/la-tondeuse-robot-compacte-kress-mission-nano-gere-les-pelouses-jusqua-1-000-m%c2%b2-kr101e\/#breadcrumb","itemListElement":[{"@type":"ListItem","position":1,"name":"Home","item":"https:\/\/www.kress.com\/fr-fr\/"},{"@type":"ListItem","position":2,"name":"Produits","item":"https:\/\/www.kress.com\/fr-fr\/shop\/"},{"@type":"ListItem","position":3,"name":"La tondeuse robot compacte Kress Mission Nano g\u00e8re les pelouses jusqu&rsquo;\u00e0 1 000 m\u00b2"}]},{"@type":"WebSite","@id":"https:\/\/www.kress.com\/de-de\/#website","url":"https:\/\/www.kress.com\/de-de\/","name":"Kress","description":"","publisher":{"@id":"https:\/\/www.kress.com\/de-de\/#organization"},"potentialAction":[{"@type":"SearchAction","target":{"@type":"EntryPoint","urlTemplate":"https:\/\/www.kress.com\/de-de\/?s={search_term_string}"},"query-input":{"@type":"PropertyValueSpecification","valueRequired":true,"valueName":"search_term_string"}}],"inLanguage":"fr-FR"},{"@type":"Organization","@id":"https:\/\/www.kress.com\/de-de\/#organization","name":"Kress","url":"https:\/\/www.kress.com\/de-de\/","logo":{"@type":"ImageObject","inLanguage":"fr-FR","@id":"https:\/\/www.kress.com\/de-de\/#\/schema\/logo\/image\/","url":"https:\/\/www.kress.com\/wp-content\/uploads\/2024\/02\/logo.png","contentUrl":"https:\/\/www.kress.com\/wp-content\/uploads\/2024\/02\/logo.png","width":696,"height":696,"caption":"Kress"},"image":{"@id":"https:\/\/www.kress.com\/de-de\/#\/schema\/logo\/image\/"}}]}},"_links":{"self":[{"href":"https:\/\/www.kress.com\/fr-fr\/wp-json\/wp\/v2\/product\/33105","targetHints":{"allow":["GET"]}}],"collection":[{"href":"https:\/\/www.kress.com\/fr-fr\/wp-json\/wp\/v2\/product"}],"about":[{"href":"https:\/\/www.kress.com\/fr-fr\/wp-json\/wp\/v2\/types\/product"}],"wp:featuredmedia":[{"embeddable":true,"href":"https:\/\/www.kress.com\/fr-fr\/wp-json\/wp\/v2\/media\/407800"}],"wp:attachment":[{"href":"https:\/\/www.kress.com\/fr-fr\/wp-json\/wp\/v2\/media?parent=33105"}],"wp:term":[{"taxonomy":"product_brand","embeddable":true,"href":"https:\/\/www.kress.com\/fr-fr\/wp-json\/wp\/v2\/product_brand?post=33105"},{"taxonomy":"product_cat","embeddable":true,"href":"https:\/\/www.kress.com\/fr-fr\/wp-json\/wp\/v2\/product_cat?post=33105"},{"taxonomy":"product_tag","embeddable":true,"href":"https:\/\/www.kress.com\/fr-fr\/wp-json\/wp\/v2\/product_tag?post=33105"}],"curies":[{"name":"wp","href":"https:\/\/api.w.org\/{rel}","templated":true}]}}