{"id":481968,"date":"2025-12-02T10:03:44","date_gmt":"2025-12-02T10:03:44","guid":{"rendered":""},"modified":"2025-12-02T10:00:28","modified_gmt":"2025-12-02T10:00:28","slug":"kr283e","status":"publish","type":"product","link":"https:\/\/www.kress.com\/fr-ch\/kr283e\/","title":{"rendered":"Robot tondeuse Kress EyePilot\u00ae 4\u00d74 RTK\u207f 3000 m\u00b2"},"content":{"rendered":"<p>Con\u00e7u pour les terrains exigeants, le Kress EyePilot\u00ae 4\u00d74 RTK\u207f KR283E associe le positionnement satellite RTK\u207f, la perception par vision et une v\u00e9ritable transmission int\u00e9grale pour offrir une navigation pr\u00e9cise et stable sur les terrains complexes, sans mat\u00e9riel additionnel.<\/p>\n<p>Son groupe motopropulseur \u00e0 quatre moteurs avec contr\u00f4le de couple en temps r\u00e9el maintient l\u2019adh\u00e9rence et la trajectoire sur des pentes allant jusqu\u2019\u00e0 84 % (\u224840\u00b0), tandis que les essieux ind\u00e9pendants et le ch\u00e2ssis articul\u00e9 maintiennent les quatre roues en contact permanent avec le sol et garantissent une hauteur de coupe constante sur les surfaces irr\u00e9guli\u00e8res.<\/p>\n<p>La direction par roues avant permet des man\u0153uvres fluides sans ab\u00eemer le gazon, tandis que le franchissement vertical de 6 cm permet au robot de g\u00e9rer sereinement bordures sur\u00e9lev\u00e9es et transitions de terrain.<\/p>\n<p>La correction RTK\u207f est transmise par voie a\u00e9rienne et soutenue par une architecture de positionnement redondante pour une pr\u00e9cision fiable, m\u00eame lorsque le signal satellite est d\u00e9grad\u00e9. La connectivit\u00e9 via Wi-Fi ou 4G int\u00e9gr\u00e9e garantit un fonctionnement continu, sans frais suppl\u00e9mentaires : la carte SIM et le service de donn\u00e9es sont inclus d\u00e8s le d\u00e9part.<\/p>\n","protected":false},"excerpt":{"rendered":"<p>Con\u00e7u pour les terrains exigeants, le Kress EyePilot\u00ae 4\u00d74 RTK\u207f KR283E associe le positionnement satellite RTK\u207f, la perception par vision et une v\u00e9ritable transmission int\u00e9grale pour offrir une navigation pr\u00e9cise et stable sur les terrains complexes, sans mat\u00e9riel additionnel. Son groupe motopropulseur \u00e0 quatre moteurs avec contr\u00f4le de couple en temps r\u00e9el maintient l\u2019adh\u00e9rence et [&hellip;]<\/p>\n","protected":false},"featured_media":522570,"template":"","meta":{"_acf_changed":false},"product_brand":[],"product_cat":[],"product_tag":[],"class_list":{"0":"post-481968","1":"product","2":"type-product","3":"status-publish","4":"has-post-thumbnail","7":"first","8":"instock","9":"shipping-taxable","10":"purchasable","11":"product-type-simple"},"acf":[],"yoast_head":"<!-- This site is optimized with the Yoast SEO Premium plugin v26.5 (Yoast SEO v27.0) - https:\/\/yoast.com\/product\/yoast-seo-premium-wordpress\/ -->\n<title>Robot tondeuse Kress EyePilot\u00ae 4\u00d74 RTK\u207f 3000 m\u00b2 | Kress<\/title>\n<meta name=\"robots\" content=\"index, follow, max-snippet:-1, max-image-preview:large, max-video-preview:-1\" \/>\n<meta property=\"og:locale\" content=\"fr_FR\" \/>\n<meta property=\"og:type\" content=\"article\" \/>\n<meta property=\"og:title\" content=\"Robot tondeuse Kress EyePilot\u00ae 4\u00d74 RTK\u207f 3000 m\u00b2\" \/>\n<meta property=\"og:description\" content=\"Con\u00e7u pour les terrains exigeants, le Kress EyePilot\u00ae 4\u00d74 RTK\u207f KR283E associe le positionnement satellite RTK\u207f, la perception par vision et une v\u00e9ritable transmission int\u00e9grale pour offrir une navigation pr\u00e9cise et stable sur les terrains complexes, sans mat\u00e9riel additionnel. Son groupe motopropulseur \u00e0 quatre moteurs avec contr\u00f4le de couple en temps r\u00e9el maintient l\u2019adh\u00e9rence et [&hellip;]\" \/>\n<meta property=\"og:url\" content=\"https:\/\/www.kress.com\/en-gb\/?post_type=product&amp;p=481953\" \/>\n<meta property=\"og:site_name\" content=\"Kress\" \/>\n<meta property=\"og:image\" content=\"https:\/\/www.kress.com\/wp-content\/uploads\/2024\/02\/logo_long.png\" \/>\n\t<meta property=\"og:image:width\" content=\"1200\" \/>\n\t<meta property=\"og:image:height\" content=\"675\" \/>\n\t<meta property=\"og:image:type\" content=\"image\/png\" \/>\n<meta name=\"twitter:card\" content=\"summary_large_image\" \/>\n<meta name=\"twitter:label1\" content=\"Est. reading time\" \/>\n\t<meta name=\"twitter:data1\" content=\"1 minute\" \/>\n<script type=\"application\/ld+json\" class=\"yoast-schema-graph\">{\"@context\":\"https:\/\/schema.org\",\"@graph\":[{\"@type\":\"WebPage\",\"@id\":\"https:\/\/www.kress.com\/en-gb\/?post_type=product&p=481953\",\"url\":\"https:\/\/www.kress.com\/en-gb\/?post_type=product&p=481953\",\"name\":\"Robot tondeuse Kress EyePilot\u00ae 4\u00d74 RTK\u207f 3000 m\u00b2 | Kress\",\"isPartOf\":{\"@id\":\"https:\/\/www.kress.com\/de-de\/#website\"},\"primaryImageOfPage\":{\"@id\":\"https:\/\/www.kress.com\/en-gb\/?post_type=product&p=481953#primaryimage\"},\"image\":{\"@id\":\"https:\/\/www.kress.com\/en-gb\/?post_type=product&p=481953#primaryimage\"},\"thumbnailUrl\":\"https:\/\/www.kress.com\/wp-content\/uploads\/onpage\/op_image_8b395b2651412d1cfe66cc6d6ec6e537e3ec5938.1980x.webp\",\"datePublished\":\"2025-12-02T10:03:44+00:00\",\"breadcrumb\":{\"@id\":\"https:\/\/www.kress.com\/en-gb\/?post_type=product&p=481953#breadcrumb\"},\"inLanguage\":\"fr-CH\",\"potentialAction\":[{\"@type\":\"ReadAction\",\"target\":[\"https:\/\/www.kress.com\/en-gb\/?post_type=product&p=481953\"]}]},{\"@type\":\"ImageObject\",\"inLanguage\":\"fr-CH\",\"@id\":\"https:\/\/www.kress.com\/en-gb\/?post_type=product&p=481953#primaryimage\",\"url\":\"https:\/\/www.kress.com\/wp-content\/uploads\/onpage\/op_image_8b395b2651412d1cfe66cc6d6ec6e537e3ec5938.1980x.webp\",\"contentUrl\":\"https:\/\/www.kress.com\/wp-content\/uploads\/onpage\/op_image_8b395b2651412d1cfe66cc6d6ec6e537e3ec5938.1980x.webp\",\"width\":1980,\"height\":1980},{\"@type\":\"BreadcrumbList\",\"@id\":\"https:\/\/www.kress.com\/en-gb\/?post_type=product&p=481953#breadcrumb\",\"itemListElement\":[{\"@type\":\"ListItem\",\"position\":1,\"name\":\"Home\",\"item\":\"https:\/\/www.kress.com\/fr-ch\/\"},{\"@type\":\"ListItem\",\"position\":2,\"name\":\"Produits\",\"item\":\"https:\/\/www.kress.com\/fr-fr\/shop\/\"},{\"@type\":\"ListItem\",\"position\":3,\"name\":\"KR283E\"}]},{\"@type\":\"WebSite\",\"@id\":\"https:\/\/www.kress.com\/de-de\/#website\",\"url\":\"https:\/\/www.kress.com\/de-de\/\",\"name\":\"Kress\",\"description\":\"\",\"publisher\":{\"@id\":\"https:\/\/www.kress.com\/de-de\/#organization\"},\"potentialAction\":[{\"@type\":\"SearchAction\",\"target\":{\"@type\":\"EntryPoint\",\"urlTemplate\":\"https:\/\/www.kress.com\/de-de\/?s={search_term_string}\"},\"query-input\":{\"@type\":\"PropertyValueSpecification\",\"valueRequired\":true,\"valueName\":\"search_term_string\"}}],\"inLanguage\":\"fr-CH\"},{\"@type\":\"Organization\",\"@id\":\"https:\/\/www.kress.com\/de-de\/#organization\",\"name\":\"Kress\",\"url\":\"https:\/\/www.kress.com\/de-de\/\",\"logo\":{\"@type\":\"ImageObject\",\"inLanguage\":\"fr-CH\",\"@id\":\"https:\/\/www.kress.com\/de-de\/#\/schema\/logo\/image\/\",\"url\":\"https:\/\/www.kress.com\/wp-content\/uploads\/2024\/02\/logo.png\",\"contentUrl\":\"https:\/\/www.kress.com\/wp-content\/uploads\/2024\/02\/logo.png\",\"width\":696,\"height\":696,\"caption\":\"Kress\"},\"image\":{\"@id\":\"https:\/\/www.kress.com\/de-de\/#\/schema\/logo\/image\/\"}}]}<\/script>\n<!-- \/ Yoast SEO Premium plugin. -->","yoast_head_json":{"title":"Robot tondeuse Kress EyePilot\u00ae 4\u00d74 RTK\u207f 3000 m\u00b2 | Kress","robots":{"index":"index","follow":"follow","max-snippet":"max-snippet:-1","max-image-preview":"max-image-preview:large","max-video-preview":"max-video-preview:-1"},"og_locale":"fr_FR","og_type":"article","og_title":"Robot tondeuse Kress EyePilot\u00ae 4\u00d74 RTK\u207f 3000 m\u00b2","og_description":"Con\u00e7u pour les terrains exigeants, le Kress EyePilot\u00ae 4\u00d74 RTK\u207f KR283E associe le positionnement satellite RTK\u207f, la perception par vision et une v\u00e9ritable transmission int\u00e9grale pour offrir une navigation pr\u00e9cise et stable sur les terrains complexes, sans mat\u00e9riel additionnel. Son groupe motopropulseur \u00e0 quatre moteurs avec contr\u00f4le de couple en temps r\u00e9el maintient l\u2019adh\u00e9rence et [&hellip;]","og_url":"https:\/\/www.kress.com\/en-gb\/?post_type=product&p=481953","og_site_name":"Kress","og_image":[{"width":1200,"height":675,"url":"https:\/\/www.kress.com\/wp-content\/uploads\/2024\/02\/logo_long.png","type":"image\/png"}],"twitter_card":"summary_large_image","twitter_misc":{"Est. reading time":"1 minute"},"schema":{"@context":"https:\/\/schema.org","@graph":[{"@type":"WebPage","@id":"https:\/\/www.kress.com\/en-gb\/?post_type=product&p=481953","url":"https:\/\/www.kress.com\/en-gb\/?post_type=product&p=481953","name":"Robot tondeuse Kress EyePilot\u00ae 4\u00d74 RTK\u207f 3000 m\u00b2 | Kress","isPartOf":{"@id":"https:\/\/www.kress.com\/de-de\/#website"},"primaryImageOfPage":{"@id":"https:\/\/www.kress.com\/en-gb\/?post_type=product&p=481953#primaryimage"},"image":{"@id":"https:\/\/www.kress.com\/en-gb\/?post_type=product&p=481953#primaryimage"},"thumbnailUrl":"https:\/\/www.kress.com\/wp-content\/uploads\/onpage\/op_image_8b395b2651412d1cfe66cc6d6ec6e537e3ec5938.1980x.webp","datePublished":"2025-12-02T10:03:44+00:00","breadcrumb":{"@id":"https:\/\/www.kress.com\/en-gb\/?post_type=product&p=481953#breadcrumb"},"inLanguage":"fr-CH","potentialAction":[{"@type":"ReadAction","target":["https:\/\/www.kress.com\/en-gb\/?post_type=product&p=481953"]}]},{"@type":"ImageObject","inLanguage":"fr-CH","@id":"https:\/\/www.kress.com\/en-gb\/?post_type=product&p=481953#primaryimage","url":"https:\/\/www.kress.com\/wp-content\/uploads\/onpage\/op_image_8b395b2651412d1cfe66cc6d6ec6e537e3ec5938.1980x.webp","contentUrl":"https:\/\/www.kress.com\/wp-content\/uploads\/onpage\/op_image_8b395b2651412d1cfe66cc6d6ec6e537e3ec5938.1980x.webp","width":1980,"height":1980},{"@type":"BreadcrumbList","@id":"https:\/\/www.kress.com\/en-gb\/?post_type=product&p=481953#breadcrumb","itemListElement":[{"@type":"ListItem","position":1,"name":"Home","item":"https:\/\/www.kress.com\/fr-ch\/"},{"@type":"ListItem","position":2,"name":"Produits","item":"https:\/\/www.kress.com\/fr-fr\/shop\/"},{"@type":"ListItem","position":3,"name":"KR283E"}]},{"@type":"WebSite","@id":"https:\/\/www.kress.com\/de-de\/#website","url":"https:\/\/www.kress.com\/de-de\/","name":"Kress","description":"","publisher":{"@id":"https:\/\/www.kress.com\/de-de\/#organization"},"potentialAction":[{"@type":"SearchAction","target":{"@type":"EntryPoint","urlTemplate":"https:\/\/www.kress.com\/de-de\/?s={search_term_string}"},"query-input":{"@type":"PropertyValueSpecification","valueRequired":true,"valueName":"search_term_string"}}],"inLanguage":"fr-CH"},{"@type":"Organization","@id":"https:\/\/www.kress.com\/de-de\/#organization","name":"Kress","url":"https:\/\/www.kress.com\/de-de\/","logo":{"@type":"ImageObject","inLanguage":"fr-CH","@id":"https:\/\/www.kress.com\/de-de\/#\/schema\/logo\/image\/","url":"https:\/\/www.kress.com\/wp-content\/uploads\/2024\/02\/logo.png","contentUrl":"https:\/\/www.kress.com\/wp-content\/uploads\/2024\/02\/logo.png","width":696,"height":696,"caption":"Kress"},"image":{"@id":"https:\/\/www.kress.com\/de-de\/#\/schema\/logo\/image\/"}}]}},"_links":{"self":[{"href":"https:\/\/www.kress.com\/fr-ch\/wp-json\/wp\/v2\/product\/481968","targetHints":{"allow":["GET"]}}],"collection":[{"href":"https:\/\/www.kress.com\/fr-ch\/wp-json\/wp\/v2\/product"}],"about":[{"href":"https:\/\/www.kress.com\/fr-ch\/wp-json\/wp\/v2\/types\/product"}],"wp:featuredmedia":[{"embeddable":true,"href":"https:\/\/www.kress.com\/fr-ch\/wp-json\/wp\/v2\/media\/522570"}],"wp:attachment":[{"href":"https:\/\/www.kress.com\/fr-ch\/wp-json\/wp\/v2\/media?parent=481968"}],"wp:term":[{"taxonomy":"product_brand","embeddable":true,"href":"https:\/\/www.kress.com\/fr-ch\/wp-json\/wp\/v2\/product_brand?post=481968"},{"taxonomy":"product_cat","embeddable":true,"href":"https:\/\/www.kress.com\/fr-ch\/wp-json\/wp\/v2\/product_cat?post=481968"},{"taxonomy":"product_tag","embeddable":true,"href":"https:\/\/www.kress.com\/fr-ch\/wp-json\/wp\/v2\/product_tag?post=481968"}],"curies":[{"name":"wp","href":"https:\/\/api.w.org\/{rel}","templated":true}]}}