{"id":44767,"date":"2024-03-26T08:17:23","date_gmt":"2024-03-26T08:17:23","guid":{"rendered":""},"modified":"2025-10-17T10:00:22","modified_gmt":"2025-10-17T10:00:22","slug":"attachement-pour-coupe-bordures-a-arbre-courbe-kress-commercial-kac142","status":"publish","type":"product","link":"https:\/\/www.kress.com\/fr-ch\/attachement-pour-coupe-bordures-a-arbre-courbe-kress-commercial-kac142\/","title":{"rendered":"Attachement pour coupe-bordures \u00e0 arbre courb\u00e9 Kress Commercial"},"content":{"rendered":"<p>Compatible avec KC120 et KAC104. Con\u00e7ue pour sculpter des bords lisses et profil\u00e9s le long des parterres de fleurs et des all\u00e9es courbes. Sa construction ergonomique am\u00e9liore la maniabilit\u00e9 tout en minimisant les efforts pour une pr\u00e9cision sans effort.<\/p>\n","protected":false},"excerpt":{"rendered":"<p>Compatible avec KC120 et KAC104. Con\u00e7ue pour sculpter des bords lisses et profil\u00e9s le long des parterres de fleurs et des all\u00e9es courbes. Sa construction ergonomique am\u00e9liore la maniabilit\u00e9 tout en minimisant les efforts pour une pr\u00e9cision sans effort.<\/p>\n","protected":false},"featured_media":411496,"template":"","meta":{"_acf_changed":false},"product_brand":[],"product_cat":[],"product_tag":[],"class_list":{"0":"post-44767","1":"product","2":"type-product","3":"status-publish","4":"has-post-thumbnail","7":"first","8":"instock","9":"shipping-taxable","10":"purchasable","11":"product-type-simple"},"acf":[],"yoast_head":"<!-- This site is optimized with the Yoast SEO Premium plugin v26.5 (Yoast SEO v27.0) - https:\/\/yoast.com\/product\/yoast-seo-premium-wordpress\/ -->\n<title>Attachement pour coupe-bordures \u00e0 arbre courb\u00e9 Kress Commercial | Kress<\/title>\n<meta name=\"robots\" content=\"index, follow, max-snippet:-1, max-image-preview:large, max-video-preview:-1\" \/>\n<meta property=\"og:locale\" content=\"fr_FR\" \/>\n<meta property=\"og:type\" content=\"article\" \/>\n<meta property=\"og:title\" content=\"Attachement pour coupe-bordures \u00e0 arbre courb\u00e9 Kress Commercial\" \/>\n<meta property=\"og:description\" content=\"Compatible avec KC120 et KAC104. Con\u00e7ue pour sculpter des bords lisses et profil\u00e9s le long des parterres de fleurs et des all\u00e9es courbes. Sa construction ergonomique am\u00e9liore la maniabilit\u00e9 tout en minimisant les efforts pour une pr\u00e9cision sans effort.\" \/>\n<meta property=\"og:url\" content=\"https:\/\/www.kress.com\/fr-ch\/attachement-pour-coupe-bordures-a-arbre-courbe-kress-commercial-kac142\/\" \/>\n<meta property=\"og:site_name\" content=\"Kress\" \/>\n<meta property=\"article:modified_time\" content=\"2025-10-17T10:00:22+00:00\" \/>\n<meta property=\"og:image\" content=\"https:\/\/www.kress.com\/wp-content\/uploads\/onpage\/op_image_ab57b983bda15d9053f3e177e2cfb56c8880ca41.1980x.webp\" \/>\n\t<meta property=\"og:image:width\" content=\"1980\" \/>\n\t<meta property=\"og:image:height\" content=\"1980\" \/>\n\t<meta property=\"og:image:type\" content=\"image\/webp\" \/>\n<meta name=\"twitter:card\" content=\"summary_large_image\" \/>\n<script type=\"application\/ld+json\" class=\"yoast-schema-graph\">{\"@context\":\"https:\/\/schema.org\",\"@graph\":[{\"@type\":\"WebPage\",\"@id\":\"https:\/\/www.kress.com\/fr-ch\/attachement-pour-coupe-bordures-a-arbre-courbe-kress-commercial-kac142\/\",\"url\":\"https:\/\/www.kress.com\/fr-ch\/attachement-pour-coupe-bordures-a-arbre-courbe-kress-commercial-kac142\/\",\"name\":\"Attachement pour coupe-bordures \u00e0 arbre courb\u00e9 Kress Commercial | Kress\",\"isPartOf\":{\"@id\":\"https:\/\/www.kress.com\/de-de\/#website\"},\"primaryImageOfPage\":{\"@id\":\"https:\/\/www.kress.com\/fr-ch\/attachement-pour-coupe-bordures-a-arbre-courbe-kress-commercial-kac142\/#primaryimage\"},\"image\":{\"@id\":\"https:\/\/www.kress.com\/fr-ch\/attachement-pour-coupe-bordures-a-arbre-courbe-kress-commercial-kac142\/#primaryimage\"},\"thumbnailUrl\":\"https:\/\/www.kress.com\/wp-content\/uploads\/onpage\/op_image_ab57b983bda15d9053f3e177e2cfb56c8880ca41.1980x.webp\",\"datePublished\":\"2024-03-26T08:17:23+00:00\",\"dateModified\":\"2025-10-17T10:00:22+00:00\",\"breadcrumb\":{\"@id\":\"https:\/\/www.kress.com\/fr-ch\/attachement-pour-coupe-bordures-a-arbre-courbe-kress-commercial-kac142\/#breadcrumb\"},\"inLanguage\":\"fr-CH\",\"potentialAction\":[{\"@type\":\"ReadAction\",\"target\":[\"https:\/\/www.kress.com\/fr-ch\/attachement-pour-coupe-bordures-a-arbre-courbe-kress-commercial-kac142\/\"]}]},{\"@type\":\"ImageObject\",\"inLanguage\":\"fr-CH\",\"@id\":\"https:\/\/www.kress.com\/fr-ch\/attachement-pour-coupe-bordures-a-arbre-courbe-kress-commercial-kac142\/#primaryimage\",\"url\":\"https:\/\/www.kress.com\/wp-content\/uploads\/onpage\/op_image_ab57b983bda15d9053f3e177e2cfb56c8880ca41.1980x.webp\",\"contentUrl\":\"https:\/\/www.kress.com\/wp-content\/uploads\/onpage\/op_image_ab57b983bda15d9053f3e177e2cfb56c8880ca41.1980x.webp\",\"width\":1980,\"height\":1980},{\"@type\":\"BreadcrumbList\",\"@id\":\"https:\/\/www.kress.com\/fr-ch\/attachement-pour-coupe-bordures-a-arbre-courbe-kress-commercial-kac142\/#breadcrumb\",\"itemListElement\":[{\"@type\":\"ListItem\",\"position\":1,\"name\":\"Home\",\"item\":\"https:\/\/www.kress.com\/fr-ch\/\"},{\"@type\":\"ListItem\",\"position\":2,\"name\":\"Produits\",\"item\":\"https:\/\/www.kress.com\/fr-fr\/shop\/\"},{\"@type\":\"ListItem\",\"position\":3,\"name\":\"Attachement pour coupe-bordures \u00e0 arbre courb\u00e9 Kress Commercial\"}]},{\"@type\":\"WebSite\",\"@id\":\"https:\/\/www.kress.com\/de-de\/#website\",\"url\":\"https:\/\/www.kress.com\/de-de\/\",\"name\":\"Kress\",\"description\":\"\",\"publisher\":{\"@id\":\"https:\/\/www.kress.com\/de-de\/#organization\"},\"potentialAction\":[{\"@type\":\"SearchAction\",\"target\":{\"@type\":\"EntryPoint\",\"urlTemplate\":\"https:\/\/www.kress.com\/de-de\/?s={search_term_string}\"},\"query-input\":{\"@type\":\"PropertyValueSpecification\",\"valueRequired\":true,\"valueName\":\"search_term_string\"}}],\"inLanguage\":\"fr-CH\"},{\"@type\":\"Organization\",\"@id\":\"https:\/\/www.kress.com\/de-de\/#organization\",\"name\":\"Kress\",\"url\":\"https:\/\/www.kress.com\/de-de\/\",\"logo\":{\"@type\":\"ImageObject\",\"inLanguage\":\"fr-CH\",\"@id\":\"https:\/\/www.kress.com\/de-de\/#\/schema\/logo\/image\/\",\"url\":\"https:\/\/www.kress.com\/wp-content\/uploads\/2024\/02\/logo.png\",\"contentUrl\":\"https:\/\/www.kress.com\/wp-content\/uploads\/2024\/02\/logo.png\",\"width\":696,\"height\":696,\"caption\":\"Kress\"},\"image\":{\"@id\":\"https:\/\/www.kress.com\/de-de\/#\/schema\/logo\/image\/\"}}]}<\/script>\n<!-- \/ Yoast SEO Premium plugin. -->","yoast_head_json":{"title":"Attachement pour coupe-bordures \u00e0 arbre courb\u00e9 Kress Commercial | Kress","robots":{"index":"index","follow":"follow","max-snippet":"max-snippet:-1","max-image-preview":"max-image-preview:large","max-video-preview":"max-video-preview:-1"},"og_locale":"fr_FR","og_type":"article","og_title":"Attachement pour coupe-bordures \u00e0 arbre courb\u00e9 Kress Commercial","og_description":"Compatible avec KC120 et KAC104. Con\u00e7ue pour sculpter des bords lisses et profil\u00e9s le long des parterres de fleurs et des all\u00e9es courbes. Sa construction ergonomique am\u00e9liore la maniabilit\u00e9 tout en minimisant les efforts pour une pr\u00e9cision sans effort.","og_url":"https:\/\/www.kress.com\/fr-ch\/attachement-pour-coupe-bordures-a-arbre-courbe-kress-commercial-kac142\/","og_site_name":"Kress","article_modified_time":"2025-10-17T10:00:22+00:00","og_image":[{"width":1980,"height":1980,"url":"https:\/\/www.kress.com\/wp-content\/uploads\/onpage\/op_image_ab57b983bda15d9053f3e177e2cfb56c8880ca41.1980x.webp","type":"image\/webp"}],"twitter_card":"summary_large_image","schema":{"@context":"https:\/\/schema.org","@graph":[{"@type":"WebPage","@id":"https:\/\/www.kress.com\/fr-ch\/attachement-pour-coupe-bordures-a-arbre-courbe-kress-commercial-kac142\/","url":"https:\/\/www.kress.com\/fr-ch\/attachement-pour-coupe-bordures-a-arbre-courbe-kress-commercial-kac142\/","name":"Attachement pour coupe-bordures \u00e0 arbre courb\u00e9 Kress Commercial | Kress","isPartOf":{"@id":"https:\/\/www.kress.com\/de-de\/#website"},"primaryImageOfPage":{"@id":"https:\/\/www.kress.com\/fr-ch\/attachement-pour-coupe-bordures-a-arbre-courbe-kress-commercial-kac142\/#primaryimage"},"image":{"@id":"https:\/\/www.kress.com\/fr-ch\/attachement-pour-coupe-bordures-a-arbre-courbe-kress-commercial-kac142\/#primaryimage"},"thumbnailUrl":"https:\/\/www.kress.com\/wp-content\/uploads\/onpage\/op_image_ab57b983bda15d9053f3e177e2cfb56c8880ca41.1980x.webp","datePublished":"2024-03-26T08:17:23+00:00","dateModified":"2025-10-17T10:00:22+00:00","breadcrumb":{"@id":"https:\/\/www.kress.com\/fr-ch\/attachement-pour-coupe-bordures-a-arbre-courbe-kress-commercial-kac142\/#breadcrumb"},"inLanguage":"fr-CH","potentialAction":[{"@type":"ReadAction","target":["https:\/\/www.kress.com\/fr-ch\/attachement-pour-coupe-bordures-a-arbre-courbe-kress-commercial-kac142\/"]}]},{"@type":"ImageObject","inLanguage":"fr-CH","@id":"https:\/\/www.kress.com\/fr-ch\/attachement-pour-coupe-bordures-a-arbre-courbe-kress-commercial-kac142\/#primaryimage","url":"https:\/\/www.kress.com\/wp-content\/uploads\/onpage\/op_image_ab57b983bda15d9053f3e177e2cfb56c8880ca41.1980x.webp","contentUrl":"https:\/\/www.kress.com\/wp-content\/uploads\/onpage\/op_image_ab57b983bda15d9053f3e177e2cfb56c8880ca41.1980x.webp","width":1980,"height":1980},{"@type":"BreadcrumbList","@id":"https:\/\/www.kress.com\/fr-ch\/attachement-pour-coupe-bordures-a-arbre-courbe-kress-commercial-kac142\/#breadcrumb","itemListElement":[{"@type":"ListItem","position":1,"name":"Home","item":"https:\/\/www.kress.com\/fr-ch\/"},{"@type":"ListItem","position":2,"name":"Produits","item":"https:\/\/www.kress.com\/fr-fr\/shop\/"},{"@type":"ListItem","position":3,"name":"Attachement pour coupe-bordures \u00e0 arbre courb\u00e9 Kress Commercial"}]},{"@type":"WebSite","@id":"https:\/\/www.kress.com\/de-de\/#website","url":"https:\/\/www.kress.com\/de-de\/","name":"Kress","description":"","publisher":{"@id":"https:\/\/www.kress.com\/de-de\/#organization"},"potentialAction":[{"@type":"SearchAction","target":{"@type":"EntryPoint","urlTemplate":"https:\/\/www.kress.com\/de-de\/?s={search_term_string}"},"query-input":{"@type":"PropertyValueSpecification","valueRequired":true,"valueName":"search_term_string"}}],"inLanguage":"fr-CH"},{"@type":"Organization","@id":"https:\/\/www.kress.com\/de-de\/#organization","name":"Kress","url":"https:\/\/www.kress.com\/de-de\/","logo":{"@type":"ImageObject","inLanguage":"fr-CH","@id":"https:\/\/www.kress.com\/de-de\/#\/schema\/logo\/image\/","url":"https:\/\/www.kress.com\/wp-content\/uploads\/2024\/02\/logo.png","contentUrl":"https:\/\/www.kress.com\/wp-content\/uploads\/2024\/02\/logo.png","width":696,"height":696,"caption":"Kress"},"image":{"@id":"https:\/\/www.kress.com\/de-de\/#\/schema\/logo\/image\/"}}]}},"_links":{"self":[{"href":"https:\/\/www.kress.com\/fr-ch\/wp-json\/wp\/v2\/product\/44767","targetHints":{"allow":["GET"]}}],"collection":[{"href":"https:\/\/www.kress.com\/fr-ch\/wp-json\/wp\/v2\/product"}],"about":[{"href":"https:\/\/www.kress.com\/fr-ch\/wp-json\/wp\/v2\/types\/product"}],"wp:featuredmedia":[{"embeddable":true,"href":"https:\/\/www.kress.com\/fr-ch\/wp-json\/wp\/v2\/media\/411496"}],"wp:attachment":[{"href":"https:\/\/www.kress.com\/fr-ch\/wp-json\/wp\/v2\/media?parent=44767"}],"wp:term":[{"taxonomy":"product_brand","embeddable":true,"href":"https:\/\/www.kress.com\/fr-ch\/wp-json\/wp\/v2\/product_brand?post=44767"},{"taxonomy":"product_cat","embeddable":true,"href":"https:\/\/www.kress.com\/fr-ch\/wp-json\/wp\/v2\/product_cat?post=44767"},{"taxonomy":"product_tag","embeddable":true,"href":"https:\/\/www.kress.com\/fr-ch\/wp-json\/wp\/v2\/product_tag?post=44767"}],"curies":[{"name":"wp","href":"https:\/\/api.w.org\/{rel}","templated":true}]}}