{"id":39475,"date":"2024-03-26T08:16:59","date_gmt":"2024-03-26T08:16:59","guid":{"rendered":""},"modified":"2025-10-17T10:00:22","modified_gmt":"2025-10-17T10:00:22","slug":"systeme-de-gestion-de-lalimentation-en-courant-alternatif-de-kress-commercial-kac859e","status":"publish","type":"product","link":"https:\/\/www.kress.com\/fr-ch\/systeme-de-gestion-de-lalimentation-en-courant-alternatif-de-kress-commercial-kac859e\/","title":{"rendered":"Syst\u00e8me de gestion de l&#8217;alimentation en courant alternatif de Kress Commercial"},"content":{"rendered":"<p>Le syst\u00e8me de gestion de l&#8217;alimentation AC est une solution de charge compl\u00e8te, permettant de connecter tous les \u00e9quipements \u00e0 une seule prise. Il comprend des programmes de charge automatis\u00e9s, des protections contre la surcharge des fils et les courts-circuits, ainsi que des capacit\u00e9s IoT pour des mises \u00e0 jour d&#8217;\u00e9tat en temps r\u00e9el via l&#8217;application Kress Commercial App.<\/p>\n","protected":false},"excerpt":{"rendered":"<p>Le syst\u00e8me de gestion de l&#8217;alimentation AC est une solution de charge compl\u00e8te, permettant de connecter tous les \u00e9quipements \u00e0 une seule prise. Il comprend des programmes de charge automatis\u00e9s, des protections contre la surcharge des fils et les courts-circuits, ainsi que des capacit\u00e9s IoT pour des mises \u00e0 jour d&#8217;\u00e9tat en temps r\u00e9el via [&hellip;]<\/p>\n","protected":false},"featured_media":0,"template":"","meta":{"_acf_changed":false},"product_brand":[],"product_cat":[],"product_tag":[],"class_list":{"0":"post-39475","1":"product","2":"type-product","3":"status-publish","6":"first","7":"instock","8":"shipping-taxable","9":"product-type-simple"},"acf":[],"yoast_head":"<!-- This site is optimized with the Yoast SEO Premium plugin v26.5 (Yoast SEO v27.0) - https:\/\/yoast.com\/product\/yoast-seo-premium-wordpress\/ -->\n<title>Syst\u00e8me de gestion de l&#039;alimentation en courant alternatif de Kress Commercial | Kress<\/title>\n<meta name=\"robots\" content=\"index, follow, max-snippet:-1, max-image-preview:large, max-video-preview:-1\" \/>\n<meta property=\"og:locale\" content=\"fr_FR\" \/>\n<meta property=\"og:type\" content=\"article\" \/>\n<meta property=\"og:title\" content=\"Syst\u00e8me de gestion de l&#039;alimentation en courant alternatif de Kress Commercial\" \/>\n<meta property=\"og:description\" content=\"Le syst\u00e8me de gestion de l&#8217;alimentation AC est une solution de charge compl\u00e8te, permettant de connecter tous les \u00e9quipements \u00e0 une seule prise. Il comprend des programmes de charge automatis\u00e9s, des protections contre la surcharge des fils et les courts-circuits, ainsi que des capacit\u00e9s IoT pour des mises \u00e0 jour d&#8217;\u00e9tat en temps r\u00e9el via [&hellip;]\" \/>\n<meta property=\"og:url\" content=\"https:\/\/www.kress.com\/fr-ch\/systeme-de-gestion-de-lalimentation-en-courant-alternatif-de-kress-commercial-kac859e\/\" \/>\n<meta property=\"og:site_name\" content=\"Kress\" \/>\n<meta property=\"article:modified_time\" content=\"2025-10-17T10:00:22+00:00\" \/>\n<meta property=\"og:image\" content=\"https:\/\/www.kress.com\/wp-content\/uploads\/2024\/02\/logo_long.png\" \/>\n\t<meta property=\"og:image:width\" content=\"1200\" \/>\n\t<meta property=\"og:image:height\" content=\"675\" \/>\n\t<meta property=\"og:image:type\" content=\"image\/png\" \/>\n<meta name=\"twitter:card\" content=\"summary_large_image\" \/>\n<script type=\"application\/ld+json\" class=\"yoast-schema-graph\">{\"@context\":\"https:\/\/schema.org\",\"@graph\":[{\"@type\":\"WebPage\",\"@id\":\"https:\/\/www.kress.com\/fr-ch\/systeme-de-gestion-de-lalimentation-en-courant-alternatif-de-kress-commercial-kac859e\/\",\"url\":\"https:\/\/www.kress.com\/fr-ch\/systeme-de-gestion-de-lalimentation-en-courant-alternatif-de-kress-commercial-kac859e\/\",\"name\":\"Syst\u00e8me de gestion de l'alimentation en courant alternatif de Kress Commercial | Kress\",\"isPartOf\":{\"@id\":\"https:\/\/www.kress.com\/de-de\/#website\"},\"datePublished\":\"2024-03-26T08:16:59+00:00\",\"dateModified\":\"2025-10-17T10:00:22+00:00\",\"breadcrumb\":{\"@id\":\"https:\/\/www.kress.com\/fr-ch\/systeme-de-gestion-de-lalimentation-en-courant-alternatif-de-kress-commercial-kac859e\/#breadcrumb\"},\"inLanguage\":\"fr-CH\",\"potentialAction\":[{\"@type\":\"ReadAction\",\"target\":[\"https:\/\/www.kress.com\/fr-ch\/systeme-de-gestion-de-lalimentation-en-courant-alternatif-de-kress-commercial-kac859e\/\"]}]},{\"@type\":\"BreadcrumbList\",\"@id\":\"https:\/\/www.kress.com\/fr-ch\/systeme-de-gestion-de-lalimentation-en-courant-alternatif-de-kress-commercial-kac859e\/#breadcrumb\",\"itemListElement\":[{\"@type\":\"ListItem\",\"position\":1,\"name\":\"Home\",\"item\":\"https:\/\/www.kress.com\/fr-ch\/\"},{\"@type\":\"ListItem\",\"position\":2,\"name\":\"Produits\",\"item\":\"https:\/\/www.kress.com\/fr-fr\/shop\/\"},{\"@type\":\"ListItem\",\"position\":3,\"name\":\"Syst\u00e8me de gestion de l&#8217;alimentation en courant alternatif de Kress Commercial\"}]},{\"@type\":\"WebSite\",\"@id\":\"https:\/\/www.kress.com\/de-de\/#website\",\"url\":\"https:\/\/www.kress.com\/de-de\/\",\"name\":\"Kress\",\"description\":\"\",\"publisher\":{\"@id\":\"https:\/\/www.kress.com\/de-de\/#organization\"},\"potentialAction\":[{\"@type\":\"SearchAction\",\"target\":{\"@type\":\"EntryPoint\",\"urlTemplate\":\"https:\/\/www.kress.com\/de-de\/?s={search_term_string}\"},\"query-input\":{\"@type\":\"PropertyValueSpecification\",\"valueRequired\":true,\"valueName\":\"search_term_string\"}}],\"inLanguage\":\"fr-CH\"},{\"@type\":\"Organization\",\"@id\":\"https:\/\/www.kress.com\/de-de\/#organization\",\"name\":\"Kress\",\"url\":\"https:\/\/www.kress.com\/de-de\/\",\"logo\":{\"@type\":\"ImageObject\",\"inLanguage\":\"fr-CH\",\"@id\":\"https:\/\/www.kress.com\/de-de\/#\/schema\/logo\/image\/\",\"url\":\"https:\/\/www.kress.com\/wp-content\/uploads\/2024\/02\/logo.png\",\"contentUrl\":\"https:\/\/www.kress.com\/wp-content\/uploads\/2024\/02\/logo.png\",\"width\":696,\"height\":696,\"caption\":\"Kress\"},\"image\":{\"@id\":\"https:\/\/www.kress.com\/de-de\/#\/schema\/logo\/image\/\"}}]}<\/script>\n<!-- \/ Yoast SEO Premium plugin. -->","yoast_head_json":{"title":"Syst\u00e8me de gestion de l'alimentation en courant alternatif de Kress Commercial | Kress","robots":{"index":"index","follow":"follow","max-snippet":"max-snippet:-1","max-image-preview":"max-image-preview:large","max-video-preview":"max-video-preview:-1"},"og_locale":"fr_FR","og_type":"article","og_title":"Syst\u00e8me de gestion de l'alimentation en courant alternatif de Kress Commercial","og_description":"Le syst\u00e8me de gestion de l&#8217;alimentation AC est une solution de charge compl\u00e8te, permettant de connecter tous les \u00e9quipements \u00e0 une seule prise. Il comprend des programmes de charge automatis\u00e9s, des protections contre la surcharge des fils et les courts-circuits, ainsi que des capacit\u00e9s IoT pour des mises \u00e0 jour d&#8217;\u00e9tat en temps r\u00e9el via [&hellip;]","og_url":"https:\/\/www.kress.com\/fr-ch\/systeme-de-gestion-de-lalimentation-en-courant-alternatif-de-kress-commercial-kac859e\/","og_site_name":"Kress","article_modified_time":"2025-10-17T10:00:22+00:00","og_image":[{"width":1200,"height":675,"url":"https:\/\/www.kress.com\/wp-content\/uploads\/2024\/02\/logo_long.png","type":"image\/png"}],"twitter_card":"summary_large_image","schema":{"@context":"https:\/\/schema.org","@graph":[{"@type":"WebPage","@id":"https:\/\/www.kress.com\/fr-ch\/systeme-de-gestion-de-lalimentation-en-courant-alternatif-de-kress-commercial-kac859e\/","url":"https:\/\/www.kress.com\/fr-ch\/systeme-de-gestion-de-lalimentation-en-courant-alternatif-de-kress-commercial-kac859e\/","name":"Syst\u00e8me de gestion de l'alimentation en courant alternatif de Kress Commercial | Kress","isPartOf":{"@id":"https:\/\/www.kress.com\/de-de\/#website"},"datePublished":"2024-03-26T08:16:59+00:00","dateModified":"2025-10-17T10:00:22+00:00","breadcrumb":{"@id":"https:\/\/www.kress.com\/fr-ch\/systeme-de-gestion-de-lalimentation-en-courant-alternatif-de-kress-commercial-kac859e\/#breadcrumb"},"inLanguage":"fr-CH","potentialAction":[{"@type":"ReadAction","target":["https:\/\/www.kress.com\/fr-ch\/systeme-de-gestion-de-lalimentation-en-courant-alternatif-de-kress-commercial-kac859e\/"]}]},{"@type":"BreadcrumbList","@id":"https:\/\/www.kress.com\/fr-ch\/systeme-de-gestion-de-lalimentation-en-courant-alternatif-de-kress-commercial-kac859e\/#breadcrumb","itemListElement":[{"@type":"ListItem","position":1,"name":"Home","item":"https:\/\/www.kress.com\/fr-ch\/"},{"@type":"ListItem","position":2,"name":"Produits","item":"https:\/\/www.kress.com\/fr-fr\/shop\/"},{"@type":"ListItem","position":3,"name":"Syst\u00e8me de gestion de l&#8217;alimentation en courant alternatif de Kress Commercial"}]},{"@type":"WebSite","@id":"https:\/\/www.kress.com\/de-de\/#website","url":"https:\/\/www.kress.com\/de-de\/","name":"Kress","description":"","publisher":{"@id":"https:\/\/www.kress.com\/de-de\/#organization"},"potentialAction":[{"@type":"SearchAction","target":{"@type":"EntryPoint","urlTemplate":"https:\/\/www.kress.com\/de-de\/?s={search_term_string}"},"query-input":{"@type":"PropertyValueSpecification","valueRequired":true,"valueName":"search_term_string"}}],"inLanguage":"fr-CH"},{"@type":"Organization","@id":"https:\/\/www.kress.com\/de-de\/#organization","name":"Kress","url":"https:\/\/www.kress.com\/de-de\/","logo":{"@type":"ImageObject","inLanguage":"fr-CH","@id":"https:\/\/www.kress.com\/de-de\/#\/schema\/logo\/image\/","url":"https:\/\/www.kress.com\/wp-content\/uploads\/2024\/02\/logo.png","contentUrl":"https:\/\/www.kress.com\/wp-content\/uploads\/2024\/02\/logo.png","width":696,"height":696,"caption":"Kress"},"image":{"@id":"https:\/\/www.kress.com\/de-de\/#\/schema\/logo\/image\/"}}]}},"_links":{"self":[{"href":"https:\/\/www.kress.com\/fr-ch\/wp-json\/wp\/v2\/product\/39475","targetHints":{"allow":["GET"]}}],"collection":[{"href":"https:\/\/www.kress.com\/fr-ch\/wp-json\/wp\/v2\/product"}],"about":[{"href":"https:\/\/www.kress.com\/fr-ch\/wp-json\/wp\/v2\/types\/product"}],"wp:attachment":[{"href":"https:\/\/www.kress.com\/fr-ch\/wp-json\/wp\/v2\/media?parent=39475"}],"wp:term":[{"taxonomy":"product_brand","embeddable":true,"href":"https:\/\/www.kress.com\/fr-ch\/wp-json\/wp\/v2\/product_brand?post=39475"},{"taxonomy":"product_cat","embeddable":true,"href":"https:\/\/www.kress.com\/fr-ch\/wp-json\/wp\/v2\/product_cat?post=39475"},{"taxonomy":"product_tag","embeddable":true,"href":"https:\/\/www.kress.com\/fr-ch\/wp-json\/wp\/v2\/product_tag?post=39475"}],"curies":[{"name":"wp","href":"https:\/\/api.w.org\/{rel}","templated":true}]}}