{"id":35751,"date":"2024-03-26T08:16:41","date_gmt":"2024-03-26T08:16:41","guid":{"rendered":""},"modified":"2025-10-17T10:00:22","modified_gmt":"2025-10-17T10:00:22","slug":"kress-kit-perceuse-visseuse-sans-fil-20-v-max-60-nm-2-vitesses-13-mm-kua71","status":"publish","type":"product","link":"https:\/\/www.kress.com\/fr-ch\/kress-kit-perceuse-visseuse-sans-fil-20-v-max-60-nm-2-vitesses-13-mm-kua71\/","title":{"rendered":"Kress Kit perceuse-visseuse sans fil 20 V Max 60 Nm 2 vitesses 13 mm"},"content":{"rendered":"<p>Con\u00e7ue avec une technologie sans balais innovante offrant une taille plus compacte, une dur\u00e9e de vie du moteur jusqu&#8217;\u00e0 10 fois plus longue et une autonomie accrue de 50 %, la perceuse-visseuse Kress KUA71 20 V 60 Nm 13 mm est con\u00e7ue pour offrir une efficacit\u00e9 et une pr\u00e9cision accrues. Elle est \u00e9quip\u00e9e d&#8217;un mandrin m\u00e9tallique robuste de 13 mm, d&#8217;un r\u00e9glage variable \u00e0 2 vitesses, d&#8217;un couple maximal de 60 Nm et de 18+1 positions d&#8217;embrayage. Avec une longueur compacte de 165 mm, la KUA71 est id\u00e9ale pour acc\u00e9der aux coins \u00e9troits, avec une lampe LED pour les endroits mal \u00e9clair\u00e9s. Elle convient au per\u00e7age du bois, du m\u00e9tal, du plastique et \u00e0 d&#8217;autres t\u00e2ches de vissage, et sa conception ergonomique offre un meilleur contr\u00f4le. Elle est livr\u00e9e dans une mallette robuste et empilable pour faciliter le transport et le stockage.<\/p>\n","protected":false},"excerpt":{"rendered":"<p>Con\u00e7ue avec une technologie sans balais innovante offrant une taille plus compacte, une dur\u00e9e de vie du moteur jusqu&#8217;\u00e0 10 fois plus longue et une autonomie accrue de 50 %, la perceuse-visseuse Kress KUA71 20 V 60 Nm 13 mm est con\u00e7ue pour offrir une efficacit\u00e9 et une pr\u00e9cision accrues. Elle est \u00e9quip\u00e9e d&#8217;un mandrin [&hellip;]<\/p>\n","protected":false},"featured_media":0,"template":"","meta":{"_acf_changed":false},"product_brand":[],"product_cat":[],"product_tag":[],"class_list":{"0":"post-35751","1":"product","2":"type-product","3":"status-publish","6":"first","7":"instock","8":"shipping-taxable","9":"product-type-simple"},"acf":[],"yoast_head":"<!-- This site is optimized with the Yoast SEO Premium plugin v26.5 (Yoast SEO v27.0) - https:\/\/yoast.com\/product\/yoast-seo-premium-wordpress\/ -->\n<title>Kress Kit perceuse-visseuse sans fil 20 V Max 60 Nm 2 vitesses 13 mm | Kress<\/title>\n<meta name=\"robots\" content=\"index, follow, max-snippet:-1, max-image-preview:large, max-video-preview:-1\" \/>\n<meta property=\"og:locale\" content=\"fr_FR\" \/>\n<meta property=\"og:type\" content=\"article\" \/>\n<meta property=\"og:title\" content=\"Kress Kit perceuse-visseuse sans fil 20 V Max 60 Nm 2 vitesses 13 mm\" \/>\n<meta property=\"og:description\" content=\"Con\u00e7ue avec une technologie sans balais innovante offrant une taille plus compacte, une dur\u00e9e de vie du moteur jusqu&#8217;\u00e0 10 fois plus longue et une autonomie accrue de 50 %, la perceuse-visseuse Kress KUA71 20 V 60 Nm 13 mm est con\u00e7ue pour offrir une efficacit\u00e9 et une pr\u00e9cision accrues. Elle est \u00e9quip\u00e9e d&#8217;un mandrin [&hellip;]\" \/>\n<meta property=\"og:url\" content=\"https:\/\/www.kress.com\/fr-ch\/kress-kit-perceuse-visseuse-sans-fil-20-v-max-60-nm-2-vitesses-13-mm-kua71\/\" \/>\n<meta property=\"og:site_name\" content=\"Kress\" \/>\n<meta property=\"article:modified_time\" content=\"2025-10-17T10:00:22+00:00\" \/>\n<meta property=\"og:image\" content=\"https:\/\/www.kress.com\/wp-content\/uploads\/2024\/02\/logo_long.png\" \/>\n\t<meta property=\"og:image:width\" content=\"1200\" \/>\n\t<meta property=\"og:image:height\" content=\"675\" \/>\n\t<meta property=\"og:image:type\" content=\"image\/png\" \/>\n<meta name=\"twitter:card\" content=\"summary_large_image\" \/>\n<meta name=\"twitter:label1\" content=\"Est. reading time\" \/>\n\t<meta name=\"twitter:data1\" content=\"1 minute\" \/>\n<script type=\"application\/ld+json\" class=\"yoast-schema-graph\">{\"@context\":\"https:\/\/schema.org\",\"@graph\":[{\"@type\":\"WebPage\",\"@id\":\"https:\/\/www.kress.com\/fr-ch\/kress-kit-perceuse-visseuse-sans-fil-20-v-max-60-nm-2-vitesses-13-mm-kua71\/\",\"url\":\"https:\/\/www.kress.com\/fr-ch\/kress-kit-perceuse-visseuse-sans-fil-20-v-max-60-nm-2-vitesses-13-mm-kua71\/\",\"name\":\"Kress Kit perceuse-visseuse sans fil 20 V Max 60 Nm 2 vitesses 13 mm | Kress\",\"isPartOf\":{\"@id\":\"https:\/\/www.kress.com\/de-de\/#website\"},\"datePublished\":\"2024-03-26T08:16:41+00:00\",\"dateModified\":\"2025-10-17T10:00:22+00:00\",\"breadcrumb\":{\"@id\":\"https:\/\/www.kress.com\/fr-ch\/kress-kit-perceuse-visseuse-sans-fil-20-v-max-60-nm-2-vitesses-13-mm-kua71\/#breadcrumb\"},\"inLanguage\":\"fr-CH\",\"potentialAction\":[{\"@type\":\"ReadAction\",\"target\":[\"https:\/\/www.kress.com\/fr-ch\/kress-kit-perceuse-visseuse-sans-fil-20-v-max-60-nm-2-vitesses-13-mm-kua71\/\"]}]},{\"@type\":\"BreadcrumbList\",\"@id\":\"https:\/\/www.kress.com\/fr-ch\/kress-kit-perceuse-visseuse-sans-fil-20-v-max-60-nm-2-vitesses-13-mm-kua71\/#breadcrumb\",\"itemListElement\":[{\"@type\":\"ListItem\",\"position\":1,\"name\":\"Home\",\"item\":\"https:\/\/www.kress.com\/fr-ch\/\"},{\"@type\":\"ListItem\",\"position\":2,\"name\":\"Produits\",\"item\":\"https:\/\/www.kress.com\/fr-fr\/shop\/\"},{\"@type\":\"ListItem\",\"position\":3,\"name\":\"Kress Kit perceuse-visseuse sans fil 20 V Max 60 Nm 2 vitesses 13 mm\"}]},{\"@type\":\"WebSite\",\"@id\":\"https:\/\/www.kress.com\/de-de\/#website\",\"url\":\"https:\/\/www.kress.com\/de-de\/\",\"name\":\"Kress\",\"description\":\"\",\"publisher\":{\"@id\":\"https:\/\/www.kress.com\/de-de\/#organization\"},\"potentialAction\":[{\"@type\":\"SearchAction\",\"target\":{\"@type\":\"EntryPoint\",\"urlTemplate\":\"https:\/\/www.kress.com\/de-de\/?s={search_term_string}\"},\"query-input\":{\"@type\":\"PropertyValueSpecification\",\"valueRequired\":true,\"valueName\":\"search_term_string\"}}],\"inLanguage\":\"fr-CH\"},{\"@type\":\"Organization\",\"@id\":\"https:\/\/www.kress.com\/de-de\/#organization\",\"name\":\"Kress\",\"url\":\"https:\/\/www.kress.com\/de-de\/\",\"logo\":{\"@type\":\"ImageObject\",\"inLanguage\":\"fr-CH\",\"@id\":\"https:\/\/www.kress.com\/de-de\/#\/schema\/logo\/image\/\",\"url\":\"https:\/\/www.kress.com\/wp-content\/uploads\/2024\/02\/logo.png\",\"contentUrl\":\"https:\/\/www.kress.com\/wp-content\/uploads\/2024\/02\/logo.png\",\"width\":696,\"height\":696,\"caption\":\"Kress\"},\"image\":{\"@id\":\"https:\/\/www.kress.com\/de-de\/#\/schema\/logo\/image\/\"}}]}<\/script>\n<!-- \/ Yoast SEO Premium plugin. -->","yoast_head_json":{"title":"Kress Kit perceuse-visseuse sans fil 20 V Max 60 Nm 2 vitesses 13 mm | Kress","robots":{"index":"index","follow":"follow","max-snippet":"max-snippet:-1","max-image-preview":"max-image-preview:large","max-video-preview":"max-video-preview:-1"},"og_locale":"fr_FR","og_type":"article","og_title":"Kress Kit perceuse-visseuse sans fil 20 V Max 60 Nm 2 vitesses 13 mm","og_description":"Con\u00e7ue avec une technologie sans balais innovante offrant une taille plus compacte, une dur\u00e9e de vie du moteur jusqu&#8217;\u00e0 10 fois plus longue et une autonomie accrue de 50 %, la perceuse-visseuse Kress KUA71 20 V 60 Nm 13 mm est con\u00e7ue pour offrir une efficacit\u00e9 et une pr\u00e9cision accrues. Elle est \u00e9quip\u00e9e d&#8217;un mandrin [&hellip;]","og_url":"https:\/\/www.kress.com\/fr-ch\/kress-kit-perceuse-visseuse-sans-fil-20-v-max-60-nm-2-vitesses-13-mm-kua71\/","og_site_name":"Kress","article_modified_time":"2025-10-17T10:00:22+00:00","og_image":[{"width":1200,"height":675,"url":"https:\/\/www.kress.com\/wp-content\/uploads\/2024\/02\/logo_long.png","type":"image\/png"}],"twitter_card":"summary_large_image","twitter_misc":{"Est. reading time":"1 minute"},"schema":{"@context":"https:\/\/schema.org","@graph":[{"@type":"WebPage","@id":"https:\/\/www.kress.com\/fr-ch\/kress-kit-perceuse-visseuse-sans-fil-20-v-max-60-nm-2-vitesses-13-mm-kua71\/","url":"https:\/\/www.kress.com\/fr-ch\/kress-kit-perceuse-visseuse-sans-fil-20-v-max-60-nm-2-vitesses-13-mm-kua71\/","name":"Kress Kit perceuse-visseuse sans fil 20 V Max 60 Nm 2 vitesses 13 mm | Kress","isPartOf":{"@id":"https:\/\/www.kress.com\/de-de\/#website"},"datePublished":"2024-03-26T08:16:41+00:00","dateModified":"2025-10-17T10:00:22+00:00","breadcrumb":{"@id":"https:\/\/www.kress.com\/fr-ch\/kress-kit-perceuse-visseuse-sans-fil-20-v-max-60-nm-2-vitesses-13-mm-kua71\/#breadcrumb"},"inLanguage":"fr-CH","potentialAction":[{"@type":"ReadAction","target":["https:\/\/www.kress.com\/fr-ch\/kress-kit-perceuse-visseuse-sans-fil-20-v-max-60-nm-2-vitesses-13-mm-kua71\/"]}]},{"@type":"BreadcrumbList","@id":"https:\/\/www.kress.com\/fr-ch\/kress-kit-perceuse-visseuse-sans-fil-20-v-max-60-nm-2-vitesses-13-mm-kua71\/#breadcrumb","itemListElement":[{"@type":"ListItem","position":1,"name":"Home","item":"https:\/\/www.kress.com\/fr-ch\/"},{"@type":"ListItem","position":2,"name":"Produits","item":"https:\/\/www.kress.com\/fr-fr\/shop\/"},{"@type":"ListItem","position":3,"name":"Kress Kit perceuse-visseuse sans fil 20 V Max 60 Nm 2 vitesses 13 mm"}]},{"@type":"WebSite","@id":"https:\/\/www.kress.com\/de-de\/#website","url":"https:\/\/www.kress.com\/de-de\/","name":"Kress","description":"","publisher":{"@id":"https:\/\/www.kress.com\/de-de\/#organization"},"potentialAction":[{"@type":"SearchAction","target":{"@type":"EntryPoint","urlTemplate":"https:\/\/www.kress.com\/de-de\/?s={search_term_string}"},"query-input":{"@type":"PropertyValueSpecification","valueRequired":true,"valueName":"search_term_string"}}],"inLanguage":"fr-CH"},{"@type":"Organization","@id":"https:\/\/www.kress.com\/de-de\/#organization","name":"Kress","url":"https:\/\/www.kress.com\/de-de\/","logo":{"@type":"ImageObject","inLanguage":"fr-CH","@id":"https:\/\/www.kress.com\/de-de\/#\/schema\/logo\/image\/","url":"https:\/\/www.kress.com\/wp-content\/uploads\/2024\/02\/logo.png","contentUrl":"https:\/\/www.kress.com\/wp-content\/uploads\/2024\/02\/logo.png","width":696,"height":696,"caption":"Kress"},"image":{"@id":"https:\/\/www.kress.com\/de-de\/#\/schema\/logo\/image\/"}}]}},"_links":{"self":[{"href":"https:\/\/www.kress.com\/fr-ch\/wp-json\/wp\/v2\/product\/35751","targetHints":{"allow":["GET"]}}],"collection":[{"href":"https:\/\/www.kress.com\/fr-ch\/wp-json\/wp\/v2\/product"}],"about":[{"href":"https:\/\/www.kress.com\/fr-ch\/wp-json\/wp\/v2\/types\/product"}],"wp:attachment":[{"href":"https:\/\/www.kress.com\/fr-ch\/wp-json\/wp\/v2\/media?parent=35751"}],"wp:term":[{"taxonomy":"product_brand","embeddable":true,"href":"https:\/\/www.kress.com\/fr-ch\/wp-json\/wp\/v2\/product_brand?post=35751"},{"taxonomy":"product_cat","embeddable":true,"href":"https:\/\/www.kress.com\/fr-ch\/wp-json\/wp\/v2\/product_cat?post=35751"},{"taxonomy":"product_tag","embeddable":true,"href":"https:\/\/www.kress.com\/fr-ch\/wp-json\/wp\/v2\/product_tag?post=35751"}],"curies":[{"name":"wp","href":"https:\/\/api.w.org\/{rel}","templated":true}]}}