{"id":34519,"date":"2024-03-26T08:16:34","date_gmt":"2024-03-26T08:16:34","guid":{"rendered":""},"modified":"2025-10-17T10:00:22","modified_gmt":"2025-10-17T10:00:22","slug":"taille-haie-60-v-de-qualite-commerciale-kc200-9","status":"publish","type":"product","link":"https:\/\/www.kress.com\/fr-ch\/taille-haie-60-v-de-qualite-commerciale-kc200-9\/","title":{"rendered":"Taille-haie 60 V de qualit\u00e9 commerciale"},"content":{"rendered":"<p>Optimis\u00e9 pour r\u00e9pondre aux exigences des paysagistes professionnels, le taille-haie KC200.9 Kress Commercial 60 V 63 cm offre une puissance comparable \u00e0 celle des mod\u00e8les \u00e0 essence, sans les \u00e9missions. Le lamier double face de 63 cm, \u00e9quip\u00e9 de lames d\u00e9coup\u00e9es au laser, assure une finition propre et nette, m\u00eame pour les buissons les plus envahissants. La flexibilit\u00e9 est essentielle, avec l&#8217;option d&#8217;utiliser soit les batteries embarqu\u00e9es pour les t\u00e2ches rapides, soit les batteries dorsales pour une utilisation prolong\u00e9e, maximisant ainsi la polyvalence. La technologie r\u00e9volutionnaire des batteries Kress offre des dur\u00e9es d&#8217;utilisation longues et un chargement rapide, ce qui vous permet de travailler efficacement tout au long de la journ\u00e9e.<\/p>\n","protected":false},"excerpt":{"rendered":"<p>Optimis\u00e9 pour r\u00e9pondre aux exigences des paysagistes professionnels, le taille-haie KC200.9 Kress Commercial 60 V 63 cm offre une puissance comparable \u00e0 celle des mod\u00e8les \u00e0 essence, sans les \u00e9missions. Le lamier double face de 63 cm, \u00e9quip\u00e9 de lames d\u00e9coup\u00e9es au laser, assure une finition propre et nette, m\u00eame pour les buissons les plus [&hellip;]<\/p>\n","protected":false},"featured_media":408784,"template":"","meta":{"_acf_changed":false},"product_brand":[],"product_cat":[],"product_tag":[],"class_list":{"0":"post-34519","1":"product","2":"type-product","3":"status-publish","4":"has-post-thumbnail","7":"first","8":"instock","9":"shipping-taxable","10":"purchasable","11":"product-type-simple"},"acf":[],"yoast_head":"<!-- This site is optimized with the Yoast SEO Premium plugin v26.5 (Yoast SEO v27.0) - https:\/\/yoast.com\/product\/yoast-seo-premium-wordpress\/ -->\n<title>Taille-haie 60 V de qualit\u00e9 commerciale | Kress<\/title>\n<meta name=\"robots\" content=\"index, follow, max-snippet:-1, max-image-preview:large, max-video-preview:-1\" \/>\n<meta property=\"og:locale\" content=\"fr_FR\" \/>\n<meta property=\"og:type\" content=\"article\" \/>\n<meta property=\"og:title\" content=\"Taille-haie 60 V de qualit\u00e9 commerciale\" \/>\n<meta property=\"og:description\" content=\"Optimis\u00e9 pour r\u00e9pondre aux exigences des paysagistes professionnels, le taille-haie KC200.9 Kress Commercial 60 V 63 cm offre une puissance comparable \u00e0 celle des mod\u00e8les \u00e0 essence, sans les \u00e9missions. Le lamier double face de 63 cm, \u00e9quip\u00e9 de lames d\u00e9coup\u00e9es au laser, assure une finition propre et nette, m\u00eame pour les buissons les plus [&hellip;]\" \/>\n<meta property=\"og:url\" content=\"https:\/\/www.kress.com\/fr-ch\/taille-haie-60-v-de-qualite-commerciale-kc200-9\/\" \/>\n<meta property=\"og:site_name\" content=\"Kress\" \/>\n<meta property=\"article:modified_time\" content=\"2025-10-17T10:00:22+00:00\" \/>\n<meta property=\"og:image\" content=\"https:\/\/www.kress.com\/wp-content\/uploads\/onpage\/op_image_8f857b4af0f4cbb3a3a732058b96da8b0152c30e.1980x.webp\" \/>\n\t<meta property=\"og:image:width\" content=\"1980\" \/>\n\t<meta property=\"og:image:height\" content=\"1980\" \/>\n\t<meta property=\"og:image:type\" content=\"image\/webp\" \/>\n<meta name=\"twitter:card\" content=\"summary_large_image\" \/>\n<meta name=\"twitter:label1\" content=\"Est. reading time\" \/>\n\t<meta name=\"twitter:data1\" content=\"1 minute\" \/>\n<script type=\"application\/ld+json\" class=\"yoast-schema-graph\">{\"@context\":\"https:\/\/schema.org\",\"@graph\":[{\"@type\":\"WebPage\",\"@id\":\"https:\/\/www.kress.com\/fr-ch\/taille-haie-60-v-de-qualite-commerciale-kc200-9\/\",\"url\":\"https:\/\/www.kress.com\/fr-ch\/taille-haie-60-v-de-qualite-commerciale-kc200-9\/\",\"name\":\"Taille-haie 60 V de qualit\u00e9 commerciale | Kress\",\"isPartOf\":{\"@id\":\"https:\/\/www.kress.com\/de-de\/#website\"},\"primaryImageOfPage\":{\"@id\":\"https:\/\/www.kress.com\/fr-ch\/taille-haie-60-v-de-qualite-commerciale-kc200-9\/#primaryimage\"},\"image\":{\"@id\":\"https:\/\/www.kress.com\/fr-ch\/taille-haie-60-v-de-qualite-commerciale-kc200-9\/#primaryimage\"},\"thumbnailUrl\":\"https:\/\/www.kress.com\/wp-content\/uploads\/onpage\/op_image_8f857b4af0f4cbb3a3a732058b96da8b0152c30e.1980x.webp\",\"datePublished\":\"2024-03-26T08:16:34+00:00\",\"dateModified\":\"2025-10-17T10:00:22+00:00\",\"breadcrumb\":{\"@id\":\"https:\/\/www.kress.com\/fr-ch\/taille-haie-60-v-de-qualite-commerciale-kc200-9\/#breadcrumb\"},\"inLanguage\":\"fr-CH\",\"potentialAction\":[{\"@type\":\"ReadAction\",\"target\":[\"https:\/\/www.kress.com\/fr-ch\/taille-haie-60-v-de-qualite-commerciale-kc200-9\/\"]}]},{\"@type\":\"ImageObject\",\"inLanguage\":\"fr-CH\",\"@id\":\"https:\/\/www.kress.com\/fr-ch\/taille-haie-60-v-de-qualite-commerciale-kc200-9\/#primaryimage\",\"url\":\"https:\/\/www.kress.com\/wp-content\/uploads\/onpage\/op_image_8f857b4af0f4cbb3a3a732058b96da8b0152c30e.1980x.webp\",\"contentUrl\":\"https:\/\/www.kress.com\/wp-content\/uploads\/onpage\/op_image_8f857b4af0f4cbb3a3a732058b96da8b0152c30e.1980x.webp\",\"width\":1980,\"height\":1980},{\"@type\":\"BreadcrumbList\",\"@id\":\"https:\/\/www.kress.com\/fr-ch\/taille-haie-60-v-de-qualite-commerciale-kc200-9\/#breadcrumb\",\"itemListElement\":[{\"@type\":\"ListItem\",\"position\":1,\"name\":\"Home\",\"item\":\"https:\/\/www.kress.com\/fr-ch\/\"},{\"@type\":\"ListItem\",\"position\":2,\"name\":\"Produits\",\"item\":\"https:\/\/www.kress.com\/fr-fr\/shop\/\"},{\"@type\":\"ListItem\",\"position\":3,\"name\":\"Taille-haie 60 V de qualit\u00e9 commerciale\"}]},{\"@type\":\"WebSite\",\"@id\":\"https:\/\/www.kress.com\/de-de\/#website\",\"url\":\"https:\/\/www.kress.com\/de-de\/\",\"name\":\"Kress\",\"description\":\"\",\"publisher\":{\"@id\":\"https:\/\/www.kress.com\/de-de\/#organization\"},\"potentialAction\":[{\"@type\":\"SearchAction\",\"target\":{\"@type\":\"EntryPoint\",\"urlTemplate\":\"https:\/\/www.kress.com\/de-de\/?s={search_term_string}\"},\"query-input\":{\"@type\":\"PropertyValueSpecification\",\"valueRequired\":true,\"valueName\":\"search_term_string\"}}],\"inLanguage\":\"fr-CH\"},{\"@type\":\"Organization\",\"@id\":\"https:\/\/www.kress.com\/de-de\/#organization\",\"name\":\"Kress\",\"url\":\"https:\/\/www.kress.com\/de-de\/\",\"logo\":{\"@type\":\"ImageObject\",\"inLanguage\":\"fr-CH\",\"@id\":\"https:\/\/www.kress.com\/de-de\/#\/schema\/logo\/image\/\",\"url\":\"https:\/\/www.kress.com\/wp-content\/uploads\/2024\/02\/logo.png\",\"contentUrl\":\"https:\/\/www.kress.com\/wp-content\/uploads\/2024\/02\/logo.png\",\"width\":696,\"height\":696,\"caption\":\"Kress\"},\"image\":{\"@id\":\"https:\/\/www.kress.com\/de-de\/#\/schema\/logo\/image\/\"}}]}<\/script>\n<!-- \/ Yoast SEO Premium plugin. -->","yoast_head_json":{"title":"Taille-haie 60 V de qualit\u00e9 commerciale | Kress","robots":{"index":"index","follow":"follow","max-snippet":"max-snippet:-1","max-image-preview":"max-image-preview:large","max-video-preview":"max-video-preview:-1"},"og_locale":"fr_FR","og_type":"article","og_title":"Taille-haie 60 V de qualit\u00e9 commerciale","og_description":"Optimis\u00e9 pour r\u00e9pondre aux exigences des paysagistes professionnels, le taille-haie KC200.9 Kress Commercial 60 V 63 cm offre une puissance comparable \u00e0 celle des mod\u00e8les \u00e0 essence, sans les \u00e9missions. Le lamier double face de 63 cm, \u00e9quip\u00e9 de lames d\u00e9coup\u00e9es au laser, assure une finition propre et nette, m\u00eame pour les buissons les plus [&hellip;]","og_url":"https:\/\/www.kress.com\/fr-ch\/taille-haie-60-v-de-qualite-commerciale-kc200-9\/","og_site_name":"Kress","article_modified_time":"2025-10-17T10:00:22+00:00","og_image":[{"width":1980,"height":1980,"url":"https:\/\/www.kress.com\/wp-content\/uploads\/onpage\/op_image_8f857b4af0f4cbb3a3a732058b96da8b0152c30e.1980x.webp","type":"image\/webp"}],"twitter_card":"summary_large_image","twitter_misc":{"Est. reading time":"1 minute"},"schema":{"@context":"https:\/\/schema.org","@graph":[{"@type":"WebPage","@id":"https:\/\/www.kress.com\/fr-ch\/taille-haie-60-v-de-qualite-commerciale-kc200-9\/","url":"https:\/\/www.kress.com\/fr-ch\/taille-haie-60-v-de-qualite-commerciale-kc200-9\/","name":"Taille-haie 60 V de qualit\u00e9 commerciale | Kress","isPartOf":{"@id":"https:\/\/www.kress.com\/de-de\/#website"},"primaryImageOfPage":{"@id":"https:\/\/www.kress.com\/fr-ch\/taille-haie-60-v-de-qualite-commerciale-kc200-9\/#primaryimage"},"image":{"@id":"https:\/\/www.kress.com\/fr-ch\/taille-haie-60-v-de-qualite-commerciale-kc200-9\/#primaryimage"},"thumbnailUrl":"https:\/\/www.kress.com\/wp-content\/uploads\/onpage\/op_image_8f857b4af0f4cbb3a3a732058b96da8b0152c30e.1980x.webp","datePublished":"2024-03-26T08:16:34+00:00","dateModified":"2025-10-17T10:00:22+00:00","breadcrumb":{"@id":"https:\/\/www.kress.com\/fr-ch\/taille-haie-60-v-de-qualite-commerciale-kc200-9\/#breadcrumb"},"inLanguage":"fr-CH","potentialAction":[{"@type":"ReadAction","target":["https:\/\/www.kress.com\/fr-ch\/taille-haie-60-v-de-qualite-commerciale-kc200-9\/"]}]},{"@type":"ImageObject","inLanguage":"fr-CH","@id":"https:\/\/www.kress.com\/fr-ch\/taille-haie-60-v-de-qualite-commerciale-kc200-9\/#primaryimage","url":"https:\/\/www.kress.com\/wp-content\/uploads\/onpage\/op_image_8f857b4af0f4cbb3a3a732058b96da8b0152c30e.1980x.webp","contentUrl":"https:\/\/www.kress.com\/wp-content\/uploads\/onpage\/op_image_8f857b4af0f4cbb3a3a732058b96da8b0152c30e.1980x.webp","width":1980,"height":1980},{"@type":"BreadcrumbList","@id":"https:\/\/www.kress.com\/fr-ch\/taille-haie-60-v-de-qualite-commerciale-kc200-9\/#breadcrumb","itemListElement":[{"@type":"ListItem","position":1,"name":"Home","item":"https:\/\/www.kress.com\/fr-ch\/"},{"@type":"ListItem","position":2,"name":"Produits","item":"https:\/\/www.kress.com\/fr-fr\/shop\/"},{"@type":"ListItem","position":3,"name":"Taille-haie 60 V de qualit\u00e9 commerciale"}]},{"@type":"WebSite","@id":"https:\/\/www.kress.com\/de-de\/#website","url":"https:\/\/www.kress.com\/de-de\/","name":"Kress","description":"","publisher":{"@id":"https:\/\/www.kress.com\/de-de\/#organization"},"potentialAction":[{"@type":"SearchAction","target":{"@type":"EntryPoint","urlTemplate":"https:\/\/www.kress.com\/de-de\/?s={search_term_string}"},"query-input":{"@type":"PropertyValueSpecification","valueRequired":true,"valueName":"search_term_string"}}],"inLanguage":"fr-CH"},{"@type":"Organization","@id":"https:\/\/www.kress.com\/de-de\/#organization","name":"Kress","url":"https:\/\/www.kress.com\/de-de\/","logo":{"@type":"ImageObject","inLanguage":"fr-CH","@id":"https:\/\/www.kress.com\/de-de\/#\/schema\/logo\/image\/","url":"https:\/\/www.kress.com\/wp-content\/uploads\/2024\/02\/logo.png","contentUrl":"https:\/\/www.kress.com\/wp-content\/uploads\/2024\/02\/logo.png","width":696,"height":696,"caption":"Kress"},"image":{"@id":"https:\/\/www.kress.com\/de-de\/#\/schema\/logo\/image\/"}}]}},"_links":{"self":[{"href":"https:\/\/www.kress.com\/fr-ch\/wp-json\/wp\/v2\/product\/34519","targetHints":{"allow":["GET"]}}],"collection":[{"href":"https:\/\/www.kress.com\/fr-ch\/wp-json\/wp\/v2\/product"}],"about":[{"href":"https:\/\/www.kress.com\/fr-ch\/wp-json\/wp\/v2\/types\/product"}],"wp:featuredmedia":[{"embeddable":true,"href":"https:\/\/www.kress.com\/fr-ch\/wp-json\/wp\/v2\/media\/408784"}],"wp:attachment":[{"href":"https:\/\/www.kress.com\/fr-ch\/wp-json\/wp\/v2\/media?parent=34519"}],"wp:term":[{"taxonomy":"product_brand","embeddable":true,"href":"https:\/\/www.kress.com\/fr-ch\/wp-json\/wp\/v2\/product_brand?post=34519"},{"taxonomy":"product_cat","embeddable":true,"href":"https:\/\/www.kress.com\/fr-ch\/wp-json\/wp\/v2\/product_cat?post=34519"},{"taxonomy":"product_tag","embeddable":true,"href":"https:\/\/www.kress.com\/fr-ch\/wp-json\/wp\/v2\/product_tag?post=34519"}],"curies":[{"name":"wp","href":"https:\/\/api.w.org\/{rel}","templated":true}]}}