{"id":33371,"date":"2024-03-26T08:16:28","date_gmt":"2024-03-26T08:16:28","guid":{"rendered":""},"modified":"2025-10-17T10:00:22","modified_gmt":"2025-10-17T10:00:22","slug":"souffleur-de-feuilles-portatif-60-v-kg560e-9","status":"publish","type":"product","link":"https:\/\/www.kress.com\/fr-ch\/souffleur-de-feuilles-portatif-60-v-kg560e-9\/","title":{"rendered":"Souffleur de feuilles portatif 60 V de qualit\u00e9 professionnelle"},"content":{"rendered":"<p>Le souffleur de feuilles 60 V KG560E.9 est con\u00e7u pour offrir des performances sup\u00e9rieures. Il d\u00e9livre une pouss\u00e9e de 18 N pour \u00e9liminer sans effort les feuilles et les d\u00e9bris. Construit avec des mat\u00e9riaux de haute qualit\u00e9, il r\u00e9siste aux environnements les plus exigeants. Parfait pour ceux qui recherchent une solution durable et sans \u00e9missions pour l&#8217;entretien de leur jardin.<\/p>\n","protected":false},"excerpt":{"rendered":"<p>Le souffleur de feuilles 60 V KG560E.9 est con\u00e7u pour offrir des performances sup\u00e9rieures. Il d\u00e9livre une pouss\u00e9e de 18 N pour \u00e9liminer sans effort les feuilles et les d\u00e9bris. Construit avec des mat\u00e9riaux de haute qualit\u00e9, il r\u00e9siste aux environnements les plus exigeants. Parfait pour ceux qui recherchent une solution durable et sans \u00e9missions [&hellip;]<\/p>\n","protected":false},"featured_media":407992,"template":"","meta":{"_acf_changed":false},"product_brand":[],"product_cat":[],"product_tag":[],"class_list":{"0":"post-33371","1":"product","2":"type-product","3":"status-publish","4":"has-post-thumbnail","7":"first","8":"instock","9":"shipping-taxable","10":"purchasable","11":"product-type-simple"},"acf":[],"yoast_head":"<!-- This site is optimized with the Yoast SEO Premium plugin v26.5 (Yoast SEO v27.0) - https:\/\/yoast.com\/product\/yoast-seo-premium-wordpress\/ -->\n<title>Souffleur de feuilles portatif 60 V de qualit\u00e9 professionnelle | Kress<\/title>\n<meta name=\"robots\" content=\"index, follow, max-snippet:-1, max-image-preview:large, max-video-preview:-1\" \/>\n<meta property=\"og:locale\" content=\"fr_FR\" \/>\n<meta property=\"og:type\" content=\"article\" \/>\n<meta property=\"og:title\" content=\"Souffleur de feuilles portatif 60 V de qualit\u00e9 professionnelle\" \/>\n<meta property=\"og:description\" content=\"Le souffleur de feuilles 60 V KG560E.9 est con\u00e7u pour offrir des performances sup\u00e9rieures. Il d\u00e9livre une pouss\u00e9e de 18 N pour \u00e9liminer sans effort les feuilles et les d\u00e9bris. Construit avec des mat\u00e9riaux de haute qualit\u00e9, il r\u00e9siste aux environnements les plus exigeants. Parfait pour ceux qui recherchent une solution durable et sans \u00e9missions [&hellip;]\" \/>\n<meta property=\"og:url\" content=\"https:\/\/www.kress.com\/fr-ch\/souffleur-de-feuilles-portatif-60-v-kg560e-9\/\" \/>\n<meta property=\"og:site_name\" content=\"Kress\" \/>\n<meta property=\"article:modified_time\" content=\"2025-10-17T10:00:22+00:00\" \/>\n<meta property=\"og:image\" content=\"https:\/\/www.kress.com\/wp-content\/uploads\/onpage\/op_image_48dab4e1cb1d907166f8f12870a55018a2fcd7be.1980x.webp\" \/>\n\t<meta property=\"og:image:width\" content=\"1980\" \/>\n\t<meta property=\"og:image:height\" content=\"1980\" \/>\n\t<meta property=\"og:image:type\" content=\"image\/webp\" \/>\n<meta name=\"twitter:card\" content=\"summary_large_image\" \/>\n<script type=\"application\/ld+json\" class=\"yoast-schema-graph\">{\"@context\":\"https:\/\/schema.org\",\"@graph\":[{\"@type\":\"WebPage\",\"@id\":\"https:\/\/www.kress.com\/fr-ch\/souffleur-de-feuilles-portatif-60-v-kg560e-9\/\",\"url\":\"https:\/\/www.kress.com\/fr-ch\/souffleur-de-feuilles-portatif-60-v-kg560e-9\/\",\"name\":\"Souffleur de feuilles portatif 60 V de qualit\u00e9 professionnelle | Kress\",\"isPartOf\":{\"@id\":\"https:\/\/www.kress.com\/de-de\/#website\"},\"primaryImageOfPage\":{\"@id\":\"https:\/\/www.kress.com\/fr-ch\/souffleur-de-feuilles-portatif-60-v-kg560e-9\/#primaryimage\"},\"image\":{\"@id\":\"https:\/\/www.kress.com\/fr-ch\/souffleur-de-feuilles-portatif-60-v-kg560e-9\/#primaryimage\"},\"thumbnailUrl\":\"https:\/\/www.kress.com\/wp-content\/uploads\/onpage\/op_image_48dab4e1cb1d907166f8f12870a55018a2fcd7be.1980x.webp\",\"datePublished\":\"2024-03-26T08:16:28+00:00\",\"dateModified\":\"2025-10-17T10:00:22+00:00\",\"breadcrumb\":{\"@id\":\"https:\/\/www.kress.com\/fr-ch\/souffleur-de-feuilles-portatif-60-v-kg560e-9\/#breadcrumb\"},\"inLanguage\":\"fr-CH\",\"potentialAction\":[{\"@type\":\"ReadAction\",\"target\":[\"https:\/\/www.kress.com\/fr-ch\/souffleur-de-feuilles-portatif-60-v-kg560e-9\/\"]}]},{\"@type\":\"ImageObject\",\"inLanguage\":\"fr-CH\",\"@id\":\"https:\/\/www.kress.com\/fr-ch\/souffleur-de-feuilles-portatif-60-v-kg560e-9\/#primaryimage\",\"url\":\"https:\/\/www.kress.com\/wp-content\/uploads\/onpage\/op_image_48dab4e1cb1d907166f8f12870a55018a2fcd7be.1980x.webp\",\"contentUrl\":\"https:\/\/www.kress.com\/wp-content\/uploads\/onpage\/op_image_48dab4e1cb1d907166f8f12870a55018a2fcd7be.1980x.webp\",\"width\":1980,\"height\":1980},{\"@type\":\"BreadcrumbList\",\"@id\":\"https:\/\/www.kress.com\/fr-ch\/souffleur-de-feuilles-portatif-60-v-kg560e-9\/#breadcrumb\",\"itemListElement\":[{\"@type\":\"ListItem\",\"position\":1,\"name\":\"Home\",\"item\":\"https:\/\/www.kress.com\/fr-ch\/\"},{\"@type\":\"ListItem\",\"position\":2,\"name\":\"Produits\",\"item\":\"https:\/\/www.kress.com\/fr-fr\/shop\/\"},{\"@type\":\"ListItem\",\"position\":3,\"name\":\"Souffleur de feuilles portatif 60 V\"}]},{\"@type\":\"WebSite\",\"@id\":\"https:\/\/www.kress.com\/de-de\/#website\",\"url\":\"https:\/\/www.kress.com\/de-de\/\",\"name\":\"Kress\",\"description\":\"\",\"publisher\":{\"@id\":\"https:\/\/www.kress.com\/de-de\/#organization\"},\"potentialAction\":[{\"@type\":\"SearchAction\",\"target\":{\"@type\":\"EntryPoint\",\"urlTemplate\":\"https:\/\/www.kress.com\/de-de\/?s={search_term_string}\"},\"query-input\":{\"@type\":\"PropertyValueSpecification\",\"valueRequired\":true,\"valueName\":\"search_term_string\"}}],\"inLanguage\":\"fr-CH\"},{\"@type\":\"Organization\",\"@id\":\"https:\/\/www.kress.com\/de-de\/#organization\",\"name\":\"Kress\",\"url\":\"https:\/\/www.kress.com\/de-de\/\",\"logo\":{\"@type\":\"ImageObject\",\"inLanguage\":\"fr-CH\",\"@id\":\"https:\/\/www.kress.com\/de-de\/#\/schema\/logo\/image\/\",\"url\":\"https:\/\/www.kress.com\/wp-content\/uploads\/2024\/02\/logo.png\",\"contentUrl\":\"https:\/\/www.kress.com\/wp-content\/uploads\/2024\/02\/logo.png\",\"width\":696,\"height\":696,\"caption\":\"Kress\"},\"image\":{\"@id\":\"https:\/\/www.kress.com\/de-de\/#\/schema\/logo\/image\/\"}}]}<\/script>\n<!-- \/ Yoast SEO Premium plugin. -->","yoast_head_json":{"title":"Souffleur de feuilles portatif 60 V de qualit\u00e9 professionnelle | Kress","robots":{"index":"index","follow":"follow","max-snippet":"max-snippet:-1","max-image-preview":"max-image-preview:large","max-video-preview":"max-video-preview:-1"},"og_locale":"fr_FR","og_type":"article","og_title":"Souffleur de feuilles portatif 60 V de qualit\u00e9 professionnelle","og_description":"Le souffleur de feuilles 60 V KG560E.9 est con\u00e7u pour offrir des performances sup\u00e9rieures. Il d\u00e9livre une pouss\u00e9e de 18 N pour \u00e9liminer sans effort les feuilles et les d\u00e9bris. Construit avec des mat\u00e9riaux de haute qualit\u00e9, il r\u00e9siste aux environnements les plus exigeants. Parfait pour ceux qui recherchent une solution durable et sans \u00e9missions [&hellip;]","og_url":"https:\/\/www.kress.com\/fr-ch\/souffleur-de-feuilles-portatif-60-v-kg560e-9\/","og_site_name":"Kress","article_modified_time":"2025-10-17T10:00:22+00:00","og_image":[{"width":1980,"height":1980,"url":"https:\/\/www.kress.com\/wp-content\/uploads\/onpage\/op_image_48dab4e1cb1d907166f8f12870a55018a2fcd7be.1980x.webp","type":"image\/webp"}],"twitter_card":"summary_large_image","schema":{"@context":"https:\/\/schema.org","@graph":[{"@type":"WebPage","@id":"https:\/\/www.kress.com\/fr-ch\/souffleur-de-feuilles-portatif-60-v-kg560e-9\/","url":"https:\/\/www.kress.com\/fr-ch\/souffleur-de-feuilles-portatif-60-v-kg560e-9\/","name":"Souffleur de feuilles portatif 60 V de qualit\u00e9 professionnelle | Kress","isPartOf":{"@id":"https:\/\/www.kress.com\/de-de\/#website"},"primaryImageOfPage":{"@id":"https:\/\/www.kress.com\/fr-ch\/souffleur-de-feuilles-portatif-60-v-kg560e-9\/#primaryimage"},"image":{"@id":"https:\/\/www.kress.com\/fr-ch\/souffleur-de-feuilles-portatif-60-v-kg560e-9\/#primaryimage"},"thumbnailUrl":"https:\/\/www.kress.com\/wp-content\/uploads\/onpage\/op_image_48dab4e1cb1d907166f8f12870a55018a2fcd7be.1980x.webp","datePublished":"2024-03-26T08:16:28+00:00","dateModified":"2025-10-17T10:00:22+00:00","breadcrumb":{"@id":"https:\/\/www.kress.com\/fr-ch\/souffleur-de-feuilles-portatif-60-v-kg560e-9\/#breadcrumb"},"inLanguage":"fr-CH","potentialAction":[{"@type":"ReadAction","target":["https:\/\/www.kress.com\/fr-ch\/souffleur-de-feuilles-portatif-60-v-kg560e-9\/"]}]},{"@type":"ImageObject","inLanguage":"fr-CH","@id":"https:\/\/www.kress.com\/fr-ch\/souffleur-de-feuilles-portatif-60-v-kg560e-9\/#primaryimage","url":"https:\/\/www.kress.com\/wp-content\/uploads\/onpage\/op_image_48dab4e1cb1d907166f8f12870a55018a2fcd7be.1980x.webp","contentUrl":"https:\/\/www.kress.com\/wp-content\/uploads\/onpage\/op_image_48dab4e1cb1d907166f8f12870a55018a2fcd7be.1980x.webp","width":1980,"height":1980},{"@type":"BreadcrumbList","@id":"https:\/\/www.kress.com\/fr-ch\/souffleur-de-feuilles-portatif-60-v-kg560e-9\/#breadcrumb","itemListElement":[{"@type":"ListItem","position":1,"name":"Home","item":"https:\/\/www.kress.com\/fr-ch\/"},{"@type":"ListItem","position":2,"name":"Produits","item":"https:\/\/www.kress.com\/fr-fr\/shop\/"},{"@type":"ListItem","position":3,"name":"Souffleur de feuilles portatif 60 V"}]},{"@type":"WebSite","@id":"https:\/\/www.kress.com\/de-de\/#website","url":"https:\/\/www.kress.com\/de-de\/","name":"Kress","description":"","publisher":{"@id":"https:\/\/www.kress.com\/de-de\/#organization"},"potentialAction":[{"@type":"SearchAction","target":{"@type":"EntryPoint","urlTemplate":"https:\/\/www.kress.com\/de-de\/?s={search_term_string}"},"query-input":{"@type":"PropertyValueSpecification","valueRequired":true,"valueName":"search_term_string"}}],"inLanguage":"fr-CH"},{"@type":"Organization","@id":"https:\/\/www.kress.com\/de-de\/#organization","name":"Kress","url":"https:\/\/www.kress.com\/de-de\/","logo":{"@type":"ImageObject","inLanguage":"fr-CH","@id":"https:\/\/www.kress.com\/de-de\/#\/schema\/logo\/image\/","url":"https:\/\/www.kress.com\/wp-content\/uploads\/2024\/02\/logo.png","contentUrl":"https:\/\/www.kress.com\/wp-content\/uploads\/2024\/02\/logo.png","width":696,"height":696,"caption":"Kress"},"image":{"@id":"https:\/\/www.kress.com\/de-de\/#\/schema\/logo\/image\/"}}]}},"_links":{"self":[{"href":"https:\/\/www.kress.com\/fr-ch\/wp-json\/wp\/v2\/product\/33371","targetHints":{"allow":["GET"]}}],"collection":[{"href":"https:\/\/www.kress.com\/fr-ch\/wp-json\/wp\/v2\/product"}],"about":[{"href":"https:\/\/www.kress.com\/fr-ch\/wp-json\/wp\/v2\/types\/product"}],"wp:featuredmedia":[{"embeddable":true,"href":"https:\/\/www.kress.com\/fr-ch\/wp-json\/wp\/v2\/media\/407992"}],"wp:attachment":[{"href":"https:\/\/www.kress.com\/fr-ch\/wp-json\/wp\/v2\/media?parent=33371"}],"wp:term":[{"taxonomy":"product_brand","embeddable":true,"href":"https:\/\/www.kress.com\/fr-ch\/wp-json\/wp\/v2\/product_brand?post=33371"},{"taxonomy":"product_cat","embeddable":true,"href":"https:\/\/www.kress.com\/fr-ch\/wp-json\/wp\/v2\/product_cat?post=33371"},{"taxonomy":"product_tag","embeddable":true,"href":"https:\/\/www.kress.com\/fr-ch\/wp-json\/wp\/v2\/product_tag?post=33371"}],"curies":[{"name":"wp","href":"https:\/\/api.w.org\/{rel}","templated":true}]}}