{"id":529129,"date":"2026-03-06T10:03:17","date_gmt":"2026-03-06T10:03:17","guid":{"rendered":""},"modified":"2026-03-06T10:00:20","modified_gmt":"2026-03-06T10:00:20","slug":"kress-eyepilot-4x4-rtk%e2%81%bf-4000-m%c2%b2-robot-tondeuse-kr284","status":"publish","type":"product","link":"https:\/\/www.kress.com\/fr-ca\/kress-eyepilot-4x4-rtk%e2%81%bf-4000-m%c2%b2-robot-tondeuse-kr284\/","title":{"rendered":"Tondeuse robotis\u00e9e Kress EyePilot\u00ae 4\u00d74 RTK\u207f 1 acre avec Zero Trim, 4G int\u00e9gr\u00e9e et Securit\u00e9 Sup\u00e9rieur"},"content":{"rendered":"<p>Con\u00e7ue pour les terrains exigeants, la tondeuse Kress EyePilot\u00ae 4\u00d74 RTK\u207f KR284 combine le positionnement par satellite RTK, la vision p\u00e9riph\u00e9rique et une v\u00e9ritable transmission int\u00e9grale pour une navigation pr\u00e9cise et stable sur les terrains complexes, sans mat\u00e9riel suppl\u00e9mentaire.  <\/p>\n<p>Sa transmission \u00e0 quatre moteurs avec contr\u00f4le de couple en temps r\u00e9el assure traction et direction sur des pentes jusqu&rsquo;\u00e0 84 % (\u224840\u00b0), tandis que ses essieux ind\u00e9pendants et sa carrosserie articul\u00e9e garantissent une adh\u00e9rence optimale des quatre roues et une coupe constante m\u00eame sur les terrains accident\u00e9s.  <\/p>\n<p>La direction avant permet des virages fluides sans endommager la pelouse, et sa garde au sol verticale de 6 cm lui permet de franchir les bordures et les transitions en toute confiance.  <\/p>\n<p>La correction RTK\u207f est transmise sans fil et s&rsquo;appuie sur une architecture de positionnement redondante pour une pr\u00e9cision fiable, m\u00eame en cas de signal satellite faible. La connectivit\u00e9 Wi-Fi ou 4G int\u00e9gr\u00e9e assure un fonctionnement continu, sans frais suppl\u00e9mentaires, avec une connexion 4G gratuite.<\/p>\n","protected":false},"excerpt":{"rendered":"<p>Con\u00e7ue pour les terrains exigeants, la tondeuse Kress EyePilot\u00ae 4\u00d74 RTK\u207f KR284 combine le positionnement par satellite RTK, la vision p\u00e9riph\u00e9rique et une v\u00e9ritable transmission int\u00e9grale pour une navigation pr\u00e9cise et stable sur les terrains complexes, sans mat\u00e9riel suppl\u00e9mentaire. Sa transmission \u00e0 quatre moteurs avec contr\u00f4le de couple en temps r\u00e9el assure traction et direction [&hellip;]<\/p>\n","protected":false},"featured_media":0,"template":"","meta":{"_acf_changed":false},"product_brand":[],"product_cat":[],"product_tag":[],"class_list":{"0":"post-529129","1":"product","2":"type-product","3":"status-publish","6":"first","7":"instock","8":"shipping-taxable","9":"product-type-simple"},"acf":[],"yoast_head":"<!-- This site is optimized with the Yoast SEO Premium plugin v27.5 (Yoast SEO v27.5) - https:\/\/yoast.com\/product\/yoast-seo-premium-wordpress\/ -->\n<title>Tondeuse robotis\u00e9e Kress EyePilot\u00ae 4\u00d74 RTK\u207f 1 acre avec Zero Trim, 4G int\u00e9gr\u00e9e et Securit\u00e9 Sup\u00e9rieur | Kress<\/title>\n<meta name=\"robots\" content=\"index, follow, max-snippet:-1, max-image-preview:large, max-video-preview:-1\" \/>\n<meta property=\"og:locale\" content=\"fr_CA\" \/>\n<meta property=\"og:type\" content=\"article\" \/>\n<meta property=\"og:title\" content=\"Tondeuse robotis\u00e9e Kress EyePilot\u00ae 4\u00d74 RTK\u207f 1 acre avec Zero Trim, 4G int\u00e9gr\u00e9e et Securit\u00e9 Sup\u00e9rieur\" \/>\n<meta property=\"og:description\" content=\"Con\u00e7ue pour les terrains exigeants, la tondeuse Kress EyePilot\u00ae 4\u00d74 RTK\u207f KR284 combine le positionnement par satellite RTK, la vision p\u00e9riph\u00e9rique et une v\u00e9ritable transmission int\u00e9grale pour une navigation pr\u00e9cise et stable sur les terrains complexes, sans mat\u00e9riel suppl\u00e9mentaire. Sa transmission \u00e0 quatre moteurs avec contr\u00f4le de couple en temps r\u00e9el assure traction et direction [&hellip;]\" \/>\n<meta property=\"og:url\" content=\"https:\/\/www.kress.com\/en-gb\/?post_type=product&amp;p=529121\" \/>\n<meta property=\"og:site_name\" content=\"Kress\" \/>\n<meta property=\"og:image\" content=\"https:\/\/www.kress.com\/wp-content\/uploads\/onpage\/op_image_8b395b2651412d1cfe66cc6d6ec6e537e3ec5938.1980x.webp\" \/>\n\t<meta property=\"og:image:width\" content=\"1980\" \/>\n\t<meta property=\"og:image:height\" content=\"1980\" \/>\n\t<meta property=\"og:image:type\" content=\"image\/webp\" \/>\n<meta name=\"twitter:card\" content=\"summary_large_image\" \/>\n<meta name=\"twitter:label1\" content=\"Estimation du temps de lecture\" \/>\n\t<meta name=\"twitter:data1\" content=\"1 minute\" \/>\n<script type=\"application\/ld+json\" class=\"yoast-schema-graph\">{\"@context\":\"https:\\\/\\\/schema.org\",\"@graph\":[{\"@type\":\"WebPage\",\"@id\":\"https:\\\/\\\/www.kress.com\\\/en-gb\\\/?post_type=product&p=529121\",\"url\":\"https:\\\/\\\/www.kress.com\\\/en-gb\\\/?post_type=product&p=529121\",\"name\":\"Tondeuse robotis\u00e9e Kress EyePilot\u00ae 4\u00d74 RTK\u207f 1 acre avec Zero Trim, 4G int\u00e9gr\u00e9e et Securit\u00e9 Sup\u00e9rieur | Kress\",\"isPartOf\":{\"@id\":\"https:\\\/\\\/www.kress.com\\\/de-de\\\/#website\"},\"datePublished\":\"2026-03-06T10:03:17+00:00\",\"breadcrumb\":{\"@id\":\"https:\\\/\\\/www.kress.com\\\/en-gb\\\/?post_type=product&p=529121#breadcrumb\"},\"inLanguage\":\"fr-CA\",\"potentialAction\":[{\"@type\":\"ReadAction\",\"target\":[\"https:\\\/\\\/www.kress.com\\\/en-gb\\\/?post_type=product&p=529121\"]}]},{\"@type\":\"BreadcrumbList\",\"@id\":\"https:\\\/\\\/www.kress.com\\\/en-gb\\\/?post_type=product&p=529121#breadcrumb\",\"itemListElement\":[{\"@type\":\"ListItem\",\"position\":1,\"name\":\"Home\",\"item\":\"https:\\\/\\\/www.kress.com\\\/fr-ca\\\/\"},{\"@type\":\"ListItem\",\"position\":2,\"name\":\"Produits\",\"item\":\"https:\\\/\\\/www.kress.com\\\/fr-fr\\\/shop\\\/\"},{\"@type\":\"ListItem\",\"position\":3,\"name\":\"KR284\"}]},{\"@type\":\"WebSite\",\"@id\":\"https:\\\/\\\/www.kress.com\\\/de-de\\\/#website\",\"url\":\"https:\\\/\\\/www.kress.com\\\/de-de\\\/\",\"name\":\"Kress\",\"description\":\"\",\"publisher\":{\"@id\":\"https:\\\/\\\/www.kress.com\\\/de-de\\\/#organization\"},\"potentialAction\":[{\"@type\":\"SearchAction\",\"target\":{\"@type\":\"EntryPoint\",\"urlTemplate\":\"https:\\\/\\\/www.kress.com\\\/de-de\\\/?s={search_term_string}\"},\"query-input\":{\"@type\":\"PropertyValueSpecification\",\"valueRequired\":true,\"valueName\":\"search_term_string\"}}],\"inLanguage\":\"fr-CA\"},{\"@type\":\"Organization\",\"@id\":\"https:\\\/\\\/www.kress.com\\\/de-de\\\/#organization\",\"name\":\"Kress\",\"url\":\"https:\\\/\\\/www.kress.com\\\/de-de\\\/\",\"logo\":{\"@type\":\"ImageObject\",\"inLanguage\":\"fr-CA\",\"@id\":\"https:\\\/\\\/www.kress.com\\\/de-de\\\/#\\\/schema\\\/logo\\\/image\\\/\",\"url\":\"https:\\\/\\\/www.kress.com\\\/wp-content\\\/uploads\\\/2024\\\/02\\\/logo.png\",\"contentUrl\":\"https:\\\/\\\/www.kress.com\\\/wp-content\\\/uploads\\\/2024\\\/02\\\/logo.png\",\"width\":696,\"height\":696,\"caption\":\"Kress\"},\"image\":{\"@id\":\"https:\\\/\\\/www.kress.com\\\/de-de\\\/#\\\/schema\\\/logo\\\/image\\\/\"}}]}<\/script>\n<!-- \/ Yoast SEO Premium plugin. -->","yoast_head_json":{"title":"Tondeuse robotis\u00e9e Kress EyePilot\u00ae 4\u00d74 RTK\u207f 1 acre avec Zero Trim, 4G int\u00e9gr\u00e9e et Securit\u00e9 Sup\u00e9rieur | Kress","robots":{"index":"index","follow":"follow","max-snippet":"max-snippet:-1","max-image-preview":"max-image-preview:large","max-video-preview":"max-video-preview:-1"},"og_locale":"fr_CA","og_type":"article","og_title":"Tondeuse robotis\u00e9e Kress EyePilot\u00ae 4\u00d74 RTK\u207f 1 acre avec Zero Trim, 4G int\u00e9gr\u00e9e et Securit\u00e9 Sup\u00e9rieur","og_description":"Con\u00e7ue pour les terrains exigeants, la tondeuse Kress EyePilot\u00ae 4\u00d74 RTK\u207f KR284 combine le positionnement par satellite RTK, la vision p\u00e9riph\u00e9rique et une v\u00e9ritable transmission int\u00e9grale pour une navigation pr\u00e9cise et stable sur les terrains complexes, sans mat\u00e9riel suppl\u00e9mentaire. Sa transmission \u00e0 quatre moteurs avec contr\u00f4le de couple en temps r\u00e9el assure traction et direction [&hellip;]","og_url":"https:\/\/www.kress.com\/en-gb\/?post_type=product&p=529121","og_site_name":"Kress","og_image":[{"width":1980,"height":1980,"url":"https:\/\/www.kress.com\/wp-content\/uploads\/onpage\/op_image_8b395b2651412d1cfe66cc6d6ec6e537e3ec5938.1980x.webp","type":"image\/webp"}],"twitter_card":"summary_large_image","twitter_misc":{"Estimation du temps de lecture":"1 minute"},"schema":{"@context":"https:\/\/schema.org","@graph":[{"@type":"WebPage","@id":"https:\/\/www.kress.com\/en-gb\/?post_type=product&p=529121","url":"https:\/\/www.kress.com\/en-gb\/?post_type=product&p=529121","name":"Tondeuse robotis\u00e9e Kress EyePilot\u00ae 4\u00d74 RTK\u207f 1 acre avec Zero Trim, 4G int\u00e9gr\u00e9e et Securit\u00e9 Sup\u00e9rieur | Kress","isPartOf":{"@id":"https:\/\/www.kress.com\/de-de\/#website"},"datePublished":"2026-03-06T10:03:17+00:00","breadcrumb":{"@id":"https:\/\/www.kress.com\/en-gb\/?post_type=product&p=529121#breadcrumb"},"inLanguage":"fr-CA","potentialAction":[{"@type":"ReadAction","target":["https:\/\/www.kress.com\/en-gb\/?post_type=product&p=529121"]}]},{"@type":"BreadcrumbList","@id":"https:\/\/www.kress.com\/en-gb\/?post_type=product&p=529121#breadcrumb","itemListElement":[{"@type":"ListItem","position":1,"name":"Home","item":"https:\/\/www.kress.com\/fr-ca\/"},{"@type":"ListItem","position":2,"name":"Produits","item":"https:\/\/www.kress.com\/fr-fr\/shop\/"},{"@type":"ListItem","position":3,"name":"KR284"}]},{"@type":"WebSite","@id":"https:\/\/www.kress.com\/de-de\/#website","url":"https:\/\/www.kress.com\/de-de\/","name":"Kress","description":"","publisher":{"@id":"https:\/\/www.kress.com\/de-de\/#organization"},"potentialAction":[{"@type":"SearchAction","target":{"@type":"EntryPoint","urlTemplate":"https:\/\/www.kress.com\/de-de\/?s={search_term_string}"},"query-input":{"@type":"PropertyValueSpecification","valueRequired":true,"valueName":"search_term_string"}}],"inLanguage":"fr-CA"},{"@type":"Organization","@id":"https:\/\/www.kress.com\/de-de\/#organization","name":"Kress","url":"https:\/\/www.kress.com\/de-de\/","logo":{"@type":"ImageObject","inLanguage":"fr-CA","@id":"https:\/\/www.kress.com\/de-de\/#\/schema\/logo\/image\/","url":"https:\/\/www.kress.com\/wp-content\/uploads\/2024\/02\/logo.png","contentUrl":"https:\/\/www.kress.com\/wp-content\/uploads\/2024\/02\/logo.png","width":696,"height":696,"caption":"Kress"},"image":{"@id":"https:\/\/www.kress.com\/de-de\/#\/schema\/logo\/image\/"}}]}},"_links":{"self":[{"href":"https:\/\/www.kress.com\/fr-ca\/wp-json\/wp\/v2\/product\/529129","targetHints":{"allow":["GET"]}}],"collection":[{"href":"https:\/\/www.kress.com\/fr-ca\/wp-json\/wp\/v2\/product"}],"about":[{"href":"https:\/\/www.kress.com\/fr-ca\/wp-json\/wp\/v2\/types\/product"}],"wp:attachment":[{"href":"https:\/\/www.kress.com\/fr-ca\/wp-json\/wp\/v2\/media?parent=529129"}],"wp:term":[{"taxonomy":"product_brand","embeddable":true,"href":"https:\/\/www.kress.com\/fr-ca\/wp-json\/wp\/v2\/product_brand?post=529129"},{"taxonomy":"product_cat","embeddable":true,"href":"https:\/\/www.kress.com\/fr-ca\/wp-json\/wp\/v2\/product_cat?post=529129"},{"taxonomy":"product_tag","embeddable":true,"href":"https:\/\/www.kress.com\/fr-ca\/wp-json\/wp\/v2\/product_tag?post=529129"}],"curies":[{"name":"wp","href":"https:\/\/api.w.org\/{rel}","templated":true}]}}