{"id":527613,"date":"2026-03-05T10:03:34","date_gmt":"2026-03-05T10:03:34","guid":{"rendered":""},"modified":"2026-03-05T10:00:24","modified_gmt":"2026-03-05T10:00:24","slug":"kress-eyepilot-rtk%e2%81%bf-2000-m%c2%b2-robotic-lawn-mower-with-zerotrim-integrated-4g-kr276","status":"publish","type":"product","link":"https:\/\/www.kress.com\/fr-ca\/kress-eyepilot-rtk%e2%81%bf-2000-m%c2%b2-robotic-lawn-mower-with-zerotrim-integrated-4g-kr276\/","title":{"rendered":"Tondeuse robotis\u00e9e Kress EyePilot\u00ae RTK\u207f 1.5 arce avec ZeroTrim et 4G int\u00e9gr\u00e9e"},"content":{"rendered":"<p>Con\u00e7ue pour un entretien optimal des pelouses, la tondeuse Kress EyePilot\u00ae RTK\u207f KR276 utilise la technologie de positionnement par satellite RTK\u207f combin\u00e9e \u00e0 la vision artificielle pour une navigation stable et pr\u00e9cise dans tous les types de jardins, sans mat\u00e9riel suppl\u00e9mentaire. <\/p>\n<p>La correction RTK\u207f est transmise sans fil et renforc\u00e9e par une architecture de positionnement redondante, permettant \u00e0 la tondeuse de maintenir sa pr\u00e9cision m\u00eame en cas de signal satellite perturb\u00e9. <\/p>\n<p>Le syst\u00e8me de coupe ZeroTrim assure une coupe nette et pr\u00e9cise des bordures, r\u00e9duisant ainsi le besoin de finitions manuelles. Vous pouvez param\u00e9trer diff\u00e9rents motifs de tonte, pour des rayures d\u00e9finies ou une finition plus naturelle. <\/p>\n<p>L&rsquo;EyePilot reste connect\u00e9 en permanence par Wi-Fi ou 4G int\u00e9gr\u00e9e. Sans frais suppl\u00e9mentaires et avec une connexion 4G gratuite, le syst\u00e8me reste connect\u00e9, \u00e0 jour et tra\u00e7able en temps r\u00e9el.<\/p>\n","protected":false},"excerpt":{"rendered":"<p>Con\u00e7ue pour un entretien optimal des pelouses, la tondeuse Kress EyePilot\u00ae RTK\u207f KR276 utilise la technologie de positionnement par satellite RTK\u207f combin\u00e9e \u00e0 la vision artificielle pour une navigation stable et pr\u00e9cise dans tous les types de jardins, sans mat\u00e9riel suppl\u00e9mentaire. La correction RTK\u207f est transmise sans fil et renforc\u00e9e par une architecture de positionnement [&hellip;]<\/p>\n","protected":false},"featured_media":522466,"template":"","meta":{"_acf_changed":false},"product_brand":[],"product_cat":[],"product_tag":[],"class_list":{"0":"post-527613","1":"product","2":"type-product","3":"status-publish","4":"has-post-thumbnail","7":"first","8":"instock","9":"shipping-taxable","10":"purchasable","11":"product-type-simple"},"acf":[],"yoast_head":"<!-- This site is optimized with the Yoast SEO Premium plugin v27.5 (Yoast SEO v27.5) - https:\/\/yoast.com\/product\/yoast-seo-premium-wordpress\/ -->\n<title>Tondeuse robotis\u00e9e Kress EyePilot\u00ae RTK\u207f 1.5 arce avec ZeroTrim et 4G int\u00e9gr\u00e9e | Kress<\/title>\n<meta name=\"robots\" content=\"index, follow, max-snippet:-1, max-image-preview:large, max-video-preview:-1\" \/>\n<meta property=\"og:locale\" content=\"fr_CA\" \/>\n<meta property=\"og:type\" content=\"article\" \/>\n<meta property=\"og:title\" content=\"Tondeuse robotis\u00e9e Kress EyePilot\u00ae RTK\u207f 1.5 arce avec ZeroTrim et 4G int\u00e9gr\u00e9e\" \/>\n<meta property=\"og:description\" content=\"Con\u00e7ue pour un entretien optimal des pelouses, la tondeuse Kress EyePilot\u00ae RTK\u207f KR276 utilise la technologie de positionnement par satellite RTK\u207f combin\u00e9e \u00e0 la vision artificielle pour une navigation stable et pr\u00e9cise dans tous les types de jardins, sans mat\u00e9riel suppl\u00e9mentaire. La correction RTK\u207f est transmise sans fil et renforc\u00e9e par une architecture de positionnement [&hellip;]\" \/>\n<meta property=\"og:url\" content=\"https:\/\/www.kress.com\/en-gb\/?post_type=product&amp;p=527605\" \/>\n<meta property=\"og:site_name\" content=\"Kress\" \/>\n<meta property=\"og:image\" content=\"https:\/\/www.kress.com\/wp-content\/uploads\/2024\/02\/logo_long.png\" \/>\n\t<meta property=\"og:image:width\" content=\"1200\" \/>\n\t<meta property=\"og:image:height\" content=\"675\" \/>\n\t<meta property=\"og:image:type\" content=\"image\/png\" \/>\n<meta name=\"twitter:card\" content=\"summary_large_image\" \/>\n<meta name=\"twitter:label1\" content=\"Estimation du temps de lecture\" \/>\n\t<meta name=\"twitter:data1\" content=\"1 minute\" \/>\n<script type=\"application\/ld+json\" class=\"yoast-schema-graph\">{\"@context\":\"https:\\\/\\\/schema.org\",\"@graph\":[{\"@type\":\"WebPage\",\"@id\":\"https:\\\/\\\/www.kress.com\\\/en-gb\\\/?post_type=product&p=527605\",\"url\":\"https:\\\/\\\/www.kress.com\\\/en-gb\\\/?post_type=product&p=527605\",\"name\":\"Tondeuse robotis\u00e9e Kress EyePilot\u00ae RTK\u207f 1.5 arce avec ZeroTrim et 4G int\u00e9gr\u00e9e | Kress\",\"isPartOf\":{\"@id\":\"https:\\\/\\\/www.kress.com\\\/de-de\\\/#website\"},\"primaryImageOfPage\":{\"@id\":\"https:\\\/\\\/www.kress.com\\\/en-gb\\\/?post_type=product&p=527605#primaryimage\"},\"image\":{\"@id\":\"https:\\\/\\\/www.kress.com\\\/en-gb\\\/?post_type=product&p=527605#primaryimage\"},\"thumbnailUrl\":\"https:\\\/\\\/www.kress.com\\\/wp-content\\\/uploads\\\/onpage\\\/op_image_c90d7327007fe4bc9e97c7c7df690d28d8940c93.1980x.webp\",\"datePublished\":\"2026-03-05T10:03:34+00:00\",\"breadcrumb\":{\"@id\":\"https:\\\/\\\/www.kress.com\\\/en-gb\\\/?post_type=product&p=527605#breadcrumb\"},\"inLanguage\":\"fr-CA\",\"potentialAction\":[{\"@type\":\"ReadAction\",\"target\":[\"https:\\\/\\\/www.kress.com\\\/en-gb\\\/?post_type=product&p=527605\"]}]},{\"@type\":\"ImageObject\",\"inLanguage\":\"fr-CA\",\"@id\":\"https:\\\/\\\/www.kress.com\\\/en-gb\\\/?post_type=product&p=527605#primaryimage\",\"url\":\"https:\\\/\\\/www.kress.com\\\/wp-content\\\/uploads\\\/onpage\\\/op_image_c90d7327007fe4bc9e97c7c7df690d28d8940c93.1980x.webp\",\"contentUrl\":\"https:\\\/\\\/www.kress.com\\\/wp-content\\\/uploads\\\/onpage\\\/op_image_c90d7327007fe4bc9e97c7c7df690d28d8940c93.1980x.webp\",\"width\":1980,\"height\":1980},{\"@type\":\"BreadcrumbList\",\"@id\":\"https:\\\/\\\/www.kress.com\\\/en-gb\\\/?post_type=product&p=527605#breadcrumb\",\"itemListElement\":[{\"@type\":\"ListItem\",\"position\":1,\"name\":\"Home\",\"item\":\"https:\\\/\\\/www.kress.com\\\/fr-ca\\\/\"},{\"@type\":\"ListItem\",\"position\":2,\"name\":\"Produits\",\"item\":\"https:\\\/\\\/www.kress.com\\\/fr-fr\\\/shop\\\/\"},{\"@type\":\"ListItem\",\"position\":3,\"name\":\"KR276\"}]},{\"@type\":\"WebSite\",\"@id\":\"https:\\\/\\\/www.kress.com\\\/de-de\\\/#website\",\"url\":\"https:\\\/\\\/www.kress.com\\\/de-de\\\/\",\"name\":\"Kress\",\"description\":\"\",\"publisher\":{\"@id\":\"https:\\\/\\\/www.kress.com\\\/de-de\\\/#organization\"},\"potentialAction\":[{\"@type\":\"SearchAction\",\"target\":{\"@type\":\"EntryPoint\",\"urlTemplate\":\"https:\\\/\\\/www.kress.com\\\/de-de\\\/?s={search_term_string}\"},\"query-input\":{\"@type\":\"PropertyValueSpecification\",\"valueRequired\":true,\"valueName\":\"search_term_string\"}}],\"inLanguage\":\"fr-CA\"},{\"@type\":\"Organization\",\"@id\":\"https:\\\/\\\/www.kress.com\\\/de-de\\\/#organization\",\"name\":\"Kress\",\"url\":\"https:\\\/\\\/www.kress.com\\\/de-de\\\/\",\"logo\":{\"@type\":\"ImageObject\",\"inLanguage\":\"fr-CA\",\"@id\":\"https:\\\/\\\/www.kress.com\\\/de-de\\\/#\\\/schema\\\/logo\\\/image\\\/\",\"url\":\"https:\\\/\\\/www.kress.com\\\/wp-content\\\/uploads\\\/2024\\\/02\\\/logo.png\",\"contentUrl\":\"https:\\\/\\\/www.kress.com\\\/wp-content\\\/uploads\\\/2024\\\/02\\\/logo.png\",\"width\":696,\"height\":696,\"caption\":\"Kress\"},\"image\":{\"@id\":\"https:\\\/\\\/www.kress.com\\\/de-de\\\/#\\\/schema\\\/logo\\\/image\\\/\"}}]}<\/script>\n<!-- \/ Yoast SEO Premium plugin. -->","yoast_head_json":{"title":"Tondeuse robotis\u00e9e Kress EyePilot\u00ae RTK\u207f 1.5 arce avec ZeroTrim et 4G int\u00e9gr\u00e9e | Kress","robots":{"index":"index","follow":"follow","max-snippet":"max-snippet:-1","max-image-preview":"max-image-preview:large","max-video-preview":"max-video-preview:-1"},"og_locale":"fr_CA","og_type":"article","og_title":"Tondeuse robotis\u00e9e Kress EyePilot\u00ae RTK\u207f 1.5 arce avec ZeroTrim et 4G int\u00e9gr\u00e9e","og_description":"Con\u00e7ue pour un entretien optimal des pelouses, la tondeuse Kress EyePilot\u00ae RTK\u207f KR276 utilise la technologie de positionnement par satellite RTK\u207f combin\u00e9e \u00e0 la vision artificielle pour une navigation stable et pr\u00e9cise dans tous les types de jardins, sans mat\u00e9riel suppl\u00e9mentaire. La correction RTK\u207f est transmise sans fil et renforc\u00e9e par une architecture de positionnement [&hellip;]","og_url":"https:\/\/www.kress.com\/en-gb\/?post_type=product&p=527605","og_site_name":"Kress","og_image":[{"width":1200,"height":675,"url":"https:\/\/www.kress.com\/wp-content\/uploads\/2024\/02\/logo_long.png","type":"image\/png"}],"twitter_card":"summary_large_image","twitter_misc":{"Estimation du temps de lecture":"1 minute"},"schema":{"@context":"https:\/\/schema.org","@graph":[{"@type":"WebPage","@id":"https:\/\/www.kress.com\/en-gb\/?post_type=product&p=527605","url":"https:\/\/www.kress.com\/en-gb\/?post_type=product&p=527605","name":"Tondeuse robotis\u00e9e Kress EyePilot\u00ae RTK\u207f 1.5 arce avec ZeroTrim et 4G int\u00e9gr\u00e9e | Kress","isPartOf":{"@id":"https:\/\/www.kress.com\/de-de\/#website"},"primaryImageOfPage":{"@id":"https:\/\/www.kress.com\/en-gb\/?post_type=product&p=527605#primaryimage"},"image":{"@id":"https:\/\/www.kress.com\/en-gb\/?post_type=product&p=527605#primaryimage"},"thumbnailUrl":"https:\/\/www.kress.com\/wp-content\/uploads\/onpage\/op_image_c90d7327007fe4bc9e97c7c7df690d28d8940c93.1980x.webp","datePublished":"2026-03-05T10:03:34+00:00","breadcrumb":{"@id":"https:\/\/www.kress.com\/en-gb\/?post_type=product&p=527605#breadcrumb"},"inLanguage":"fr-CA","potentialAction":[{"@type":"ReadAction","target":["https:\/\/www.kress.com\/en-gb\/?post_type=product&p=527605"]}]},{"@type":"ImageObject","inLanguage":"fr-CA","@id":"https:\/\/www.kress.com\/en-gb\/?post_type=product&p=527605#primaryimage","url":"https:\/\/www.kress.com\/wp-content\/uploads\/onpage\/op_image_c90d7327007fe4bc9e97c7c7df690d28d8940c93.1980x.webp","contentUrl":"https:\/\/www.kress.com\/wp-content\/uploads\/onpage\/op_image_c90d7327007fe4bc9e97c7c7df690d28d8940c93.1980x.webp","width":1980,"height":1980},{"@type":"BreadcrumbList","@id":"https:\/\/www.kress.com\/en-gb\/?post_type=product&p=527605#breadcrumb","itemListElement":[{"@type":"ListItem","position":1,"name":"Home","item":"https:\/\/www.kress.com\/fr-ca\/"},{"@type":"ListItem","position":2,"name":"Produits","item":"https:\/\/www.kress.com\/fr-fr\/shop\/"},{"@type":"ListItem","position":3,"name":"KR276"}]},{"@type":"WebSite","@id":"https:\/\/www.kress.com\/de-de\/#website","url":"https:\/\/www.kress.com\/de-de\/","name":"Kress","description":"","publisher":{"@id":"https:\/\/www.kress.com\/de-de\/#organization"},"potentialAction":[{"@type":"SearchAction","target":{"@type":"EntryPoint","urlTemplate":"https:\/\/www.kress.com\/de-de\/?s={search_term_string}"},"query-input":{"@type":"PropertyValueSpecification","valueRequired":true,"valueName":"search_term_string"}}],"inLanguage":"fr-CA"},{"@type":"Organization","@id":"https:\/\/www.kress.com\/de-de\/#organization","name":"Kress","url":"https:\/\/www.kress.com\/de-de\/","logo":{"@type":"ImageObject","inLanguage":"fr-CA","@id":"https:\/\/www.kress.com\/de-de\/#\/schema\/logo\/image\/","url":"https:\/\/www.kress.com\/wp-content\/uploads\/2024\/02\/logo.png","contentUrl":"https:\/\/www.kress.com\/wp-content\/uploads\/2024\/02\/logo.png","width":696,"height":696,"caption":"Kress"},"image":{"@id":"https:\/\/www.kress.com\/de-de\/#\/schema\/logo\/image\/"}}]}},"_links":{"self":[{"href":"https:\/\/www.kress.com\/fr-ca\/wp-json\/wp\/v2\/product\/527613","targetHints":{"allow":["GET"]}}],"collection":[{"href":"https:\/\/www.kress.com\/fr-ca\/wp-json\/wp\/v2\/product"}],"about":[{"href":"https:\/\/www.kress.com\/fr-ca\/wp-json\/wp\/v2\/types\/product"}],"wp:featuredmedia":[{"embeddable":true,"href":"https:\/\/www.kress.com\/fr-ca\/wp-json\/wp\/v2\/media\/522466"}],"wp:attachment":[{"href":"https:\/\/www.kress.com\/fr-ca\/wp-json\/wp\/v2\/media?parent=527613"}],"wp:term":[{"taxonomy":"product_brand","embeddable":true,"href":"https:\/\/www.kress.com\/fr-ca\/wp-json\/wp\/v2\/product_brand?post=527613"},{"taxonomy":"product_cat","embeddable":true,"href":"https:\/\/www.kress.com\/fr-ca\/wp-json\/wp\/v2\/product_cat?post=527613"},{"taxonomy":"product_tag","embeddable":true,"href":"https:\/\/www.kress.com\/fr-ca\/wp-json\/wp\/v2\/product_tag?post=527613"}],"curies":[{"name":"wp","href":"https:\/\/api.w.org\/{rel}","templated":true}]}}