{"id":43863,"date":"2024-03-26T08:17:19","date_gmt":"2024-03-26T07:17:19","guid":{"rendered":""},"modified":"2025-10-17T10:00:22","modified_gmt":"2025-10-17T10:00:22","slug":"tondeuse-professionnelle-60-v-kg761","status":"publish","type":"product","link":"https:\/\/www.kress.com\/fr-ca\/tondeuse-professionnelle-60-v-kg761\/","title":{"rendered":"Tondeuse professionnelle 60 V"},"content":{"rendered":"<p>La Kress KG761 est une tondeuse automotrice \u00e0 deux lames con\u00e7ue pour les professionnels. Avec un couple de 8,3 lb-pi, elle offre des performances puissantes et anti-colmatage pour une coupe continue et durable. . Les collines et les pentes ne sont pas un d\u00e9fi gr\u00e2ce \u00e0 une mont\u00e9e sans probl\u00e8me et \u00e0 une vitesse maximale de 3,7 MPH. Un sac spacieux de 2,3 boisseaux r\u00e9duit le temps de nettoyage, tandis que les modes de commutation rapide pour le d\u00e9chiquetage, l&#8217;ensachage et l&#8217;\u00e9jection lat\u00e9rale maximisent l&#8217;efficacit\u00e9. Id\u00e9ale pour les pelouses jusqu&#8217;\u00e0 1\/4 d&#8217;acre.<\/p>\n","protected":false},"excerpt":{"rendered":"<p>La Kress KG761 est une tondeuse automotrice \u00e0 deux lames con\u00e7ue pour les professionnels. Avec un couple de 8,3 lb-pi, elle offre des performances puissantes et anti-colmatage pour une coupe continue et durable. . Les collines et les pentes ne sont pas un d\u00e9fi gr\u00e2ce \u00e0 une mont\u00e9e sans probl\u00e8me et \u00e0 une vitesse maximale [&hellip;]<\/p>\n","protected":false},"featured_media":414112,"template":"","meta":{"_acf_changed":false},"product_brand":[],"product_cat":[],"product_tag":[],"class_list":{"0":"post-43863","1":"product","2":"type-product","3":"status-publish","4":"has-post-thumbnail","7":"first","8":"instock","9":"shipping-taxable","10":"purchasable","11":"product-type-simple"},"acf":[],"yoast_head":"<!-- This site is optimized with the Yoast SEO Premium plugin v26.5 (Yoast SEO v27.0) - https:\/\/yoast.com\/product\/yoast-seo-premium-wordpress\/ -->\n<title>Tondeuse professionnelle 60 V | Kress<\/title>\n<meta name=\"robots\" content=\"index, follow, max-snippet:-1, max-image-preview:large, max-video-preview:-1\" \/>\n<meta property=\"og:locale\" content=\"fr_CA\" \/>\n<meta property=\"og:type\" content=\"article\" \/>\n<meta property=\"og:title\" content=\"Tondeuse professionnelle 60 V\" \/>\n<meta property=\"og:description\" content=\"La Kress KG761 est une tondeuse automotrice \u00e0 deux lames con\u00e7ue pour les professionnels. Avec un couple de 8,3 lb-pi, elle offre des performances puissantes et anti-colmatage pour une coupe continue et durable. . Les collines et les pentes ne sont pas un d\u00e9fi gr\u00e2ce \u00e0 une mont\u00e9e sans probl\u00e8me et \u00e0 une vitesse maximale [&hellip;]\" \/>\n<meta property=\"og:url\" content=\"https:\/\/www.kress.com\/fr-ca\/tondeuse-professionnelle-60-v-kg761\/\" \/>\n<meta property=\"og:site_name\" content=\"Kress\" \/>\n<meta property=\"article:modified_time\" content=\"2025-10-17T10:00:22+00:00\" \/>\n<meta property=\"og:image\" content=\"https:\/\/www.kress.com\/wp-content\/uploads\/onpage\/op_image_fefaf6a645a7653e8b696347ac832f6e27f6d3e3.1980x.webp\" \/>\n\t<meta property=\"og:image:width\" content=\"1980\" \/>\n\t<meta property=\"og:image:height\" content=\"1980\" \/>\n\t<meta property=\"og:image:type\" content=\"image\/webp\" \/>\n<meta name=\"twitter:card\" content=\"summary_large_image\" \/>\n<script type=\"application\/ld+json\" class=\"yoast-schema-graph\">{\"@context\":\"https:\/\/schema.org\",\"@graph\":[{\"@type\":\"WebPage\",\"@id\":\"https:\/\/www.kress.com\/fr-ca\/tondeuse-professionnelle-60-v-kg761\/\",\"url\":\"https:\/\/www.kress.com\/fr-ca\/tondeuse-professionnelle-60-v-kg761\/\",\"name\":\"Tondeuse professionnelle 60 V | Kress\",\"isPartOf\":{\"@id\":\"https:\/\/www.kress.com\/de-de\/#website\"},\"primaryImageOfPage\":{\"@id\":\"https:\/\/www.kress.com\/fr-ca\/tondeuse-professionnelle-60-v-kg761\/#primaryimage\"},\"image\":{\"@id\":\"https:\/\/www.kress.com\/fr-ca\/tondeuse-professionnelle-60-v-kg761\/#primaryimage\"},\"thumbnailUrl\":\"https:\/\/www.kress.com\/wp-content\/uploads\/onpage\/op_image_fefaf6a645a7653e8b696347ac832f6e27f6d3e3.1980x.webp\",\"datePublished\":\"2024-03-26T07:17:19+00:00\",\"dateModified\":\"2025-10-17T10:00:22+00:00\",\"breadcrumb\":{\"@id\":\"https:\/\/www.kress.com\/fr-ca\/tondeuse-professionnelle-60-v-kg761\/#breadcrumb\"},\"inLanguage\":\"fr-CA\",\"potentialAction\":[{\"@type\":\"ReadAction\",\"target\":[\"https:\/\/www.kress.com\/fr-ca\/tondeuse-professionnelle-60-v-kg761\/\"]}]},{\"@type\":\"ImageObject\",\"inLanguage\":\"fr-CA\",\"@id\":\"https:\/\/www.kress.com\/fr-ca\/tondeuse-professionnelle-60-v-kg761\/#primaryimage\",\"url\":\"https:\/\/www.kress.com\/wp-content\/uploads\/onpage\/op_image_fefaf6a645a7653e8b696347ac832f6e27f6d3e3.1980x.webp\",\"contentUrl\":\"https:\/\/www.kress.com\/wp-content\/uploads\/onpage\/op_image_fefaf6a645a7653e8b696347ac832f6e27f6d3e3.1980x.webp\",\"width\":1980,\"height\":1980},{\"@type\":\"BreadcrumbList\",\"@id\":\"https:\/\/www.kress.com\/fr-ca\/tondeuse-professionnelle-60-v-kg761\/#breadcrumb\",\"itemListElement\":[{\"@type\":\"ListItem\",\"position\":1,\"name\":\"Home\",\"item\":\"https:\/\/www.kress.com\/fr-ca\/\"},{\"@type\":\"ListItem\",\"position\":2,\"name\":\"Produits\",\"item\":\"https:\/\/www.kress.com\/fr-fr\/shop\/\"},{\"@type\":\"ListItem\",\"position\":3,\"name\":\"Tondeuse professionnelle 60 V\"}]},{\"@type\":\"WebSite\",\"@id\":\"https:\/\/www.kress.com\/de-de\/#website\",\"url\":\"https:\/\/www.kress.com\/de-de\/\",\"name\":\"Kress\",\"description\":\"\",\"publisher\":{\"@id\":\"https:\/\/www.kress.com\/de-de\/#organization\"},\"potentialAction\":[{\"@type\":\"SearchAction\",\"target\":{\"@type\":\"EntryPoint\",\"urlTemplate\":\"https:\/\/www.kress.com\/de-de\/?s={search_term_string}\"},\"query-input\":{\"@type\":\"PropertyValueSpecification\",\"valueRequired\":true,\"valueName\":\"search_term_string\"}}],\"inLanguage\":\"fr-CA\"},{\"@type\":\"Organization\",\"@id\":\"https:\/\/www.kress.com\/de-de\/#organization\",\"name\":\"Kress\",\"url\":\"https:\/\/www.kress.com\/de-de\/\",\"logo\":{\"@type\":\"ImageObject\",\"inLanguage\":\"fr-CA\",\"@id\":\"https:\/\/www.kress.com\/de-de\/#\/schema\/logo\/image\/\",\"url\":\"https:\/\/www.kress.com\/wp-content\/uploads\/2024\/02\/logo.png\",\"contentUrl\":\"https:\/\/www.kress.com\/wp-content\/uploads\/2024\/02\/logo.png\",\"width\":696,\"height\":696,\"caption\":\"Kress\"},\"image\":{\"@id\":\"https:\/\/www.kress.com\/de-de\/#\/schema\/logo\/image\/\"}}]}<\/script>\n<!-- \/ Yoast SEO Premium plugin. -->","yoast_head_json":{"title":"Tondeuse professionnelle 60 V | Kress","robots":{"index":"index","follow":"follow","max-snippet":"max-snippet:-1","max-image-preview":"max-image-preview:large","max-video-preview":"max-video-preview:-1"},"og_locale":"fr_CA","og_type":"article","og_title":"Tondeuse professionnelle 60 V","og_description":"La Kress KG761 est une tondeuse automotrice \u00e0 deux lames con\u00e7ue pour les professionnels. Avec un couple de 8,3 lb-pi, elle offre des performances puissantes et anti-colmatage pour une coupe continue et durable. . Les collines et les pentes ne sont pas un d\u00e9fi gr\u00e2ce \u00e0 une mont\u00e9e sans probl\u00e8me et \u00e0 une vitesse maximale [&hellip;]","og_url":"https:\/\/www.kress.com\/fr-ca\/tondeuse-professionnelle-60-v-kg761\/","og_site_name":"Kress","article_modified_time":"2025-10-17T10:00:22+00:00","og_image":[{"width":1980,"height":1980,"url":"https:\/\/www.kress.com\/wp-content\/uploads\/onpage\/op_image_fefaf6a645a7653e8b696347ac832f6e27f6d3e3.1980x.webp","type":"image\/webp"}],"twitter_card":"summary_large_image","schema":{"@context":"https:\/\/schema.org","@graph":[{"@type":"WebPage","@id":"https:\/\/www.kress.com\/fr-ca\/tondeuse-professionnelle-60-v-kg761\/","url":"https:\/\/www.kress.com\/fr-ca\/tondeuse-professionnelle-60-v-kg761\/","name":"Tondeuse professionnelle 60 V | Kress","isPartOf":{"@id":"https:\/\/www.kress.com\/de-de\/#website"},"primaryImageOfPage":{"@id":"https:\/\/www.kress.com\/fr-ca\/tondeuse-professionnelle-60-v-kg761\/#primaryimage"},"image":{"@id":"https:\/\/www.kress.com\/fr-ca\/tondeuse-professionnelle-60-v-kg761\/#primaryimage"},"thumbnailUrl":"https:\/\/www.kress.com\/wp-content\/uploads\/onpage\/op_image_fefaf6a645a7653e8b696347ac832f6e27f6d3e3.1980x.webp","datePublished":"2024-03-26T07:17:19+00:00","dateModified":"2025-10-17T10:00:22+00:00","breadcrumb":{"@id":"https:\/\/www.kress.com\/fr-ca\/tondeuse-professionnelle-60-v-kg761\/#breadcrumb"},"inLanguage":"fr-CA","potentialAction":[{"@type":"ReadAction","target":["https:\/\/www.kress.com\/fr-ca\/tondeuse-professionnelle-60-v-kg761\/"]}]},{"@type":"ImageObject","inLanguage":"fr-CA","@id":"https:\/\/www.kress.com\/fr-ca\/tondeuse-professionnelle-60-v-kg761\/#primaryimage","url":"https:\/\/www.kress.com\/wp-content\/uploads\/onpage\/op_image_fefaf6a645a7653e8b696347ac832f6e27f6d3e3.1980x.webp","contentUrl":"https:\/\/www.kress.com\/wp-content\/uploads\/onpage\/op_image_fefaf6a645a7653e8b696347ac832f6e27f6d3e3.1980x.webp","width":1980,"height":1980},{"@type":"BreadcrumbList","@id":"https:\/\/www.kress.com\/fr-ca\/tondeuse-professionnelle-60-v-kg761\/#breadcrumb","itemListElement":[{"@type":"ListItem","position":1,"name":"Home","item":"https:\/\/www.kress.com\/fr-ca\/"},{"@type":"ListItem","position":2,"name":"Produits","item":"https:\/\/www.kress.com\/fr-fr\/shop\/"},{"@type":"ListItem","position":3,"name":"Tondeuse professionnelle 60 V"}]},{"@type":"WebSite","@id":"https:\/\/www.kress.com\/de-de\/#website","url":"https:\/\/www.kress.com\/de-de\/","name":"Kress","description":"","publisher":{"@id":"https:\/\/www.kress.com\/de-de\/#organization"},"potentialAction":[{"@type":"SearchAction","target":{"@type":"EntryPoint","urlTemplate":"https:\/\/www.kress.com\/de-de\/?s={search_term_string}"},"query-input":{"@type":"PropertyValueSpecification","valueRequired":true,"valueName":"search_term_string"}}],"inLanguage":"fr-CA"},{"@type":"Organization","@id":"https:\/\/www.kress.com\/de-de\/#organization","name":"Kress","url":"https:\/\/www.kress.com\/de-de\/","logo":{"@type":"ImageObject","inLanguage":"fr-CA","@id":"https:\/\/www.kress.com\/de-de\/#\/schema\/logo\/image\/","url":"https:\/\/www.kress.com\/wp-content\/uploads\/2024\/02\/logo.png","contentUrl":"https:\/\/www.kress.com\/wp-content\/uploads\/2024\/02\/logo.png","width":696,"height":696,"caption":"Kress"},"image":{"@id":"https:\/\/www.kress.com\/de-de\/#\/schema\/logo\/image\/"}}]}},"_links":{"self":[{"href":"https:\/\/www.kress.com\/fr-ca\/wp-json\/wp\/v2\/product\/43863","targetHints":{"allow":["GET"]}}],"collection":[{"href":"https:\/\/www.kress.com\/fr-ca\/wp-json\/wp\/v2\/product"}],"about":[{"href":"https:\/\/www.kress.com\/fr-ca\/wp-json\/wp\/v2\/types\/product"}],"wp:featuredmedia":[{"embeddable":true,"href":"https:\/\/www.kress.com\/fr-ca\/wp-json\/wp\/v2\/media\/414112"}],"wp:attachment":[{"href":"https:\/\/www.kress.com\/fr-ca\/wp-json\/wp\/v2\/media?parent=43863"}],"wp:term":[{"taxonomy":"product_brand","embeddable":true,"href":"https:\/\/www.kress.com\/fr-ca\/wp-json\/wp\/v2\/product_brand?post=43863"},{"taxonomy":"product_cat","embeddable":true,"href":"https:\/\/www.kress.com\/fr-ca\/wp-json\/wp\/v2\/product_cat?post=43863"},{"taxonomy":"product_tag","embeddable":true,"href":"https:\/\/www.kress.com\/fr-ca\/wp-json\/wp\/v2\/product_tag?post=43863"}],"curies":[{"name":"wp","href":"https:\/\/api.w.org\/{rel}","templated":true}]}}